{"id":90,"date":"2011-09-28T22:50:48","date_gmt":"2011-09-28T22:50:48","guid":{"rendered":"http:\/\/dev.impactnw.org\/wp_11_2011\/?page_id=90"},"modified":"2019-10-17T15:53:31","modified_gmt":"2019-10-17T22:53:31","slug":"transporting","status":"publish","type":"page","link":"https:\/\/impactnw.org\/vi\/programs\/seniors\/transporting\/","title":{"rendered":"D\u1ecbch v\u1ee5 v\u1eadn chuy\u1ec3n"},"content":{"rendered":"<style type=\"text\/css\" data-created_by=\"avia_inline_auto\" id=\"style-css-av-66j9a-4d2d9620b95a1a37ef090f7260b7a6c1\">\n.flex_column.av-66j9a-4d2d9620b95a1a37ef090f7260b7a6c1{\nborder-radius:0px 0px 0px 0px;\npadding:0px 0px 0px 0px;\n}\n<\/style>\n<div  class='flex_column av-66j9a-4d2d9620b95a1a37ef090f7260b7a6c1 av_three_fifth  avia-builder-el-0  el_before_av_two_fifth  avia-builder-el-first  first flex_column_div av-zero-column-padding'     ><section  class='av_textblock_section av-5sufm-b78e66276cef28b2b6ab9686280d2cd6'   itemscope=\"itemscope\" itemtype=\"https:\/\/schema.org\/CreativeWork\" ><div class='avia_textblock'  itemprop=\"text\" ><h1>D\u1ecbch v\u1ee5 v\u1eadn chuy\u1ec3n<\/h1>\n<h3>Ti\u1ebfp c\u1eadn v\u1edbi v\u1eadn chuy\u1ec3n l\u00e0 r\u1ea5t quan tr\u1ecdng \u0111\u1ed1i v\u1edbi s\u1ee9c kho\u1ebb v\u00e0 ph\u00fac l\u1ee3i c\u1ee7a ng\u01b0\u1eddi cao ni\u00ean v\u00e0 ng\u01b0\u1eddi l\u1edbn b\u1ecb khuy\u1ebft t\u1eadt.<\/h3>\n<p>Th\u1eadt v\u1eady, \u0111\u1ed1i v\u1edbi m\u1ed9t s\u1ed1 ng\u01b0\u1eddi, n\u00f3 c\u00f3 th\u1ec3 c\u00f3 ngh\u0129a l\u00e0 s\u1ef1 kh\u00e1c bi\u1ec7t gi\u1eefa vi\u1ec7c c\u00f3 th\u1ec3 \u1edf l\u1ea1i trong nh\u00e0 c\u1ee7a h\u1ecd v\u00e0 ph\u1ea3i di chuy\u1ec3n \u0111\u1ebfn m\u1ed9t c\u01a1 s\u1edf sinh s\u1ed1ng \u0111\u01b0\u1ee3c tr\u1ee3 gi\u00fap.<\/p>\n<p>T\u00e1c \u0111\u1ed9ng NW \u0111\u00e1nh gi\u00e1 s\u1ef1 \u0111\u1ed9c l\u1eadp c\u1ee7a ng\u01b0\u1eddi cao ni\u00ean v\u00e0 ng\u01b0\u1eddi l\u1edbn b\u1ecb khuy\u1ebft t\u1eadt. H\u1ee3p t\u00e1c v\u1edbi Qu\u1ea3ng c\u00e1o c\u1ee7a Qu\u1eadn Multnomah, TriMet v\u00e0 <a title=\"K\u1ebft n\u1ed1i Ride\" href=\"http:\/\/rideconnection.org\/ride\/default.aspx\" target=\"_blank\" rel=\"noopener noreferrer\">K\u1ebft n\u1ed1i Ride<\/a>, Ch\u01b0\u01a1ng tr\u00ecnh H\u1ed7 tr\u1ee3 Giao th\u00f4ng c\u1ee7a Impact NW gi\u00fap kh\u00e1ch h\u00e0ng d\u1ec5 d\u00e0ng \u0111\u1ebfn c\u00e1c cu\u1ed9c h\u1eb9n kh\u00e1m ch\u1eefa b\u1ec7nh, mua s\u1eafm v\u00e0 tham gia c\u00e1c ho\u1ea1t \u0111\u1ed9ng x\u00e3 h\u1ed9i \u0111\u1ec3 h\u1ecd c\u00f3 th\u1ec3 tham gia v\u00e0o c\u1ed9ng \u0111\u1ed3ng c\u1ee7a h\u1ecd.<\/p>\n<blockquote>\n<p>H\u00e0ng n\u0103m, ch\u01b0\u01a1ng tr\u00ecnh c\u1ee7a ch\u00fang t\u00f4i cung c\u1ea5p h\u01a1n 14.000 l\u01b0\u1ee3t c\u01b0\u1ee1i, v\u00e0 s\u1ef1 ph\u1ed1i h\u1ee3p c\u1ee7a h\u00e0ng ng\u00e0n ng\u01b0\u1eddi kh\u00e1c.<\/p>\n<\/blockquote>\n<\/div><\/section><\/div>\n\n<style type=\"text\/css\" data-created_by=\"avia_inline_auto\" id=\"style-css-av-htky-6175121c70971c6902e78041325d7c15\">\n.flex_column.av-htky-6175121c70971c6902e78041325d7c15{\nborder-radius:0px 0px 0px 0px;\npadding:0px 0px 0px 0px;\n}\n<\/style>\n<div  class='flex_column av-htky-6175121c70971c6902e78041325d7c15 av_two_fifth  avia-builder-el-2  el_after_av_three_fifth  el_before_av_textblock  flex_column_div av-zero-column-padding'     ><style type=\"text\/css\" data-created_by=\"avia_inline_auto\" id=\"style-css-av-gq8a-a15fc6d7207e0e7acbacb2c9a69d05ac\">\n.av_promobox.av-gq8a-a15fc6d7207e0e7acbacb2c9a69d05ac{\ncolor:#ffffff;\nbackground:#1c3848;\n}\n<\/style>\n<div  class='av_promobox av-gq8a-a15fc6d7207e0e7acbacb2c9a69d05ac avia-button-no  avia-builder-el-3  avia-builder-el-no-sibling'><div class='avia-promocontent'><\/p>\n<h3 style=\"color: #f6bb17;\">Ch\u00fang t\u00f4i c\u00f3 th\u1ec3 gi\u00fap b\u1ea1n kh\u00f4ng?<\/h3>\n<p>N\u1ebfu b\u1ea1n ho\u1eb7c ai \u0111\u00f3 b\u1ea1n bi\u1ebft l\u00e0 quan t\u00e2m \u0111\u1ebfn D\u1ecbch v\u1ee5 V\u1eadn t\u1ea3i c\u1ee7a Impact NW, h\u00e3y g\u1ecdi cho ch\u00fang t\u00f4i theo s\u1ed1 (503) 721-6756. Cu\u1ed9c tr\u00f2 chuy\u1ec7n c\u1ee7a b\u1ea1n s\u1ebd ho\u00e0n to\u00e0n b\u00ed m\u1eadt v\u00e0 n\u1ebfu Impact NW kh\u00f4ng ph\u00f9 h\u1ee3p nh\u1ea5t v\u1edbi b\u1ea1n, ch\u00fang t\u00f4i s\u1ebd gi\u00fap b\u1ea1n k\u1ebft n\u1ed1i v\u1edbi c\u00e1c d\u1ecbch v\u1ee5 b\u1ea1n c\u1ea7n.<\/p>\n<\/div><\/div><\/div><section  class='av_textblock_section av-dcjq-f932dbfb343b3120c2ce3cd158d8cfc3'   itemscope=\"itemscope\" itemtype=\"https:\/\/schema.org\/CreativeWork\" ><div class='avia_textblock'  itemprop=\"text\" ><h2><strong>D\u1ecbch v\u1ee5 v\u1eadn chuy\u1ec3n c\u1ee7a ch\u00fang t\u00f4i:<\/strong><\/h2>\n<ul>\n<li><strong>Escorted Rides:<\/strong> C\u00e1c d\u1ecbch v\u1ee5 chuy\u00ean ch\u1edf t\u1eeb c\u1eeda \u0111\u1ebfn c\u1eeda \u0111\u01b0\u1ee3c cung c\u1ea5p cho ng\u01b0\u1eddi cao ni\u00ean Portland v\u00e0 ng\u01b0\u1eddi l\u1edbn b\u1ecb khuy\u1ebft t\u1eadt \u1edf Portland, nh\u1eefng ng\u01b0\u1eddi c\u1ea7n \u0111\u01b0\u1ee3c tr\u1ee3 gi\u00fap v\u1ec1 c\u00e1c cu\u1ed9c h\u1eb9n y t\u1ebf, nha khoa v\u00e0 c\u00e1 nh\u00e2n.<\/li>\n<li><strong>V\u00e9 xe bu\u00fdt v\u00e0 \/ ho\u1eb7c xe taxi:<\/strong> C\u00e1c v\u00e9 xe bu\u00fdt \/ xe bu\u00fdt TriMet h\u00e0ng th\u00e1ng c\u00f3 s\u1eb5n cho kh\u00e1ch h\u00e0ng c\u1ee7a Impact NW v\u00e0 c\u00e1c kh\u00e1ch h\u00e0ng qu\u1ea3n l\u00fd tr\u01b0\u1eddng h\u1ee3p, d\u1ef1a tr\u00ean tr\u00ecnh \u0111\u1ed9 v\u00e0 t\u00ednh kh\u1ea3 d\u1ee5ng.<\/li>\n<li><strong>T\u1eadp \u0111o\u00e0n dinh d\u01b0\u1ee1ng c\u01b0\u1ee1i:<\/strong> C\u00e1c l\u00e1i xe NW NW cung c\u1ea5p c\u00e1c chuy\u1ebfn \u0111i theo nh\u00f3m \u0111\u1ebfn c\u00e1c c\u1eeda h\u00e0ng t\u1ea1p h\u00f3a l\u1edbn v\u1edbi s\u1ed1 l\u1ea7n m\u1ed9t tu\u1ea7n, c\u0169ng nh\u01b0 \u0111\u1ec3 l\u1ef1a ch\u1ecdn c\u00e1c ng\u00e2n h\u00e0ng th\u1ef1c ph\u1ea9m. Giao h\u00e0ng th\u1ef1c ph\u1ea9m \u0111\u01b0\u1ee3c cung c\u1ea5p cho ng\u01b0\u1eddi cao ni\u00ean b\u1ecb r\u00e0ng bu\u1ed9c v\u1ec1 nh\u00e0.<\/li>\n<li><strong>V\u1eadn chuy\u1ec3n gi\u1ea3i tr\u00ed:<\/strong> C\u00e1c t\u00e0i x\u1ebf NW va ch\u1ea1m s\u1ebd \u0111\u01b0a c\u00e1c nh\u00f3m ng\u01b0\u1eddi cao ni\u00ean v\u00e0 ng\u01b0\u1eddi l\u1edbn b\u1ecb khuy\u1ebft t\u1eadt v\u00e0o c\u00e1c chuy\u1ebfn \u0111i ch\u01a1i gi\u1ea3i tr\u00ed theo k\u1ebf ho\u1ea1ch c\u1ee7a m\u1ed9t trong nh\u1eefng \u0111i\u1ec1u ph\u1ed1i vi\u00ean ho\u1ea1t \u0111\u1ed9ng c\u1ee7a ch\u00fang t\u00f4i.<\/li>\n<\/ul>\n<h2><strong>\u0110\u00e2y l\u00e0 nh\u1eefng g\u00ec m\u00e0 m\u1ed9t s\u1ed1 kh\u00e1ch h\u00e0ng c\u1ee7a ch\u00fang t\u00f4i n\u00f3i v\u1ec1 ch\u01b0\u01a1ng tr\u00ecnh H\u1ed7 tr\u1ee3 Giao th\u00f4ng c\u1ee7a Impact NW:<\/strong><\/h2>\n<\/div><\/section><\/p>\n<div  class='avia-testimonial-wrapper av-32ok6-19418f7bdb8dca06a1a75de9e4b9d5b2 avia-slider-testimonials avia-slider-2-testimonials avia_animate_when_almost_visible av-large-testimonial-slider av-slideshow-ui av-control-default av-slider-hover-pause av-slideshow-autoplay av-loop-endless av-loop-manual-endless' data-slideshow-options=\"{&quot;animation&quot;:&quot;fade&quot;,&quot;autoplay&quot;:true,&quot;loop_autoplay&quot;:&quot;endless&quot;,&quot;interval&quot;:5,&quot;loop_manual&quot;:&quot;manual-endless&quot;,&quot;autoplay_stopper&quot;:false,&quot;noNavigation&quot;:false,&quot;bg_slider&quot;:false,&quot;keep_padding&quot;:&quot;&quot;,&quot;hoverpause&quot;:true,&quot;show_slide_delay&quot;:0}\">\n<section class=\"avia-testimonial-row\"><div class='avia-testimonial av-9b0u-a8fe5876d519c4d5b348a9fb9a3822d4 avia-testimonial-row-1 avia-first-testimonial flex_column no_margin av_one_half'><div class='avia-testimonial_inner'  itemscope=\"itemscope\" itemtype=\"https:\/\/schema.org\/CreativeWork\" ><div class='avia-testimonial-content'><div class='avia-testimonial-markup-entry-content'  itemprop=\"text\" ><p>T\u00e1c \u0111\u1ed9ng l\u00e0 m\u1ed9t d\u1ecbch v\u1ee5 tuy\u1ec7t v\u1eddi. H\u1ecd gi\u00fap \u0111\u1ee1 r\u1ea5t nhi\u1ec1u v\u1edbi nh\u1eefng ng\u01b0\u1eddi kh\u00f4ng th\u1ec3 t\u1ef1 l\u00e1i xe \u0111\u1ebfn c\u00e1c cu\u1ed9c h\u1eb9n b\u00e1c s\u0129 v\u00e0 c\u1eeda h\u00e0ng t\u1ea1p h\u00f3a. T\u00f4i r\u1ea5t bi\u1ebft \u01a1n!<\/p>\n<\/div><\/div><div class=\"avia-testimonial-meta\"><div class=\"avia-testimonial-arrow-wrap\"><div class=\"avia-arrow\"><\/div><\/div><div class='avia-testimonial-meta-mini'  itemprop=\"author\" itemscope=\"itemscope\" itemtype=\"https:\/\/schema.org\/Person\" ><\/div><\/div><\/div><\/div>\n<div class='avia-testimonial av-220kq-98f06030d1f6098616cf6515c3a4b48c avia-testimonial-row-1 flex_column no_margin av_one_half'><div class='avia-testimonial_inner'  itemscope=\"itemscope\" itemtype=\"https:\/\/schema.org\/CreativeWork\" ><div class='avia-testimonial-content'><div class='avia-testimonial-markup-entry-content'  itemprop=\"text\" ><p>T\u00e1c \u0111\u1ed9ng l\u00e0 m\u1ed9t d\u1ecbch v\u1ee5 quan tr\u1ecdng cho t\u00f4i \u0111\u1ec3 c\u00f3 \u0111\u01b0\u1ee3c \u0111i xe \u0111\u1ebfn c\u00e1c cu\u1ed9c h\u1eb9n b\u00e1c s\u0129 c\u1ee9u s\u1ed1ng.<\/p>\n<\/div><\/div><div class=\"avia-testimonial-meta\"><div class=\"avia-testimonial-arrow-wrap\"><div class=\"avia-arrow\"><\/div><\/div><div class='avia-testimonial-meta-mini'  itemprop=\"author\" itemscope=\"itemscope\" itemtype=\"https:\/\/schema.org\/Person\" ><\/div><\/div><\/div><\/div>\n<div class='avia-testimonial av-1kh3e-8a137db39046011511e7d6e1627ee390 avia-testimonial-row-1 flex_column no_margin av_one_half'><div class='avia-testimonial_inner'  itemscope=\"itemscope\" itemtype=\"https:\/\/schema.org\/CreativeWork\" ><div class='avia-testimonial-content'><div class='avia-testimonial-markup-entry-content'  itemprop=\"text\" ><p>T\u00f4i kh\u00f4ng th\u1ec3 c\u1ea3m \u01a1n Impact NW \u0111\u1ee7 \u0111\u1ec3 \u0111\u01b0a t\u00f4i \u0111\u1ebfn c\u1eeda h\u00e0ng v\u00e0 KFC cho ng\u00e0y sinh nh\u1eadt th\u1ee9 91 c\u1ee7a t\u00f4i!<\/p>\n<\/div><\/div><div class=\"avia-testimonial-meta\"><div class=\"avia-testimonial-arrow-wrap\"><div class=\"avia-arrow\"><\/div><\/div><div class='avia-testimonial-meta-mini'  itemprop=\"author\" itemscope=\"itemscope\" itemtype=\"https:\/\/schema.org\/Person\" ><\/div><\/div><\/div><\/div>\n<div class='avia-testimonial av-rtja-2b44fd8b434d18ed48f28f080258cdb1 avia-testimonial-row-1 flex_column no_margin av_one_half'><div class='avia-testimonial_inner'  itemscope=\"itemscope\" itemtype=\"https:\/\/schema.org\/CreativeWork\" ><div class='avia-testimonial-content'><div class='avia-testimonial-markup-entry-content'  itemprop=\"text\" ><p>T\u00f4i s\u1ebd kh\u00f4ng ph\u1ea3i \u0103n \u1edbt v\u00e0o t\u1ed1i nay v\u00ec Impact NW v\u00e0 Bruce \u0111\u01b0a t\u00f4i \u0111\u1ebfn c\u1eeda h\u00e0ng t\u1ea1p h\u00f3a.<\/p>\n<\/div><\/div><div class=\"avia-testimonial-meta\"><div class=\"avia-testimonial-arrow-wrap\"><div class=\"avia-arrow\"><\/div><\/div><div class='avia-testimonial-meta-mini'  itemprop=\"author\" itemscope=\"itemscope\" itemtype=\"https:\/\/schema.org\/Person\" ><\/div><\/div><\/div><\/div>\n<\/section><div class='avia-slideshow-arrows avia-slideshow-controls' ><a href='#prev' class='prev-slide  avia-svg-icon avia-font-svg_entypo-fontello' data-av_svg_icon='left-open-big' data-av_iconset='svg_entypo-fontello' tabindex='-1' title=\"Previous\"><svg version=\"1.1\" xmlns=\"http:\/\/www.w3.org\/2000\/svg\" width=\"15\" height=\"32\" viewbox=\"0 0 15 32\" preserveaspectratio=\"xMidYMid meet\" aria-labelledby='av-svg-title-1' aria-describedby='av-svg-desc-1' role=\"graphics-symbol\" aria-hidden=\"true\">\n<title id='av-svg-title-1'>Previous<\/title>\n<desc id='av-svg-desc-1'>Previous<\/desc>\n<path d=\"M14.464 27.84q0.832 0.832 0 1.536-0.832 0.832-1.536 0l-12.544-12.608q-0.768-0.768 0-1.6l12.544-12.608q0.704-0.832 1.536 0 0.832 0.704 0 1.536l-11.456 11.904z\"><\/path>\n<\/svg><span class='avia_hidden_link_text'>Previous<\/span><\/a><a href='#next' class='next-slide  avia-svg-icon avia-font-svg_entypo-fontello' data-av_svg_icon='right-open-big' data-av_iconset='svg_entypo-fontello' tabindex='-1' title=\"Next\"><svg version=\"1.1\" xmlns=\"http:\/\/www.w3.org\/2000\/svg\" width=\"15\" height=\"32\" viewbox=\"0 0 15 32\" preserveaspectratio=\"xMidYMid meet\" aria-labelledby='av-svg-title-2' aria-describedby='av-svg-desc-2' role=\"graphics-symbol\" aria-hidden=\"true\">\n<title id='av-svg-title-2'>Next<\/title>\n<desc id='av-svg-desc-2'>Next<\/desc>\n<path d=\"M0.416 27.84l11.456-11.84-11.456-11.904q-0.832-0.832 0-1.536 0.832-0.832 1.536 0l12.544 12.608q0.768 0.832 0 1.6l-12.544 12.608q-0.704 0.832-1.536 0-0.832-0.704 0-1.536z\"><\/path>\n<\/svg><span class='avia_hidden_link_text'>Next<\/span><\/a><\/div><\/div>","protected":false},"excerpt":{"rendered":"","protected":false},"author":21,"featured_media":0,"parent":84,"menu_order":2,"comment_status":"closed","ping_status":"closed","template":"","meta":{"_monsterinsights_skip_tracking":false,"_monsterinsights_sitenote_active":false,"_monsterinsights_sitenote_note":"","_monsterinsights_sitenote_category":0,"footnotes":"","_links_to":"","_links_to_target":""},"class_list":["post-90","page","type-page","status-publish","hentry"],"yoast_head":"<!-- This site is optimized with the Yoast SEO plugin v27.4 - https:\/\/yoast.com\/product\/yoast-seo-wordpress\/ -->\n<title>Transportation Services &#8211; Impact NW<\/title>\n<meta name=\"robots\" content=\"index, follow, max-snippet:-1, max-image-preview:large, max-video-preview:-1\" \/>\n<link rel=\"canonical\" href=\"https:\/\/impactnw.org\/vi\/programs\/seniors\/transporting\/\" \/>\n<meta property=\"og:locale\" content=\"vi_VN\" \/>\n<meta property=\"og:type\" content=\"article\" \/>\n<meta property=\"og:title\" content=\"Transportation Services &#8211; Impact NW\" \/>\n<meta property=\"og:url\" content=\"https:\/\/impactnw.org\/vi\/programs\/seniors\/transporting\/\" \/>\n<meta property=\"og:site_name\" content=\"Impact NW\" \/>\n<meta property=\"article:publisher\" content=\"http:\/\/www.facebook.com\/ImpactNWsince1966\" \/>\n<meta property=\"article:modified_time\" content=\"2019-10-17T22:53:31+00:00\" \/>\n<meta name=\"twitter:card\" content=\"summary_large_image\" \/>\n<meta name=\"twitter:site\" content=\"@impactnw\" \/>\n<meta name=\"twitter:label1\" content=\"\u01af\u1edbc t\u00ednh th\u1eddi gian \u0111\u1ecdc\" \/>\n\t<meta name=\"twitter:data1\" content=\"3 ph\u00fat\" \/>\n<script type=\"application\/ld+json\" class=\"yoast-schema-graph\">{\"@context\":\"https:\\\/\\\/schema.org\",\"@graph\":[{\"@type\":\"WebPage\",\"@id\":\"https:\\\/\\\/impactnw.org\\\/programs\\\/seniors\\\/transporting\\\/\",\"url\":\"https:\\\/\\\/impactnw.org\\\/programs\\\/seniors\\\/transporting\\\/\",\"name\":\"Transportation Services &#8211; Impact NW\",\"isPartOf\":{\"@id\":\"https:\\\/\\\/impactnw.org\\\/#website\"},\"datePublished\":\"2011-09-28T22:50:48+00:00\",\"dateModified\":\"2019-10-17T22:53:31+00:00\",\"breadcrumb\":{\"@id\":\"https:\\\/\\\/impactnw.org\\\/programs\\\/seniors\\\/transporting\\\/#breadcrumb\"},\"inLanguage\":\"vi\",\"potentialAction\":[{\"@type\":\"ReadAction\",\"target\":[\"https:\\\/\\\/impactnw.org\\\/programs\\\/seniors\\\/transporting\\\/\"]}]},{\"@type\":\"BreadcrumbList\",\"@id\":\"https:\\\/\\\/impactnw.org\\\/programs\\\/seniors\\\/transporting\\\/#breadcrumb\",\"itemListElement\":[{\"@type\":\"ListItem\",\"position\":1,\"name\":\"Home\",\"item\":\"https:\\\/\\\/impactnw.org\\\/home\\\/\"},{\"@type\":\"ListItem\",\"position\":2,\"name\":\"Programs\",\"item\":\"https:\\\/\\\/impactnw.org\\\/programs\\\/\"},{\"@type\":\"ListItem\",\"position\":3,\"name\":\"Seniors\",\"item\":\"https:\\\/\\\/impactnw.org\\\/programs\\\/seniors\\\/\"},{\"@type\":\"ListItem\",\"position\":4,\"name\":\"Transportation Services\"}]},{\"@type\":\"WebSite\",\"@id\":\"https:\\\/\\\/impactnw.org\\\/#website\",\"url\":\"https:\\\/\\\/impactnw.org\\\/\",\"name\":\"Impact NW\",\"description\":\"Inspiring Hope. Empowering Independence.\",\"potentialAction\":[{\"@type\":\"SearchAction\",\"target\":{\"@type\":\"EntryPoint\",\"urlTemplate\":\"https:\\\/\\\/impactnw.org\\\/?s={search_term_string}\"},\"query-input\":{\"@type\":\"PropertyValueSpecification\",\"valueRequired\":true,\"valueName\":\"search_term_string\"}}],\"inLanguage\":\"vi\"}]}<\/script>\n<!-- \/ Yoast SEO plugin. -->","yoast_head_json":{"title":"Transportation Services &#8211; Impact NW","robots":{"index":"index","follow":"follow","max-snippet":"max-snippet:-1","max-image-preview":"max-image-preview:large","max-video-preview":"max-video-preview:-1"},"canonical":"https:\/\/impactnw.org\/vi\/programs\/seniors\/transporting\/","og_locale":"vi_VN","og_type":"article","og_title":"Transportation Services &#8211; Impact NW","og_url":"https:\/\/impactnw.org\/vi\/programs\/seniors\/transporting\/","og_site_name":"Impact NW","article_publisher":"http:\/\/www.facebook.com\/ImpactNWsince1966","article_modified_time":"2019-10-17T22:53:31+00:00","twitter_card":"summary_large_image","twitter_site":"@impactnw","twitter_misc":{"\u01af\u1edbc t\u00ednh th\u1eddi gian \u0111\u1ecdc":"3 ph\u00fat"},"schema":{"@context":"https:\/\/schema.org","@graph":[{"@type":"WebPage","@id":"https:\/\/impactnw.org\/programs\/seniors\/transporting\/","url":"https:\/\/impactnw.org\/programs\/seniors\/transporting\/","name":"Transportation Services &#8211; Impact NW","isPartOf":{"@id":"https:\/\/impactnw.org\/#website"},"datePublished":"2011-09-28T22:50:48+00:00","dateModified":"2019-10-17T22:53:31+00:00","breadcrumb":{"@id":"https:\/\/impactnw.org\/programs\/seniors\/transporting\/#breadcrumb"},"inLanguage":"vi","potentialAction":[{"@type":"ReadAction","target":["https:\/\/impactnw.org\/programs\/seniors\/transporting\/"]}]},{"@type":"BreadcrumbList","@id":"https:\/\/impactnw.org\/programs\/seniors\/transporting\/#breadcrumb","itemListElement":[{"@type":"ListItem","position":1,"name":"Home","item":"https:\/\/impactnw.org\/home\/"},{"@type":"ListItem","position":2,"name":"Programs","item":"https:\/\/impactnw.org\/programs\/"},{"@type":"ListItem","position":3,"name":"Seniors","item":"https:\/\/impactnw.org\/programs\/seniors\/"},{"@type":"ListItem","position":4,"name":"Transportation Services"}]},{"@type":"WebSite","@id":"https:\/\/impactnw.org\/#website","url":"https:\/\/impactnw.org\/","name":"T\u00e1c \u0111\u1ed9ng NW","description":"Inspiring Hope. Trao quy\u1ec1n cho \u0111\u1ed9c l\u1eadp.","potentialAction":[{"@type":"SearchAction","target":{"@type":"EntryPoint","urlTemplate":"https:\/\/impactnw.org\/?s={search_term_string}"},"query-input":{"@type":"PropertyValueSpecification","valueRequired":true,"valueName":"search_term_string"}}],"inLanguage":"vi"}]}},"_links":{"self":[{"href":"https:\/\/impactnw.org\/vi\/wp-json\/wp\/v2\/pages\/90","targetHints":{"allow":["GET"]}}],"collection":[{"href":"https:\/\/impactnw.org\/vi\/wp-json\/wp\/v2\/pages"}],"about":[{"href":"https:\/\/impactnw.org\/vi\/wp-json\/wp\/v2\/types\/page"}],"author":[{"embeddable":true,"href":"https:\/\/impactnw.org\/vi\/wp-json\/wp\/v2\/users\/21"}],"replies":[{"embeddable":true,"href":"https:\/\/impactnw.org\/vi\/wp-json\/wp\/v2\/comments?post=90"}],"version-history":[{"count":0,"href":"https:\/\/impactnw.org\/vi\/wp-json\/wp\/v2\/pages\/90\/revisions"}],"up":[{"embeddable":true,"href":"https:\/\/impactnw.org\/vi\/wp-json\/wp\/v2\/pages\/84"}],"wp:attachment":[{"href":"https:\/\/impactnw.org\/vi\/wp-json\/wp\/v2\/media?parent=90"}],"curies":[{"name":"wp","href":"https:\/\/api.w.org\/{rel}","templated":true}]}}