{"id":88,"date":"2011-09-28T22:50:28","date_gmt":"2011-09-28T22:50:28","guid":{"rendered":"http:\/\/dev.impactnw.org\/wp_11_2011\/?page_id=88"},"modified":"2023-02-16T13:56:25","modified_gmt":"2023-02-16T21:56:25","slug":"activites-services","status":"publish","type":"page","link":"https:\/\/impactnw.org\/vi\/programs\/seniors\/activites-services\/","title":{"rendered":"Ho\u1ea1t \u0111\u1ed9ng &amp; D\u1ecbch v\u1ee5"},"content":{"rendered":"<style type=\"text\/css\" data-created_by=\"avia_inline_auto\" id=\"style-css-av-33z0c-cddad64c06759cafbd6391f4b991ff2b\">\n.flex_column.av-33z0c-cddad64c06759cafbd6391f4b991ff2b{\nborder-radius:0px 0px 0px 0px;\npadding:0px 0px 0px 0px;\n}\n<\/style>\n<div  class='flex_column av-33z0c-cddad64c06759cafbd6391f4b991ff2b av_three_fifth  avia-builder-el-0  el_before_av_two_fifth  avia-builder-el-first  first flex_column_div av-zero-column-padding'     ><section  class='av_textblock_section av-2wzxg-df8892a9c68ba02810a6e2a92636ae8d'   itemscope=\"itemscope\" itemtype=\"https:\/\/schema.org\/CreativeWork\" ><div class='avia_textblock'  itemprop=\"text\" ><h1>Ho\u1ea1t \u0111\u1ed9ng &amp; D\u1ecbch v\u1ee5<\/h1>\n<h3>Impact NW supports the health, well-being and independence of seniors &amp; adults with disabilities by providing information and supportive services that help them remain in their homes, and activities to improve their quality of life.<\/h3>\n\n<style type=\"text\/css\" data-created_by=\"avia_inline_auto\" id=\"style-css-av-y1oo-572eab5cd435432119d16d589ad2209a\">\n#top .hr.hr-invisible.av-y1oo-572eab5cd435432119d16d589ad2209a{\nheight:15px;\n}\n<\/style>\n<div  class='hr av-y1oo-572eab5cd435432119d16d589ad2209a hr-invisible  avia-builder-el-2  avia-builder-el-no-sibling'><span class='hr-inner'><span class=\"hr-inner-style\"><\/span><\/span><\/div>\n<h2>Th\u00f4ng tin &amp; H\u1ed7 tr\u1ee3<\/h2>\n<p>Trained staff and volunteers help clients access services, answer questions about health insurance and Medicare, provide free tax counseling and preparation, and consult with clients about legal issues regarding elder law, wills, and guardianship. Program advocates provide consultation, assessment and advocacy to help individuals and families identify and address service needs.<\/p>\n<\/div><\/section><\/div>\n\n<style type=\"text\/css\" data-created_by=\"avia_inline_auto\" id=\"style-css-av-1yotk-6e5b7f6c73f0db662ce66358dd24e6ab\">\n.flex_column.av-1yotk-6e5b7f6c73f0db662ce66358dd24e6ab{\nborder-radius:0px 0px 0px 0px;\npadding:0px 0px 0px 0px;\n}\n<\/style>\n<div  class='flex_column av-1yotk-6e5b7f6c73f0db662ce66358dd24e6ab av_two_fifth  avia-builder-el-3  el_after_av_three_fifth  el_before_av_textblock  flex_column_div av-zero-column-padding'     ><style type=\"text\/css\" data-created_by=\"avia_inline_auto\" id=\"style-css-av-1hbtk-c734626750859b49a4519a5e3efea4ca\">\n.av_promobox.av-1hbtk-c734626750859b49a4519a5e3efea4ca{\ncolor:#ffffff;\nbackground:#1c3848;\n}\n<\/style>\n<div  class='av_promobox av-1hbtk-c734626750859b49a4519a5e3efea4ca avia-button-no  avia-builder-el-4  avia-builder-el-no-sibling'><div class='avia-promocontent'><\/p>\n<h3 style=\"color: #f6bb17;\">Ch\u00fang t\u00f4i c\u00f3 th\u1ec3 gi\u00fap b\u1ea1n kh\u00f4ng?<\/h3>\n<p>If you or someone you know is interested in Impact NW\u2019s Activities and Services for Seniors &amp; Adults with Disabilities, call us at (503) 721-6760. Your conversation will be completely confidential, and if Impact NW isn\u2019t the best fit for you, we\u2019ll help connect you to the services you need.<\/p>\n<\/div><\/div><\/div>\n<section  class='av_textblock_section av-3qpo-a0e9529e667448d5b99b6ee43b8cc0d5'   itemscope=\"itemscope\" itemtype=\"https:\/\/schema.org\/CreativeWork\" ><div class='avia_textblock'  itemprop=\"text\" ><p><strong>Ch\u01b0\u01a1ng Tr\u00ecnh D\u1ecbch V\u1ee5 Ch\u0103m S\u00f3c T\u1ea1i Nh\u00e0, Ch\u0103m S\u00f3c Thay Th\u1ebf v\u00e0 Ch\u0103m S\u00f3c Ban Ng\u00e0y c\u1ee7a Ng\u01b0\u1eddi l\u1edbn<\/strong><\/p>\n<div id=\"attachment_7860\" style=\"width: 210px\" class=\"wp-caption alignright\"><img loading=\"lazy\" decoding=\"async\" aria-describedby=\"caption-attachment-7860\" class=\"size-medium wp-image-7860\" src=\"http:\/\/dev.impactnw.org\/wp-content\/uploads\/2011\/09\/Impact-NW-Senior-Services-Line-Dancing-Another-Look-02.22.16-29-of-51-200x300.jpg\" alt=\"\u1ea2nh c\u1ee7a Another Look\" width=\"200\" height=\"300\" srcset=\"https:\/\/impactnw.org\/wp-content\/uploads\/2011\/09\/Impact-NW-Senior-Services-Line-Dancing-Another-Look-02.22.16-29-of-51-200x300.jpg 200w, https:\/\/impactnw.org\/wp-content\/uploads\/2011\/09\/Impact-NW-Senior-Services-Line-Dancing-Another-Look-02.22.16-29-of-51-768x1150.jpg 768w, https:\/\/impactnw.org\/wp-content\/uploads\/2011\/09\/Impact-NW-Senior-Services-Line-Dancing-Another-Look-02.22.16-29-of-51-688x1030.jpg 688w, https:\/\/impactnw.org\/wp-content\/uploads\/2011\/09\/Impact-NW-Senior-Services-Line-Dancing-Another-Look-02.22.16-29-of-51-1001x1500.jpg 1001w, https:\/\/impactnw.org\/wp-content\/uploads\/2011\/09\/Impact-NW-Senior-Services-Line-Dancing-Another-Look-02.22.16-29-of-51-471x705.jpg 471w, https:\/\/impactnw.org\/wp-content\/uploads\/2011\/09\/Impact-NW-Senior-Services-Line-Dancing-Another-Look-02.22.16-29-of-51-450x674.jpg 450w, https:\/\/impactnw.org\/wp-content\/uploads\/2011\/09\/Impact-NW-Senior-Services-Line-Dancing-Another-Look-02.22.16-29-of-51.jpg 1502w\" sizes=\"auto, (max-width: 200px) 100vw, 200px\" \/><p id=\"caption-attachment-7860\" class=\"wp-caption-text\">Ng\u01b0\u1eddi cao ni\u00ean tham d\u1ef1 m\u1ed9t l\u1edbp Dancing Line t\u1ea1i Trung t\u00e2m D\u1ecbch v\u1ee5 \u0110a v\u0103n SE Portland c\u1ee7a ch\u00fang t\u00f4i.<\/p><\/div>\n<p>Ch\u01b0\u01a1ng Tr\u00ecnh D\u1ecbch V\u1ee5 Ch\u0103m S\u00f3c T\u1ea1i Nh\u00e0, Ch\u0103m S\u00f3c Thay Th\u1ebf v\u00e0 Ch\u0103m S\u00f3c Ng\u01b0\u1eddi L\u1edbn D\u00e0nh Cho Ng\u01b0\u1eddi l\u1edbn c\u1ee7a ch\u00fang t\u00f4i cung c\u1ea5p c\u00e1c d\u1ecbch v\u1ee5 ch\u0103m s\u00f3c t\u1ea1i nh\u00e0, ch\u0103m s\u00f3c c\u00e1 nh\u00e2n v\u00e0 c\u00e1c c\u1eeda h\u00e0ng t\u1ea1p h\u00f3a \u0111\u1ec3 gi\u00fap kh\u00e1ch h\u00e0ng ti\u1ebfp t\u1ee5c s\u1ed1ng an to\u00e0n v\u00e0 \u0111\u1ed9c l\u1eadp trong nh\u00e0 ri\u00eang c\u1ee7a h\u1ecd. C\u00e1c d\u1ecbch v\u1ee5 ch\u0103m s\u00f3c t\u1ea1i nh\u00e0, ngh\u1ec9 ng\u01a1i v\u00e0 ch\u0103m s\u00f3c ban ng\u00e0y d\u00e0nh cho ng\u01b0\u1eddi l\u1edbn c\u00f3 th\u1ec3 \u0111\u01b0\u1ee3c s\u1eafp x\u1ebfp \u0111\u1ec3 gi\u00fap \u0111\u1ee1 t\u1ea1m th\u1eddi cho nh\u1eefng ng\u01b0\u1eddi ch\u0103m s\u00f3c nh\u1eefng ng\u01b0\u1eddi kh\u00f4ng th\u1ec3 ch\u0103m s\u00f3c b\u1ea3n th\u00e2n.<\/p>\n<p><strong>Ch\u01b0\u01a1ng tr\u00ecnh H\u1ed7 tr\u1ee3 Ng\u01b0\u1eddi ch\u0103m s\u00f3c Gia \u0111\u00ecnh<\/strong><\/p>\n<p>Ch\u01b0\u01a1ng Tr\u00ecnh Tr\u1ee3 Gi\u00fap Ng\u01b0\u1eddi Ch\u0103m S\u00f3c Gia \u0110\u00ecnh c\u1ee7a ch\u00fang t\u00f4i cung c\u1ea5p c\u00e1c bu\u1ed5i hu\u1ea5n luy\u1ec7n, h\u1ed7 tr\u1ee3, ch\u0103m s\u00f3c ngh\u1ec9 ng\u01a1i v\u00e0 h\u1ed7 tr\u1ee3 b\u1ed5 sung cho nh\u1eefng ng\u01b0\u1eddi ch\u0103m s\u00f3c tr\u1ebb v\u1ecb th\u00e0nh ni\u00ean v\u00e0 \u00f4ng b\u00e0 l\u00e0 nh\u1eefng ng\u01b0\u1eddi gi\u00e1m h\u1ed9 cho tr\u1ebb v\u1ecb th\u00e0nh ni\u00ean.<\/p>\n<p><strong>STAR-C Alzheimer&#039;s Caregiver T\u01b0 v\u1ea5n \u0110\u00e0o t\u1ea1o<\/strong><\/p>\n<p>Ch\u01b0\u01a1ng tr\u00ecnh d\u1ef1a tr\u00ean b\u1eb1ng ch\u1ee9ng, th\u00e2m canh, m\u01b0\u1eddi hai tu\u1ea7n n\u00e0y h\u1ed7 tr\u1ee3 nh\u1eefng ng\u01b0\u1eddi ch\u0103m s\u00f3c \u0111ang ch\u0103m s\u00f3c cho c\u00e1c c\u00e1 nh\u00e2n m\u1eafc b\u1ec7nh Alzheimer&#039;s Disease. Chuy\u00ean gia t\u01b0 v\u1ea5n cung c\u1ea5p \u0111\u00e0o t\u1ea1o v\u00e0 t\u01b0 v\u1ea5n m\u1ed9t ng\u01b0\u1eddi ch\u0103m s\u00f3c cho ng\u01b0\u1eddi ch\u0103m s\u00f3c b\u1eb1ng c\u00e1ch x\u00e1c \u0111\u1ecbnh h\u00e0nh vi kh\u00e1ng b\u1ec7nh c\u1ee7a ng\u01b0\u1eddi \u0111\u01b0\u1ee3c ch\u0103m s\u00f3c v\u00e0 gi\u00fap ng\u01b0\u1eddi ch\u0103m s\u00f3c thay \u0111\u1ed5i k\u1ebf ho\u1ea1ch ch\u0103m s\u00f3c \u0111\u1ec3 thay \u0111\u1ed5i k\u1ebft c\u1ee5c.<\/p>\n<p>Sinh vi\u00ean \u0111i\u1ec1u d\u01b0\u1ee1ng g\u1eb7p g\u1ee1 kh\u00e1ch h\u00e0ng \u0111\u1ec3 \u0111\u00e1nh gi\u00e1 nhu c\u1ea7u c\u1ee7a h\u1ecd v\u00e0 x\u00e2y d\u1ef1ng k\u1ebf ho\u1ea1ch ch\u0103m s\u00f3c \u0111\u1ec3 h\u1ed7 tr\u1ee3 h\u1ecd b\u1eb1ng c\u00e1c ch\u1ebf \u0111\u1ed9 thu\u1ed1c c\u1ee7a h\u1ecd. C\u00e1c sinh vi\u00ean \u0111i\u1ec1u d\u01b0\u1ee1ng c\u0169ng tr\u00ecnh b\u00e0y c\u00e1c h\u1ed9i th\u1ea3o gi\u00e1o d\u1ee5c v\u1ec1 qu\u1ea3n l\u00fd thu\u1ed1c cho ng\u01b0\u1eddi cao ni\u00ean c\u00f3 thu nh\u1eadp th\u1ea5p t\u1ea1i c\u00e1c trung t\u00e2m c\u1ed9ng \u0111\u1ed3ng v\u00e0 c\u00e1c khu nh\u00e0 \u1edf kh\u1eafp th\u00e0nh ph\u1ed1.<\/p>\n<p><strong>Ch\u01b0\u01a1ng tr\u00ecnh D\u1ecbch v\u1ee5 Gia c\u01b0 Congregate (CHSP)<\/strong><\/p>\n<p><img loading=\"lazy\" decoding=\"async\" class=\"size-medium wp-image-7861 alignright\" src=\"http:\/\/dev.impactnw.org\/wp-content\/uploads\/2011\/09\/Vivian-Governors-Volunteer-Awards-300x200.jpg\" alt=\"Vivian - Gi\u1ea3i th\u01b0\u1edfng T\u00ecnh nguy\u1ec7n vi\u00ean c\u1ee7a Th\u1ed1ng \u0111\u1ed1c\" width=\"300\" height=\"200\" srcset=\"https:\/\/impactnw.org\/wp-content\/uploads\/2011\/09\/Vivian-Governors-Volunteer-Awards-300x200.jpg 300w, https:\/\/impactnw.org\/wp-content\/uploads\/2011\/09\/Vivian-Governors-Volunteer-Awards-768x512.jpg 768w, https:\/\/impactnw.org\/wp-content\/uploads\/2011\/09\/Vivian-Governors-Volunteer-Awards-705x470.jpg 705w, https:\/\/impactnw.org\/wp-content\/uploads\/2011\/09\/Vivian-Governors-Volunteer-Awards-450x300.jpg 450w, https:\/\/impactnw.org\/wp-content\/uploads\/2011\/09\/Vivian-Governors-Volunteer-Awards.jpg 1024w\" sizes=\"auto, (max-width: 300px) 100vw, 300px\" \/><\/p>\n<p>Ch\u01b0\u01a1ng tr\u00ecnh D\u1ecbch v\u1ee5 Nh\u00e0 \u1edf Congregate Housing Services (CHSP) c\u1ee7a Impact NW cung c\u1ea5p c\u00e1c d\u1ecbch v\u1ee5 cho ng\u01b0\u1eddi cao ni\u00ean v\u00e0 ng\u01b0\u1eddi l\u1edbn b\u1ecb khuy\u1ebft t\u1eadt s\u1ed1ng trong m\u1ed9t trong nh\u1eefng khu nh\u00e0 \u1edf gi\u00e1 r\u1ebb bao g\u1ed3m Dahlke Manor, Grace Peck Terrace, Rosenbaum Plaza v\u00e0 Unthank Plaza.<\/p>\n<p>Qu\u1ea3n l\u00fd tr\u01b0\u1eddng h\u1ee3p c\u1ee7a ch\u00fang t\u00f4i \u0111\u00e1nh gi\u00e1 nhu c\u1ea7u c\u1ee7a t\u1eebng kh\u00e1ch h\u00e0ng v\u00e0 cung c\u1ea5p t\u01b0 v\u1ea5n, v\u1eadn \u0111\u1ed9ng v\u00e0 ph\u1ed1i h\u1ee3p d\u1ecbch v\u1ee5. N\u1ebfu c\u1ea7n thi\u1ebft, c\u00e1c d\u1ecbch v\u1ee5 t\u1ea1i nh\u00e0 \u0111\u01b0\u1ee3c cung c\u1ea5p, ch\u1eb3ng h\u1ea1n nh\u01b0 gi\u1eef v\u1ec7 sinh ho\u1eb7c gi\u00fap kh\u00e1ch h\u00e0ng ch\u0103m s\u00f3c c\u00e1 nh\u00e2n.<\/p>\n<p>B\u1eefa t\u1ed1i \u0111\u01b0\u1ee3c chu\u1ea9n b\u1ecb v\u00e0 ph\u1ee5c v\u1ee5 m\u1ed7i t\u1ed1i v\u00e0 \u0103n tr\u01b0a v\u00e0o c\u00e1c ng\u00e0y th\u1ee9 b\u1ea3y trong ph\u00f2ng \u0103n c\u1ee7a m\u1ed7i v\u1ecb tr\u00ed CHSP.<\/p>\n<h2>Ho\u1ea1t \u0111\u1ed9ng &amp; Khuy\u1ebfn kh\u00edch Y t\u1ebf<\/h2>\n<div id=\"attachment_7862\" style=\"width: 310px\" class=\"wp-caption alignright\"><img loading=\"lazy\" decoding=\"async\" aria-describedby=\"caption-attachment-7862\" class=\"wp-image-7862 size-medium\" src=\"http:\/\/dev.impactnw.org\/wp-content\/uploads\/2011\/09\/Impact-NW-Senior-Services-Tai-Chi-Another-Look-02.22.16-2-of-97-300x200.jpg\" alt=\"\u1ea2nh c\u1ee7a Another Look\" width=\"300\" height=\"200\" srcset=\"https:\/\/impactnw.org\/wp-content\/uploads\/2011\/09\/Impact-NW-Senior-Services-Tai-Chi-Another-Look-02.22.16-2-of-97-300x200.jpg 300w, https:\/\/impactnw.org\/wp-content\/uploads\/2011\/09\/Impact-NW-Senior-Services-Tai-Chi-Another-Look-02.22.16-2-of-97-768x513.jpg 768w, https:\/\/impactnw.org\/wp-content\/uploads\/2011\/09\/Impact-NW-Senior-Services-Tai-Chi-Another-Look-02.22.16-2-of-97-1030x688.jpg 1030w, https:\/\/impactnw.org\/wp-content\/uploads\/2011\/09\/Impact-NW-Senior-Services-Tai-Chi-Another-Look-02.22.16-2-of-97-1500x1001.jpg 1500w, https:\/\/impactnw.org\/wp-content\/uploads\/2011\/09\/Impact-NW-Senior-Services-Tai-Chi-Another-Look-02.22.16-2-of-97-705x471.jpg 705w, https:\/\/impactnw.org\/wp-content\/uploads\/2011\/09\/Impact-NW-Senior-Services-Tai-Chi-Another-Look-02.22.16-2-of-97-450x300.jpg 450w\" sizes=\"auto, (max-width: 300px) 100vw, 300px\" \/><p id=\"caption-attachment-7862\" class=\"wp-caption-text\">Ng\u01b0\u1eddi cao ni\u00ean tham gia l\u1edbp Tai Chi h\u00e0ng tu\u1ea7n t\u1ea1i Trung t\u00e2m D\u1ecbch v\u1ee5 \u0110a v\u0103n SE Portland c\u1ee7a ch\u00fang t\u00f4i.<\/p><\/div>\n<p>C\u00e1c ho\u1ea1t \u0111\u1ed9ng c\u1ee7a ch\u00fang t\u00f4i cung c\u1ea5p cho ng\u01b0\u1eddi cao ni\u00ean nh\u1eefng c\u01a1 h\u1ed9i x\u00e3 h\u1ed9i l\u00e0m gi\u1ea3m c\u1ea3m gi\u00e1c c\u00f4 l\u1eadp v\u00e0 ch\u00e1n n\u1ea3n, \u0111\u1ed3ng th\u1eddi t\u1ea1o c\u01a1 h\u1ed9i cho h\u1ecd nh\u1eadn th\u1ee9c \u0111\u01b0\u1ee3c c\u00e1c d\u1ecbch v\u1ee5 kh\u00e1c do Impact NW cung c\u1ea5p.<\/p>\n<p><strong>C\u00e1c ho\u1ea1t \u0111\u1ed9ng r\u1ea3i r\u00e1c t\u1ea1i Trung t\u00e2m D\u1ecbch v\u1ee5 \u0110a v\u0103n h\u00f3a SE<\/strong><\/p>\n<p>H\u00e0ng tu\u1ea7n, h\u00e0ng tr\u0103m ng\u01b0\u1eddi cao ni\u00ean v\u00e0 ng\u01b0\u1eddi l\u1edbn c\u00f3 khuy\u1ebft t\u1eadt \u0111\u1ebfn Trung t\u00e2m SE Multicultural \u0111\u1ec3 tham gia v\u00e0o c\u00e1c ho\u1ea1t \u0111\u1ed9ng c\u00f3 t\u1ed5 ch\u1ee9c nh\u01b0 ch\u01a1i bingo, h\u00e0ng th\u1ee7 c\u00f4ng, t\u1eadp th\u1ec3 d\u1ee5c v\u00e0 th\u1ec3 d\u1ee5c th\u1ec3 thao, v\u00e0 c\u00e1c b\u1eefa \u0103n l\u00e0nh m\u1ea1nh do c\u00e1c c\u01a1 quan \u0111\u1ed1i t\u00e1c cung c\u1ea5p. Ch\u00fang t\u00f4i t\u1ed5 ch\u1ee9c nhi\u1ec1u h\u1ed9i th\u1ea3o gi\u00e1o d\u1ee5c, bao g\u1ed3m l\u1edbp t\u00e0i ch\u00ednh, c\u0169ng nh\u01b0 c\u00e1c s\u1ef1 ki\u1ec7n v\u0103n ho\u00e1 nh\u01b0 Mardi Gras v\u00e0 Cinco de Mayo. C\u00e1c chuy\u00ean gia ch\u0103m s\u00f3c s\u1ee9c kho\u1ebb cung c\u1ea5p kh\u00e1m s\u1ee9c kho\u1ebb, ch\u1ee7ng ng\u1eeba, qu\u1ea3n l\u00fd thu\u1ed1c men, c\u00e1c ch\u01b0\u01a1ng tr\u00ecnh gi\u00e1o d\u1ee5c s\u1ee9c kho\u1ebb v\u00e0 c\u00e1c ph\u00f2ng kh\u00e1m ch\u00e2n. C\u00e1c l\u1edbp t\u1eadp th\u1ec3 d\u1ee5c d\u1ef1a tr\u00ean b\u1eb1ng ch\u1ee9ng nh\u01b0 Tai Chi c\u0169ng \u0111\u01b0\u1ee3c cung c\u1ea5p.<\/p>\n<\/div><\/section>","protected":false},"excerpt":{"rendered":"","protected":false},"author":21,"featured_media":0,"parent":84,"menu_order":1,"comment_status":"closed","ping_status":"closed","template":"","meta":{"_monsterinsights_skip_tracking":false,"_monsterinsights_sitenote_active":false,"_monsterinsights_sitenote_note":"","_monsterinsights_sitenote_category":0,"footnotes":"","_links_to":"","_links_to_target":""},"class_list":["post-88","page","type-page","status-publish","hentry"],"yoast_head":"<!-- This site is optimized with the Yoast SEO plugin v27.4 - https:\/\/yoast.com\/product\/yoast-seo-wordpress\/ -->\n<title>Activities &amp; Services &#8211; Impact NW<\/title>\n<meta name=\"robots\" content=\"index, follow, max-snippet:-1, max-image-preview:large, max-video-preview:-1\" \/>\n<link rel=\"canonical\" href=\"https:\/\/impactnw.org\/vi\/programs\/seniors\/activites-services\/\" \/>\n<meta property=\"og:locale\" content=\"vi_VN\" \/>\n<meta property=\"og:type\" content=\"article\" \/>\n<meta property=\"og:title\" content=\"Activities &amp; Services &#8211; Impact NW\" \/>\n<meta property=\"og:url\" content=\"https:\/\/impactnw.org\/vi\/programs\/seniors\/activites-services\/\" \/>\n<meta property=\"og:site_name\" content=\"Impact NW\" \/>\n<meta property=\"article:publisher\" content=\"http:\/\/www.facebook.com\/ImpactNWsince1966\" \/>\n<meta property=\"article:modified_time\" content=\"2023-02-16T21:56:25+00:00\" \/>\n<meta property=\"og:image\" content=\"http:\/\/dev.impactnw.org\/wp-content\/uploads\/2011\/09\/Impact-NW-Senior-Services-Line-Dancing-Another-Look-02.22.16-29-of-51-200x300.jpg\" \/>\n<meta name=\"twitter:card\" content=\"summary_large_image\" \/>\n<meta name=\"twitter:site\" content=\"@impactnw\" \/>\n<meta name=\"twitter:label1\" content=\"\u01af\u1edbc t\u00ednh th\u1eddi gian \u0111\u1ecdc\" \/>\n\t<meta name=\"twitter:data1\" content=\"5 ph\u00fat\" \/>\n<script type=\"application\/ld+json\" class=\"yoast-schema-graph\">{\"@context\":\"https:\\\/\\\/schema.org\",\"@graph\":[{\"@type\":\"WebPage\",\"@id\":\"https:\\\/\\\/impactnw.org\\\/programs\\\/seniors\\\/activites-services\\\/\",\"url\":\"https:\\\/\\\/impactnw.org\\\/programs\\\/seniors\\\/activites-services\\\/\",\"name\":\"Activities & Services &#8211; Impact NW\",\"isPartOf\":{\"@id\":\"https:\\\/\\\/impactnw.org\\\/#website\"},\"primaryImageOfPage\":{\"@id\":\"https:\\\/\\\/impactnw.org\\\/programs\\\/seniors\\\/activites-services\\\/#primaryimage\"},\"image\":{\"@id\":\"https:\\\/\\\/impactnw.org\\\/programs\\\/seniors\\\/activites-services\\\/#primaryimage\"},\"thumbnailUrl\":\"http:\\\/\\\/dev.impactnw.org\\\/wp-content\\\/uploads\\\/2011\\\/09\\\/Impact-NW-Senior-Services-Line-Dancing-Another-Look-02.22.16-29-of-51-200x300.jpg\",\"datePublished\":\"2011-09-28T22:50:28+00:00\",\"dateModified\":\"2023-02-16T21:56:25+00:00\",\"breadcrumb\":{\"@id\":\"https:\\\/\\\/impactnw.org\\\/programs\\\/seniors\\\/activites-services\\\/#breadcrumb\"},\"inLanguage\":\"vi\",\"potentialAction\":[{\"@type\":\"ReadAction\",\"target\":[\"https:\\\/\\\/impactnw.org\\\/programs\\\/seniors\\\/activites-services\\\/\"]}]},{\"@type\":\"ImageObject\",\"inLanguage\":\"vi\",\"@id\":\"https:\\\/\\\/impactnw.org\\\/programs\\\/seniors\\\/activites-services\\\/#primaryimage\",\"url\":\"http:\\\/\\\/dev.impactnw.org\\\/wp-content\\\/uploads\\\/2011\\\/09\\\/Impact-NW-Senior-Services-Line-Dancing-Another-Look-02.22.16-29-of-51-200x300.jpg\",\"contentUrl\":\"http:\\\/\\\/dev.impactnw.org\\\/wp-content\\\/uploads\\\/2011\\\/09\\\/Impact-NW-Senior-Services-Line-Dancing-Another-Look-02.22.16-29-of-51-200x300.jpg\"},{\"@type\":\"BreadcrumbList\",\"@id\":\"https:\\\/\\\/impactnw.org\\\/programs\\\/seniors\\\/activites-services\\\/#breadcrumb\",\"itemListElement\":[{\"@type\":\"ListItem\",\"position\":1,\"name\":\"Home\",\"item\":\"https:\\\/\\\/impactnw.org\\\/home\\\/\"},{\"@type\":\"ListItem\",\"position\":2,\"name\":\"Programs\",\"item\":\"https:\\\/\\\/impactnw.org\\\/programs\\\/\"},{\"@type\":\"ListItem\",\"position\":3,\"name\":\"Seniors\",\"item\":\"https:\\\/\\\/impactnw.org\\\/programs\\\/seniors\\\/\"},{\"@type\":\"ListItem\",\"position\":4,\"name\":\"Activities &#038; Services\"}]},{\"@type\":\"WebSite\",\"@id\":\"https:\\\/\\\/impactnw.org\\\/#website\",\"url\":\"https:\\\/\\\/impactnw.org\\\/\",\"name\":\"Impact NW\",\"description\":\"Inspiring Hope. Empowering Independence.\",\"potentialAction\":[{\"@type\":\"SearchAction\",\"target\":{\"@type\":\"EntryPoint\",\"urlTemplate\":\"https:\\\/\\\/impactnw.org\\\/?s={search_term_string}\"},\"query-input\":{\"@type\":\"PropertyValueSpecification\",\"valueRequired\":true,\"valueName\":\"search_term_string\"}}],\"inLanguage\":\"vi\"}]}<\/script>\n<!-- \/ Yoast SEO plugin. -->","yoast_head_json":{"title":"Activities & Services &#8211; Impact NW","robots":{"index":"index","follow":"follow","max-snippet":"max-snippet:-1","max-image-preview":"max-image-preview:large","max-video-preview":"max-video-preview:-1"},"canonical":"https:\/\/impactnw.org\/vi\/programs\/seniors\/activites-services\/","og_locale":"vi_VN","og_type":"article","og_title":"Activities & Services &#8211; Impact NW","og_url":"https:\/\/impactnw.org\/vi\/programs\/seniors\/activites-services\/","og_site_name":"Impact NW","article_publisher":"http:\/\/www.facebook.com\/ImpactNWsince1966","article_modified_time":"2023-02-16T21:56:25+00:00","og_image":[{"url":"http:\/\/dev.impactnw.org\/wp-content\/uploads\/2011\/09\/Impact-NW-Senior-Services-Line-Dancing-Another-Look-02.22.16-29-of-51-200x300.jpg","type":"","width":"","height":""}],"twitter_card":"summary_large_image","twitter_site":"@impactnw","twitter_misc":{"\u01af\u1edbc t\u00ednh th\u1eddi gian \u0111\u1ecdc":"5 ph\u00fat"},"schema":{"@context":"https:\/\/schema.org","@graph":[{"@type":"WebPage","@id":"https:\/\/impactnw.org\/programs\/seniors\/activites-services\/","url":"https:\/\/impactnw.org\/programs\/seniors\/activites-services\/","name":"Activities & Services &#8211; Impact NW","isPartOf":{"@id":"https:\/\/impactnw.org\/#website"},"primaryImageOfPage":{"@id":"https:\/\/impactnw.org\/programs\/seniors\/activites-services\/#primaryimage"},"image":{"@id":"https:\/\/impactnw.org\/programs\/seniors\/activites-services\/#primaryimage"},"thumbnailUrl":"http:\/\/dev.impactnw.org\/wp-content\/uploads\/2011\/09\/Impact-NW-Senior-Services-Line-Dancing-Another-Look-02.22.16-29-of-51-200x300.jpg","datePublished":"2011-09-28T22:50:28+00:00","dateModified":"2023-02-16T21:56:25+00:00","breadcrumb":{"@id":"https:\/\/impactnw.org\/programs\/seniors\/activites-services\/#breadcrumb"},"inLanguage":"vi","potentialAction":[{"@type":"ReadAction","target":["https:\/\/impactnw.org\/programs\/seniors\/activites-services\/"]}]},{"@type":"ImageObject","inLanguage":"vi","@id":"https:\/\/impactnw.org\/programs\/seniors\/activites-services\/#primaryimage","url":"http:\/\/dev.impactnw.org\/wp-content\/uploads\/2011\/09\/Impact-NW-Senior-Services-Line-Dancing-Another-Look-02.22.16-29-of-51-200x300.jpg","contentUrl":"http:\/\/dev.impactnw.org\/wp-content\/uploads\/2011\/09\/Impact-NW-Senior-Services-Line-Dancing-Another-Look-02.22.16-29-of-51-200x300.jpg"},{"@type":"BreadcrumbList","@id":"https:\/\/impactnw.org\/programs\/seniors\/activites-services\/#breadcrumb","itemListElement":[{"@type":"ListItem","position":1,"name":"Home","item":"https:\/\/impactnw.org\/home\/"},{"@type":"ListItem","position":2,"name":"Programs","item":"https:\/\/impactnw.org\/programs\/"},{"@type":"ListItem","position":3,"name":"Seniors","item":"https:\/\/impactnw.org\/programs\/seniors\/"},{"@type":"ListItem","position":4,"name":"Activities &#038; Services"}]},{"@type":"WebSite","@id":"https:\/\/impactnw.org\/#website","url":"https:\/\/impactnw.org\/","name":"T\u00e1c \u0111\u1ed9ng NW","description":"Inspiring Hope. Trao quy\u1ec1n cho \u0111\u1ed9c l\u1eadp.","potentialAction":[{"@type":"SearchAction","target":{"@type":"EntryPoint","urlTemplate":"https:\/\/impactnw.org\/?s={search_term_string}"},"query-input":{"@type":"PropertyValueSpecification","valueRequired":true,"valueName":"search_term_string"}}],"inLanguage":"vi"}]}},"_links":{"self":[{"href":"https:\/\/impactnw.org\/vi\/wp-json\/wp\/v2\/pages\/88","targetHints":{"allow":["GET"]}}],"collection":[{"href":"https:\/\/impactnw.org\/vi\/wp-json\/wp\/v2\/pages"}],"about":[{"href":"https:\/\/impactnw.org\/vi\/wp-json\/wp\/v2\/types\/page"}],"author":[{"embeddable":true,"href":"https:\/\/impactnw.org\/vi\/wp-json\/wp\/v2\/users\/21"}],"replies":[{"embeddable":true,"href":"https:\/\/impactnw.org\/vi\/wp-json\/wp\/v2\/comments?post=88"}],"version-history":[{"count":0,"href":"https:\/\/impactnw.org\/vi\/wp-json\/wp\/v2\/pages\/88\/revisions"}],"up":[{"embeddable":true,"href":"https:\/\/impactnw.org\/vi\/wp-json\/wp\/v2\/pages\/84"}],"wp:attachment":[{"href":"https:\/\/impactnw.org\/vi\/wp-json\/wp\/v2\/media?parent=88"}],"curies":[{"name":"wp","href":"https:\/\/api.w.org\/{rel}","templated":true}]}}