{"id":86,"date":"2011-09-28T22:50:03","date_gmt":"2011-09-28T22:50:03","guid":{"rendered":"http:\/\/dev.impactnw.org\/wp_11_2011\/?page_id=86"},"modified":"2023-06-30T11:43:40","modified_gmt":"2023-06-30T18:43:40","slug":"guardianship-assistance-2","status":"publish","type":"page","link":"https:\/\/impactnw.org\/vi\/programs\/seniors\/guardianship-assistance-2\/","title":{"rendered":"Tr\u1ee3 c\u1ea5p Gi\u00e1m h\u1ed9 Cao ni\u00ean"},"content":{"rendered":"<section  class='av_textblock_section av-4f3ay-1f427ab928d03e3f5660882ddbf2027e'   itemscope=\"itemscope\" itemtype=\"https:\/\/schema.org\/CreativeWork\" ><div class='avia_textblock'  itemprop=\"text\" ><h1>Ch\u01b0\u01a1ng Tr\u00ecnh Tr\u1ee3 Gi\u00fap Gi\u00e1m H\u1ed9 Cao C\u1ea5p<\/h1>\n<h2>Khi d\u00e2n s\u1ed1 c\u1ee7a ch\u00fang ta l\u1ee9a tu\u1ed5i, m\u1ed9t s\u1ed1 ng\u01b0\u1eddi cao ni\u00ean ng\u00e0y c\u00e0ng g\u1eb7p r\u1ee7i ro v\u00ec h\u1ecd kh\u00f4ng c\u00f2n c\u00f3 kh\u1ea3 n\u0103ng qu\u1ea3n l\u00fd t\u00e0i ch\u00ednh c\u1ee7a h\u1ecd ho\u1eb7c t\u1ef1 quy\u1ebft \u0111\u1ecbnh.<\/h2>\n<p><img loading=\"lazy\" decoding=\"async\" class=\"alignleft wp-image-7856 size-medium\" src=\"http:\/\/dev.impactnw.org\/wp-content\/uploads\/2011\/09\/DSC_0145-300x199.jpg\" alt=\"Ng\u01b0\u1eddi cao ni\u00ean t\u1ea1i Trung t\u00e2m D\u1ecbch v\u1ee5 \u0110a v\u0103n h\u00f3a\" width=\"300\" height=\"199\" srcset=\"https:\/\/impactnw.org\/wp-content\/uploads\/2011\/09\/DSC_0145-300x199.jpg 300w, https:\/\/impactnw.org\/wp-content\/uploads\/2011\/09\/DSC_0145-768x511.jpg 768w, https:\/\/impactnw.org\/wp-content\/uploads\/2011\/09\/DSC_0145-1030x685.jpg 1030w, https:\/\/impactnw.org\/wp-content\/uploads\/2011\/09\/DSC_0145-1500x997.jpg 1500w, https:\/\/impactnw.org\/wp-content\/uploads\/2011\/09\/DSC_0145-705x469.jpg 705w, https:\/\/impactnw.org\/wp-content\/uploads\/2011\/09\/DSC_0145-450x299.jpg 450w, https:\/\/impactnw.org\/wp-content\/uploads\/2011\/09\/DSC_0145-800x532.jpg 800w\" sizes=\"auto, (max-width: 300px) 100vw, 300px\" \/><\/p>\n<p>Impact NW\u2019s Senior Guardianship Assistance Program (Senior GAP) has been serving the community by providing court appointment protection of vulnerable seniors since 2004.<\/p>\n<p>Senior GAP is staffed with nationally certified guardians who act as court appointed guardians and conservators. This program is a fee-for-service program and serves those vulnerable persons in both Washington and Multnomah counties.<\/p>\n<p>A referral is required which can come from another social service agency, a bank, a family member, or other involved person who is concerned about a senior\u2019s safety and well-being or financial exploitation.<\/p>\n<p>Senior GAP also assists in acting as Power of Attorney, Personal Representative of the Estate, Trustee of various types, and Health Care Representative. These roles are considered pre-planning tools and an individual can self-refer and Senior GAP will be happy to meet with you to discuss if this is a good option for you in planning ahead.<\/p>\n<p>To inquire about our services, please contact the Senior GAP office at: 503-294-7445.<\/p>\n<\/div><\/section>\n\n<style type=\"text\/css\" data-created_by=\"avia_inline_auto\" id=\"style-css-av-k1vazpxu-429d3fd514d975928ec148b06134c319\">\n#top .hr.hr-invisible.av-k1vazpxu-429d3fd514d975928ec148b06134c319{\nmargin-top:-5px;\nheight:1px;\n}\n<\/style>\n<div  class='hr av-k1vazpxu-429d3fd514d975928ec148b06134c319 hr-invisible  avia-builder-el-1  el_after_av_textblock  el_before_av_three_fifth'><span class='hr-inner'><span class=\"hr-inner-style\"><\/span><\/span><\/div>\n\n<style type=\"text\/css\" data-created_by=\"avia_inline_auto\" id=\"style-css-av-3opay-3112abfd417961b1bc120499cafb5a9a\">\n.flex_column.av-3opay-3112abfd417961b1bc120499cafb5a9a{\nborder-radius:0px 0px 0px 0px;\npadding:0px 0px 0px 0px;\n}\n<\/style>\n<div  class='flex_column av-3opay-3112abfd417961b1bc120499cafb5a9a av_three_fifth  avia-builder-el-2  el_after_av_hr  el_before_av_two_fifth  first flex_column_div av-zero-column-padding'     ><section  class='av_textblock_section av-cnp6-f0f993d9eaacfcb04d5379a661aedbe7'   itemscope=\"itemscope\" itemtype=\"https:\/\/schema.org\/CreativeWork\" ><div class='avia_textblock'  itemprop=\"text\" ><blockquote>\n<p>C\u00e1c Ch\u01b0\u01a1ng tr\u00ecnh D\u1ecbch v\u1ee5 C\u1ea5p cao c\u1ee7a Impact NW h\u1ed7 tr\u1ee3 s\u1ee9c kho\u1ebb v\u00e0 s\u1ef1 \u0111\u1ed9c l\u1eadp c\u1ee7a nh\u1eefng ng\u01b0\u1eddi cao ni\u00ean d\u1ec5 b\u1ecb t\u1ed5n th\u01b0\u01a1ng, gi\u00fap h\u1ecd s\u1ed1ng trong nh\u00e0 ri\u00eang, bao quanh b\u1edfi c\u00e1c c\u1ed9ng \u0111\u1ed3ng m\u00e0 h\u1ecd quen thu\u1ed9c.<\/p>\n<p>H\u00e0ng n\u0103m, GAP c\u1ea5p cao \u0111\u1ea3m b\u1ea3o s\u1ef1 \u0111\u1ed9c l\u1eadp c\u1ee7a g\u1ea7n 150 kh\u00e1ch h\u00e0ng d\u1ec5 b\u1ecb t\u1ed5n th\u01b0\u01a1ng \u0111\u1ed3ng th\u1eddi b\u1ea3o v\u1ec7 h\u1ecd kh\u1ecfi s\u1ef1 l\u1ea1m d\u1ee5ng, b\u1ecf b\u00ea ho\u1eb7c tr\u1ee5c xu\u1ea5t t\u00e0i ch\u00e1nh.<\/p>\n<\/blockquote>\n<\/div><\/section><\/div>\n\n<style type=\"text\/css\" data-created_by=\"avia_inline_auto\" id=\"style-css-av-8w4m-4c1a4ba0dae7a8382eaf2d06b7356b92\">\n.flex_column.av-8w4m-4c1a4ba0dae7a8382eaf2d06b7356b92{\nborder-radius:0px 0px 0px 0px;\npadding:0px 0px 0px 0px;\n}\n<\/style>\n<div  class='flex_column av-8w4m-4c1a4ba0dae7a8382eaf2d06b7356b92 av_two_fifth  avia-builder-el-4  el_after_av_three_fifth  el_before_av_hr  flex_column_div av-zero-column-padding'     ><style type=\"text\/css\" data-created_by=\"avia_inline_auto\" id=\"style-css-av-245ci-cbac7afc1d5266ae2da7313bfb5ae5ba\">\n.av_promobox.av-245ci-cbac7afc1d5266ae2da7313bfb5ae5ba{\ncolor:#ffffff;\nbackground:#1c3848;\n}\n<\/style>\n<div  class='av_promobox av-245ci-cbac7afc1d5266ae2da7313bfb5ae5ba avia-button-no  avia-builder-el-5  avia-builder-el-no-sibling'><div class='avia-promocontent'><\/p>\n<h3 style=\"color: #f6bb17;\">Ch\u00fang t\u00f4i c\u00f3 th\u1ec3 gi\u00fap b\u1ea1n kh\u00f4ng?<\/h3>\n<p>N\u1ebfu b\u1ea1n ho\u1eb7c ai \u0111\u00f3 b\u1ea1n bi\u1ebft l\u00e0 quan t\u00e2m \u0111\u1ebfn Ch\u01b0\u01a1ng tr\u00ecnh GAP Cao c\u1ea5p c\u1ee7a Impact NW, h\u00e3y g\u1ecdi cho ch\u00fang t\u00f4i theo s\u1ed1 (503) 294-7445. Cu\u1ed9c tr\u00f2 chuy\u1ec7n c\u1ee7a b\u1ea1n s\u1ebd ho\u00e0n to\u00e0n b\u00ed m\u1eadt v\u00e0 n\u1ebfu Impact NW kh\u00f4ng ph\u00f9 h\u1ee3p nh\u1ea5t v\u1edbi b\u1ea1n, ch\u00fang t\u00f4i s\u1ebd gi\u00fap b\u1ea1n k\u1ebft n\u1ed1i v\u1edbi c\u00e1c d\u1ecbch v\u1ee5 b\u1ea1n c\u1ea7n.<\/p>\n<\/div><\/div><\/div>\n<div  class='hr av-1dmve-a2eb3e29a47efc3d220c3ea88884fb51 hr-default  avia-builder-el-6  el_after_av_two_fifth  avia-builder-el-last'><span class='hr-inner'><span class=\"hr-inner-style\"><\/span><\/span><\/div>","protected":false},"excerpt":{"rendered":"","protected":false},"author":21,"featured_media":0,"parent":84,"menu_order":0,"comment_status":"closed","ping_status":"closed","template":"","meta":{"_monsterinsights_skip_tracking":false,"_monsterinsights_sitenote_active":false,"_monsterinsights_sitenote_note":"","_monsterinsights_sitenote_category":0,"footnotes":"","_links_to":"","_links_to_target":""},"class_list":["post-86","page","type-page","status-publish","hentry"],"yoast_head":"<!-- This site is optimized with the Yoast SEO plugin v27.3 - https:\/\/yoast.com\/product\/yoast-seo-wordpress\/ -->\n<title>Senior Guardianship Assistance &#8211; Impact NW<\/title>\n<meta name=\"robots\" content=\"index, follow, max-snippet:-1, max-image-preview:large, max-video-preview:-1\" \/>\n<link rel=\"canonical\" href=\"https:\/\/impactnw.org\/vi\/programs\/seniors\/guardianship-assistance-2\/\" \/>\n<meta property=\"og:locale\" content=\"vi_VN\" \/>\n<meta property=\"og:type\" content=\"article\" \/>\n<meta property=\"og:title\" content=\"Senior Guardianship Assistance &#8211; Impact NW\" \/>\n<meta property=\"og:url\" content=\"https:\/\/impactnw.org\/vi\/programs\/seniors\/guardianship-assistance-2\/\" \/>\n<meta property=\"og:site_name\" content=\"Impact NW\" \/>\n<meta property=\"article:publisher\" content=\"http:\/\/www.facebook.com\/ImpactNWsince1966\" \/>\n<meta property=\"article:modified_time\" content=\"2023-06-30T18:43:40+00:00\" \/>\n<meta property=\"og:image\" content=\"http:\/\/dev.impactnw.org\/wp-content\/uploads\/2011\/09\/DSC_0145-300x199.jpg\" \/>\n<meta name=\"twitter:card\" content=\"summary_large_image\" \/>\n<meta name=\"twitter:site\" content=\"@impactnw\" \/>\n<meta name=\"twitter:label1\" content=\"\u01af\u1edbc t\u00ednh th\u1eddi gian \u0111\u1ecdc\" \/>\n\t<meta name=\"twitter:data1\" content=\"2 ph\u00fat\" \/>\n<script type=\"application\/ld+json\" class=\"yoast-schema-graph\">{\"@context\":\"https:\\\/\\\/schema.org\",\"@graph\":[{\"@type\":\"WebPage\",\"@id\":\"https:\\\/\\\/impactnw.org\\\/programs\\\/seniors\\\/guardianship-assistance-2\\\/\",\"url\":\"https:\\\/\\\/impactnw.org\\\/programs\\\/seniors\\\/guardianship-assistance-2\\\/\",\"name\":\"Senior Guardianship Assistance &#8211; Impact NW\",\"isPartOf\":{\"@id\":\"https:\\\/\\\/impactnw.org\\\/#website\"},\"primaryImageOfPage\":{\"@id\":\"https:\\\/\\\/impactnw.org\\\/programs\\\/seniors\\\/guardianship-assistance-2\\\/#primaryimage\"},\"image\":{\"@id\":\"https:\\\/\\\/impactnw.org\\\/programs\\\/seniors\\\/guardianship-assistance-2\\\/#primaryimage\"},\"thumbnailUrl\":\"http:\\\/\\\/dev.impactnw.org\\\/wp-content\\\/uploads\\\/2011\\\/09\\\/DSC_0145-300x199.jpg\",\"datePublished\":\"2011-09-28T22:50:03+00:00\",\"dateModified\":\"2023-06-30T18:43:40+00:00\",\"breadcrumb\":{\"@id\":\"https:\\\/\\\/impactnw.org\\\/programs\\\/seniors\\\/guardianship-assistance-2\\\/#breadcrumb\"},\"inLanguage\":\"vi\",\"potentialAction\":[{\"@type\":\"ReadAction\",\"target\":[\"https:\\\/\\\/impactnw.org\\\/programs\\\/seniors\\\/guardianship-assistance-2\\\/\"]}]},{\"@type\":\"ImageObject\",\"inLanguage\":\"vi\",\"@id\":\"https:\\\/\\\/impactnw.org\\\/programs\\\/seniors\\\/guardianship-assistance-2\\\/#primaryimage\",\"url\":\"http:\\\/\\\/dev.impactnw.org\\\/wp-content\\\/uploads\\\/2011\\\/09\\\/DSC_0145-300x199.jpg\",\"contentUrl\":\"http:\\\/\\\/dev.impactnw.org\\\/wp-content\\\/uploads\\\/2011\\\/09\\\/DSC_0145-300x199.jpg\"},{\"@type\":\"BreadcrumbList\",\"@id\":\"https:\\\/\\\/impactnw.org\\\/programs\\\/seniors\\\/guardianship-assistance-2\\\/#breadcrumb\",\"itemListElement\":[{\"@type\":\"ListItem\",\"position\":1,\"name\":\"Home\",\"item\":\"https:\\\/\\\/impactnw.org\\\/home\\\/\"},{\"@type\":\"ListItem\",\"position\":2,\"name\":\"Programs\",\"item\":\"https:\\\/\\\/impactnw.org\\\/programs\\\/\"},{\"@type\":\"ListItem\",\"position\":3,\"name\":\"Seniors\",\"item\":\"https:\\\/\\\/impactnw.org\\\/programs\\\/seniors\\\/\"},{\"@type\":\"ListItem\",\"position\":4,\"name\":\"Senior Guardianship Assistance\"}]},{\"@type\":\"WebSite\",\"@id\":\"https:\\\/\\\/impactnw.org\\\/#website\",\"url\":\"https:\\\/\\\/impactnw.org\\\/\",\"name\":\"Impact NW\",\"description\":\"Inspiring Hope. Empowering Independence.\",\"potentialAction\":[{\"@type\":\"SearchAction\",\"target\":{\"@type\":\"EntryPoint\",\"urlTemplate\":\"https:\\\/\\\/impactnw.org\\\/?s={search_term_string}\"},\"query-input\":{\"@type\":\"PropertyValueSpecification\",\"valueRequired\":true,\"valueName\":\"search_term_string\"}}],\"inLanguage\":\"vi\"}]}<\/script>\n<!-- \/ Yoast SEO plugin. -->","yoast_head_json":{"title":"Senior Guardianship Assistance &#8211; Impact NW","robots":{"index":"index","follow":"follow","max-snippet":"max-snippet:-1","max-image-preview":"max-image-preview:large","max-video-preview":"max-video-preview:-1"},"canonical":"https:\/\/impactnw.org\/vi\/programs\/seniors\/guardianship-assistance-2\/","og_locale":"vi_VN","og_type":"article","og_title":"Senior Guardianship Assistance &#8211; Impact NW","og_url":"https:\/\/impactnw.org\/vi\/programs\/seniors\/guardianship-assistance-2\/","og_site_name":"Impact NW","article_publisher":"http:\/\/www.facebook.com\/ImpactNWsince1966","article_modified_time":"2023-06-30T18:43:40+00:00","og_image":[{"url":"http:\/\/dev.impactnw.org\/wp-content\/uploads\/2011\/09\/DSC_0145-300x199.jpg","type":"","width":"","height":""}],"twitter_card":"summary_large_image","twitter_site":"@impactnw","twitter_misc":{"\u01af\u1edbc t\u00ednh th\u1eddi gian \u0111\u1ecdc":"2 ph\u00fat"},"schema":{"@context":"https:\/\/schema.org","@graph":[{"@type":"WebPage","@id":"https:\/\/impactnw.org\/programs\/seniors\/guardianship-assistance-2\/","url":"https:\/\/impactnw.org\/programs\/seniors\/guardianship-assistance-2\/","name":"Senior Guardianship Assistance &#8211; Impact NW","isPartOf":{"@id":"https:\/\/impactnw.org\/#website"},"primaryImageOfPage":{"@id":"https:\/\/impactnw.org\/programs\/seniors\/guardianship-assistance-2\/#primaryimage"},"image":{"@id":"https:\/\/impactnw.org\/programs\/seniors\/guardianship-assistance-2\/#primaryimage"},"thumbnailUrl":"http:\/\/dev.impactnw.org\/wp-content\/uploads\/2011\/09\/DSC_0145-300x199.jpg","datePublished":"2011-09-28T22:50:03+00:00","dateModified":"2023-06-30T18:43:40+00:00","breadcrumb":{"@id":"https:\/\/impactnw.org\/programs\/seniors\/guardianship-assistance-2\/#breadcrumb"},"inLanguage":"vi","potentialAction":[{"@type":"ReadAction","target":["https:\/\/impactnw.org\/programs\/seniors\/guardianship-assistance-2\/"]}]},{"@type":"ImageObject","inLanguage":"vi","@id":"https:\/\/impactnw.org\/programs\/seniors\/guardianship-assistance-2\/#primaryimage","url":"http:\/\/dev.impactnw.org\/wp-content\/uploads\/2011\/09\/DSC_0145-300x199.jpg","contentUrl":"http:\/\/dev.impactnw.org\/wp-content\/uploads\/2011\/09\/DSC_0145-300x199.jpg"},{"@type":"BreadcrumbList","@id":"https:\/\/impactnw.org\/programs\/seniors\/guardianship-assistance-2\/#breadcrumb","itemListElement":[{"@type":"ListItem","position":1,"name":"Home","item":"https:\/\/impactnw.org\/home\/"},{"@type":"ListItem","position":2,"name":"Programs","item":"https:\/\/impactnw.org\/programs\/"},{"@type":"ListItem","position":3,"name":"Seniors","item":"https:\/\/impactnw.org\/programs\/seniors\/"},{"@type":"ListItem","position":4,"name":"Senior Guardianship Assistance"}]},{"@type":"WebSite","@id":"https:\/\/impactnw.org\/#website","url":"https:\/\/impactnw.org\/","name":"T\u00e1c \u0111\u1ed9ng NW","description":"Inspiring Hope. Trao quy\u1ec1n cho \u0111\u1ed9c l\u1eadp.","potentialAction":[{"@type":"SearchAction","target":{"@type":"EntryPoint","urlTemplate":"https:\/\/impactnw.org\/?s={search_term_string}"},"query-input":{"@type":"PropertyValueSpecification","valueRequired":true,"valueName":"search_term_string"}}],"inLanguage":"vi"}]}},"_links":{"self":[{"href":"https:\/\/impactnw.org\/vi\/wp-json\/wp\/v2\/pages\/86","targetHints":{"allow":["GET"]}}],"collection":[{"href":"https:\/\/impactnw.org\/vi\/wp-json\/wp\/v2\/pages"}],"about":[{"href":"https:\/\/impactnw.org\/vi\/wp-json\/wp\/v2\/types\/page"}],"author":[{"embeddable":true,"href":"https:\/\/impactnw.org\/vi\/wp-json\/wp\/v2\/users\/21"}],"replies":[{"embeddable":true,"href":"https:\/\/impactnw.org\/vi\/wp-json\/wp\/v2\/comments?post=86"}],"version-history":[{"count":0,"href":"https:\/\/impactnw.org\/vi\/wp-json\/wp\/v2\/pages\/86\/revisions"}],"up":[{"embeddable":true,"href":"https:\/\/impactnw.org\/vi\/wp-json\/wp\/v2\/pages\/84"}],"wp:attachment":[{"href":"https:\/\/impactnw.org\/vi\/wp-json\/wp\/v2\/media?parent=86"}],"curies":[{"name":"wp","href":"https:\/\/api.w.org\/{rel}","templated":true}]}}