{"id":75,"date":"2011-09-28T22:41:47","date_gmt":"2011-09-28T22:41:47","guid":{"rendered":"http:\/\/dev.impactnw.org\/wp_11_2011\/?page_id=75"},"modified":"2025-10-29T10:01:34","modified_gmt":"2025-10-29T17:01:34","slug":"housing-and-safety-net","status":"publish","type":"page","link":"https:\/\/impactnw.org\/vi\/programs\/housing-and-safety-net\/","title":{"rendered":"M\u1ea1ng l\u01b0\u1edbi nh\u00e0 \u1edf v\u00e0 an to\u00e0n"},"content":{"rendered":"<style type=\"text\/css\" data-created_by=\"avia_inline_auto\" id=\"style-css-av-c9sgf-b408fecf823ef8d0495263edf44f8371\">\n.flex_column.av-c9sgf-b408fecf823ef8d0495263edf44f8371{\nborder-radius:0px 0px 0px 0px;\npadding:0px 0px 0px 0px;\n}\n<\/style>\n<div  class='flex_column av-c9sgf-b408fecf823ef8d0495263edf44f8371 av_one_full  avia-builder-el-0  el_before_av_hr  avia-builder-el-first  first flex_column_div av-zero-column-padding'     ><section  class='av_textblock_section av-15wjn-25df29dd48f828575f35c93e51504ddd'   itemscope=\"itemscope\" itemtype=\"https:\/\/schema.org\/CreativeWork\" ><div class='avia_textblock'  itemprop=\"text\" ><h1>D\u1ecbch v\u1ee5 Nh\u00e0 \u1edf v\u00e0 An to\u00e0n Net<\/h1>\n<h3>High unemployment rates and drastic budget cuts to government assistance programs mean that more and more households struggle to meet their family\u2019s most basic needs: a roof over their heads, food on the table, and warmth in the winter.<\/h3>\n<\/div><\/section><\/div>\n\n<style type=\"text\/css\" data-created_by=\"avia_inline_auto\" id=\"style-css-av-b8gmn-2ba6f0ce35f678ee7bceb77d0baad182\">\n#top .hr.hr-invisible.av-b8gmn-2ba6f0ce35f678ee7bceb77d0baad182{\nheight:1px;\n}\n<\/style>\n<div  class='hr av-b8gmn-2ba6f0ce35f678ee7bceb77d0baad182 hr-invisible  avia-builder-el-2  el_after_av_one_full  el_before_av_one_third'><span class='hr-inner'><span class=\"hr-inner-style\"><\/span><\/span><\/div>\n\n<style type=\"text\/css\" data-created_by=\"avia_inline_auto\" id=\"style-css-av-a7nxr-68456ade38704b8884c0223629827a15\">\n.flex_column.av-a7nxr-68456ade38704b8884c0223629827a15{\nborder-radius:0px 0px 0px 0px;\npadding:0px 0px 0px 0px;\n}\n<\/style>\n<div  class='flex_column av-a7nxr-68456ade38704b8884c0223629827a15 av_one_third  avia-builder-el-3  el_after_av_hr  el_before_av_one_third  first flex_column_div av-zero-column-padding'     ><style type=\"text\/css\" data-created_by=\"avia_inline_auto\" id=\"style-css-av-a0kzz-cf010b97a362e1f021a7ed952c12c4e5\">\n.avia-animated-number.av-a0kzz-cf010b97a362e1f021a7ed952c12c4e5 .avia-animated-number-icon.avia-svg-icon svg:first-child{\nfill:#1c3848;\nstroke:#1c3848;\n}\n#top .avia-animated-number.av-a0kzz-cf010b97a362e1f021a7ed952c12c4e5 .avia-animated-number-title{\ncolor:#1c3848;\n}\n<\/style>\n<div  class=\"avia-animated-number av-a0kzz-cf010b97a362e1f021a7ed952c12c4e5 av-force-default-color avia_animate_when_visible  avia-builder-el-4  avia-builder-el-no-sibling  avia-color-font-custom\" data-timer=\"3000\"><strong class=\"heading avia-animated-number-title\"><span class='avia-animated-number-icon av-icon-before-number av-icon-char avia-iconfont avia-font-entypo-fontello' data-av_icon='\ue821' data-av_iconfont='entypo-fontello' ><\/span><span class=\"avia-single-number __av-single-number\" data-number_format=\"\" data-number=\"15\" data-start_from=\"0\">15<\/span><span class=\"avia-no-number\">,<\/span><span class=\"avia-single-number __av-single-number\" data-number_format=\"\" data-number=\"000\" data-start_from=\"0\">000<\/span><\/strong><div class=\"avia-animated-number-content\"><p>h\u1ed9 gia \u0111\u00ecnh h\u00e0ng n\u0103m \u0111\u01b0\u1ee3c h\u1ed7 tr\u1ee3 v\u1eadn \u0111\u1ed9ng, h\u1ed7 tr\u1ee3 ph\u1ee5c h\u1ed3i, ch\u0103m s\u00f3c s\u1ee9c kho\u1ebb, h\u1ed7 tr\u1ee3 ti\u1ec7n \u00edch v\u00e0 d\u1ecbch v\u1ee5 nh\u00e0 \u1edf.<\/p>\n<\/div><\/div><\/div>\n\n<style type=\"text\/css\" data-created_by=\"avia_inline_auto\" id=\"style-css-av-9is0z-15be3099f1506b16e4a5de260c22c9c2\">\n.flex_column.av-9is0z-15be3099f1506b16e4a5de260c22c9c2{\nborder-radius:0px 0px 0px 0px;\npadding:0px 0px 0px 0px;\n}\n<\/style>\n<div  class='flex_column av-9is0z-15be3099f1506b16e4a5de260c22c9c2 av_one_third  avia-builder-el-5  el_after_av_one_third  el_before_av_one_third  flex_column_div av-zero-column-padding'     ><style type=\"text\/css\" data-created_by=\"avia_inline_auto\" id=\"style-css-av-8svb7-8f7d78ce85d41cc657552bd24535d64c\">\n.avia-animated-number.av-8svb7-8f7d78ce85d41cc657552bd24535d64c .avia-animated-number-icon.avia-svg-icon svg:first-child{\nfill:#1c3848;\nstroke:#1c3848;\n}\n#top .avia-animated-number.av-8svb7-8f7d78ce85d41cc657552bd24535d64c .avia-animated-number-title{\ncolor:#1c3848;\n}\n<\/style>\n<div  class=\"avia-animated-number av-8svb7-8f7d78ce85d41cc657552bd24535d64c av-force-default-color avia_animate_when_visible  avia-builder-el-6  avia-builder-el-no-sibling  avia-color-font-custom\" data-timer=\"3000\"><strong class=\"heading avia-animated-number-title\"><span class='avia-animated-number-icon av-icon-before-number av-icon-char avia-iconfont avia-font-entypo-fontello' data-av_icon='\ue80b' data-av_iconfont='entypo-fontello' ><\/span><span class=\"avia-single-number __av-single-number\" data-number_format=\"\" data-number=\"71\" data-start_from=\"0\">71<\/span><span class=\"avia-no-number\">.<\/span><span class=\"avia-single-number __av-single-number\" data-number_format=\"\" data-number=\"8\" data-start_from=\"0\">8<\/span><span class=\"avia-no-number\">%<\/span><\/strong><div class=\"avia-animated-number-content\"><p>c\u1ee7a kh\u00e1ch h\u00e0ng b\u00e1o c\u00e1o nh\u00e0 \u1edf \u1ed5n \u0111\u1ecbnh c\u1ee7a ri\u00eang m\u00ecnh sau 6 th\u00e1ng.<\/p>\n<\/div><\/div><\/div>\n\n<style type=\"text\/css\" data-created_by=\"avia_inline_auto\" id=\"style-css-av-7yjvj-ad77919dcf43fd1ba628c466ce0fbde5\">\n.flex_column.av-7yjvj-ad77919dcf43fd1ba628c466ce0fbde5{\nborder-radius:0px 0px 0px 0px;\npadding:0px 0px 0px 0px;\n}\n<\/style>\n<div  class='flex_column av-7yjvj-ad77919dcf43fd1ba628c466ce0fbde5 av_one_third  avia-builder-el-7  el_after_av_one_third  el_before_av_hr  flex_column_div av-zero-column-padding'     ><style type=\"text\/css\" data-created_by=\"avia_inline_auto\" id=\"style-css-av-7axn7-6922740043880f223d45dd0fda3cb14c\">\n.avia-animated-number.av-7axn7-6922740043880f223d45dd0fda3cb14c .avia-animated-number-icon.avia-svg-icon svg:first-child{\nfill:#1c3848;\nstroke:#1c3848;\n}\n#top .avia-animated-number.av-7axn7-6922740043880f223d45dd0fda3cb14c .avia-animated-number-title{\ncolor:#1c3848;\n}\n<\/style>\n<div  class=\"avia-animated-number av-7axn7-6922740043880f223d45dd0fda3cb14c av-force-default-color avia_animate_when_visible  avia-builder-el-8  avia-builder-el-no-sibling  avia-color-font-custom\" data-timer=\"3000\"><strong class=\"heading avia-animated-number-title\"><span class='avia-animated-number-icon av-icon-before-number av-icon-char avia-iconfont avia-font-entypo-fontello' data-av_icon='\ue83c' data-av_iconfont='entypo-fontello' ><\/span><span class=\"avia-single-number __av-single-number\" data-number_format=\"\" data-number=\"98\" data-start_from=\"0\">98<\/span><span class=\"avia-no-number\">.<\/span><span class=\"avia-single-number __av-single-number\" data-number_format=\"\" data-number=\"6\" data-start_from=\"0\">6<\/span><span class=\"avia-no-number\">%<\/span><\/strong><div class=\"avia-animated-number-content\"><p>kh\u00e1ch h\u00e0ng b\u00e1o c\u00e1o k\u1ebft n\u1ed1i x\u00e3 h\u1ed9i m\u1ea1nh m\u1ebd v\u1edbi c\u1ed9ng \u0111\u1ed3ng c\u1ee7a h\u1ecd sau 6 th\u00e1ng.<\/p>\n<\/div><\/div><\/div>\n<div  class='hr av-6ncsv-44f34c41ea78d60bb8f472f683b75aad hr-default  avia-builder-el-9  el_after_av_one_third  el_before_av_one_full'><span class='hr-inner'><span class=\"hr-inner-style\"><\/span><\/span><\/div>\n\n<style type=\"text\/css\" data-created_by=\"avia_inline_auto\" id=\"style-css-av-62lt7-b3f0e0de87b7e1e1e458f56fa41e2635\">\n.flex_column.av-62lt7-b3f0e0de87b7e1e1e458f56fa41e2635{\nborder-radius:0px 0px 0px 0px;\npadding:0px 0px 0px 0px;\n}\n<\/style>\n<div  class='flex_column av-62lt7-b3f0e0de87b7e1e1e458f56fa41e2635 av_one_full  avia-builder-el-10  el_after_av_hr  el_before_av_hr  first flex_column_div av-zero-column-padding'     ><section  class='av_textblock_section av-5o11j-3b68755ff6d7fbcdf089ba9a8e96874c'   itemscope=\"itemscope\" itemtype=\"https:\/\/schema.org\/CreativeWork\" ><div class='avia_textblock'  itemprop=\"text\" ><p>T\u00e1c \u0111\u1ed9ng NW cung c\u1ea5p m\u1ea1ng l\u01b0\u1edbi an to\u00e0n cho c\u00e1c gia \u0111\u00ecnh trong t\u00ecnh tr\u1ea1ng kh\u1ee7ng ho\u1ea3ng, v\u1edbi c\u00e1c d\u1ecbch v\u1ee5 k\u1ebft n\u1ed1i ch\u00fang v\u1edbi h\u1ed7 tr\u1ee3 nh\u00e0 \u1edf v\u00e0 n\u0103ng l\u01b0\u1ee3ng trong khi h\u1ed7 tr\u1ee3 h\u1ecd khi h\u1ecd ti\u1ebfn t\u1edbi \u0111\u1ed9c l\u1eadp.<\/p>\n<h3>Ch\u01b0\u01a1ng tr\u00ecnh Net &amp; Nh\u00e0 \u1edf An to\u00e0n c\u1ee7a ch\u00fang t\u00f4i:<\/h3>\n<p><a href=\"https:\/\/impactnw.org\/programs\/housing-and-safety-net\/energy-assistance\/\">Tr\u1ee3 gi\u00fap N\u0103ng l\u01b0\u1ee3ng<\/a><br \/>\n<a href=\"https:\/\/impactnw.org\/programs\/housing-and-safety-net\/housing-rent-assistance\/\">H\u1ed7 tr\u1ee3 nh\u00e0 \u1edf v\u00e0 thu\u00ea nh\u00e0<\/a><\/p>\n<h3>Li\u00ean k\u1ebft DHS c\u1ee7a Oregon:<\/h3>\n<p><a href=\"http:\/\/www.oregon.gov\/DHS\/ASSISTANCE\/FOOD-BENEFITS\/pages\/index.aspx\" target=\"_blank\" rel=\"noopener\">Ch\u01b0\u01a1ng tr\u00ecnh H\u1ed7 tr\u1ee3 Dinh d\u01b0\u1ee1ng B\u1ed5 sung (SNAP)<\/a><br \/>\n<a href=\"http:\/\/www.oregon.gov\/DHS\/ASSISTANCE\/CASH\/Pages\/index.aspx\" target=\"_blank\" rel=\"noopener\">H\u1ed7 tr\u1ee3 T\u1ea1m th\u1eddi cho c\u00e1c Gia \u0111\u00ecnh Ngh\u00e8o (TANF)<\/a><\/p>\n<\/div><\/section><\/div><div  class='hr av-440lv-b21f01867724f59e8f7fc5fedd97ed5e hr-default  avia-builder-el-12  el_after_av_one_full  el_before_av_textblock'><span class='hr-inner'><span class=\"hr-inner-style\"><\/span><\/span><\/div><\/p>\n<section  class='av_textblock_section av-35yu3-eb752d95348026c88a18b58dc2052f7d'   itemscope=\"itemscope\" itemtype=\"https:\/\/schema.org\/CreativeWork\" ><div class='avia_textblock'  itemprop=\"text\" ><h3><img loading=\"lazy\" decoding=\"async\" class=\"alignright wp-image-7454\" src=\"https:\/\/impactnw.org\/wp-content\/uploads\/2011\/09\/Impact-NW-Portland-Another-Look-04.21.16-105-1030x688.jpg\" alt=\"Richmond Place Housing Mom &amp; child hugging\" width=\"300\" height=\"200\" srcset=\"https:\/\/impactnw.org\/wp-content\/uploads\/2011\/09\/Impact-NW-Portland-Another-Look-04.21.16-105-1030x688.jpg 1030w, https:\/\/impactnw.org\/wp-content\/uploads\/2011\/09\/Impact-NW-Portland-Another-Look-04.21.16-105-300x200.jpg 300w, https:\/\/impactnw.org\/wp-content\/uploads\/2011\/09\/Impact-NW-Portland-Another-Look-04.21.16-105-768x513.jpg 768w, https:\/\/impactnw.org\/wp-content\/uploads\/2011\/09\/Impact-NW-Portland-Another-Look-04.21.16-105-1500x1001.jpg 1500w, https:\/\/impactnw.org\/wp-content\/uploads\/2011\/09\/Impact-NW-Portland-Another-Look-04.21.16-105-705x471.jpg 705w, https:\/\/impactnw.org\/wp-content\/uploads\/2011\/09\/Impact-NW-Portland-Another-Look-04.21.16-105-450x300.jpg 450w, https:\/\/impactnw.org\/wp-content\/uploads\/2011\/09\/Impact-NW-Portland-Another-Look-04.21.16-105-800x534.jpg 800w\" sizes=\"auto, (max-width: 300px) 100vw, 300px\" \/>Ch\u00fang t\u00f4i tin t\u01b0\u1edfng v\u00e0o vi\u1ec7c t\u1ea1o ra c\u00e1c c\u01a1 h\u1ed9i v\u00e0 cung c\u1ea5p c\u00e1c l\u1ef1a ch\u1ecdn cho kh\u00e1ch h\u00e0ng c\u1ee7a ch\u00fang t\u00f4i. C\u00e1c d\u1ecbch v\u1ee5 c\u1ee7a ch\u00fang t\u00f4i \u0111i\u1ec1u ch\u1ec9nh c\u00e1c ch\u01b0\u01a1ng tr\u00ecnh cho c\u00e1c c\u00e1 nh\u00e2n v\u00e0 gia \u0111\u00ecnh, gi\u1ea3i quy\u1ebft nhi\u1ec1u y\u1ebfu t\u1ed1 li\u00ean quan \u0111\u1ebfn n\u1ea1n v\u00f4 gia c\u01b0 v\u00e0 ngh\u00e8o \u0111\u00f3i.<\/h3>\n<p>C\u00e1c ch\u01b0\u01a1ng tr\u00ecnh Nh\u00e0 \u1edf v\u00e0 An to\u00e0n c\u1ee7a Impact NW k\u1ebft n\u1ed1i c\u00e1c gia \u0111\u00ecnh v\u1edbi c\u00e1c ngu\u1ed3n l\u1ef1c gi\u00fap h\u1ecd \u0111\u1ea1t \u0111\u01b0\u1ee3c s\u1ef1 t\u1ef1 cung t\u1ef1 c\u1ea5p. Nh\u00e2n vi\u00ean c\u1ee7a ch\u00fang t\u00f4i \u0111\u00e1nh gi\u00e1 nhu c\u1ea7u c\u1ee7a m\u1ed7i gia \u0111\u00ecnh v\u00e0 gi\u00fap h\u1ecd \u00e1p d\u1ee5ng cho c\u00e1c ch\u01b0\u01a1ng tr\u00ecnh ph\u00fac l\u1ee3i nh\u01b0 &quot;<a href=\"http:\/\/www.oregon.gov\/DHS\/ASSISTANCE\/FOOD-BENEFITS\/pages\/index.aspx\" target=\"_blank\" rel=\"noopener\">SNAP<\/a>&quot; (Ch\u01b0\u01a1ng tr\u00ecnh H\u1ed7 tr\u1ee3 Dinh d\u01b0\u1ee1ng B\u1ed5 sung), &quot;<a href=\"http:\/\/www.oregon.gov\/DHS\/ASSISTANCE\/CASH\/Pages\/index.aspx\" target=\"_blank\" rel=\"noopener\">TANF<\/a>&quot;(H\u1ed7 tr\u1ee3 T\u1ea1m th\u1eddi cho Gia \u0111\u00ecnh Ngh\u00e8o), v\u00e0&quot;<a href=\"http:\/\/www.oregon.gov\/ohcs\/Pages\/low-income-energy-assistance-oregon.aspx\" target=\"_blank\" rel=\"noopener\">LIHEAP<\/a>&quot;(Ch\u01b0\u01a1ng tr\u00ecnh H\u1ed7 tr\u1ee3 N\u0103ng l\u01b0\u1ee3ng Gia \u0111\u00ecnh Thu nh\u1eadp Th\u1ea5p).<\/p>\n<p>C\u00e1c ch\u01b0\u01a1ng tr\u00ecnh c\u1ee7a C\u00e1c ch\u01b0\u01a1ng tr\u00ecnh T\u00e1c \u0111\u1ed9ng To\u00e0n di\u1ec7n \u0111\u01b0a ra m\u1ed9t c\u00e1i nh\u00ecn to\u00e0n di\u1ec7n v\u1ec1 ngh\u00e8o \u0111\u00f3i. Ch\u00fang ta bi\u1ebft r\u1eb1ng tr\u1eeb khi m\u1ed9t gia \u0111\u00ecnh c\u00f3 nhu c\u1ea7u c\u01a1 b\u1ea3n c\u1ee7a h\u1ecd g\u1eb7p, b\u1ea3o \u0111\u1ea3m vi\u1ec7c l\u00e0m v\u00e0 nh\u00e0 \u1edf v\u0129nh vi\u1ec5n c\u00f3 th\u1ec3 l\u00e0 m\u1ed9t vi\u1ec5n c\u1ea3nh kh\u00f3 kh\u0103n. \u0110\u00f3 l\u00e0 l\u00fd do t\u1ea1i sao ch\u00fang t\u00f4i l\u00e0m vi\u1ec7c v\u1edbi m\u1ed7i gia \u0111\u00ecnh \u0111\u1ec3 ph\u00e1t tri\u1ec3n c\u00e1c k\u1ebf ho\u1ea1ch h\u00e0nh \u0111\u1ed9ng c\u00e1 nh\u00e2n \u0111\u1ec3 c\u00f3 \u0111\u01b0\u1ee3c s\u1ef1 \u0111\u1ed9c l\u1eadp v\u1ec1 t\u00e0i ch\u00ednh v\u00e0 cung c\u1ea5p nh\u1eefng c\u00f4ng c\u1ee5 h\u1ecd c\u1ea7n \u0111\u1ec3 ho\u00e0n th\u00e0nh k\u1ebf ho\u1ea1ch n\u00e0y v\u00e0 \u0111\u1ea3m b\u1ea3o m\u1ed9t t\u01b0\u01a1ng lai t\u01b0\u01a1i s\u00e1ng h\u01a1n cho b\u1ea3n th\u00e2n v\u00e0 con c\u1ee7a h\u1ecd.<\/p>\n<\/div><\/section>\n<div  class='hr av-2ohz7-f212c0cada00e3eb258a7bc726128136 hr-default  avia-builder-el-14  el_after_av_textblock  el_before_av_textblock'><span class='hr-inner'><span class=\"hr-inner-style\"><\/span><\/span><\/div>\n<section  class='av_textblock_section av-1ujw3-f32f4649e82fd30f293c94055c2690f0'   itemscope=\"itemscope\" itemtype=\"https:\/\/schema.org\/CreativeWork\" ><div class='avia_textblock'  itemprop=\"text\" ><h2>D\u1ecbch v\u1ee5 H\u1ed7 tr\u1ee3 Kh\u00e1ch h\u00e0ng<\/h2>\n<h3>Nh\u1eefng ng\u01b0\u1eddi s\u1ed1ng trong ngh\u00e8o \u0111\u00f3i ph\u1ea3i \u0111\u1ed1i m\u1eb7t v\u1edbi m\u1ed9t lo\u1ea1t nh\u1eefng tr\u1edf ng\u1ea1i cho s\u1ee9c kho\u1ebb, h\u1ea1nh ph\u00fac v\u00e0 t\u1ef1 cung t\u1ef1 c\u1ea5p.<\/h3>\n<p>Bi\u1ebft r\u1eb1ng ch\u00fang t\u00f4i kh\u00f4ng th\u1ec3 \u0111\u00e1p \u1ee9ng \u0111\u01b0\u1ee3c t\u1ea5t c\u1ea3 nhu c\u1ea7u c\u1ee7a kh\u00e1ch h\u00e0ng, Impact NW k\u1ebft n\u1ed1i c\u00e1c gia \u0111\u00ecnh v\u00e0 c\u00e1 nh\u00e2n m\u00e0 ch\u00fang t\u00f4i l\u00e0m vi\u1ec7c v\u1edbi m\u1ed9t lo\u1ea1t c\u00e1c ngu\u1ed3n l\u1ef1c v\u00e0 d\u1ecbch v\u1ee5 trong to\u00e0n bang. Nh\u00e2n vi\u00ean c\u1ee7a ch\u00fang t\u00f4i gi\u00fap c\u00e1c kh\u00e1ch h\u00e0ng c\u1ee7a Impact NW \u00e1p d\u1ee5ng v\u00e0 tham gia v\u00e0o c\u00e1c ch\u01b0\u01a1ng tr\u00ecnh sau \u0111\u00e2y do c\u00e1c \u0111\u1ed1i t\u00e1c c\u1ed9ng \u0111\u1ed3ng c\u00f3 gi\u00e1 tr\u1ecb c\u1ee7a ch\u00fang t\u00f4i th\u1ef1c hi\u1ec7n.<\/p>\n<ul>\n<li>H\u00e0nh \u0111\u1ed9ng v\u00ec S\u1ef1 th\u1ecbnh v\u01b0\u1ee3ng, cung c\u1ea5p \u1ed5n \u0111\u1ecbnh nh\u00e0 \u1edf, \u0111\u00e0o t\u1ea1o ngu\u1ed3n nh\u00e2n l\u1ef1c v\u00e0 vi\u1ec7c l\u00e0m.<\/li>\n<li>C\u00e1c <a href=\"http:\/\/www.oregon.gov\/DHS\/assistance\/foodstamps\/foodstamps.shtml\" target=\"_blank\" rel=\"noopener\">Ch\u01b0\u01a1ng tr\u00ecnh H\u1ed7 tr\u1ee3 Dinh d\u01b0\u1ee1ng B\u1ed5 sung<\/a> (SNAP) cung c\u1ea5p tr\u1ee3 c\u1ea5p phi\u1ebfu th\u1ef1c ph\u1ea9m cho c\u00e1c h\u1ed9 gia \u0111\u00ecnh c\u00f3 thu nh\u1eadp th\u1ea5p.<\/li>\n<\/ul>\n<\/div><\/section>\n<div  class='hr av-62nj-22921276430f30d30237538782d7d5e2 hr-default  avia-builder-el-16  el_after_av_textblock  el_before_av_textblock'><span class='hr-inner'><span class=\"hr-inner-style\"><\/span><\/span><\/div>\n<section  class='av_textblock_section av-14ie3-6a9c1d10e3efcc1108a1b9a18758d987'   itemscope=\"itemscope\" itemtype=\"https:\/\/schema.org\/CreativeWork\" ><div class='avia_textblock'  itemprop=\"text\" ><h3>C\u00e2u chuy\u1ec7n c\u1ee7a Dennis<\/h3>\n<p>Dennis lost everything he cared about after descending into addiction, including custody of his daughter. Thanks to Impact NW\u2019s Housing &amp; Safety Net Services programs Dennis is sober, has secured permanent housing, and is regaining custody of his little girl.<\/p>\n<p><em>\u201cThere was no other place that could help me. Then I found Impact NW and they gave me a chance. With all the support I\u2019ve received I\u2019m in a real good place.\u201d<\/em><\/p>\n<\/div><\/section>","protected":false},"excerpt":{"rendered":"","protected":false},"author":21,"featured_media":0,"parent":8,"menu_order":4,"comment_status":"closed","ping_status":"closed","template":"","meta":{"_monsterinsights_skip_tracking":false,"_monsterinsights_sitenote_active":false,"_monsterinsights_sitenote_note":"","_monsterinsights_sitenote_category":0,"footnotes":"","_links_to":"","_links_to_target":""},"class_list":["post-75","page","type-page","status-publish","hentry"],"yoast_head":"<!-- This site is optimized with the Yoast SEO plugin v27.3 - https:\/\/yoast.com\/product\/yoast-seo-wordpress\/ -->\n<title>Housing &amp; Safety Net &#8211; Impact NW<\/title>\n<meta name=\"description\" content=\"Impact NW provides Housing and Safety Net Services in Portland to thousands of individuals and families who are vulnerable to homelessness.\" \/>\n<meta name=\"robots\" content=\"index, follow, max-snippet:-1, max-image-preview:large, max-video-preview:-1\" \/>\n<link rel=\"canonical\" href=\"https:\/\/impactnw.org\/vi\/programs\/housing-and-safety-net\/\" \/>\n<meta property=\"og:locale\" content=\"vi_VN\" \/>\n<meta property=\"og:type\" content=\"article\" \/>\n<meta property=\"og:title\" content=\"Housing &amp; Safety Net &#8211; Impact NW\" \/>\n<meta property=\"og:description\" content=\"Impact NW provides Housing and Safety Net Services in Portland to thousands of individuals and families who are vulnerable to homelessness.\" \/>\n<meta property=\"og:url\" content=\"https:\/\/impactnw.org\/vi\/programs\/housing-and-safety-net\/\" \/>\n<meta property=\"og:site_name\" content=\"Impact NW\" \/>\n<meta property=\"article:publisher\" content=\"http:\/\/www.facebook.com\/ImpactNWsince1966\" \/>\n<meta property=\"article:modified_time\" content=\"2025-10-29T17:01:34+00:00\" \/>\n<meta property=\"og:image\" content=\"https:\/\/impactnw.org\/wp-content\/uploads\/2011\/09\/Impact-NW-Portland-Another-Look-04.21.16-105-1030x688.jpg\" \/>\n\t<meta property=\"og:image:width\" content=\"1030\" \/>\n\t<meta property=\"og:image:height\" content=\"688\" \/>\n\t<meta property=\"og:image:type\" content=\"image\/jpeg\" \/>\n<meta name=\"twitter:card\" content=\"summary_large_image\" \/>\n<meta name=\"twitter:site\" content=\"@impactnw\" \/>\n<meta name=\"twitter:label1\" content=\"\u01af\u1edbc t\u00ednh th\u1eddi gian \u0111\u1ecdc\" \/>\n\t<meta name=\"twitter:data1\" content=\"3 ph\u00fat\" \/>\n<script type=\"application\/ld+json\" class=\"yoast-schema-graph\">{\"@context\":\"https:\\\/\\\/schema.org\",\"@graph\":[{\"@type\":\"WebPage\",\"@id\":\"https:\\\/\\\/impactnw.org\\\/programs\\\/housing-and-safety-net\\\/\",\"url\":\"https:\\\/\\\/impactnw.org\\\/programs\\\/housing-and-safety-net\\\/\",\"name\":\"Housing & Safety Net &#8211; Impact NW\",\"isPartOf\":{\"@id\":\"https:\\\/\\\/impactnw.org\\\/#website\"},\"primaryImageOfPage\":{\"@id\":\"https:\\\/\\\/impactnw.org\\\/programs\\\/housing-and-safety-net\\\/#primaryimage\"},\"image\":{\"@id\":\"https:\\\/\\\/impactnw.org\\\/programs\\\/housing-and-safety-net\\\/#primaryimage\"},\"thumbnailUrl\":\"https:\\\/\\\/impactnw.org\\\/wp-content\\\/uploads\\\/2011\\\/09\\\/Impact-NW-Portland-Another-Look-04.21.16-105-1030x688.jpg\",\"datePublished\":\"2011-09-28T22:41:47+00:00\",\"dateModified\":\"2025-10-29T17:01:34+00:00\",\"description\":\"Impact NW provides Housing and Safety Net Services in Portland to thousands of individuals and families who are vulnerable to homelessness.\",\"breadcrumb\":{\"@id\":\"https:\\\/\\\/impactnw.org\\\/programs\\\/housing-and-safety-net\\\/#breadcrumb\"},\"inLanguage\":\"vi\",\"potentialAction\":[{\"@type\":\"ReadAction\",\"target\":[\"https:\\\/\\\/impactnw.org\\\/programs\\\/housing-and-safety-net\\\/\"]}]},{\"@type\":\"ImageObject\",\"inLanguage\":\"vi\",\"@id\":\"https:\\\/\\\/impactnw.org\\\/programs\\\/housing-and-safety-net\\\/#primaryimage\",\"url\":\"https:\\\/\\\/impactnw.org\\\/wp-content\\\/uploads\\\/2011\\\/09\\\/Impact-NW-Portland-Another-Look-04.21.16-105-1030x688.jpg\",\"contentUrl\":\"https:\\\/\\\/impactnw.org\\\/wp-content\\\/uploads\\\/2011\\\/09\\\/Impact-NW-Portland-Another-Look-04.21.16-105-1030x688.jpg\"},{\"@type\":\"BreadcrumbList\",\"@id\":\"https:\\\/\\\/impactnw.org\\\/programs\\\/housing-and-safety-net\\\/#breadcrumb\",\"itemListElement\":[{\"@type\":\"ListItem\",\"position\":1,\"name\":\"Home\",\"item\":\"https:\\\/\\\/impactnw.org\\\/home\\\/\"},{\"@type\":\"ListItem\",\"position\":2,\"name\":\"Programs\",\"item\":\"https:\\\/\\\/impactnw.org\\\/programs\\\/\"},{\"@type\":\"ListItem\",\"position\":3,\"name\":\"Housing &#038; Safety Net\"}]},{\"@type\":\"WebSite\",\"@id\":\"https:\\\/\\\/impactnw.org\\\/#website\",\"url\":\"https:\\\/\\\/impactnw.org\\\/\",\"name\":\"Impact NW\",\"description\":\"Inspiring Hope. Empowering Independence.\",\"potentialAction\":[{\"@type\":\"SearchAction\",\"target\":{\"@type\":\"EntryPoint\",\"urlTemplate\":\"https:\\\/\\\/impactnw.org\\\/?s={search_term_string}\"},\"query-input\":{\"@type\":\"PropertyValueSpecification\",\"valueRequired\":true,\"valueName\":\"search_term_string\"}}],\"inLanguage\":\"vi\"}]}<\/script>\n<!-- \/ Yoast SEO plugin. -->","yoast_head_json":{"title":"Housing & Safety Net &#8211; Impact NW","description":"Impact NW provides Housing and Safety Net Services in Portland to thousands of individuals and families who are vulnerable to homelessness.","robots":{"index":"index","follow":"follow","max-snippet":"max-snippet:-1","max-image-preview":"max-image-preview:large","max-video-preview":"max-video-preview:-1"},"canonical":"https:\/\/impactnw.org\/vi\/programs\/housing-and-safety-net\/","og_locale":"vi_VN","og_type":"article","og_title":"Housing & Safety Net &#8211; Impact NW","og_description":"Impact NW provides Housing and Safety Net Services in Portland to thousands of individuals and families who are vulnerable to homelessness.","og_url":"https:\/\/impactnw.org\/vi\/programs\/housing-and-safety-net\/","og_site_name":"Impact NW","article_publisher":"http:\/\/www.facebook.com\/ImpactNWsince1966","article_modified_time":"2025-10-29T17:01:34+00:00","og_image":[{"width":1030,"height":688,"url":"https:\/\/impactnw.org\/wp-content\/uploads\/2011\/09\/Impact-NW-Portland-Another-Look-04.21.16-105-1030x688.jpg","type":"image\/jpeg"}],"twitter_card":"summary_large_image","twitter_site":"@impactnw","twitter_misc":{"\u01af\u1edbc t\u00ednh th\u1eddi gian \u0111\u1ecdc":"3 ph\u00fat"},"schema":{"@context":"https:\/\/schema.org","@graph":[{"@type":"WebPage","@id":"https:\/\/impactnw.org\/programs\/housing-and-safety-net\/","url":"https:\/\/impactnw.org\/programs\/housing-and-safety-net\/","name":"Housing & Safety Net &#8211; Impact NW","isPartOf":{"@id":"https:\/\/impactnw.org\/#website"},"primaryImageOfPage":{"@id":"https:\/\/impactnw.org\/programs\/housing-and-safety-net\/#primaryimage"},"image":{"@id":"https:\/\/impactnw.org\/programs\/housing-and-safety-net\/#primaryimage"},"thumbnailUrl":"https:\/\/impactnw.org\/wp-content\/uploads\/2011\/09\/Impact-NW-Portland-Another-Look-04.21.16-105-1030x688.jpg","datePublished":"2011-09-28T22:41:47+00:00","dateModified":"2025-10-29T17:01:34+00:00","description":"Impact NW provides Housing and Safety Net Services in Portland to thousands of individuals and families who are vulnerable to homelessness.","breadcrumb":{"@id":"https:\/\/impactnw.org\/programs\/housing-and-safety-net\/#breadcrumb"},"inLanguage":"vi","potentialAction":[{"@type":"ReadAction","target":["https:\/\/impactnw.org\/programs\/housing-and-safety-net\/"]}]},{"@type":"ImageObject","inLanguage":"vi","@id":"https:\/\/impactnw.org\/programs\/housing-and-safety-net\/#primaryimage","url":"https:\/\/impactnw.org\/wp-content\/uploads\/2011\/09\/Impact-NW-Portland-Another-Look-04.21.16-105-1030x688.jpg","contentUrl":"https:\/\/impactnw.org\/wp-content\/uploads\/2011\/09\/Impact-NW-Portland-Another-Look-04.21.16-105-1030x688.jpg"},{"@type":"BreadcrumbList","@id":"https:\/\/impactnw.org\/programs\/housing-and-safety-net\/#breadcrumb","itemListElement":[{"@type":"ListItem","position":1,"name":"Home","item":"https:\/\/impactnw.org\/home\/"},{"@type":"ListItem","position":2,"name":"Programs","item":"https:\/\/impactnw.org\/programs\/"},{"@type":"ListItem","position":3,"name":"Housing &#038; Safety Net"}]},{"@type":"WebSite","@id":"https:\/\/impactnw.org\/#website","url":"https:\/\/impactnw.org\/","name":"T\u00e1c \u0111\u1ed9ng NW","description":"Inspiring Hope. Trao quy\u1ec1n cho \u0111\u1ed9c l\u1eadp.","potentialAction":[{"@type":"SearchAction","target":{"@type":"EntryPoint","urlTemplate":"https:\/\/impactnw.org\/?s={search_term_string}"},"query-input":{"@type":"PropertyValueSpecification","valueRequired":true,"valueName":"search_term_string"}}],"inLanguage":"vi"}]}},"_links":{"self":[{"href":"https:\/\/impactnw.org\/vi\/wp-json\/wp\/v2\/pages\/75","targetHints":{"allow":["GET"]}}],"collection":[{"href":"https:\/\/impactnw.org\/vi\/wp-json\/wp\/v2\/pages"}],"about":[{"href":"https:\/\/impactnw.org\/vi\/wp-json\/wp\/v2\/types\/page"}],"author":[{"embeddable":true,"href":"https:\/\/impactnw.org\/vi\/wp-json\/wp\/v2\/users\/21"}],"replies":[{"embeddable":true,"href":"https:\/\/impactnw.org\/vi\/wp-json\/wp\/v2\/comments?post=75"}],"version-history":[{"count":4,"href":"https:\/\/impactnw.org\/vi\/wp-json\/wp\/v2\/pages\/75\/revisions"}],"predecessor-version":[{"id":17486,"href":"https:\/\/impactnw.org\/vi\/wp-json\/wp\/v2\/pages\/75\/revisions\/17486"}],"up":[{"embeddable":true,"href":"https:\/\/impactnw.org\/vi\/wp-json\/wp\/v2\/pages\/8"}],"wp:attachment":[{"href":"https:\/\/impactnw.org\/vi\/wp-json\/wp\/v2\/media?parent=75"}],"curies":[{"name":"wp","href":"https:\/\/api.w.org\/{rel}","templated":true}]}}