{"id":6998,"date":"2016-01-20T09:27:10","date_gmt":"2016-01-20T17:27:10","guid":{"rendered":"http:\/\/dev.impactnw.org\/?page_id=6998"},"modified":"2019-10-17T17:27:41","modified_gmt":"2019-10-18T00:27:41","slug":"profiling","status":"publish","type":"page","link":"https:\/\/impactnw.org\/vi\/about-us\/dei\/profiling\/","title":{"rendered":"B\u00e1o c\u00e1o H\u1ed3 s\u01a1"},"content":{"rendered":"<section  class='av_textblock_section av-6addba-04e211b0c29e383baff7c3a41cb56a1b'   itemscope=\"itemscope\" itemtype=\"https:\/\/schema.org\/CreativeWork\" ><div class='avia_textblock'  itemprop=\"text\" ><h1>B\u00e1o c\u00e1o H\u1ed3 s\u01a1<\/h1>\n<h3><strong>T\u00e1c \u0111\u1ed9ng NW tin r\u1eb1ng t\u00f4n tr\u1ecdng nh\u00e2n ph\u1ea9m v\u00e0 quy\u1ec1n l\u1ee3i c\u1ee7a t\u1eebng c\u00e1 nh\u00e2n, b\u1ea5t k\u1ec3 ch\u1ee7ng t\u1ed9c, d\u00e2n t\u1ed9c, ng\u00f4n ng\u1eef, gi\u1edbi t\u00ednh, khuynh h\u01b0\u1edbng t\u00ecnh d\u1ee5c, t\u00ecnh tr\u1ea1ng nh\u00e0 \u1edf, ngu\u1ed3n g\u1ed1c qu\u1ed1c gia, tu\u1ed5i, t\u00f4n gi\u00e1o, kh\u1ea3 n\u0103ng, li\u00ean k\u1ebft ch\u00ednh tr\u1ecb v\u00e0 \/ tr\u1ea1ng th\u00e1i.<\/strong><\/h3>\n<p><span style=\"font-weight: 400;\">V\u00ec l\u00fd do n\u00e0y, ch\u00fang t\u00f4i khuy\u1ebfn kh\u00edch chia s\u1ebb kinh nghi\u1ec7m v\u1ec1 l\u1eadp h\u1ed3 s\u01a1. Ch\u00fang t\u00f4i tin r\u1eb1ng kh\u00f4ng ai c\u00f3 quy\u1ec1n l\u1ef1c c\u00f3 quy\u1ec1n ph\u00e2n bi\u1ec7t \u0111\u1ed1i x\u1eed v\u1edbi ng\u01b0\u1eddi kh\u00e1c, v\u00e0 b\u00e2y gi\u1edd ni\u1ec1m tin \u0111\u00f3 \u0111\u01b0\u1ee3c h\u1eadu thu\u1eabn b\u1edfi lu\u1eadt ph\u00e1p.<\/span><\/p>\n<h2>G\u00ec l\u00e0 profiling?<\/h2>\n<p>House Bill 2002 \u0111\u1ecbnh ngh\u0129a h\u1ed3 s\u01a1 nh\u01b0 sau &quot;, &#039;H\u1ed3 s\u01a1&#039; c\u00f3 ngh\u0129a l\u00e0 c\u01a1 quan th\u1ef1c thi ph\u00e1p lu\u1eadt ho\u1eb7c nh\u00e2n vi\u00ean th\u1ef1c thi ph\u00e1p lu\u1eadt nh\u1eafm m\u1ee5c ti\u00eau m\u1ed9t c\u00e1 nh\u00e2n v\u1ec1 nghi ng\u1edd vi ph\u1ea1m m\u1ed9t \u0111i\u1ec1u kho\u1ea3n c\u1ee7a lu\u1eadt ph\u00e1p ch\u1ec9 d\u1ef1a tr\u00ean th\u1ef1c t\u1ebf ho\u1eb7c c\u1ea3m nh\u1eadn nh\u00e2n t\u1ed1 tu\u1ed5i, ch\u1ee7ng t\u1ed9c, s\u1eafc t\u1ed9c, m\u00e0u da, ngu\u1ed3n g\u1ed1c qu\u1ed1c gia, ng\u00f4n ng\u1eef, gi\u1edbi t\u00ednh, nh\u1eadn d\u1ea1ng gi\u1edbi t\u00ednh, khuynh h\u01b0\u1edbng t\u00ecnh d\u1ee5c, li\u00ean k\u1ebft ch\u00ednh tr\u1ecb, t\u00f4n gi\u00e1o, v\u00f4 gia c\u01b0 ho\u1eb7c khuy\u1ebft t\u1eadt, tr\u1eeb khi c\u01a1 quan ho\u1eb7c s\u0129 quan \u0111ang th\u1ef1c hi\u1ec7n m\u00f4 t\u1ea3 nghi ng\u1edd ho\u1eb7c th\u00f4ng tin c\u00f3 li\u00ean quan \u0111\u1ebfn m\u1ed9t vi ph\u1ea1m quy \u0111\u1ecbnh ho\u1eb7c nghi ng\u1edd ph\u00e1p lu\u1eadt.&quot;<\/p>\n<\/div><\/section>\n<section  class='av_textblock_section av-2o3xva-ceb88f05d2ea8fdf80cec75868405064'   itemscope=\"itemscope\" itemtype=\"https:\/\/schema.org\/CreativeWork\" ><div class='avia_textblock'  itemprop=\"text\" ><h3><\/h3>\n<h2><\/h2>\n<h2>Chia s\u1ebb kinh nghi\u1ec7m c\u00e1 nh\u00e2n v\u1edbi vi\u1ec7c \u0111\u1ecbnh h\u00ecnh:<\/h2>\n<p><span style=\"font-weight: 400;\">N\u1ebfu b\u1ea1n mu\u1ed1n chia s\u1ebb kinh nghi\u1ec7m c\u00e1 nh\u00e2n v\u1edbi vi\u1ec7c \u0111\u1ecbnh h\u00ecnh, <a href=\"http:\/\/www.pdx.edu\/cjpri\/profiling-complaints\">xin b\u1ea5m v\u00e0o \u0111\u00e2y<\/a> \u0111\u1ec3 n\u1ed9p \u0111\u01a1n khi\u1ebfu n\u1ea1i ch\u00ednh th\u1ee9c. \u0110\u01a1n khi\u1ebfu n\u1ea1i ch\u00ednh th\u1ee9c n\u00e0y s\u1ebd \u0111\u01b0\u1ee3c \u0111\u1ec7 tr\u00ecnh l\u00ean LECC (\u1ee6y ban Ph\u1ed1i h\u1ee3p C\u1ea3i c\u00e1ch Lu\u1eadt ph\u00e1p). LECC s\u1ebd th\u00fac \u0111\u1ea9y nh\u1eefng khi\u1ebfu n\u1ea1i n\u00e0y \u0111\u1ec3 gi\u1eef cho c\u01a1 quan th\u1ef1c thi ph\u00e1p lu\u1eadt c\u00f3 li\u00ean quan \u0111\u1ebfn s\u1ef1 thay \u0111\u1ed5i c\u00f3 \u00fd ngh\u0129a v\u00e0 c\u00f3 tr\u00e1ch nhi\u1ec7m.<\/span><\/p>\n<p><span style=\"font-weight: 400;\">\u0110\u1ec3 bi\u1ebft th\u00eam th\u00f4ng tin v\u1ec1 \u1ee6y ban \u0111i\u1ec1u ph\u1ed1i th\u1ef1c thi ph\u00e1p lu\u1eadt (LECC), vui l\u00f2ng xem: <\/span><span style=\"font-weight: 400;\"><a href=\"http:\/\/www.pdx.edu\/cjpri\/LECC\" target=\"_blank\" rel=\"noopener noreferrer\">http:\/\/www.pdx.edu\/cjpri\/LECC<\/a><\/span><\/p>\n<\/div><\/section>","protected":false},"excerpt":{"rendered":"","protected":false},"author":21,"featured_media":0,"parent":10623,"menu_order":2,"comment_status":"closed","ping_status":"closed","template":"","meta":{"_monsterinsights_skip_tracking":false,"_monsterinsights_sitenote_active":false,"_monsterinsights_sitenote_note":"","_monsterinsights_sitenote_category":0,"footnotes":"","_links_to":"","_links_to_target":""},"class_list":["post-6998","page","type-page","status-publish","hentry"],"yoast_head":"<!-- This site is optimized with the Yoast SEO plugin v27.3 - https:\/\/yoast.com\/product\/yoast-seo-wordpress\/ -->\n<title>Report Profiling &#8211; Impact NW<\/title>\n<meta name=\"robots\" content=\"index, follow, max-snippet:-1, max-image-preview:large, max-video-preview:-1\" \/>\n<link rel=\"canonical\" href=\"https:\/\/impactnw.org\/vi\/about-us\/dei\/profiling\/\" \/>\n<meta property=\"og:locale\" content=\"vi_VN\" \/>\n<meta property=\"og:type\" content=\"article\" \/>\n<meta property=\"og:title\" content=\"Report Profiling &#8211; Impact NW\" \/>\n<meta property=\"og:url\" content=\"https:\/\/impactnw.org\/vi\/about-us\/dei\/profiling\/\" \/>\n<meta property=\"og:site_name\" content=\"Impact NW\" \/>\n<meta property=\"article:publisher\" content=\"http:\/\/www.facebook.com\/ImpactNWsince1966\" \/>\n<meta property=\"article:modified_time\" content=\"2019-10-18T00:27:41+00:00\" \/>\n<meta name=\"twitter:card\" content=\"summary_large_image\" \/>\n<meta name=\"twitter:site\" content=\"@impactnw\" \/>\n<meta name=\"twitter:label1\" content=\"\u01af\u1edbc t\u00ednh th\u1eddi gian \u0111\u1ecdc\" \/>\n\t<meta name=\"twitter:data1\" content=\"1 ph\u00fat\" \/>\n<script type=\"application\/ld+json\" class=\"yoast-schema-graph\">{\"@context\":\"https:\\\/\\\/schema.org\",\"@graph\":[{\"@type\":\"WebPage\",\"@id\":\"https:\\\/\\\/impactnw.org\\\/about-us\\\/dei\\\/profiling\\\/\",\"url\":\"https:\\\/\\\/impactnw.org\\\/about-us\\\/dei\\\/profiling\\\/\",\"name\":\"Report Profiling &#8211; Impact NW\",\"isPartOf\":{\"@id\":\"https:\\\/\\\/impactnw.org\\\/#website\"},\"datePublished\":\"2016-01-20T17:27:10+00:00\",\"dateModified\":\"2019-10-18T00:27:41+00:00\",\"breadcrumb\":{\"@id\":\"https:\\\/\\\/impactnw.org\\\/about-us\\\/dei\\\/profiling\\\/#breadcrumb\"},\"inLanguage\":\"vi\",\"potentialAction\":[{\"@type\":\"ReadAction\",\"target\":[\"https:\\\/\\\/impactnw.org\\\/about-us\\\/dei\\\/profiling\\\/\"]}]},{\"@type\":\"BreadcrumbList\",\"@id\":\"https:\\\/\\\/impactnw.org\\\/about-us\\\/dei\\\/profiling\\\/#breadcrumb\",\"itemListElement\":[{\"@type\":\"ListItem\",\"position\":1,\"name\":\"Home\",\"item\":\"https:\\\/\\\/impactnw.org\\\/home\\\/\"},{\"@type\":\"ListItem\",\"position\":2,\"name\":\"About Impact NW\",\"item\":\"https:\\\/\\\/impactnw.org\\\/about-us\\\/\"},{\"@type\":\"ListItem\",\"position\":3,\"name\":\"Diversity, Equity and Inclusion\",\"item\":\"https:\\\/\\\/impactnw.org\\\/about-us\\\/dei\\\/\"},{\"@type\":\"ListItem\",\"position\":4,\"name\":\"Report Profiling\"}]},{\"@type\":\"WebSite\",\"@id\":\"https:\\\/\\\/impactnw.org\\\/#website\",\"url\":\"https:\\\/\\\/impactnw.org\\\/\",\"name\":\"Impact NW\",\"description\":\"Inspiring Hope. Empowering Independence.\",\"potentialAction\":[{\"@type\":\"SearchAction\",\"target\":{\"@type\":\"EntryPoint\",\"urlTemplate\":\"https:\\\/\\\/impactnw.org\\\/?s={search_term_string}\"},\"query-input\":{\"@type\":\"PropertyValueSpecification\",\"valueRequired\":true,\"valueName\":\"search_term_string\"}}],\"inLanguage\":\"vi\"}]}<\/script>\n<!-- \/ Yoast SEO plugin. -->","yoast_head_json":{"title":"Report Profiling &#8211; Impact NW","robots":{"index":"index","follow":"follow","max-snippet":"max-snippet:-1","max-image-preview":"max-image-preview:large","max-video-preview":"max-video-preview:-1"},"canonical":"https:\/\/impactnw.org\/vi\/about-us\/dei\/profiling\/","og_locale":"vi_VN","og_type":"article","og_title":"Report Profiling &#8211; Impact NW","og_url":"https:\/\/impactnw.org\/vi\/about-us\/dei\/profiling\/","og_site_name":"Impact NW","article_publisher":"http:\/\/www.facebook.com\/ImpactNWsince1966","article_modified_time":"2019-10-18T00:27:41+00:00","twitter_card":"summary_large_image","twitter_site":"@impactnw","twitter_misc":{"\u01af\u1edbc t\u00ednh th\u1eddi gian \u0111\u1ecdc":"1 ph\u00fat"},"schema":{"@context":"https:\/\/schema.org","@graph":[{"@type":"WebPage","@id":"https:\/\/impactnw.org\/about-us\/dei\/profiling\/","url":"https:\/\/impactnw.org\/about-us\/dei\/profiling\/","name":"Report Profiling &#8211; Impact NW","isPartOf":{"@id":"https:\/\/impactnw.org\/#website"},"datePublished":"2016-01-20T17:27:10+00:00","dateModified":"2019-10-18T00:27:41+00:00","breadcrumb":{"@id":"https:\/\/impactnw.org\/about-us\/dei\/profiling\/#breadcrumb"},"inLanguage":"vi","potentialAction":[{"@type":"ReadAction","target":["https:\/\/impactnw.org\/about-us\/dei\/profiling\/"]}]},{"@type":"BreadcrumbList","@id":"https:\/\/impactnw.org\/about-us\/dei\/profiling\/#breadcrumb","itemListElement":[{"@type":"ListItem","position":1,"name":"Home","item":"https:\/\/impactnw.org\/home\/"},{"@type":"ListItem","position":2,"name":"About Impact NW","item":"https:\/\/impactnw.org\/about-us\/"},{"@type":"ListItem","position":3,"name":"Diversity, Equity and Inclusion","item":"https:\/\/impactnw.org\/about-us\/dei\/"},{"@type":"ListItem","position":4,"name":"Report Profiling"}]},{"@type":"WebSite","@id":"https:\/\/impactnw.org\/#website","url":"https:\/\/impactnw.org\/","name":"T\u00e1c \u0111\u1ed9ng NW","description":"Inspiring Hope. Trao quy\u1ec1n cho \u0111\u1ed9c l\u1eadp.","potentialAction":[{"@type":"SearchAction","target":{"@type":"EntryPoint","urlTemplate":"https:\/\/impactnw.org\/?s={search_term_string}"},"query-input":{"@type":"PropertyValueSpecification","valueRequired":true,"valueName":"search_term_string"}}],"inLanguage":"vi"}]}},"_links":{"self":[{"href":"https:\/\/impactnw.org\/vi\/wp-json\/wp\/v2\/pages\/6998","targetHints":{"allow":["GET"]}}],"collection":[{"href":"https:\/\/impactnw.org\/vi\/wp-json\/wp\/v2\/pages"}],"about":[{"href":"https:\/\/impactnw.org\/vi\/wp-json\/wp\/v2\/types\/page"}],"author":[{"embeddable":true,"href":"https:\/\/impactnw.org\/vi\/wp-json\/wp\/v2\/users\/21"}],"replies":[{"embeddable":true,"href":"https:\/\/impactnw.org\/vi\/wp-json\/wp\/v2\/comments?post=6998"}],"version-history":[{"count":0,"href":"https:\/\/impactnw.org\/vi\/wp-json\/wp\/v2\/pages\/6998\/revisions"}],"up":[{"embeddable":true,"href":"https:\/\/impactnw.org\/vi\/wp-json\/wp\/v2\/pages\/10623"}],"wp:attachment":[{"href":"https:\/\/impactnw.org\/vi\/wp-json\/wp\/v2\/media?parent=6998"}],"curies":[{"name":"wp","href":"https:\/\/api.w.org\/{rel}","templated":true}]}}