{"id":69,"date":"2011-09-28T22:39:54","date_gmt":"2011-09-28T22:39:54","guid":{"rendered":"http:\/\/dev.impactnw.org\/wp_11_2011\/?page_id=69"},"modified":"2023-07-11T12:05:28","modified_gmt":"2023-07-11T19:05:28","slug":"community-schools","status":"publish","type":"page","link":"https:\/\/impactnw.org\/vi\/programs\/youthfamily\/community-schools\/","title":{"rendered":"SUN Community Schools"},"content":{"rendered":"<section  class='av_textblock_section av-843vd-16a664707206f6595d0479864e1072be'   itemscope=\"itemscope\" itemtype=\"https:\/\/schema.org\/CreativeWork\" ><div class='avia_textblock'  itemprop=\"text\" ><h1>SUN Community Schools<\/h1>\n<h2>CN (Tr\u01b0\u1eddng h\u1ecdc V\u00f9ng l\u00e2n c\u1eadn)<\/h2>\n<\/div><\/section>\n\n<style type=\"text\/css\" data-created_by=\"avia_inline_auto\" id=\"style-css-av-7azkh-b38f26bbaff7b9b48ab11fd34fb3d2ab\">\n#top .hr.hr-invisible.av-7azkh-b38f26bbaff7b9b48ab11fd34fb3d2ab{\nmargin-top:-10px;\nheight:1px;\n}\n<\/style>\n<div  class='hr av-7azkh-b38f26bbaff7b9b48ab11fd34fb3d2ab hr-invisible  avia-builder-el-1  el_after_av_textblock  el_before_av_textblock'><span class='hr-inner'><span class=\"hr-inner-style\"><\/span><\/span><\/div>\n<section  class='av_textblock_section av-748l9-025681518a04ec0cb82d6b5b674d3a94'   itemscope=\"itemscope\" itemtype=\"https:\/\/schema.org\/CreativeWork\" ><div class='avia_textblock'  itemprop=\"text\" ><p><img loading=\"lazy\" decoding=\"async\" class=\"alignright wp-image-7170 size-medium\" src=\"http:\/\/dev.impactnw.org\/wp-content\/uploads\/2016\/04\/IMG_1313-300x218.jpg\" alt=\"SUN Youth Advocacy Program ng\u01b0\u1eddi tham gia t\u1ea1o ra t\u00e1c ph\u1ea9m ngh\u1ec7 thu\u1eadt t\u1ea1i Trung t\u00e2m C\u1ed9ng \u0111\u1ed3ng Brentwood-Darlington c\u1ee7a ch\u00fang t\u00f4i.\" width=\"300\" height=\"218\" srcset=\"https:\/\/impactnw.org\/wp-content\/uploads\/2016\/04\/IMG_1313-300x218.jpg 300w, https:\/\/impactnw.org\/wp-content\/uploads\/2016\/04\/IMG_1313-768x559.jpg 768w, https:\/\/impactnw.org\/wp-content\/uploads\/2016\/04\/IMG_1313-1030x749.jpg 1030w, https:\/\/impactnw.org\/wp-content\/uploads\/2016\/04\/IMG_1313-1500x1091.jpg 1500w, https:\/\/impactnw.org\/wp-content\/uploads\/2016\/04\/IMG_1313-705x513.jpg 705w, https:\/\/impactnw.org\/wp-content\/uploads\/2016\/04\/IMG_1313-450x327.jpg 450w\" sizes=\"auto, (max-width: 300px) 100vw, 300px\" \/><\/p>\n<p>B\u1edfi v\u00ec h\u1ea7u h\u1ebft cha m\u1eb9 c\u00f3 thu nh\u1eadp th\u1ea5p ph\u1ea3i l\u00e0m vi\u1ec7c to\u00e0n th\u1eddi gian \u0111\u1ec3 h\u1ed7 tr\u1ee3 gia \u0111\u00ecnh, tr\u1ebb th\u01b0\u1eddng kh\u00f4ng \u0111\u01b0\u1ee3c ch\u0103m s\u00f3c sau gi\u1edd h\u1ecdc - khi\u1ebfn h\u1ecd d\u1ec5 b\u1ecb b\u1eaft n\u1ea1t v\u00e0 h\u00e0nh vi nguy hi\u1ec3m h\u01a1n nh\u01b0 s\u1eed d\u1ee5ng ch\u1ea5t g\u00e2y nghi\u1ec7n v\u00e0 ho\u1ea1t \u0111\u1ed9ng b\u0103ng \u0111\u1ea3ng. Nhi\u1ec1u ng\u01b0\u1eddi trong s\u1ed1 nh\u1eefng \u0111\u1ee9a tr\u1ebb n\u00e0y \u0111\u1ec3 l\u1ea1i l\u1edbp \u0111\u00f3i, kh\u00f4ng c\u00f3 \u0111\u1ea3m b\u1ea3o v\u1ec1 th\u1ef1c ph\u1ea9m cho \u0111\u1ebfn ng\u00e0y h\u1ecdc ti\u1ebfp theo.<\/p>\n<p>T\u00e1c \u0111\u1ed9ng NW h\u1ed7 tr\u1ee3 sinh vi\u00ean c\u00f3 thu nh\u1eadp th\u1ea5p th\u00f4ng qua c\u00e1c ch\u01b0\u01a1ng tr\u00ecnh Community Schools c\u1ee7a ch\u00fang t\u00f4i b\u1eb1ng c\u00e1ch cung c\u1ea5p c\u00e1c ho\u1ea1t \u0111\u1ed9ng k\u00e9o d\u00e0i li\u00ean quan \u0111\u1ebfn h\u1ecdc sinh, ph\u1ee5 huynh v\u00e0 th\u00e0nh vi\u00ean c\u1ed9ng \u0111\u1ed3ng, chuy\u1ec3n \u0111\u1ed5i c\u00e1c tr\u01b0\u1eddng c\u00f4ng l\u1eadp c\u00f3 t\u1ef7 l\u1ec7 ngh\u00e8o cao th\u00e0nh c\u00e1c trung t\u00e2m c\u1ed9ng \u0111\u1ed3ng s\u1ed1ng \u0111\u1ed9ng. <a href=\"https:\/\/impactnw.org\/programs\/youthfamily\/family-resource-navigators\/\">Family Resource Navigators<\/a> are available at Community Schools to work alongside families to help reduce barriers and stressors in the home, and promote self-sufficiency, so that students can learn and families can thrive.<\/p>\n<blockquote>\n<p>Ch\u01b0\u01a1ng Tr\u00ecnh Community Schools c\u1ea3i thi\u1ec7n cu\u1ed9c s\u1ed1ng c\u1ee7a h\u01a1n 20.000 tr\u1ebb em v\u00e0 gia \u0111\u00ecnh m\u1ed7i n\u0103m.<\/p>\n<\/blockquote>\n<p>Ph\u1ea7n l\u1edbn c\u00e1c h\u1ecdc sinh c\u1ee7a Tr\u01b0\u1eddng C\u1ed9ng \u0111\u1ed3ng \u0111\u01b0\u1ee3c \u00e1p d\u1ee5ng cho b\u1eefa tr\u01b0a mi\u1ec5n ph\u00ed ho\u1eb7c gi\u1ea3m gi\u00e1 v\u00e0 \u0111\u00e3 \u0111\u01b0\u1ee3c x\u00e1c \u0111\u1ecbnh l\u00e0 c\u00f3 nguy c\u01a1 th\u1ea5t h\u1ecdc; nhi\u1ec1u ng\u01b0\u1eddi n\u00f3i ti\u1ebfng Anh nh\u01b0 m\u1ed9t ng\u00f4n ng\u1eef h\u1ecdc. C\u00e1c ho\u1ea1t \u0111\u1ed9ng c\u1ee7a Tr\u01b0\u1eddng C\u1ed9ng \u0111\u1ed3ng th\u00fac \u0111\u1ea9y th\u00e0nh t\u00edch c\u1ee7a h\u1ecdc sinh, l\u00e0m gi\u00e0u ch\u01b0\u01a1ng tr\u00ecnh h\u1ecdc h\u00e0ng ng\u00e0y, v\u00e0 t\u0103ng s\u1ef1 hi\u1ec7n di\u1ec7n c\u1ee7a nh\u00e0 tr\u01b0\u1eddng. T\u1ea5t c\u1ea3 ng\u01b0\u1eddi tham gia c\u0169ng c\u00f3 quy\u1ec1n ti\u1ebfp c\u1eadn v\u1edbi m\u1ed9t b\u1eefa \u0103n sau gi\u1edd h\u1ecdc v\u00e0 h\u1ed7 tr\u1ee3 l\u00e0m b\u00e0i t\u1eadp v\u1ec1 nh\u00e0. C\u00e1c v\u00ed d\u1ee5 g\u1ea7n \u0111\u00e2y v\u1ec1 c\u00e1c ho\u1ea1t \u0111\u1ed9ng k\u00e9o d\u00e0i bao g\u1ed3m c\u00e1c l\u1edbp h\u1ecdc ESL (ti\u1ebfng Anh nh\u01b0 ng\u00f4n ng\u1eef th\u1ee9 hai) cho h\u1ecdc sinh v\u00e0 gia \u0111\u00ecnh c\u1ee7a h\u1ecd, c\u00e1c l\u1edbp h\u1ecdc khi\u00eau v\u0169 v\u00e0 chuy\u1ec3n \u0111\u1ed9ng, c\u00e1c bu\u1ed5i h\u1ecdc th\u00f4ng tin v\u1ec1 tr\u1ee3 gi\u00fap t\u00e0i ch\u00ednh, th\u1ec3 thao, ngh\u1ec7 thu\u1eadt, khoa h\u1ecdc v\u00e0 v\u0103n ho\u00e1 cho Th\u00e1ng L\u1ecbch s\u1eed \u0111en v\u00e0 Cinco de Mayo.<\/p>\n<\/div><\/section>\n\n<style type=\"text\/css\" data-created_by=\"avia_inline_auto\" id=\"style-css-av-64agd-860660889a805ae14dfbc859712b8676\">\n#top .hr.hr-invisible.av-64agd-860660889a805ae14dfbc859712b8676{\nheight:25px;\n}\n<\/style>\n<div  class='hr av-64agd-860660889a805ae14dfbc859712b8676 hr-invisible  avia-builder-el-3  el_after_av_textblock  el_before_av_three_fifth'><span class='hr-inner'><span class=\"hr-inner-style\"><\/span><\/span><\/div>\n\n<style type=\"text\/css\" data-created_by=\"avia_inline_auto\" id=\"style-css-av-1nli1-39310c346fb580d15fca8b5bcc353135\">\n.flex_column.av-1nli1-39310c346fb580d15fca8b5bcc353135{\nborder-radius:0px 0px 0px 0px;\npadding:0px 0px 0px 0px;\n}\n<\/style>\n<div  class='flex_column av-1nli1-39310c346fb580d15fca8b5bcc353135 av_three_fifth  avia-builder-el-4  el_after_av_hr  el_before_av_two_fifth  first flex_column_div av-zero-column-padding'     ><section  class='av_textblock_section av-149a5-2a81af943c41e2517f047991c0ddda28'   itemscope=\"itemscope\" itemtype=\"https:\/\/schema.org\/CreativeWork\" ><div class='avia_textblock'  itemprop=\"text\" ><h3>Impact NW cung c\u1ea5p ch\u01b0\u01a1ng tr\u00ecnh C\u1ed9ng \u0111\u1ed3ng t\u1ea1i c\u00e1c tr\u01b0\u1eddng \u0111\u1ecba ph\u01b0\u01a1ng sau:<\/h3>\n<ul>\n<li>Tr\u01b0\u1eddng Ti\u1ec3u H\u1ecdc Buckman<\/li>\n<li>Tr\u01b0\u1eddng Creston<\/li>\n<li>Tr\u01b0\u1eddng trung h\u1ecdc Jackson<\/li>\n<li>Tr\u01b0\u1eddng trung h\u1ecdc Franklin High School<\/li>\n<li>Tr\u01b0\u1eddng ti\u1ec3u h\u1ecdc Markham<\/li>\n<li>Tr\u01b0\u1eddng Ti\u1ec3u H\u1ecdc Marysville<\/li>\n<li>Tr\u01b0\u1eddng trung h\u1ecdc Robert Gray<\/li>\n<li>Tr\u01b0\u1eddng Ti\u1ec3u H\u1ecdc Whitman<\/li>\n<li>Tr\u01b0\u1eddng ti\u1ec3u h\u1ecdc Woodmere<\/li>\n<\/ul>\n<p>If you are interested in volunteering at any of the SUN schools, head over to our <a href=\"https:\/\/impactnw.org\/how-to-help\/volunteer-with-impact-nw\/\">volunteer page<\/a> and contact the SUN Site managers expressing your interest. They will get back to you if there is a current need for volunteers in their respective schools.<\/p>\n<p><a href=\"https:\/\/impactnw.org\/how-to-help\/volunteer-with-impact-nw\/\"><strong>Volunteer Page<\/strong><\/a><\/p>\n<\/div><\/section><\/div>\n<style type=\"text\/css\" data-created_by=\"avia_inline_auto\" id=\"style-css-av-2ngbh-f7720245a9348056f1b0995ec887b1d4\">\n.flex_column.av-2ngbh-f7720245a9348056f1b0995ec887b1d4{\nborder-radius:0px 0px 0px 0px;\npadding:0px 0px 0px 0px;\n}\n<\/style>\n<div  class='flex_column av-2ngbh-f7720245a9348056f1b0995ec887b1d4 av_two_fifth  avia-builder-el-6  el_after_av_three_fifth  el_before_av_hr  flex_column_div av-zero-column-padding'     ><style type=\"text\/css\" data-created_by=\"avia_inline_auto\" id=\"style-css-av-udl-beba8e0ffd0d788861f178e465fb16ef\">\n.av_promobox.av-udl-beba8e0ffd0d788861f178e465fb16ef{\ncolor:#ffffff;\nbackground:#1c3848;\n}\n<\/style>\n<div  class='av_promobox av-udl-beba8e0ffd0d788861f178e465fb16ef avia-button-no  avia-builder-el-7  avia-builder-el-no-sibling'><div class='avia-promocontent'><\/p>\n<h3><strong><span style=\"color: #f6bb17;\">Ch\u00fang t\u00f4i c\u00f3 th\u1ec3 gi\u00fap b\u1ea1n kh\u00f4ng?<\/span><\/strong><\/h3>\n<p>\u0110\u1ec3 bi\u1ebft th\u00eam th\u00f4ng tin v\u1ec1 Ch\u01b0\u01a1ng tr\u00ecnh Tr\u01b0\u1eddng h\u1ecdc C\u1ed9ng \u0111\u1ed3ng SUN c\u1ee7a Impact NW, li\u00ean h\u1ec7 v\u1edbi Gina Kim-Folston, Qu\u1ea3n l\u00fd Ch\u01b0\u01a1ng tr\u00ecnh Tr\u01b0\u1eddng h\u1ecdc C\u1ed9ng \u0111\u1ed3ng SUN, t\u1ea1i (503) 721-6778 ho\u1eb7c email\u00a0<a style=\"color: #ffffff;\" href=\"mailto:gkim-folston@impactnw.org\">gkim-folston@impactnw.org<\/a>.<\/p>\n<\/div><\/div><\/div><\/p>\n\n<style type=\"text\/css\" data-created_by=\"avia_inline_auto\" id=\"style-css-av-3ibw5-8e12764c15734f9691dcbf1e685d7a39\">\n#top .hr.hr-invisible.av-3ibw5-8e12764c15734f9691dcbf1e685d7a39{\nheight:35px;\n}\n<\/style>\n<div  class='hr av-3ibw5-8e12764c15734f9691dcbf1e685d7a39 hr-invisible  avia-builder-el-8  el_after_av_two_fifth  el_before_av_one_half'><span class='hr-inner'><span class=\"hr-inner-style\"><\/span><\/span><\/div>\n\n<style type=\"text\/css\" data-created_by=\"avia_inline_auto\" id=\"style-css-av-5f9zp-6a470db302f6d9e09be27fe740331096\">\n.flex_column.av-5f9zp-6a470db302f6d9e09be27fe740331096{\nborder-radius:0px 0px 0px 0px;\npadding:0px 0px 0px 0px;\n}\n<\/style>\n<div  class='flex_column av-5f9zp-6a470db302f6d9e09be27fe740331096 av_one_half  avia-builder-el-9  el_after_av_hr  avia-builder-el-last  first flex_column_div av-zero-column-padding'     ><div  class='avia-button-wrap avia-button-center  avia-builder-el-10  avia-builder-el-no-sibling'>\n<style type=\"text\/css\" data-created_by=\"avia_inline_auto\" id=\"style-css-av-53lgt-90ee51fd704364900295e0553a558285\">\n#top #wrap_all .avia-button.av-53lgt-90ee51fd704364900295e0553a558285{\ncolor:#ffffff;\ntransition:all 0.4s ease-in-out;\n}\n#top #wrap_all .avia-button.av-53lgt-90ee51fd704364900295e0553a558285:hover{\nbackground-color:#005581;\ncolor:#ffffff;\ntransition:all 0.4s ease-in-out;\n}\n#top #wrap_all .avia-button.av-53lgt-90ee51fd704364900295e0553a558285 .avia-svg-icon svg:first-child{\nfill:#ffffff;\nstroke:#ffffff;\n}\n#top #wrap_all .avia-button.av-53lgt-90ee51fd704364900295e0553a558285:hover .avia-svg-icon svg:first-child{\nfill:#ffffff;\nstroke:#ffffff;\n}\n<\/style>\n<a href='' class='av-icon-on-hover avia-color-theme-color avia-button avia-button-fullwidth av-53lgt-90ee51fd704364900295e0553a558285 avia-icon_select-yes-left-icon avia-color-theme-color'   aria-label=\"T\u00ecm hi\u1ec3u th\u00eam v\u1ec1 CN\"><span class='avia_button_icon avia_button_icon_left avia-iconfont avia-font-entypo-fontello' data-av_icon='\ue866' data-av_iconfont='entypo-fontello' ><\/span><span class='avia_iconbox_title' >T\u00ecm hi\u1ec3u th\u00eam v\u1ec1 CN<\/span><\/a><\/div><\/div>","protected":false},"excerpt":{"rendered":"","protected":false},"author":21,"featured_media":0,"parent":57,"menu_order":7,"comment_status":"closed","ping_status":"closed","template":"","meta":{"_monsterinsights_skip_tracking":false,"_monsterinsights_sitenote_active":false,"_monsterinsights_sitenote_note":"","_monsterinsights_sitenote_category":0,"footnotes":"","_links_to":"","_links_to_target":""},"class_list":["post-69","page","type-page","status-publish","hentry"],"yoast_head":"<!-- This site is optimized with the Yoast SEO plugin v27.4 - https:\/\/yoast.com\/product\/yoast-seo-wordpress\/ -->\n<title>SUN Community Schools &#8211; Impact NW<\/title>\n<meta name=\"robots\" content=\"index, follow, max-snippet:-1, max-image-preview:large, max-video-preview:-1\" \/>\n<link rel=\"canonical\" href=\"https:\/\/impactnw.org\/vi\/programs\/youthfamily\/community-schools\/\" \/>\n<meta property=\"og:locale\" content=\"vi_VN\" \/>\n<meta property=\"og:type\" content=\"article\" \/>\n<meta property=\"og:title\" content=\"SUN Community Schools &#8211; Impact NW\" \/>\n<meta property=\"og:url\" content=\"https:\/\/impactnw.org\/vi\/programs\/youthfamily\/community-schools\/\" \/>\n<meta property=\"og:site_name\" content=\"Impact NW\" \/>\n<meta property=\"article:publisher\" content=\"http:\/\/www.facebook.com\/ImpactNWsince1966\" \/>\n<meta property=\"article:modified_time\" content=\"2023-07-11T19:05:28+00:00\" \/>\n<meta property=\"og:image\" content=\"http:\/\/dev.impactnw.org\/wp-content\/uploads\/2016\/04\/IMG_1313-300x218.jpg\" \/>\n<meta name=\"twitter:card\" content=\"summary_large_image\" \/>\n<meta name=\"twitter:site\" content=\"@impactnw\" \/>\n<meta name=\"twitter:label1\" content=\"\u01af\u1edbc t\u00ednh th\u1eddi gian \u0111\u1ecdc\" \/>\n\t<meta name=\"twitter:data1\" content=\"3 ph\u00fat\" \/>\n<script type=\"application\/ld+json\" class=\"yoast-schema-graph\">{\"@context\":\"https:\\\/\\\/schema.org\",\"@graph\":[{\"@type\":\"WebPage\",\"@id\":\"https:\\\/\\\/impactnw.org\\\/programs\\\/youthfamily\\\/community-schools\\\/\",\"url\":\"https:\\\/\\\/impactnw.org\\\/programs\\\/youthfamily\\\/community-schools\\\/\",\"name\":\"SUN Community Schools &#8211; Impact NW\",\"isPartOf\":{\"@id\":\"https:\\\/\\\/impactnw.org\\\/#website\"},\"primaryImageOfPage\":{\"@id\":\"https:\\\/\\\/impactnw.org\\\/programs\\\/youthfamily\\\/community-schools\\\/#primaryimage\"},\"image\":{\"@id\":\"https:\\\/\\\/impactnw.org\\\/programs\\\/youthfamily\\\/community-schools\\\/#primaryimage\"},\"thumbnailUrl\":\"http:\\\/\\\/dev.impactnw.org\\\/wp-content\\\/uploads\\\/2016\\\/04\\\/IMG_1313-300x218.jpg\",\"datePublished\":\"2011-09-28T22:39:54+00:00\",\"dateModified\":\"2023-07-11T19:05:28+00:00\",\"breadcrumb\":{\"@id\":\"https:\\\/\\\/impactnw.org\\\/programs\\\/youthfamily\\\/community-schools\\\/#breadcrumb\"},\"inLanguage\":\"vi\",\"potentialAction\":[{\"@type\":\"ReadAction\",\"target\":[\"https:\\\/\\\/impactnw.org\\\/programs\\\/youthfamily\\\/community-schools\\\/\"]}]},{\"@type\":\"ImageObject\",\"inLanguage\":\"vi\",\"@id\":\"https:\\\/\\\/impactnw.org\\\/programs\\\/youthfamily\\\/community-schools\\\/#primaryimage\",\"url\":\"http:\\\/\\\/dev.impactnw.org\\\/wp-content\\\/uploads\\\/2016\\\/04\\\/IMG_1313-300x218.jpg\",\"contentUrl\":\"http:\\\/\\\/dev.impactnw.org\\\/wp-content\\\/uploads\\\/2016\\\/04\\\/IMG_1313-300x218.jpg\"},{\"@type\":\"BreadcrumbList\",\"@id\":\"https:\\\/\\\/impactnw.org\\\/programs\\\/youthfamily\\\/community-schools\\\/#breadcrumb\",\"itemListElement\":[{\"@type\":\"ListItem\",\"position\":1,\"name\":\"Home\",\"item\":\"https:\\\/\\\/impactnw.org\\\/home\\\/\"},{\"@type\":\"ListItem\",\"position\":2,\"name\":\"Programs\",\"item\":\"https:\\\/\\\/impactnw.org\\\/programs\\\/\"},{\"@type\":\"ListItem\",\"position\":3,\"name\":\"Youth &#038; Family Services\",\"item\":\"https:\\\/\\\/impactnw.org\\\/programs\\\/youthfamily\\\/\"},{\"@type\":\"ListItem\",\"position\":4,\"name\":\"SUN Community Schools\"}]},{\"@type\":\"WebSite\",\"@id\":\"https:\\\/\\\/impactnw.org\\\/#website\",\"url\":\"https:\\\/\\\/impactnw.org\\\/\",\"name\":\"Impact NW\",\"description\":\"Inspiring Hope. Empowering Independence.\",\"potentialAction\":[{\"@type\":\"SearchAction\",\"target\":{\"@type\":\"EntryPoint\",\"urlTemplate\":\"https:\\\/\\\/impactnw.org\\\/?s={search_term_string}\"},\"query-input\":{\"@type\":\"PropertyValueSpecification\",\"valueRequired\":true,\"valueName\":\"search_term_string\"}}],\"inLanguage\":\"vi\"}]}<\/script>\n<!-- \/ Yoast SEO plugin. -->","yoast_head_json":{"title":"SUN Community Schools &#8211; Impact NW","robots":{"index":"index","follow":"follow","max-snippet":"max-snippet:-1","max-image-preview":"max-image-preview:large","max-video-preview":"max-video-preview:-1"},"canonical":"https:\/\/impactnw.org\/vi\/programs\/youthfamily\/community-schools\/","og_locale":"vi_VN","og_type":"article","og_title":"SUN Community Schools &#8211; Impact NW","og_url":"https:\/\/impactnw.org\/vi\/programs\/youthfamily\/community-schools\/","og_site_name":"Impact NW","article_publisher":"http:\/\/www.facebook.com\/ImpactNWsince1966","article_modified_time":"2023-07-11T19:05:28+00:00","og_image":[{"url":"http:\/\/dev.impactnw.org\/wp-content\/uploads\/2016\/04\/IMG_1313-300x218.jpg","type":"","width":"","height":""}],"twitter_card":"summary_large_image","twitter_site":"@impactnw","twitter_misc":{"\u01af\u1edbc t\u00ednh th\u1eddi gian \u0111\u1ecdc":"3 ph\u00fat"},"schema":{"@context":"https:\/\/schema.org","@graph":[{"@type":"WebPage","@id":"https:\/\/impactnw.org\/programs\/youthfamily\/community-schools\/","url":"https:\/\/impactnw.org\/programs\/youthfamily\/community-schools\/","name":"SUN Community Schools &#8211; Impact NW","isPartOf":{"@id":"https:\/\/impactnw.org\/#website"},"primaryImageOfPage":{"@id":"https:\/\/impactnw.org\/programs\/youthfamily\/community-schools\/#primaryimage"},"image":{"@id":"https:\/\/impactnw.org\/programs\/youthfamily\/community-schools\/#primaryimage"},"thumbnailUrl":"http:\/\/dev.impactnw.org\/wp-content\/uploads\/2016\/04\/IMG_1313-300x218.jpg","datePublished":"2011-09-28T22:39:54+00:00","dateModified":"2023-07-11T19:05:28+00:00","breadcrumb":{"@id":"https:\/\/impactnw.org\/programs\/youthfamily\/community-schools\/#breadcrumb"},"inLanguage":"vi","potentialAction":[{"@type":"ReadAction","target":["https:\/\/impactnw.org\/programs\/youthfamily\/community-schools\/"]}]},{"@type":"ImageObject","inLanguage":"vi","@id":"https:\/\/impactnw.org\/programs\/youthfamily\/community-schools\/#primaryimage","url":"http:\/\/dev.impactnw.org\/wp-content\/uploads\/2016\/04\/IMG_1313-300x218.jpg","contentUrl":"http:\/\/dev.impactnw.org\/wp-content\/uploads\/2016\/04\/IMG_1313-300x218.jpg"},{"@type":"BreadcrumbList","@id":"https:\/\/impactnw.org\/programs\/youthfamily\/community-schools\/#breadcrumb","itemListElement":[{"@type":"ListItem","position":1,"name":"Home","item":"https:\/\/impactnw.org\/home\/"},{"@type":"ListItem","position":2,"name":"Programs","item":"https:\/\/impactnw.org\/programs\/"},{"@type":"ListItem","position":3,"name":"Youth &#038; Family Services","item":"https:\/\/impactnw.org\/programs\/youthfamily\/"},{"@type":"ListItem","position":4,"name":"SUN Community Schools"}]},{"@type":"WebSite","@id":"https:\/\/impactnw.org\/#website","url":"https:\/\/impactnw.org\/","name":"T\u00e1c \u0111\u1ed9ng NW","description":"Inspiring Hope. Trao quy\u1ec1n cho \u0111\u1ed9c l\u1eadp.","potentialAction":[{"@type":"SearchAction","target":{"@type":"EntryPoint","urlTemplate":"https:\/\/impactnw.org\/?s={search_term_string}"},"query-input":{"@type":"PropertyValueSpecification","valueRequired":true,"valueName":"search_term_string"}}],"inLanguage":"vi"}]}},"_links":{"self":[{"href":"https:\/\/impactnw.org\/vi\/wp-json\/wp\/v2\/pages\/69","targetHints":{"allow":["GET"]}}],"collection":[{"href":"https:\/\/impactnw.org\/vi\/wp-json\/wp\/v2\/pages"}],"about":[{"href":"https:\/\/impactnw.org\/vi\/wp-json\/wp\/v2\/types\/page"}],"author":[{"embeddable":true,"href":"https:\/\/impactnw.org\/vi\/wp-json\/wp\/v2\/users\/21"}],"replies":[{"embeddable":true,"href":"https:\/\/impactnw.org\/vi\/wp-json\/wp\/v2\/comments?post=69"}],"version-history":[{"count":0,"href":"https:\/\/impactnw.org\/vi\/wp-json\/wp\/v2\/pages\/69\/revisions"}],"up":[{"embeddable":true,"href":"https:\/\/impactnw.org\/vi\/wp-json\/wp\/v2\/pages\/57"}],"wp:attachment":[{"href":"https:\/\/impactnw.org\/vi\/wp-json\/wp\/v2\/media?parent=69"}],"curies":[{"name":"wp","href":"https:\/\/api.w.org\/{rel}","templated":true}]}}