{"id":67,"date":"2011-09-28T22:39:30","date_gmt":"2011-09-28T22:39:30","guid":{"rendered":"http:\/\/dev.impactnw.org\/wp_11_2011\/?page_id=67"},"modified":"2019-10-17T14:36:58","modified_gmt":"2019-10-17T21:36:58","slug":"sun-youth-advocacy-program","status":"publish","type":"page","link":"https:\/\/impactnw.org\/vi\/programs\/youthfamily\/sun-youth-advocacy-program\/","title":{"rendered":"Ch\u01b0\u01a1ng tr\u00ecnh V\u1eadn \u0111\u1ed9ng Thanh ni\u00ean c\u1ee7a M\u1eb7t Tr\u1eddi"},"content":{"rendered":"<style type=\"text\/css\" data-created_by=\"avia_inline_auto\" id=\"style-css-av-3lan-66dd7d5ec9e81a19b956453838fa5f24\">\n.flex_column.av-3lan-66dd7d5ec9e81a19b956453838fa5f24{\nborder-radius:0px 0px 0px 0px;\npadding:0px 0px 0px 0px;\n}\n<\/style>\n<div  class='flex_column av-3lan-66dd7d5ec9e81a19b956453838fa5f24 av_one_full  avia-builder-el-0  el_before_av_hr  avia-builder-el-first  first flex_column_div av-zero-column-padding'     ><section  class='av_textblock_section av-k1v7z4p0-733cf4cb1984bbe9795afe407dcf84c7'   itemscope=\"itemscope\" itemtype=\"https:\/\/schema.org\/CreativeWork\" ><div class='avia_textblock'  itemprop=\"text\" ><h1>Ch\u01b0\u01a1ng tr\u00ecnh V\u1eadn \u0111\u1ed9ng Thanh ni\u00ean c\u1ee7a M\u1eb7t Tr\u1eddi<\/h1>\n<\/div><\/section><\/div>\n\n<style type=\"text\/css\" data-created_by=\"avia_inline_auto\" id=\"style-css-av-k1v7zk4z-967ee62c2f7094015b8f7e6d39e4e31c\">\n#top .hr.hr-invisible.av-k1v7zk4z-967ee62c2f7094015b8f7e6d39e4e31c{\nmargin-top:-35px;\nheight:1px;\n}\n<\/style>\n<div  class='hr av-k1v7zk4z-967ee62c2f7094015b8f7e6d39e4e31c hr-invisible  avia-builder-el-2  el_after_av_one_full  el_before_av_three_fifth'><span class='hr-inner'><span class=\"hr-inner-style\"><\/span><\/span><\/div>\n\n<style type=\"text\/css\" data-created_by=\"avia_inline_auto\" id=\"style-css-av-49of-9eec085645ee803e26b0047e274fc1d7\">\n.flex_column.av-49of-9eec085645ee803e26b0047e274fc1d7{\nborder-radius:0px 0px 0px 0px;\npadding:0px 0px 0px 0px;\n}\n<\/style>\n<div  class='flex_column av-49of-9eec085645ee803e26b0047e274fc1d7 av_three_fifth  avia-builder-el-3  el_after_av_hr  el_before_av_two_fifth  first flex_column_div av-zero-column-padding'     ><section  class='av_textblock_section av-32ez3-3214214dda76d71c739d82c5ddababdd'   itemscope=\"itemscope\" itemtype=\"https:\/\/schema.org\/CreativeWork\" ><div class='avia_textblock'  itemprop=\"text\" ><h2>H\u1ecdc sinh trung h\u1ecdc s\u1ed1ng trong ngh\u00e8o \u0111\u00f3i g\u1eb7p nhi\u1ec1u tr\u1edf ng\u1ea1i cho th\u00e0nh c\u00f4ng trong h\u1ecdc t\u1eadp.<\/h2>\n<p>Social support is critical to helping young adults who are at risk of dropping out, attending alternative schools, or those who have low rates of school attendance excel in school.<\/p>\n<p>Ch\u00fang t\u00f4i gi\u00fap tr\u1ebb v\u1ecb th\u00e0nh ni\u00ean g\u1eb7p kh\u00f3 kh\u0103n tu\u1ed5i t\u1eeb 12 \u0111\u1ebfn 17 c\u1ea3i thi\u1ec7n kh\u1ea3 n\u0103ng t\u1ef1 ki\u1ec3m so\u00e1t c\u1ee7a m\u00ecnh, ph\u00e1t tri\u1ec3n c\u00e1c k\u1ef9 n\u0103ng gi\u1ea3i quy\u1ebft m\u00e2u thu\u1eabn t\u1ed1t h\u01a1n v\u00e0 giao ti\u1ebfp hi\u1ec7u qu\u1ea3 h\u01a1n v\u1edbi ng\u01b0\u1eddi l\u1edbn v\u00e0 b\u1ea1n b\u00e8.<\/p>\n<p>Th\u00f4ng qua c\u00e1c ho\u1ea1t \u0111\u1ed9ng t\u01b0 v\u1ea5n v\u00e0 nh\u00f3m, ch\u00fang t\u00f4i gi\u00fap h\u1ecd c\u1ea3m th\u1ea5y \u0111\u01b0\u1ee3c trao quy\u1ec1n \u0111\u1ec3 tham gia v\u00e0o c\u1ed9ng \u0111\u1ed3ng c\u1ee7a h\u1ecd, khuy\u1ebfn kh\u00edch s\u1ef1 xu\u1ea5t s\u1eafc trong h\u1ecdc t\u1eadp, d\u1ea1y h\u1ecd n\u00f3i &quot;kh\u00f4ng&quot; v\u1edbi nh\u1eefng \u00e1p l\u1ef1c \u0111\u1ed3ng \u0111\u1eb3ng ti\u00eau c\u1ef1c v\u00e0 t\u0103ng c\u01b0\u1eddng l\u00f2ng t\u1ef1 tin c\u1ee7a h\u1ecd.<\/p>\n<div id=\"lipsum\"><\/div>\n<\/div><\/section><br \/>\n\n<style type=\"text\/css\" data-created_by=\"avia_inline_auto\" id=\"style-css-av-7mqr-61eb4168514fd25efe15fc9abd7ca0b2\">\n.av_promobox.av-7mqr-61eb4168514fd25efe15fc9abd7ca0b2{\nbackground:#ffffff;\nborder-color:#333333;\n}\n<\/style>\n<div  class='av_promobox av-7mqr-61eb4168514fd25efe15fc9abd7ca0b2 avia-button-yes  avia-builder-el-5  el_after_av_textblock  avia-builder-el-last'><div class='avia-promocontent'><\/p>\n<p style=\"font-size: 17px;\"><strong>T\u00ecm hi\u1ec3u th\u00eam v\u1ec1 ch\u01b0\u01a1ng tr\u00ecnh c\u1ee7a ch\u00fang t\u00f4i<\/strong>\u00a0by reading Julia &amp; Anna&#8217;s story, twin sisters who\u00a0are now reading, writing, and performing math at their grade level after struggling\u00a0to keep up with their kindergarten classmates in reading and counting skills.<\/p>\n<p>\n<\/div><div  class='avia-button-wrap av-7mqr-710bbce327a6d0b8a7632b5edb5ff1ed-wrap avia-button-right'>\n<style type=\"text\/css\" data-created_by=\"avia_inline_auto\" id=\"style-css-av-7mqr-710bbce327a6d0b8a7632b5edb5ff1ed\">\n#top #wrap_all .avia-button.av-7mqr-710bbce327a6d0b8a7632b5edb5ff1ed{\nbackground-color:#1c3848;\nborder-color:#1c3848;\ncolor:#ffffff;\ntransition:all 0.4s ease-in-out;\n}\n#top #wrap_all .avia-button.av-7mqr-710bbce327a6d0b8a7632b5edb5ff1ed .avia-svg-icon svg:first-child{\nfill:#ffffff;\nstroke:#ffffff;\n}\n<\/style>\n<a href='https:\/\/impactnw.org\/vi\/news\/impact-spotlight-sun-youth-advocacy\/'  class='avia-button av-7mqr-710bbce327a6d0b8a7632b5edb5ff1ed av-link-btn avia-icon_select-no avia-size-large avia-position-right'   aria-label=\"&lt;\/p&gt;&lt;p style=&quot;font-size: 17px;&quot;&gt;T&igrave;m hi\u1ec3u th&ecirc;m&lt;\/p&gt;&lt;p&gt;\"><span class='avia_iconbox_title' ><\/p>\n<p style=\"font-size: 17px;\">T\u00ecm hi\u1ec3u th\u00eam<\/p>\n<p><\/span><\/a><\/div><\/div><\/p><\/div>\n<style type=\"text\/css\" data-created_by=\"avia_inline_auto\" id=\"style-css-av-1lchb-d96585d2bd355996616c1e506e281a1d\">\n.flex_column.av-1lchb-d96585d2bd355996616c1e506e281a1d{\nborder-radius:0px 0px 0px 0px;\npadding:0px 0px 0px 0px;\n}\n<\/style>\n<div  class='flex_column av-1lchb-d96585d2bd355996616c1e506e281a1d av_two_fifth  avia-builder-el-6  el_after_av_three_fifth  avia-builder-el-last  flex_column_div av-zero-column-padding'     ><p>\n<style type=\"text\/css\" data-created_by=\"avia_inline_auto\" id=\"style-css-av-k1v7wtow-f93ef7cdd1eeee11c8c2e11023bca12f\">\n.avia-image-container.av-k1v7wtow-f93ef7cdd1eeee11c8c2e11023bca12f img.avia_image{\nbox-shadow:none;\n}\n.avia-image-container.av-k1v7wtow-f93ef7cdd1eeee11c8c2e11023bca12f .av-image-caption-overlay-center{\ncolor:#ffffff;\n}\n<\/style>\n<div  class='avia-image-container av-k1v7wtow-f93ef7cdd1eeee11c8c2e11023bca12f av-styling- avia-align-center  avia-builder-el-7  el_before_av_promobox  avia-builder-el-first'   itemprop=\"image\" itemscope=\"itemscope\" itemtype=\"https:\/\/schema.org\/ImageObject\" ><div class=\"avia-image-container-inner\"><div class=\"avia-image-overlay-wrap\"><img decoding=\"async\" fetchpriority=\"high\" class='wp-image-9857 avia-img-lazy-loading-not-9857 avia_image' src=\"https:\/\/impactnw.org\/wp-content\/uploads\/2011\/09\/teens.png\" alt='' title='Teens in a group'  height=\"525\" width=\"700\"  itemprop=\"thumbnailUrl\" srcset=\"https:\/\/impactnw.org\/wp-content\/uploads\/2011\/09\/teens.png 700w, https:\/\/impactnw.org\/wp-content\/uploads\/2011\/09\/teens-300x225.png 300w, https:\/\/impactnw.org\/wp-content\/uploads\/2011\/09\/teens-450x338.png 450w\" sizes=\"(max-width: 700px) 100vw, 700px\" \/><\/div><\/div><\/div><br \/>\n\n<style type=\"text\/css\" data-created_by=\"avia_inline_auto\" id=\"style-css-av-wltf-1a86e0e37aeda20a35a513f881135a1b\">\n.av_promobox.av-wltf-1a86e0e37aeda20a35a513f881135a1b{\ncolor:#ffffff;\nbackground:#1c3848;\n}\n<\/style>\n<div  class='av_promobox av-wltf-1a86e0e37aeda20a35a513f881135a1b avia-button-no  avia-builder-el-8  el_after_av_image  avia-builder-el-last'><div class='avia-promocontent'><\/p>\n<h3 style=\"color: #f6bb17; font-weight: bold;\">Ch\u00fang t\u00f4i c\u00f3 th\u1ec3 gi\u00fap b\u1ea1n kh\u00f4ng?<\/h3>\n<p>Xin vui l\u00f2ng g\u1ecdi cho ch\u01b0\u01a1ng tr\u00ecnh SUN Youth Advocacy theo s\u1ed1 (503) 867-2188 \u0111\u1ec3 bi\u1ebft th\u00eam v\u1ec1 c\u00e1c d\u1ecbch v\u1ee5 c\u1ee7a ch\u00fang t\u00f4i. Cu\u1ed9c tr\u00f2 chuy\u1ec7n c\u1ee7a b\u1ea1n s\u1ebd ho\u00e0n to\u00e0n b\u00ed m\u1eadt. N\u1ebfu Impact NW kh\u00f4ng ph\u00f9 h\u1ee3p nh\u1ea5t v\u1edbi b\u1ea1n, ch\u00fang t\u00f4i s\u1ebd gi\u00fap b\u1ea1n k\u1ebft n\u1ed1i v\u1edbi c\u00e1c d\u1ecbch v\u1ee5 b\u1ea1n c\u1ea7n.<\/p>\n<\/div><\/div><\/p><\/div><\/p>","protected":false},"excerpt":{"rendered":"","protected":false},"author":21,"featured_media":0,"parent":57,"menu_order":6,"comment_status":"closed","ping_status":"closed","template":"","meta":{"_monsterinsights_skip_tracking":false,"_monsterinsights_sitenote_active":false,"_monsterinsights_sitenote_note":"","_monsterinsights_sitenote_category":0,"footnotes":"","_links_to":"","_links_to_target":""},"class_list":["post-67","page","type-page","status-publish","hentry"],"yoast_head":"<!-- This site is optimized with the Yoast SEO plugin v27.3 - https:\/\/yoast.com\/product\/yoast-seo-wordpress\/ -->\n<title>SUN Youth Advocacy Program: Support for Troubled Teens &#8211; Impact NW<\/title>\n<meta name=\"description\" content=\"Helping troubled teens improve their self control, develop better conflict resolution skills, and communicate more effectively with adults and peers.\" \/>\n<meta name=\"robots\" content=\"index, follow, max-snippet:-1, max-image-preview:large, max-video-preview:-1\" \/>\n<link rel=\"canonical\" href=\"https:\/\/impactnw.org\/vi\/programs\/youthfamily\/sun-youth-advocacy-program\/\" \/>\n<meta property=\"og:locale\" content=\"vi_VN\" \/>\n<meta property=\"og:type\" content=\"article\" \/>\n<meta property=\"og:title\" content=\"SUN Youth Advocacy Program: Support for Troubled Teens &#8211; Impact NW\" \/>\n<meta property=\"og:description\" content=\"Helping troubled teens improve their self control, develop better conflict resolution skills, and communicate more effectively with adults and peers.\" \/>\n<meta property=\"og:url\" content=\"https:\/\/impactnw.org\/vi\/programs\/youthfamily\/sun-youth-advocacy-program\/\" \/>\n<meta property=\"og:site_name\" content=\"Impact NW\" \/>\n<meta property=\"article:publisher\" content=\"http:\/\/www.facebook.com\/ImpactNWsince1966\" \/>\n<meta property=\"article:modified_time\" content=\"2019-10-17T21:36:58+00:00\" \/>\n<meta name=\"twitter:card\" content=\"summary_large_image\" \/>\n<meta name=\"twitter:site\" content=\"@impactnw\" \/>\n<meta name=\"twitter:label1\" content=\"\u01af\u1edbc t\u00ednh th\u1eddi gian \u0111\u1ecdc\" \/>\n\t<meta name=\"twitter:data1\" content=\"4 ph\u00fat\" \/>\n<script type=\"application\/ld+json\" class=\"yoast-schema-graph\">{\"@context\":\"https:\\\/\\\/schema.org\",\"@graph\":[{\"@type\":\"WebPage\",\"@id\":\"https:\\\/\\\/impactnw.org\\\/programs\\\/youthfamily\\\/sun-youth-advocacy-program\\\/\",\"url\":\"https:\\\/\\\/impactnw.org\\\/programs\\\/youthfamily\\\/sun-youth-advocacy-program\\\/\",\"name\":\"SUN Youth Advocacy Program: Support for Troubled Teens &#8211; Impact NW\",\"isPartOf\":{\"@id\":\"https:\\\/\\\/impactnw.org\\\/#website\"},\"datePublished\":\"2011-09-28T22:39:30+00:00\",\"dateModified\":\"2019-10-17T21:36:58+00:00\",\"description\":\"Helping troubled teens improve their self control, develop better conflict resolution skills, and communicate more effectively with adults and peers.\",\"breadcrumb\":{\"@id\":\"https:\\\/\\\/impactnw.org\\\/programs\\\/youthfamily\\\/sun-youth-advocacy-program\\\/#breadcrumb\"},\"inLanguage\":\"vi\",\"potentialAction\":[{\"@type\":\"ReadAction\",\"target\":[\"https:\\\/\\\/impactnw.org\\\/programs\\\/youthfamily\\\/sun-youth-advocacy-program\\\/\"]}]},{\"@type\":\"BreadcrumbList\",\"@id\":\"https:\\\/\\\/impactnw.org\\\/programs\\\/youthfamily\\\/sun-youth-advocacy-program\\\/#breadcrumb\",\"itemListElement\":[{\"@type\":\"ListItem\",\"position\":1,\"name\":\"Home\",\"item\":\"https:\\\/\\\/impactnw.org\\\/home\\\/\"},{\"@type\":\"ListItem\",\"position\":2,\"name\":\"Programs\",\"item\":\"https:\\\/\\\/impactnw.org\\\/programs\\\/\"},{\"@type\":\"ListItem\",\"position\":3,\"name\":\"Youth &#038; Family Services\",\"item\":\"https:\\\/\\\/impactnw.org\\\/programs\\\/youthfamily\\\/\"},{\"@type\":\"ListItem\",\"position\":4,\"name\":\"SUN Youth Advocacy Program\"}]},{\"@type\":\"WebSite\",\"@id\":\"https:\\\/\\\/impactnw.org\\\/#website\",\"url\":\"https:\\\/\\\/impactnw.org\\\/\",\"name\":\"Impact NW\",\"description\":\"Inspiring Hope. Empowering Independence.\",\"potentialAction\":[{\"@type\":\"SearchAction\",\"target\":{\"@type\":\"EntryPoint\",\"urlTemplate\":\"https:\\\/\\\/impactnw.org\\\/?s={search_term_string}\"},\"query-input\":{\"@type\":\"PropertyValueSpecification\",\"valueRequired\":true,\"valueName\":\"search_term_string\"}}],\"inLanguage\":\"vi\"}]}<\/script>\n<!-- \/ Yoast SEO plugin. -->","yoast_head_json":{"title":"SUN Youth Advocacy Program: Support for Troubled Teens &#8211; Impact NW","description":"Gi\u00fap thanh thi\u1ebfu ni\u00ean g\u1eb7p kh\u00f3 kh\u0103n c\u1ea3i thi\u1ec7n kh\u1ea3 n\u0103ng t\u1ef1 ki\u1ec3m so\u00e1t c\u1ee7a h\u1ecd, ph\u00e1t tri\u1ec3n c\u00e1c k\u1ef9 n\u0103ng gi\u1ea3i quy\u1ebft m\u00e2u thu\u1eabn t\u1ed1t h\u01a1n v\u00e0 giao ti\u1ebfp hi\u1ec7u qu\u1ea3 h\u01a1n v\u1edbi ng\u01b0\u1eddi l\u1edbn v\u00e0 b\u1ea1n b\u00e8.","robots":{"index":"index","follow":"follow","max-snippet":"max-snippet:-1","max-image-preview":"max-image-preview:large","max-video-preview":"max-video-preview:-1"},"canonical":"https:\/\/impactnw.org\/vi\/programs\/youthfamily\/sun-youth-advocacy-program\/","og_locale":"vi_VN","og_type":"article","og_title":"SUN Youth Advocacy Program: Support for Troubled Teens &#8211; Impact NW","og_description":"Helping troubled teens improve their self control, develop better conflict resolution skills, and communicate more effectively with adults and peers.","og_url":"https:\/\/impactnw.org\/vi\/programs\/youthfamily\/sun-youth-advocacy-program\/","og_site_name":"Impact NW","article_publisher":"http:\/\/www.facebook.com\/ImpactNWsince1966","article_modified_time":"2019-10-17T21:36:58+00:00","twitter_card":"summary_large_image","twitter_site":"@impactnw","twitter_misc":{"\u01af\u1edbc t\u00ednh th\u1eddi gian \u0111\u1ecdc":"4 ph\u00fat"},"schema":{"@context":"https:\/\/schema.org","@graph":[{"@type":"WebPage","@id":"https:\/\/impactnw.org\/programs\/youthfamily\/sun-youth-advocacy-program\/","url":"https:\/\/impactnw.org\/programs\/youthfamily\/sun-youth-advocacy-program\/","name":"SUN Youth Advocacy Program: Support for Troubled Teens &#8211; Impact NW","isPartOf":{"@id":"https:\/\/impactnw.org\/#website"},"datePublished":"2011-09-28T22:39:30+00:00","dateModified":"2019-10-17T21:36:58+00:00","description":"Gi\u00fap thanh thi\u1ebfu ni\u00ean g\u1eb7p kh\u00f3 kh\u0103n c\u1ea3i thi\u1ec7n kh\u1ea3 n\u0103ng t\u1ef1 ki\u1ec3m so\u00e1t c\u1ee7a h\u1ecd, ph\u00e1t tri\u1ec3n c\u00e1c k\u1ef9 n\u0103ng gi\u1ea3i quy\u1ebft m\u00e2u thu\u1eabn t\u1ed1t h\u01a1n v\u00e0 giao ti\u1ebfp hi\u1ec7u qu\u1ea3 h\u01a1n v\u1edbi ng\u01b0\u1eddi l\u1edbn v\u00e0 b\u1ea1n b\u00e8.","breadcrumb":{"@id":"https:\/\/impactnw.org\/programs\/youthfamily\/sun-youth-advocacy-program\/#breadcrumb"},"inLanguage":"vi","potentialAction":[{"@type":"ReadAction","target":["https:\/\/impactnw.org\/programs\/youthfamily\/sun-youth-advocacy-program\/"]}]},{"@type":"BreadcrumbList","@id":"https:\/\/impactnw.org\/programs\/youthfamily\/sun-youth-advocacy-program\/#breadcrumb","itemListElement":[{"@type":"ListItem","position":1,"name":"Home","item":"https:\/\/impactnw.org\/home\/"},{"@type":"ListItem","position":2,"name":"Programs","item":"https:\/\/impactnw.org\/programs\/"},{"@type":"ListItem","position":3,"name":"Youth &#038; Family Services","item":"https:\/\/impactnw.org\/programs\/youthfamily\/"},{"@type":"ListItem","position":4,"name":"SUN Youth Advocacy Program"}]},{"@type":"WebSite","@id":"https:\/\/impactnw.org\/#website","url":"https:\/\/impactnw.org\/","name":"T\u00e1c \u0111\u1ed9ng NW","description":"Inspiring Hope. Trao quy\u1ec1n cho \u0111\u1ed9c l\u1eadp.","potentialAction":[{"@type":"SearchAction","target":{"@type":"EntryPoint","urlTemplate":"https:\/\/impactnw.org\/?s={search_term_string}"},"query-input":{"@type":"PropertyValueSpecification","valueRequired":true,"valueName":"search_term_string"}}],"inLanguage":"vi"}]}},"_links":{"self":[{"href":"https:\/\/impactnw.org\/vi\/wp-json\/wp\/v2\/pages\/67","targetHints":{"allow":["GET"]}}],"collection":[{"href":"https:\/\/impactnw.org\/vi\/wp-json\/wp\/v2\/pages"}],"about":[{"href":"https:\/\/impactnw.org\/vi\/wp-json\/wp\/v2\/types\/page"}],"author":[{"embeddable":true,"href":"https:\/\/impactnw.org\/vi\/wp-json\/wp\/v2\/users\/21"}],"replies":[{"embeddable":true,"href":"https:\/\/impactnw.org\/vi\/wp-json\/wp\/v2\/comments?post=67"}],"version-history":[{"count":0,"href":"https:\/\/impactnw.org\/vi\/wp-json\/wp\/v2\/pages\/67\/revisions"}],"up":[{"embeddable":true,"href":"https:\/\/impactnw.org\/vi\/wp-json\/wp\/v2\/pages\/57"}],"wp:attachment":[{"href":"https:\/\/impactnw.org\/vi\/wp-json\/wp\/v2\/media?parent=67"}],"curies":[{"name":"wp","href":"https:\/\/api.w.org\/{rel}","templated":true}]}}