{"id":648,"date":"2011-10-22T20:03:56","date_gmt":"2011-10-22T20:03:56","guid":{"rendered":"http:\/\/dev.impactnw.org\/wp_11_2011\/?page_id=648"},"modified":"2025-01-06T14:34:32","modified_gmt":"2025-01-06T22:34:32","slug":"early-childhood-fathering-project","status":"publish","type":"page","link":"https:\/\/impactnw.org\/vi\/programs\/early-childhood\/early-childhood-fathering-project\/","title":{"rendered":"D\u1ef1 \u00e1n Cha \u0111\u1ebb s\u1edbm"},"content":{"rendered":"<style type=\"text\/css\" data-created_by=\"avia_inline_auto\" id=\"style-css-av-vn2o8-64ea535ff69c40070c0c5c62edd0694e\">\n.flex_column.av-vn2o8-64ea535ff69c40070c0c5c62edd0694e{\nborder-radius:0px 0px 0px 0px;\npadding:0px 0px 0px 0px;\n}\n<\/style>\n<div  class='flex_column av-vn2o8-64ea535ff69c40070c0c5c62edd0694e av_three_fifth  avia-builder-el-0  el_before_av_two_fifth  avia-builder-el-first  first flex_column_div av-zero-column-padding'     ><section  class='av_textblock_section av-pz2jc-50f89fc947383619d0fd7c74ab89d5e7'   itemscope=\"itemscope\" itemtype=\"https:\/\/schema.org\/CreativeWork\" ><div class='avia_textblock'  itemprop=\"text\" ><h1 style=\"line-height: 30px;\">D\u1ef1 \u00e1n Cha \u0111\u1ebb s\u1edbm<\/h1>\n<h2 style=\"line-height: 30px;\">Cha l\u00e0 m\u1ed9t ph\u1ea7n quan tr\u1ecdng trong cu\u1ed9c s\u1ed1ng c\u1ee7a tr\u1ebb v\u00e0 \u0111\u00f3ng m\u1ed9t vai tr\u00f2 quan tr\u1ecdng trong vi\u1ec7c ph\u00e1t tri\u1ec3n tr\u1ebb kh\u1ecfe m\u1ea1nh.<\/h2>\n<p>Ch\u01b0\u01a1ng tr\u00ecnh c\u1ee7a ch\u00fang t\u00f4i t\u1ed5 ch\u1ee9c c\u00e1c nh\u00f3m t\u01b0\u01a1ng t\u00e1c gi\u1eefa cha v\u00e0 con h\u00e0ng tu\u1ea7n, c\u00e1c cu\u1ed9c h\u1ed9i th\u1ea3o h\u00e0ng th\u00e1ng c\u1ee7a c\u00e1c b\u1eadc cha m\u1eb9, v\u00e0 c\u00e1c chuy\u1ebfn \u0111i ch\u01a1i h\u00e0ng th\u00e1ng ch\u1ec9 cho cha m\u1eb9 v\u00e0 con c\u00e1i. Ch\u00fang t\u00f4i l\u00e0m vi\u1ec7c \u0111\u1ec3 n\u00e2ng cao s\u1ef1 t\u1ef1 tin, n\u0103ng l\u1ef1c v\u00e0 s\u1ef1 t\u1ef1 tin c\u1ee7a cha, v\u00e0 gi\u00fap k\u1ebft n\u1ed1i ch\u00fang v\u1edbi nh\u1eefng ng\u01b0\u1eddi cha v\u00e0 c\u1ed9ng \u0111\u1ed3ng c\u1ee7a h\u1ecd. T\u1ea5t c\u1ea3 c\u00e1c d\u1ecbch v\u1ee5 \u0111\u01b0\u1ee3c cung c\u1ea5p <strong>for dads<\/strong> are provided <strong>by dads<\/strong>.<\/p>\n<p>Th\u00f4ng qua s\u1ef1 h\u1ed7 tr\u1ee3 t\u00e0i ch\u00ednh th\u00f4ng qua Qu\u1ef9 U\u1ef7 th\u00e1c Tr\u1ebb em Oregon v\u00e0 s\u1ef1 h\u1ed7 tr\u1ee3 li\u00ean t\u1ee5c t\u1eeb c\u00e1c t\u1ed5 ch\u1ee9c t\u00ecnh nguy\u1ec7n, Nh\u00f3m Community Dads c\u1ee7a ch\u00fang t\u00f4i \u0111\u00e3 h\u1ecdp h\u00e0ng tu\u1ea7n t\u1eeb n\u0103m 2009. \u0110\u1eb7c bi\u1ec7t c\u1ea3m \u01a1n Pizza Pizza c\u1ee7a Papa Murphy \u0111\u00e3 gi\u00fap gia \u0111\u00ecnh ch\u00fang t\u00f4i \u0103n t\u1ed1i m\u1ed7i tu\u1ea7n.<\/p>\n<\/div><\/section><\/div>\n\n<style type=\"text\/css\" data-created_by=\"avia_inline_auto\" id=\"style-css-av-1xz0o-bcced2d79751c8e80f33831206f123a2\">\n.flex_column.av-1xz0o-bcced2d79751c8e80f33831206f123a2{\nborder-radius:0px 0px 0px 0px;\npadding:0px 0px 0px 0px;\n}\n<\/style>\n<div  class='flex_column av-1xz0o-bcced2d79751c8e80f33831206f123a2 av_two_fifth  avia-builder-el-2  el_after_av_three_fifth  avia-builder-el-last  flex_column_div av-zero-column-padding'     ><p>\n<style type=\"text\/css\" data-created_by=\"avia_inline_auto\" id=\"style-css-av-fywhk-1d6599a0284c479b1c35835c8d2c0eaf\">\n.avia-image-container.av-fywhk-1d6599a0284c479b1c35835c8d2c0eaf img.avia_image{\nbox-shadow:none;\n}\n.avia-image-container.av-fywhk-1d6599a0284c479b1c35835c8d2c0eaf .av-image-caption-overlay-center{\ncolor:#ffffff;\n}\n<\/style>\n<div  class='avia-image-container av-fywhk-1d6599a0284c479b1c35835c8d2c0eaf av-styling- avia-align-center  avia-builder-el-3  el_before_av_promobox  avia-builder-el-first'   itemprop=\"image\" itemscope=\"itemscope\" itemtype=\"https:\/\/schema.org\/ImageObject\" ><div class=\"avia-image-container-inner\"><div class=\"avia-image-overlay-wrap\"><img decoding=\"async\" fetchpriority=\"high\" class='wp-image-9818 avia-img-lazy-loading-not-9818 avia_image' src=\"https:\/\/impactnw.org\/wp-content\/uploads\/2011\/10\/273792_RMHC_Friends_Family_Chicago_ILMCD_1388.jpg\" alt='D\u1ef1 \u00e1n Cha \u0111\u1ebb c\u1ee7a Tr\u1ebb em \u1ea2nh h\u01b0\u1edfng NW' title='D\u1ef1 \u00e1n Cha \u0111\u1ebb c\u1ee7a Tr\u1ebb em \u1ea2nh h\u01b0\u1edfng NW'  height=\"683\" width=\"1024\"  itemprop=\"thumbnailUrl\" srcset=\"https:\/\/impactnw.org\/wp-content\/uploads\/2011\/10\/273792_RMHC_Friends_Family_Chicago_ILMCD_1388.jpg 1024w, https:\/\/impactnw.org\/wp-content\/uploads\/2011\/10\/273792_RMHC_Friends_Family_Chicago_ILMCD_1388-300x200.jpg 300w, https:\/\/impactnw.org\/wp-content\/uploads\/2011\/10\/273792_RMHC_Friends_Family_Chicago_ILMCD_1388-768x512.jpg 768w, https:\/\/impactnw.org\/wp-content\/uploads\/2011\/10\/273792_RMHC_Friends_Family_Chicago_ILMCD_1388-705x470.jpg 705w, https:\/\/impactnw.org\/wp-content\/uploads\/2011\/10\/273792_RMHC_Friends_Family_Chicago_ILMCD_1388-450x300.jpg 450w\" sizes=\"(max-width: 1024px) 100vw, 1024px\" \/><\/div><\/div><\/div><br \/>\n\n<style type=\"text\/css\" data-created_by=\"avia_inline_auto\" id=\"style-css-av-antmo-9f83a04e456a767e421560e27fe642f2\">\n.av_promobox.av-antmo-9f83a04e456a767e421560e27fe642f2{\ncolor:#ffffff;\nbackground:#1c3848;\n}\n<\/style>\n<div  class='av_promobox av-antmo-9f83a04e456a767e421560e27fe642f2 avia-button-no  avia-builder-el-4  el_after_av_image  avia-builder-el-last'><div class='avia-promocontent'><\/p>\n<h3 style=\"color: #f6bb17; font-weight: bold;\">Ch\u00fang t\u00f4i c\u00f3 th\u1ec3 gi\u00fap b\u1ea1n kh\u00f4ng?<\/h3>\n<p>Please contact our Early Childhood Assistant Director Mariana Bonham at <u><a href=\"mailto:mbonham@impactnw.org\" target=\"_blank\" rel=\"noopener\"><span style=\"color: #ffffff;\">mbonham@impactnw.org<\/span><\/a><\/u> or call <a href=\"tel:5037216766\"><span style=\"color: #ffffff;\"><u>(503) 721-6766<\/u><\/span><\/a> to learn more about our range of services.<\/p>\n<\/div><\/div><\/p><\/div>","protected":false},"excerpt":{"rendered":"","protected":false},"author":21,"featured_media":0,"parent":51,"menu_order":3,"comment_status":"closed","ping_status":"closed","template":"","meta":{"_monsterinsights_skip_tracking":false,"_monsterinsights_sitenote_active":false,"_monsterinsights_sitenote_note":"","_monsterinsights_sitenote_category":0,"footnotes":"","_links_to":"","_links_to_target":""},"class_list":["post-648","page","type-page","status-publish","hentry"],"yoast_head":"<!-- This site is optimized with the Yoast SEO plugin v27.4 - https:\/\/yoast.com\/product\/yoast-seo-wordpress\/ -->\n<title>Early Childhood Fathering Project &#8211; Impact NW<\/title>\n<meta name=\"robots\" content=\"index, follow, max-snippet:-1, max-image-preview:large, max-video-preview:-1\" \/>\n<link rel=\"canonical\" href=\"https:\/\/impactnw.org\/vi\/programs\/early-childhood\/early-childhood-fathering-project\/\" \/>\n<meta property=\"og:locale\" content=\"vi_VN\" \/>\n<meta property=\"og:type\" content=\"article\" \/>\n<meta property=\"og:title\" content=\"Early Childhood Fathering Project &#8211; Impact NW\" \/>\n<meta property=\"og:url\" content=\"https:\/\/impactnw.org\/vi\/programs\/early-childhood\/early-childhood-fathering-project\/\" \/>\n<meta property=\"og:site_name\" content=\"Impact NW\" \/>\n<meta property=\"article:publisher\" content=\"http:\/\/www.facebook.com\/ImpactNWsince1966\" \/>\n<meta property=\"article:modified_time\" content=\"2025-01-06T22:34:32+00:00\" \/>\n<meta name=\"twitter:card\" content=\"summary_large_image\" \/>\n<meta name=\"twitter:site\" content=\"@impactnw\" \/>\n<meta name=\"twitter:label1\" content=\"\u01af\u1edbc t\u00ednh th\u1eddi gian \u0111\u1ecdc\" \/>\n\t<meta name=\"twitter:data1\" content=\"1 ph\u00fat\" \/>\n<script type=\"application\/ld+json\" class=\"yoast-schema-graph\">{\"@context\":\"https:\\\/\\\/schema.org\",\"@graph\":[{\"@type\":\"WebPage\",\"@id\":\"https:\\\/\\\/impactnw.org\\\/programs\\\/early-childhood\\\/early-childhood-fathering-project\\\/\",\"url\":\"https:\\\/\\\/impactnw.org\\\/programs\\\/early-childhood\\\/early-childhood-fathering-project\\\/\",\"name\":\"Early Childhood Fathering Project &#8211; Impact NW\",\"isPartOf\":{\"@id\":\"https:\\\/\\\/impactnw.org\\\/#website\"},\"datePublished\":\"2011-10-22T20:03:56+00:00\",\"dateModified\":\"2025-01-06T22:34:32+00:00\",\"breadcrumb\":{\"@id\":\"https:\\\/\\\/impactnw.org\\\/programs\\\/early-childhood\\\/early-childhood-fathering-project\\\/#breadcrumb\"},\"inLanguage\":\"vi\",\"potentialAction\":[{\"@type\":\"ReadAction\",\"target\":[\"https:\\\/\\\/impactnw.org\\\/programs\\\/early-childhood\\\/early-childhood-fathering-project\\\/\"]}]},{\"@type\":\"BreadcrumbList\",\"@id\":\"https:\\\/\\\/impactnw.org\\\/programs\\\/early-childhood\\\/early-childhood-fathering-project\\\/#breadcrumb\",\"itemListElement\":[{\"@type\":\"ListItem\",\"position\":1,\"name\":\"Home\",\"item\":\"https:\\\/\\\/impactnw.org\\\/home\\\/\"},{\"@type\":\"ListItem\",\"position\":2,\"name\":\"Programs\",\"item\":\"https:\\\/\\\/impactnw.org\\\/programs\\\/\"},{\"@type\":\"ListItem\",\"position\":3,\"name\":\"Early Childhood Services\",\"item\":\"https:\\\/\\\/impactnw.org\\\/programs\\\/early-childhood\\\/\"},{\"@type\":\"ListItem\",\"position\":4,\"name\":\"Early Childhood Fathering Project\"}]},{\"@type\":\"WebSite\",\"@id\":\"https:\\\/\\\/impactnw.org\\\/#website\",\"url\":\"https:\\\/\\\/impactnw.org\\\/\",\"name\":\"Impact NW\",\"description\":\"Inspiring Hope. Empowering Independence.\",\"potentialAction\":[{\"@type\":\"SearchAction\",\"target\":{\"@type\":\"EntryPoint\",\"urlTemplate\":\"https:\\\/\\\/impactnw.org\\\/?s={search_term_string}\"},\"query-input\":{\"@type\":\"PropertyValueSpecification\",\"valueRequired\":true,\"valueName\":\"search_term_string\"}}],\"inLanguage\":\"vi\"}]}<\/script>\n<!-- \/ Yoast SEO plugin. -->","yoast_head_json":{"title":"Early Childhood Fathering Project &#8211; Impact NW","robots":{"index":"index","follow":"follow","max-snippet":"max-snippet:-1","max-image-preview":"max-image-preview:large","max-video-preview":"max-video-preview:-1"},"canonical":"https:\/\/impactnw.org\/vi\/programs\/early-childhood\/early-childhood-fathering-project\/","og_locale":"vi_VN","og_type":"article","og_title":"Early Childhood Fathering Project &#8211; Impact NW","og_url":"https:\/\/impactnw.org\/vi\/programs\/early-childhood\/early-childhood-fathering-project\/","og_site_name":"Impact NW","article_publisher":"http:\/\/www.facebook.com\/ImpactNWsince1966","article_modified_time":"2025-01-06T22:34:32+00:00","twitter_card":"summary_large_image","twitter_site":"@impactnw","twitter_misc":{"\u01af\u1edbc t\u00ednh th\u1eddi gian \u0111\u1ecdc":"1 ph\u00fat"},"schema":{"@context":"https:\/\/schema.org","@graph":[{"@type":"WebPage","@id":"https:\/\/impactnw.org\/programs\/early-childhood\/early-childhood-fathering-project\/","url":"https:\/\/impactnw.org\/programs\/early-childhood\/early-childhood-fathering-project\/","name":"Early Childhood Fathering Project &#8211; Impact NW","isPartOf":{"@id":"https:\/\/impactnw.org\/#website"},"datePublished":"2011-10-22T20:03:56+00:00","dateModified":"2025-01-06T22:34:32+00:00","breadcrumb":{"@id":"https:\/\/impactnw.org\/programs\/early-childhood\/early-childhood-fathering-project\/#breadcrumb"},"inLanguage":"vi","potentialAction":[{"@type":"ReadAction","target":["https:\/\/impactnw.org\/programs\/early-childhood\/early-childhood-fathering-project\/"]}]},{"@type":"BreadcrumbList","@id":"https:\/\/impactnw.org\/programs\/early-childhood\/early-childhood-fathering-project\/#breadcrumb","itemListElement":[{"@type":"ListItem","position":1,"name":"Home","item":"https:\/\/impactnw.org\/home\/"},{"@type":"ListItem","position":2,"name":"Programs","item":"https:\/\/impactnw.org\/programs\/"},{"@type":"ListItem","position":3,"name":"Early Childhood Services","item":"https:\/\/impactnw.org\/programs\/early-childhood\/"},{"@type":"ListItem","position":4,"name":"Early Childhood Fathering Project"}]},{"@type":"WebSite","@id":"https:\/\/impactnw.org\/#website","url":"https:\/\/impactnw.org\/","name":"T\u00e1c \u0111\u1ed9ng NW","description":"Inspiring Hope. Trao quy\u1ec1n cho \u0111\u1ed9c l\u1eadp.","potentialAction":[{"@type":"SearchAction","target":{"@type":"EntryPoint","urlTemplate":"https:\/\/impactnw.org\/?s={search_term_string}"},"query-input":{"@type":"PropertyValueSpecification","valueRequired":true,"valueName":"search_term_string"}}],"inLanguage":"vi"}]}},"_links":{"self":[{"href":"https:\/\/impactnw.org\/vi\/wp-json\/wp\/v2\/pages\/648","targetHints":{"allow":["GET"]}}],"collection":[{"href":"https:\/\/impactnw.org\/vi\/wp-json\/wp\/v2\/pages"}],"about":[{"href":"https:\/\/impactnw.org\/vi\/wp-json\/wp\/v2\/types\/page"}],"author":[{"embeddable":true,"href":"https:\/\/impactnw.org\/vi\/wp-json\/wp\/v2\/users\/21"}],"replies":[{"embeddable":true,"href":"https:\/\/impactnw.org\/vi\/wp-json\/wp\/v2\/comments?post=648"}],"version-history":[{"count":4,"href":"https:\/\/impactnw.org\/vi\/wp-json\/wp\/v2\/pages\/648\/revisions"}],"predecessor-version":[{"id":20922,"href":"https:\/\/impactnw.org\/vi\/wp-json\/wp\/v2\/pages\/648\/revisions\/20922"}],"up":[{"embeddable":true,"href":"https:\/\/impactnw.org\/vi\/wp-json\/wp\/v2\/pages\/51"}],"wp:attachment":[{"href":"https:\/\/impactnw.org\/vi\/wp-json\/wp\/v2\/media?parent=648"}],"curies":[{"name":"wp","href":"https:\/\/api.w.org\/{rel}","templated":true}]}}