{"id":6457,"date":"2015-07-10T09:18:54","date_gmt":"2015-07-10T16:18:54","guid":{"rendered":"http:\/\/dev.impactnw.org\/?page_id=6457"},"modified":"2023-10-27T11:26:06","modified_gmt":"2023-10-27T18:26:06","slug":"gik","status":"publish","type":"page","link":"https:\/\/impactnw.org\/vi\/gik\/","title":{"rendered":"Trang chuy\u1ec3n ti\u1ebfp qu\u00e0 t\u1eb7ng b\u1eb1ng hi\u1ec7n v\u1eadt"},"content":{"rendered":"<form action=\"https:\/\/impactnw.org\/vi\/gik\/\" method=\"post\" data-fields-with-error=\"Found errors in the following field(s):\" class=\"avia_ajax_form av-form-labels-visible   avia-builder-el-0  avia-builder-el-no-sibling\" data-avia-form-id=\"1\" data-avia-redirect='' data-trp-original-action=\"https:\/\/impactnw.org\/vi\/gik\/\" ><h3 class=''>M\u1eabu qu\u00e0 t\u1eb7ng d\u01b0\u1edbi d\u1ea1ng<\/h3><fieldset><p class='first_form  form_element form_element_half' id='element_avia_1_1'><label for=\"avia_1_1\">T\u00ean nh\u00e0 t\u00e0i tr\u1ee3: \u0110\u1ea7u ti\u00ean <abbr class=\"required\" title=\"required\">*<\/abbr><\/label> <input name=\"avia_1_1\" class=\"text_input is_empty\" type=\"text\" id=\"avia_1_1\" value=\"\" \/><\/p><p class='form_element form_element_half' id='element_avia_2_1'><label for=\"avia_2_1\">T\u00ean nh\u00e0 t\u00e0i tr\u1ee3: Cu\u1ed1i c\u00f9ng <abbr class=\"required\" title=\"required\">*<\/abbr><\/label> <input name=\"avia_2_1\" class=\"text_input is_empty\" type=\"text\" id=\"avia_2_1\" value=\"\" \/><\/p><p class='first_form  form_element form_fullwidth' id='element_avia_3_1'><label for=\"avia_3_1\">T\u00ean c\u00f4ng ty<\/label> <input name=\"avia_3_1\" class=\"text_input\" type=\"text\" id=\"avia_3_1\" value=\"\" \/><\/p><p class='first_form  form_element form_fullwidth' id='element_avia_4_1'><label for=\"avia_4_1\">D\u00f2ng \u0110\u1ecba ch\u1ec9 1 <abbr class=\"required\" title=\"required\">*<\/abbr><\/label> <input name=\"avia_4_1\" class=\"text_input is_empty\" type=\"text\" id=\"avia_4_1\" value=\"\" \/><\/p><p class='first_form  form_element form_fullwidth' id='element_avia_5_1'><label for=\"avia_5_1\">\u0110\u1ecba ch\u1ec9 2<\/label> <input name=\"avia_5_1\" class=\"text_input\" type=\"text\" id=\"avia_5_1\" value=\"\" \/><\/p><p class='first_form  form_element form_element_half' id='element_avia_6_1'><label for=\"avia_6_1\">Th\u00e0nh ph\u1ed1 <abbr class=\"required\" title=\"required\">*<\/abbr><\/label> <input name=\"avia_6_1\" class=\"text_input is_empty\" type=\"text\" id=\"avia_6_1\" value=\"\" \/><\/p><p class='form_element form_element_half' id='element_avia_7_1'><label for=\"avia_7_1\">Ti\u1ec3u bang \/ Provence \/ V\u00f9ng <abbr class=\"required\" title=\"required\">*<\/abbr><\/label> <input name=\"avia_7_1\" class=\"text_input is_empty\" type=\"text\" id=\"avia_7_1\" value=\"\" \/><\/p><p class='first_form  form_element form_element_half' id='element_avia_8_1'><label for=\"avia_8_1\">M\u00e3 b\u01b0u \u0111i\u1ec7n <abbr class=\"required\" title=\"required\">*<\/abbr><\/label> <input name=\"avia_8_1\" class=\"text_input is_empty\" type=\"text\" id=\"avia_8_1\" value=\"\" \/><\/p><p class='form_element form_element_half' id='element_avia_9_1'><label for=\"avia_9_1\">Qu\u1ed1c gia <abbr class=\"required\" title=\"required\">*<\/abbr><\/label> <input name=\"avia_9_1\" class=\"text_input is_empty\" type=\"text\" id=\"avia_9_1\" value=\"\" \/><\/p><p class='first_form  form_element form_element_half' id='element_avia_10_1'><label for=\"avia_10_1\">E-mail<\/label> <input name=\"avia_10_1\" class=\"text_input\" type=\"text\" id=\"avia_10_1\" value=\"\" \/><\/p><p class='form_element form_element_half' id='element_avia_11_1'><label for=\"avia_11_1\">S\u1ed1 \u0111i\u1ec7n tho\u1ea1i<\/label> <input name=\"avia_11_1\" class=\"text_input\" type=\"text\" id=\"avia_11_1\" value=\"\" \/><\/p><p class='first_form  form_element form_fullwidth' id='element_avia_12_1'><label for=\"avia_12_1\" class=\"textare_label hidden textare_label_avia_12_1\">M\u00f4 t\u1ea3 Kho\u1ea3n \u0110\u00f3ng g\u00f3p<\/label><textarea  name=\"avia_12_1\" class=\"text_area\" cols=\"40\" rows=\"7\" id=\"avia_12_1\" ><\/textarea><\/p><p class='first_form  form_element form_element_half' id='element_avia_13_1'><label for=\"avia_13_1\">Gi\u00e1 tr\u1ecb \u01af\u1edbc t\u00ednh ($) <abbr class=\"required\" title=\"required\">*<\/abbr><\/label> <input name=\"avia_13_1\" class=\"text_input is_empty\" type=\"text\" id=\"avia_13_1\" value=\"\" \/><\/p><p class='form_element form_element_half' id='element_avia_14_1'><label for=\"avia_14_1\">Ch\u01b0\u01a1ng tr\u00ecnh d\u1ef1 ki\u1ebfn \u200b\u200b(n\u1ebfu c\u00f3)<\/label> <input name=\"avia_14_1\" class=\"text_input\" type=\"text\" id=\"avia_14_1\" value=\"\" \/><\/p><p class='first_form  form_element form_fullwidth av-last-visible-form-element' id='element_avia_15_1'><label for=\"avia_15_1\">T\u00e0i tr\u1ee3 nh\u1eadn \u0111\u01b0\u1ee3c <abbr class=\"required\" title=\"required\">*<\/abbr><\/label> <input name=\"avia_15_1\" class=\"text_input is_empty\" type=\"text\" id=\"avia_15_1\" value=\"\" \/><\/p><p class=\"hidden\"><input type=\"text\" name=\"avia_16_1\" class=\"hidden\" id=\"avia_16_1\" value=\"\" \/><\/p><p class=\"form_element\"><input type=\"hidden\" value=\"1\" name=\"avia_generated_form1\" \/><input type=\"submit\" value=\"G\u1eedi \u0111i\" class=\"button\"  data-sending-label=\"Sending\"\/><\/p><\/fieldset><input type=\"hidden\" name=\"trp-form-language\" value=\"vi\"\/><\/form><div id=\"ajaxresponse_1\" class=\"ajaxresponse ajaxresponse_1 hidden\"><\/div>","protected":false},"excerpt":{"rendered":"","protected":false},"author":21,"featured_media":0,"parent":0,"menu_order":15,"comment_status":"closed","ping_status":"closed","template":"","meta":{"_monsterinsights_skip_tracking":false,"_monsterinsights_sitenote_active":false,"_monsterinsights_sitenote_note":"","_monsterinsights_sitenote_category":0,"footnotes":"","_links_to":"","_links_to_target":""},"class_list":["post-6457","page","type-page","status-publish","hentry"],"yoast_head":"<!-- This site is optimized with the Yoast SEO plugin v27.4 - https:\/\/yoast.com\/product\/yoast-seo-wordpress\/ -->\n<title>Gift-In-Kind Transmittal Page &#8211; Impact NW<\/title>\n<meta name=\"robots\" content=\"index, follow, max-snippet:-1, max-image-preview:large, max-video-preview:-1\" \/>\n<link rel=\"canonical\" href=\"https:\/\/impactnw.org\/vi\/gik\/\" \/>\n<meta property=\"og:locale\" content=\"vi_VN\" \/>\n<meta property=\"og:type\" content=\"article\" \/>\n<meta property=\"og:title\" content=\"Gift-In-Kind Transmittal Page &#8211; Impact NW\" \/>\n<meta property=\"og:url\" content=\"https:\/\/impactnw.org\/vi\/gik\/\" \/>\n<meta property=\"og:site_name\" content=\"Impact NW\" \/>\n<meta property=\"article:publisher\" content=\"http:\/\/www.facebook.com\/ImpactNWsince1966\" \/>\n<meta property=\"article:modified_time\" content=\"2023-10-27T18:26:06+00:00\" \/>\n<meta name=\"twitter:card\" content=\"summary_large_image\" \/>\n<meta name=\"twitter:site\" content=\"@impactnw\" \/>\n<meta name=\"twitter:label1\" content=\"\u01af\u1edbc t\u00ednh th\u1eddi gian \u0111\u1ecdc\" \/>\n\t<meta name=\"twitter:data1\" content=\"1 ph\u00fat\" \/>\n<script type=\"application\/ld+json\" class=\"yoast-schema-graph\">{\"@context\":\"https:\\\/\\\/schema.org\",\"@graph\":[{\"@type\":\"WebPage\",\"@id\":\"https:\\\/\\\/impactnw.org\\\/gik\\\/\",\"url\":\"https:\\\/\\\/impactnw.org\\\/gik\\\/\",\"name\":\"Gift-In-Kind Transmittal Page &#8211; Impact NW\",\"isPartOf\":{\"@id\":\"https:\\\/\\\/impactnw.org\\\/#website\"},\"datePublished\":\"2015-07-10T16:18:54+00:00\",\"dateModified\":\"2023-10-27T18:26:06+00:00\",\"breadcrumb\":{\"@id\":\"https:\\\/\\\/impactnw.org\\\/gik\\\/#breadcrumb\"},\"inLanguage\":\"vi\",\"potentialAction\":[{\"@type\":\"ReadAction\",\"target\":[\"https:\\\/\\\/impactnw.org\\\/gik\\\/\"]}]},{\"@type\":\"BreadcrumbList\",\"@id\":\"https:\\\/\\\/impactnw.org\\\/gik\\\/#breadcrumb\",\"itemListElement\":[{\"@type\":\"ListItem\",\"position\":1,\"name\":\"Home\",\"item\":\"https:\\\/\\\/impactnw.org\\\/home\\\/\"},{\"@type\":\"ListItem\",\"position\":2,\"name\":\"Gift-In-Kind Transmittal Page\"}]},{\"@type\":\"WebSite\",\"@id\":\"https:\\\/\\\/impactnw.org\\\/#website\",\"url\":\"https:\\\/\\\/impactnw.org\\\/\",\"name\":\"Impact NW\",\"description\":\"Inspiring Hope. Empowering Independence.\",\"potentialAction\":[{\"@type\":\"SearchAction\",\"target\":{\"@type\":\"EntryPoint\",\"urlTemplate\":\"https:\\\/\\\/impactnw.org\\\/?s={search_term_string}\"},\"query-input\":{\"@type\":\"PropertyValueSpecification\",\"valueRequired\":true,\"valueName\":\"search_term_string\"}}],\"inLanguage\":\"vi\"}]}<\/script>\n<!-- \/ Yoast SEO plugin. -->","yoast_head_json":{"title":"Gift-In-Kind Transmittal Page &#8211; Impact NW","robots":{"index":"index","follow":"follow","max-snippet":"max-snippet:-1","max-image-preview":"max-image-preview:large","max-video-preview":"max-video-preview:-1"},"canonical":"https:\/\/impactnw.org\/vi\/gik\/","og_locale":"vi_VN","og_type":"article","og_title":"Gift-In-Kind Transmittal Page &#8211; Impact NW","og_url":"https:\/\/impactnw.org\/vi\/gik\/","og_site_name":"Impact NW","article_publisher":"http:\/\/www.facebook.com\/ImpactNWsince1966","article_modified_time":"2023-10-27T18:26:06+00:00","twitter_card":"summary_large_image","twitter_site":"@impactnw","twitter_misc":{"\u01af\u1edbc t\u00ednh th\u1eddi gian \u0111\u1ecdc":"1 ph\u00fat"},"schema":{"@context":"https:\/\/schema.org","@graph":[{"@type":"WebPage","@id":"https:\/\/impactnw.org\/gik\/","url":"https:\/\/impactnw.org\/gik\/","name":"Gift-In-Kind Transmittal Page &#8211; Impact NW","isPartOf":{"@id":"https:\/\/impactnw.org\/#website"},"datePublished":"2015-07-10T16:18:54+00:00","dateModified":"2023-10-27T18:26:06+00:00","breadcrumb":{"@id":"https:\/\/impactnw.org\/gik\/#breadcrumb"},"inLanguage":"vi","potentialAction":[{"@type":"ReadAction","target":["https:\/\/impactnw.org\/gik\/"]}]},{"@type":"BreadcrumbList","@id":"https:\/\/impactnw.org\/gik\/#breadcrumb","itemListElement":[{"@type":"ListItem","position":1,"name":"Home","item":"https:\/\/impactnw.org\/home\/"},{"@type":"ListItem","position":2,"name":"Gift-In-Kind Transmittal Page"}]},{"@type":"WebSite","@id":"https:\/\/impactnw.org\/#website","url":"https:\/\/impactnw.org\/","name":"T\u00e1c \u0111\u1ed9ng NW","description":"Inspiring Hope. Trao quy\u1ec1n cho \u0111\u1ed9c l\u1eadp.","potentialAction":[{"@type":"SearchAction","target":{"@type":"EntryPoint","urlTemplate":"https:\/\/impactnw.org\/?s={search_term_string}"},"query-input":{"@type":"PropertyValueSpecification","valueRequired":true,"valueName":"search_term_string"}}],"inLanguage":"vi"}]}},"_links":{"self":[{"href":"https:\/\/impactnw.org\/vi\/wp-json\/wp\/v2\/pages\/6457","targetHints":{"allow":["GET"]}}],"collection":[{"href":"https:\/\/impactnw.org\/vi\/wp-json\/wp\/v2\/pages"}],"about":[{"href":"https:\/\/impactnw.org\/vi\/wp-json\/wp\/v2\/types\/page"}],"author":[{"embeddable":true,"href":"https:\/\/impactnw.org\/vi\/wp-json\/wp\/v2\/users\/21"}],"replies":[{"embeddable":true,"href":"https:\/\/impactnw.org\/vi\/wp-json\/wp\/v2\/comments?post=6457"}],"version-history":[{"count":2,"href":"https:\/\/impactnw.org\/vi\/wp-json\/wp\/v2\/pages\/6457\/revisions"}],"predecessor-version":[{"id":17522,"href":"https:\/\/impactnw.org\/vi\/wp-json\/wp\/v2\/pages\/6457\/revisions\/17522"}],"wp:attachment":[{"href":"https:\/\/impactnw.org\/vi\/wp-json\/wp\/v2\/media?parent=6457"}],"curies":[{"name":"wp","href":"https:\/\/api.w.org\/{rel}","templated":true}]}}