{"id":6281,"date":"2015-05-28T16:40:36","date_gmt":"2015-05-28T23:40:36","guid":{"rendered":"http:\/\/dev.impactnw.org\/?page_id=6281"},"modified":"2019-10-16T16:43:16","modified_gmt":"2019-10-16T23:43:16","slug":"spotlights","status":"publish","type":"page","link":"https:\/\/impactnw.org\/vi\/spotlights\/","title":{"rendered":"\u0110\u00e8n s\u00e2n kh\u1ea5u"},"content":{"rendered":"<section  class='av_textblock_section av-av_textblock-0366cc7376be6c9e82a3e9cc8987b64f'   itemscope=\"itemscope\" itemtype=\"https:\/\/schema.org\/CreativeWork\" ><div class='avia_textblock'  itemprop=\"text\" ><h1>T\u00e1c \u0111\u1ed9ng NW \u0110i\u1ec3m \u0111\u00e8n s\u00e2n kh\u1ea5u<\/h1>\n<p>T\u00e1c \u0111\u1ed9ng NW xu\u1ea5t b\u1ea3n c\u00e1c h\u1ed3 s\u01a1 th\u00f4ng th\u01b0\u1eddng \u0111\u1ec3 gi\u00fap th\u00fac \u0111\u1ea9y m\u1ed1i li\u00ean h\u1ec7 ch\u1eb7t ch\u1ebd h\u01a1n gi\u1eefa nh\u00e2n vi\u00ean, t\u00ecnh nguy\u1ec7n vi\u00ean, nh\u00e0 t\u00e0i tr\u1ee3, kh\u00e1ch h\u00e0ng v\u00e0 c\u00e1c \u0111\u1ed1i t\u00e1c c\u1ed9ng \u0111\u1ed3ng. C\u00e1c h\u1ed3 s\u01a1 \u0111\u01b0\u1ee3c t\u1ea1o ra v\u00ec l\u1ee3i \u00edch c\u1ee7a vi\u1ec7c chia s\u1ebb s\u1ef1 \u0111a d\u1ea1ng v\u1ec1 ngu\u1ed3n g\u1ed1c v\u00e0 kinh nghi\u1ec7m th\u1ec3 hi\u1ec7n b\u1edfi t\u1ed5 ch\u1ee9c. T\u00e1c \u0111\u1ed9ng l\u00ean c\u00e1c gi\u00e1 tr\u1ecb ph\u01b0\u01a1ng T\u00e2y v\u00e0 t\u1ea1o c\u01a1 h\u1ed9i cho c\u00e1c c\u00e1 nh\u00e2n h\u1ecdc h\u1ecfi l\u1eabn nhau.<\/p>\n<\/div><\/section>\n<div  data-slideshow-options=\"{&quot;animation&quot;:&quot;fade&quot;,&quot;autoplay&quot;:false,&quot;loop_autoplay&quot;:&quot;once&quot;,&quot;interval&quot;:5,&quot;loop_manual&quot;:&quot;manual-endless&quot;,&quot;autoplay_stopper&quot;:false,&quot;noNavigation&quot;:false,&quot;show_slide_delay&quot;:90}\" class='avia-content-slider avia-content-grid-active avia-content-slider1 avia-content-slider-odd  avia-builder-el-1  el_after_av_textblock  avia-builder-el-last  av-slideshow-ui av-control-default   av-no-slider-navigation av-slideshow-manual av-loop-once av-loop-manual-endless'  itemscope=\"itemscope\" itemtype=\"https:\/\/schema.org\/Blog\" ><div class=\"avia-content-slider-inner\"><div class=\"slide-entry-wrap\"><article class='slide-entry flex_column  post-entry post-entry-22742 slide-entry-overview slide-loop-1 slide-parity-odd  av_one_third first real-thumbnail posttype-post post-format-standard'  itemscope=\"itemscope\" itemtype=\"https:\/\/schema.org\/CreativeWork\" ><a href='https:\/\/impactnw.org\/vi\/news\/mike-and-lisas-story\/' data-rel='slide-1' class='slide-image' title='Mike and Lisa\u2019s Story'><img decoding=\"async\" fetchpriority=\"high\" width=\"495\" height=\"400\" src=\"https:\/\/impactnw.org\/wp-content\/uploads\/2025\/11\/250418-Mike-and-Lisa-Story.00_02_38_18.Still008-1-495x400.jpg\" class=\"wp-image-22809 avia-img-lazy-loading-not-22809 attachment-portfolio size-portfolio wp-post-image\" alt=\"\" srcset=\"https:\/\/impactnw.org\/wp-content\/uploads\/2025\/11\/250418-Mike-and-Lisa-Story.00_02_38_18.Still008-1-495x400.jpg 495w, https:\/\/impactnw.org\/wp-content\/uploads\/2025\/11\/250418-Mike-and-Lisa-Story.00_02_38_18.Still008-1-845x684.jpg 845w\" sizes=\"(max-width: 495px) 100vw, 495px\" \/><\/a><div class=\"slide-content\"><header class=\"entry-content-header\" aria-label=\"Slide: Mike and Lisa\u2019s Story\"><span class=\"blog-categories minor-meta\"><a href=\"https:\/\/impactnw.org\/vi\/news\/category\/news\/\" rel=\"tag\">Tin t\u1ee9c<\/a>, <a href=\"https:\/\/impactnw.org\/vi\/news\/category\/spotlight\/\" rel=\"tag\">Ti\u00eau \u0111i\u1ec3m<\/a> <\/span><h3 class='slide-entry-title entry-title'  itemprop=\"headline\" ><a href='https:\/\/impactnw.org\/vi\/news\/mike-and-lisas-story\/' title='Mike and Lisa\u2019s Story'>Mike and Lisa\u2019s Story<\/a><\/h3><span class=\"av-vertical-delimiter\"><\/span><\/header><div class='slide-entry-excerpt entry-content'  itemprop=\"text\" ><div class=\"read-more-link\"><a href=\"https:\/\/impactnw.org\/vi\/news\/mike-and-lisas-story\/\" class=\"more-link\">Read more<span class='more-link-arrow avia-svg-icon avia-font-svg_entypo-fontello' data-av_svg_icon='right-open-big' data-av_iconset='svg_entypo-fontello'><svg version=\"1.1\" xmlns=\"http:\/\/www.w3.org\/2000\/svg\" width=\"15\" height=\"32\" viewbox=\"0 0 15 32\" preserveaspectratio=\"xMidYMid meet\" role=\"graphics-symbol\" aria-hidden=\"true\">\n<path d=\"M0.416 27.84l11.456-11.84-11.456-11.904q-0.832-0.832 0-1.536 0.832-0.832 1.536 0l12.544 12.608q0.768 0.832 0 1.6l-12.544 12.608q-0.704 0.832-1.536 0-0.832-0.704 0-1.536z\"><\/path>\n<\/svg><\/span><\/a><\/div><\/div><\/div><footer class=\"entry-footer\"><div class=\"slide-meta\"><time class='slide-meta-time updated'  itemprop=\"datePublished\" datetime=\"2025-11-28T06:00:38-08:00\" >Th\u00e1ng m\u01b0\u1eddi m\u1ed9t 28, 2025<\/time><\/div><\/footer><span class='hidden'>\n\t\t\t\t<span class='av-structured-data'  itemprop=\"image\" itemscope=\"itemscope\" itemtype=\"https:\/\/schema.org\/ImageObject\" >\n\t\t\t\t\t\t<span itemprop='url'>https:\/\/impactnw.org\/wp-content\/uploads\/2025\/11\/250418-Mike-and-Lisa-Story.00_02_38_18.Still008-1.jpg<\/span>\n\t\t\t\t\t\t<span itemprop='height'>1125<\/span>\n\t\t\t\t\t\t<span itemprop='width'>2000<\/span>\n\t\t\t\t<\/span>\n\t\t\t\t<span class='av-structured-data'  itemprop=\"publisher\" itemtype=\"https:\/\/schema.org\/Organization\" itemscope=\"itemscope\" >\n\t\t\t\t\t\t<span itemprop='name'>Brittany<\/span>\n\t\t\t\t\t\t<span itemprop='logo' itemscope itemtype='https:\/\/schema.org\/ImageObject'>\n\t\t\t\t\t\t\t<span itemprop='url'>https:\/\/impactnw.org\/wp-content\/uploads\/2019\/09\/Impact-NW-Updated-Logo-yellow.png<\/span>\n\t\t\t\t\t\t<\/span>\n\t\t\t\t<\/span><span class='av-structured-data'  itemprop=\"author\" itemscope=\"itemscope\" itemtype=\"https:\/\/schema.org\/Person\" ><span itemprop='name'>Brittany<\/span><\/span><span class='av-structured-data'  itemprop=\"datePublished\" datetime=\"2015-05-28T16:40:36-07:00\" >2025-11-28 06:00:38<\/span><span class='av-structured-data'  itemprop=\"dateModified\" itemtype=\"https:\/\/schema.org\/dateModified\" >2025-11-28 07:15:31<\/span><span class='av-structured-data'  itemprop=\"mainEntityOfPage\" itemtype=\"https:\/\/schema.org\/mainEntityOfPage\" ><span itemprop='name'>Mike and Lisa\u2019s Story<\/span><\/span><\/span><\/article><article class='slide-entry flex_column  post-entry post-entry-20745 slide-entry-overview slide-loop-2 slide-parity-even  av_one_third  real-thumbnail posttype-post post-format-standard'  itemscope=\"itemscope\" itemtype=\"https:\/\/schema.org\/CreativeWork\" ><a href='https:\/\/impactnw.org\/vi\/news\/brendas-story\/' data-rel='slide-1' class='slide-image' title='Brenda&#8217;s Story'><img decoding=\"async\" fetchpriority=\"high\" width=\"495\" height=\"400\" src=\"https:\/\/impactnw.org\/wp-content\/uploads\/2024\/11\/Brenda-in-front-of-her-home-495x400.jpeg\" class=\"wp-image-20751 avia-img-lazy-loading-not-20751 attachment-portfolio size-portfolio wp-post-image\" alt=\"\" srcset=\"https:\/\/impactnw.org\/wp-content\/uploads\/2024\/11\/Brenda-in-front-of-her-home-495x400.jpeg 495w, https:\/\/impactnw.org\/wp-content\/uploads\/2024\/11\/Brenda-in-front-of-her-home-845x684.jpeg 845w\" sizes=\"(max-width: 495px) 100vw, 495px\" \/><\/a><div class=\"slide-content\"><header class=\"entry-content-header\" aria-label=\"Slide: Brenda&#039;s Story\"><span class=\"blog-categories minor-meta\"><a href=\"https:\/\/impactnw.org\/vi\/news\/category\/news\/\" rel=\"tag\">Tin t\u1ee9c<\/a>, <a href=\"https:\/\/impactnw.org\/vi\/news\/category\/spotlight\/\" rel=\"tag\">Ti\u00eau \u0111i\u1ec3m<\/a> <\/span><h3 class='slide-entry-title entry-title'  itemprop=\"headline\" ><a href='https:\/\/impactnw.org\/vi\/news\/brendas-story\/' title='Brenda&#8217;s Story'>Brenda&#8217;s Story<\/a><\/h3><span class=\"av-vertical-delimiter\"><\/span><\/header><div class='slide-entry-excerpt entry-content'  itemprop=\"text\" ><div class=\"read-more-link\"><a href=\"https:\/\/impactnw.org\/vi\/news\/brendas-story\/\" class=\"more-link\">Read more<span class='more-link-arrow avia-svg-icon avia-font-svg_entypo-fontello' data-av_svg_icon='right-open-big' data-av_iconset='svg_entypo-fontello'><svg version=\"1.1\" xmlns=\"http:\/\/www.w3.org\/2000\/svg\" width=\"15\" height=\"32\" viewbox=\"0 0 15 32\" preserveaspectratio=\"xMidYMid meet\" role=\"graphics-symbol\" aria-hidden=\"true\">\n<path d=\"M0.416 27.84l11.456-11.84-11.456-11.904q-0.832-0.832 0-1.536 0.832-0.832 1.536 0l12.544 12.608q0.768 0.832 0 1.6l-12.544 12.608q-0.704 0.832-1.536 0-0.832-0.704 0-1.536z\"><\/path>\n<\/svg><\/span><\/a><\/div><\/div><\/div><footer class=\"entry-footer\"><div class=\"slide-meta\"><time class='slide-meta-time updated'  itemprop=\"datePublished\" datetime=\"2024-11-27T12:30:43-08:00\" >Th\u00e1ng m\u01b0\u1eddi m\u1ed9t 27, 2024<\/time><\/div><\/footer><span class='hidden'>\n\t\t\t\t<span class='av-structured-data'  itemprop=\"image\" itemscope=\"itemscope\" itemtype=\"https:\/\/schema.org\/ImageObject\" >\n\t\t\t\t\t\t<span itemprop='url'>https:\/\/impactnw.org\/wp-content\/uploads\/2024\/11\/Brenda-in-front-of-her-home.jpeg<\/span>\n\t\t\t\t\t\t<span itemprop='height'>2250<\/span>\n\t\t\t\t\t\t<span itemprop='width'>1500<\/span>\n\t\t\t\t<\/span>\n\t\t\t\t<span class='av-structured-data'  itemprop=\"publisher\" itemtype=\"https:\/\/schema.org\/Organization\" itemscope=\"itemscope\" >\n\t\t\t\t\t\t<span itemprop='name'>Brittany<\/span>\n\t\t\t\t\t\t<span itemprop='logo' itemscope itemtype='https:\/\/schema.org\/ImageObject'>\n\t\t\t\t\t\t\t<span itemprop='url'>https:\/\/impactnw.org\/wp-content\/uploads\/2019\/09\/Impact-NW-Updated-Logo-yellow.png<\/span>\n\t\t\t\t\t\t<\/span>\n\t\t\t\t<\/span><span class='av-structured-data'  itemprop=\"author\" itemscope=\"itemscope\" itemtype=\"https:\/\/schema.org\/Person\" ><span itemprop='name'>Brittany<\/span><\/span><span class='av-structured-data'  itemprop=\"datePublished\" datetime=\"2015-05-28T16:40:36-07:00\" >2024-11-27 12:30:43<\/span><span class='av-structured-data'  itemprop=\"dateModified\" itemtype=\"https:\/\/schema.org\/dateModified\" >2024-11-25 15:54:35<\/span><span class='av-structured-data'  itemprop=\"mainEntityOfPage\" itemtype=\"https:\/\/schema.org\/mainEntityOfPage\" ><span itemprop='name'>Brenda&#8217;s Story<\/span><\/span><\/span><\/article><article class='slide-entry flex_column  post-entry post-entry-17445 slide-entry-overview slide-loop-3 slide-parity-odd  post-entry-last  av_one_third  real-thumbnail posttype-post post-format-standard'  itemscope=\"itemscope\" itemtype=\"https:\/\/schema.org\/CreativeWork\" ><a href='https:\/\/impactnw.org\/vi\/news\/17445\/' data-rel='slide-1' class='slide-image' title='Rosa&#8217;s Story'><img decoding=\"async\" fetchpriority=\"high\" width=\"495\" height=\"400\" src=\"https:\/\/impactnw.org\/wp-content\/uploads\/2023\/04\/INW_Rosa_Stills_012-495x400.jpg\" class=\"wp-image-16924 avia-img-lazy-loading-not-16924 attachment-portfolio size-portfolio wp-post-image\" alt=\"\" \/><\/a><div class=\"slide-content\"><header class=\"entry-content-header\" aria-label=\"Slide: Rosa&#039;s Story\"><span class=\"blog-categories minor-meta\"><a href=\"https:\/\/impactnw.org\/vi\/news\/category\/news\/\" rel=\"tag\">Tin t\u1ee9c<\/a>, <a href=\"https:\/\/impactnw.org\/vi\/news\/category\/spotlight\/\" rel=\"tag\">Ti\u00eau \u0111i\u1ec3m<\/a> <\/span><h3 class='slide-entry-title entry-title'  itemprop=\"headline\" ><a href='https:\/\/impactnw.org\/vi\/news\/17445\/' title='Rosa&#8217;s Story'>Rosa&#8217;s Story<\/a><\/h3><span class=\"av-vertical-delimiter\"><\/span><\/header><div class='slide-entry-excerpt entry-content'  itemprop=\"text\" ><div class=\"read-more-link\"><a href=\"https:\/\/impactnw.org\/vi\/news\/17445\/\" class=\"more-link\">Read more<span class='more-link-arrow avia-svg-icon avia-font-svg_entypo-fontello' data-av_svg_icon='right-open-big' data-av_iconset='svg_entypo-fontello'><svg version=\"1.1\" xmlns=\"http:\/\/www.w3.org\/2000\/svg\" width=\"15\" height=\"32\" viewbox=\"0 0 15 32\" preserveaspectratio=\"xMidYMid meet\" role=\"graphics-symbol\" aria-hidden=\"true\">\n<path d=\"M0.416 27.84l11.456-11.84-11.456-11.904q-0.832-0.832 0-1.536 0.832-0.832 1.536 0l12.544 12.608q0.768 0.832 0 1.6l-12.544 12.608q-0.704 0.832-1.536 0-0.832-0.704 0-1.536z\"><\/path>\n<\/svg><\/span><\/a><\/div><\/div><\/div><footer class=\"entry-footer\"><div class=\"slide-meta\"><time class='slide-meta-time updated'  itemprop=\"datePublished\" datetime=\"2023-10-20T13:37:58-07:00\" >Th\u00e1ng 10 20, 2023<\/time><\/div><\/footer><span class='hidden'>\n\t\t\t\t<span class='av-structured-data'  itemprop=\"image\" itemscope=\"itemscope\" itemtype=\"https:\/\/schema.org\/ImageObject\" >\n\t\t\t\t\t\t<span itemprop='url'>https:\/\/impactnw.org\/wp-content\/uploads\/2023\/04\/INW_Rosa_Stills_012.jpg<\/span>\n\t\t\t\t\t\t<span itemprop='height'>563<\/span>\n\t\t\t\t\t\t<span itemprop='width'>1000<\/span>\n\t\t\t\t<\/span>\n\t\t\t\t<span class='av-structured-data'  itemprop=\"publisher\" itemtype=\"https:\/\/schema.org\/Organization\" itemscope=\"itemscope\" >\n\t\t\t\t\t\t<span itemprop='name'>T\u00e1c \u0111\u1ed9ng NW<\/span>\n\t\t\t\t\t\t<span itemprop='logo' itemscope itemtype='https:\/\/schema.org\/ImageObject'>\n\t\t\t\t\t\t\t<span itemprop='url'>https:\/\/impactnw.org\/wp-content\/uploads\/2019\/09\/Impact-NW-Updated-Logo-yellow.png<\/span>\n\t\t\t\t\t\t<\/span>\n\t\t\t\t<\/span><span class='av-structured-data'  itemprop=\"author\" itemscope=\"itemscope\" itemtype=\"https:\/\/schema.org\/Person\" ><span itemprop='name'>T\u00e1c \u0111\u1ed9ng NW<\/span><\/span><span class='av-structured-data'  itemprop=\"datePublished\" datetime=\"2015-05-28T16:40:36-07:00\" >2023-10-20 13:37:58<\/span><span class='av-structured-data'  itemprop=\"dateModified\" itemtype=\"https:\/\/schema.org\/dateModified\" >2023-12-11 15:20:25<\/span><span class='av-structured-data'  itemprop=\"mainEntityOfPage\" itemtype=\"https:\/\/schema.org\/mainEntityOfPage\" ><span itemprop='name'>Rosa&#8217;s Story<\/span><\/span><\/span><\/article><\/div><\/div><div class='pagination-wrap pagination-slider'><nav class='pagination'><span class='pagination-meta'>Page 1 of 7<\/span><span class='current'>1<\/span><a href='https:\/\/impactnw.org\/vi\/wp-json\/wp\/v2\/pages\/6281\/?avia-element-paging=2' class='inactive next_page' >2<\/a><a href='https:\/\/impactnw.org\/vi\/wp-json\/wp\/v2\/pages\/6281\/?avia-element-paging=3' class='inactive' >3<\/a><a href='https:\/\/impactnw.org\/vi\/wp-json\/wp\/v2\/pages\/6281\/?avia-element-paging=2'>&gt;<\/a><a href='https:\/\/impactnw.org\/vi\/wp-json\/wp\/v2\/pages\/6281\/?avia-element-paging=7'>\u00bb<\/a><\/nav>\n<\/div><\/div>","protected":false},"excerpt":{"rendered":"","protected":false},"author":21,"featured_media":0,"parent":0,"menu_order":4,"comment_status":"closed","ping_status":"closed","template":"","meta":{"_monsterinsights_skip_tracking":false,"_monsterinsights_sitenote_active":false,"_monsterinsights_sitenote_note":"","_monsterinsights_sitenote_category":0,"footnotes":"","_links_to":"","_links_to_target":""},"class_list":["post-6281","page","type-page","status-publish","hentry"],"yoast_head":"<!-- This site is optimized with the Yoast SEO plugin v27.4 - https:\/\/yoast.com\/product\/yoast-seo-wordpress\/ -->\n<title>Spotlights &#8211; Impact NW<\/title>\n<meta name=\"robots\" content=\"index, follow, max-snippet:-1, max-image-preview:large, max-video-preview:-1\" \/>\n<link rel=\"canonical\" href=\"https:\/\/impactnw.org\/vi\/spotlights\/\" \/>\n<meta property=\"og:locale\" content=\"vi_VN\" \/>\n<meta property=\"og:type\" content=\"article\" \/>\n<meta property=\"og:title\" content=\"Spotlights &#8211; Impact NW\" \/>\n<meta property=\"og:url\" content=\"https:\/\/impactnw.org\/vi\/spotlights\/\" \/>\n<meta property=\"og:site_name\" content=\"Impact NW\" \/>\n<meta property=\"article:publisher\" content=\"http:\/\/www.facebook.com\/ImpactNWsince1966\" \/>\n<meta property=\"article:modified_time\" content=\"2019-10-16T23:43:16+00:00\" \/>\n<meta name=\"twitter:card\" content=\"summary_large_image\" \/>\n<meta name=\"twitter:site\" content=\"@impactnw\" \/>\n<meta name=\"twitter:label1\" content=\"\u01af\u1edbc t\u00ednh th\u1eddi gian \u0111\u1ecdc\" \/>\n\t<meta name=\"twitter:data1\" content=\"1 ph\u00fat\" \/>\n<script type=\"application\/ld+json\" class=\"yoast-schema-graph\">{\"@context\":\"https:\\\/\\\/schema.org\",\"@graph\":[{\"@type\":\"WebPage\",\"@id\":\"https:\\\/\\\/impactnw.org\\\/ar\\\/spotlights\\\/\",\"url\":\"https:\\\/\\\/impactnw.org\\\/ar\\\/spotlights\\\/\",\"name\":\"Spotlights &#8211; Impact NW\",\"isPartOf\":{\"@id\":\"https:\\\/\\\/impactnw.org\\\/#website\"},\"datePublished\":\"2015-05-28T23:40:36+00:00\",\"dateModified\":\"2019-10-16T23:43:16+00:00\",\"breadcrumb\":{\"@id\":\"https:\\\/\\\/impactnw.org\\\/ar\\\/spotlights\\\/#breadcrumb\"},\"inLanguage\":\"vi\",\"potentialAction\":[{\"@type\":\"ReadAction\",\"target\":[\"https:\\\/\\\/impactnw.org\\\/ar\\\/spotlights\\\/\"]}]},{\"@type\":\"BreadcrumbList\",\"@id\":\"https:\\\/\\\/impactnw.org\\\/ar\\\/spotlights\\\/#breadcrumb\",\"itemListElement\":[{\"@type\":\"ListItem\",\"position\":1,\"name\":\"Home\",\"item\":\"https:\\\/\\\/impactnw.org\\\/home\\\/\"},{\"@type\":\"ListItem\",\"position\":2,\"name\":\"Spotlights\"}]},{\"@type\":\"WebSite\",\"@id\":\"https:\\\/\\\/impactnw.org\\\/#website\",\"url\":\"https:\\\/\\\/impactnw.org\\\/\",\"name\":\"Impact NW\",\"description\":\"Inspiring Hope. Empowering Independence.\",\"potentialAction\":[{\"@type\":\"SearchAction\",\"target\":{\"@type\":\"EntryPoint\",\"urlTemplate\":\"https:\\\/\\\/impactnw.org\\\/?s={search_term_string}\"},\"query-input\":{\"@type\":\"PropertyValueSpecification\",\"valueRequired\":true,\"valueName\":\"search_term_string\"}}],\"inLanguage\":\"vi\"}]}<\/script>\n<!-- \/ Yoast SEO plugin. -->","yoast_head_json":{"title":"Spotlights &#8211; Impact NW","robots":{"index":"index","follow":"follow","max-snippet":"max-snippet:-1","max-image-preview":"max-image-preview:large","max-video-preview":"max-video-preview:-1"},"canonical":"https:\/\/impactnw.org\/vi\/spotlights\/","og_locale":"vi_VN","og_type":"article","og_title":"Spotlights &#8211; Impact NW","og_url":"https:\/\/impactnw.org\/vi\/spotlights\/","og_site_name":"Impact NW","article_publisher":"http:\/\/www.facebook.com\/ImpactNWsince1966","article_modified_time":"2019-10-16T23:43:16+00:00","twitter_card":"summary_large_image","twitter_site":"@impactnw","twitter_misc":{"\u01af\u1edbc t\u00ednh th\u1eddi gian \u0111\u1ecdc":"1 ph\u00fat"},"schema":{"@context":"https:\/\/schema.org","@graph":[{"@type":"WebPage","@id":"https:\/\/impactnw.org\/ar\/spotlights\/","url":"https:\/\/impactnw.org\/ar\/spotlights\/","name":"Spotlights &#8211; Impact NW","isPartOf":{"@id":"https:\/\/impactnw.org\/#website"},"datePublished":"2015-05-28T23:40:36+00:00","dateModified":"2019-10-16T23:43:16+00:00","breadcrumb":{"@id":"https:\/\/impactnw.org\/ar\/spotlights\/#breadcrumb"},"inLanguage":"vi","potentialAction":[{"@type":"ReadAction","target":["https:\/\/impactnw.org\/ar\/spotlights\/"]}]},{"@type":"BreadcrumbList","@id":"https:\/\/impactnw.org\/ar\/spotlights\/#breadcrumb","itemListElement":[{"@type":"ListItem","position":1,"name":"Home","item":"https:\/\/impactnw.org\/home\/"},{"@type":"ListItem","position":2,"name":"Spotlights"}]},{"@type":"WebSite","@id":"https:\/\/impactnw.org\/#website","url":"https:\/\/impactnw.org\/","name":"T\u00e1c \u0111\u1ed9ng NW","description":"Inspiring Hope. Trao quy\u1ec1n cho \u0111\u1ed9c l\u1eadp.","potentialAction":[{"@type":"SearchAction","target":{"@type":"EntryPoint","urlTemplate":"https:\/\/impactnw.org\/?s={search_term_string}"},"query-input":{"@type":"PropertyValueSpecification","valueRequired":true,"valueName":"search_term_string"}}],"inLanguage":"vi"}]}},"_links":{"self":[{"href":"https:\/\/impactnw.org\/vi\/wp-json\/wp\/v2\/pages\/6281","targetHints":{"allow":["GET"]}}],"collection":[{"href":"https:\/\/impactnw.org\/vi\/wp-json\/wp\/v2\/pages"}],"about":[{"href":"https:\/\/impactnw.org\/vi\/wp-json\/wp\/v2\/types\/page"}],"author":[{"embeddable":true,"href":"https:\/\/impactnw.org\/vi\/wp-json\/wp\/v2\/users\/21"}],"replies":[{"embeddable":true,"href":"https:\/\/impactnw.org\/vi\/wp-json\/wp\/v2\/comments?post=6281"}],"version-history":[{"count":0,"href":"https:\/\/impactnw.org\/vi\/wp-json\/wp\/v2\/pages\/6281\/revisions"}],"wp:attachment":[{"href":"https:\/\/impactnw.org\/vi\/wp-json\/wp\/v2\/media?parent=6281"}],"curies":[{"name":"wp","href":"https:\/\/api.w.org\/{rel}","templated":true}]}}