{"id":53,"date":"2011-09-28T21:59:11","date_gmt":"2011-09-28T21:59:11","guid":{"rendered":"http:\/\/dev.impactnw.org\/wp_11_2011\/?page_id=53"},"modified":"2025-09-24T13:37:02","modified_gmt":"2025-09-24T20:37:02","slug":"healthy-families","status":"publish","type":"page","link":"https:\/\/impactnw.org\/vi\/programs\/early-childhood\/healthy-families\/","title":{"rendered":"Gia \u0111\u00ecnh kh\u1ecfe m\u1ea1nh"},"content":{"rendered":"<style type=\"text\/css\" data-created_by=\"avia_inline_auto\" id=\"style-css-av-3u311-0dad19d9bbeaf8f55b3b58d5dbe5dace\">\n.flex_column.av-3u311-0dad19d9bbeaf8f55b3b58d5dbe5dace{\nborder-radius:0px 0px 0px 0px;\npadding:0px 0px 0px 0px;\n}\n<\/style>\n<div  class='flex_column av-3u311-0dad19d9bbeaf8f55b3b58d5dbe5dace av_three_fifth  avia-builder-el-0  el_before_av_two_fifth  avia-builder-el-first  first flex_column_div av-zero-column-padding'     ><section  class='av_textblock_section av-lm6z819u-3e6b848415044ab0fda9c05ff466511e'   itemscope=\"itemscope\" itemtype=\"https:\/\/schema.org\/CreativeWork\" ><div class='avia_textblock'  itemprop=\"text\" ><h1>Gia \u0111\u00ecnh kh\u1ecfe m\u1ea1nh<\/h1>\n<\/div><\/section><br \/>\n<section  class='av_textblock_section av-lm6zbqz4-23e8fe32a9d598e7d97eee9b612d0cc1'   itemscope=\"itemscope\" itemtype=\"https:\/\/schema.org\/CreativeWork\" ><div class='avia_textblock'  itemprop=\"text\" ><h2>Healthy Families is intended to enrich and help to support our region\u2019s youngest and most vulnerable members.<\/h2>\n<\/div><\/section><br \/>\n<section  class='av_textblock_section av-38d5t-f7b65b810a5e2831f93ab368e51342c0'   itemscope=\"itemscope\" itemtype=\"https:\/\/schema.org\/CreativeWork\" ><div class='avia_textblock'  itemprop=\"text\" ><p>Having a child brings big changes to your life. Everyone having a baby could use extra support. This is why the Healthy Families program is here.<\/p>\n<p>Ch\u01b0\u01a1ng Tr\u00ecnh Healthy Families c\u1ee7a ch\u00fang t\u00f4i k\u1ebft n\u1ed1i c\u00e1c gia \u0111\u00ecnh v\u1edbi c\u00e1c c\u00f4ng c\u1ee5 v\u00e0 ngu\u1ed3n l\u1ef1c c\u1ea7n thi\u1ebft \u0111\u1ec3 gi\u00fap tr\u1ebb s\u01a1 sinh l\u1edbn l\u00ean kh\u1ecfe m\u1ea1nh, h\u1ea1nh ph\u00fac v\u00e0 s\u1eb5n s\u00e0ng h\u1ecdc h\u1ecfi.<\/p>\n<\/div><\/section><\/p><\/div>\n\n<style type=\"text\/css\" data-created_by=\"avia_inline_auto\" id=\"style-css-av-2yn31-ff5afd56bdbe426059c8e4c829c7639d\">\n.flex_column.av-2yn31-ff5afd56bdbe426059c8e4c829c7639d{\nborder-radius:0px 0px 0px 0px;\npadding:20px 20px 20px 20px;\nbackground-color:#1c3848;\n}\n<\/style>\n<div  class='flex_column av-2yn31-ff5afd56bdbe426059c8e4c829c7639d av_two_fifth  avia-builder-el-4  el_after_av_three_fifth  el_before_av_three_fifth  flex_column_div'     ><section  class='av_textblock_section av-lm6ydyiy-00e053150f10dd0630098921b40cb5fc'   itemscope=\"itemscope\" itemtype=\"https:\/\/schema.org\/CreativeWork\" ><div class='avia_textblock'  itemprop=\"text\" ><h4 style=\"color: #f6bb17; font-weight: bold;\">Ch\u00fang t\u00f4i c\u00f3 th\u1ec3 gi\u00fap b\u1ea1n kh\u00f4ng?<\/h4>\n<p><span style=\"color: #ffffff;\">For enrollment details or to request a referral to our Healthy Families program, please call Multnomah County Early Childhood Services at 503-988-3520.<\/span><\/p>\n<p><span style=\"color: #ffffff;\">To submit a referral online, please click the button below to visit Multnomah County&#8217;s website.<\/span><\/p>\n<\/div><\/section><br \/>\n<div  class='avia-button-wrap av-lm6yfbf4-762f2de5727a54c6a32a7b4d052958d7-wrap avia-button-center  avia-builder-el-6  el_after_av_textblock  avia-builder-el-last'><a href='https:\/\/www.multco.us\/healthy-families'  class='avia-button av-lm6yfbf4-762f2de5727a54c6a32a7b4d052958d7 av-link-btn avia-icon_select-yes-left-icon avia-size-medium avia-position-center avia-color-theme-color'  target=\"_blank\"  rel=\"noopener noreferrer\"  aria-label=\"Multnomah County Health Services\"><span class='avia_button_icon avia_button_icon_left avia-iconfont avia-font-entypo-fontello' data-av_icon='\ue81f' data-av_iconfont='entypo-fontello' ><\/span><span class='avia_iconbox_title' >Multnomah County Health Services<\/span><\/a><\/div><\/p><\/div>\n\n<style type=\"text\/css\" data-created_by=\"avia_inline_auto\" id=\"style-css-av-6ett-a2a1bfaee8a21b3482c489fafd281bfb\">\n.flex_column.av-6ett-a2a1bfaee8a21b3482c489fafd281bfb{\nborder-radius:0px 0px 0px 0px;\npadding:0px 0px 0px 0px;\n}\n<\/style>\n<div  class='flex_column av-6ett-a2a1bfaee8a21b3482c489fafd281bfb av_three_fifth  avia-builder-el-7  el_after_av_two_fifth  el_before_av_two_fifth  first flex_column_div av-zero-column-padding'     ><section  class='av_textblock_section av-13na1-4a6e55779e36e5bd526116fb77830d39'   itemscope=\"itemscope\" itemtype=\"https:\/\/schema.org\/CreativeWork\" ><div class='avia_textblock'  itemprop=\"text\" ><p>Healthy Families is free and voluntary, and serves all Multnomah County families with no income or insurance requirements. We work closely with parents of newborns through a series of home visits to:<\/p>\n<ul>\n<li>th\u00fac \u0111\u1ea9y m\u1ed1i quan h\u1ec7 t\u00edch c\u1ef1c gi\u1eefa cha m\u1eb9 v\u00e0 con<\/li>\n<li>h\u1ed7 tr\u1ee3 ph\u00e1t tri\u1ec3n v\u00e0 ph\u00e1t tri\u1ec3n tr\u1ebb th\u01a1 kh\u1ecfe m\u1ea1nh<\/li>\n<li>c\u1ea3i thi\u1ec7n h\u1ec7 th\u1ed1ng h\u1ed7 tr\u1ee3 gia \u0111\u00ecnh b\u1eb1ng c\u00e1ch d\u1ea1y cha m\u1eb9 \u0111\u1ec3 x\u00e1c \u0111\u1ecbnh \u0111i\u1ec3m m\u1ea1nh v\u00e0 s\u1eed d\u1ee5ng c\u00e1c k\u1ef9 n\u0103ng gi\u1ea3i quy\u1ebft v\u1ea5n \u0111\u1ec1<\/li>\n<\/ul>\n<p>Ch\u00fang t\u00f4i cung c\u1ea5p th\u00f4ng tin v\u1ec1 s\u1ef1 ph\u00e1t tri\u1ec3n c\u1ee7a tr\u1ebb v\u00e0 ch\u0103m s\u00f3c tr\u1ebb s\u01a1 sinh, kh\u00e1m nghi\u1ec7m mi\u1ec5n ph\u00ed \u0111\u1ec3 \u0111\u1ea3m b\u1ea3o m\u1ed7i em b\u00e9 kh\u1ecfe m\u1ea1nh v\u00e0 k\u1ebft n\u1ed1i v\u1edbi c\u00e1c d\u1ecbch v\u1ee5 h\u1ed7 tr\u1ee3 trong c\u1ed9ng \u0111\u1ed3ng c\u1ee7a h\u1ecd.<\/p>\n<\/div><\/section><\/div>\n<div  class='flex_column av-151l5-7c0952e0f32357e50ae4c16ca68c56fd av_two_fifth  avia-builder-el-9  el_after_av_three_fifth  avia-builder-el-last  flex_column_div'     ><style type=\"text\/css\" data-created_by=\"avia_inline_auto\" id=\"style-css-av-llwsv0vs-445da41fceff2990e411e9f83cc55b6b\">\n.avia-image-container.av-llwsv0vs-445da41fceff2990e411e9f83cc55b6b img.avia_image{\nbox-shadow:none;\n}\n.avia-image-container.av-llwsv0vs-445da41fceff2990e411e9f83cc55b6b .av-image-caption-overlay-center{\ncolor:#ffffff;\n}\n<\/style>\n<div  class='avia-image-container av-llwsv0vs-445da41fceff2990e411e9f83cc55b6b av-styling- avia-align-center  avia-builder-el-10  avia-builder-el-no-sibling'   itemprop=\"image\" itemscope=\"itemscope\" itemtype=\"https:\/\/schema.org\/ImageObject\" ><div class=\"avia-image-container-inner\"><div class=\"avia-image-overlay-wrap\"><img decoding=\"async\" fetchpriority=\"high\" class='wp-image-17147 avia-img-lazy-loading-not-17147 avia_image' src=\"https:\/\/impactnw.org\/wp-content\/uploads\/2023\/08\/IMG_3938-495x400.jpg\" alt='' title='IMG_3938'  height=\"400\" width=\"495\"  itemprop=\"thumbnailUrl\" srcset=\"https:\/\/impactnw.org\/wp-content\/uploads\/2023\/08\/IMG_3938-495x400.jpg 495w, https:\/\/impactnw.org\/wp-content\/uploads\/2023\/08\/IMG_3938-16x12.jpg 16w, https:\/\/impactnw.org\/wp-content\/uploads\/2023\/08\/IMG_3938-845x684.jpg 845w\" sizes=\"(max-width: 495px) 100vw, 495px\" \/><\/div><\/div><\/div><\/div>","protected":false},"excerpt":{"rendered":"","protected":false},"author":21,"featured_media":0,"parent":51,"menu_order":1,"comment_status":"closed","ping_status":"closed","template":"","meta":{"_monsterinsights_skip_tracking":false,"_monsterinsights_sitenote_active":false,"_monsterinsights_sitenote_note":"","_monsterinsights_sitenote_category":0,"footnotes":"","_links_to":"","_links_to_target":""},"class_list":["post-53","page","type-page","status-publish","hentry"],"yoast_head":"<!-- This site is optimized with the Yoast SEO plugin v27.3 - https:\/\/yoast.com\/product\/yoast-seo-wordpress\/ -->\n<title>Healthy Families: Support for Parents of Newborns &#8211; Impact NW<\/title>\n<meta name=\"description\" content=\"Our Healthy Families program connects families with the tools and resources they need to help their newborns grow up healthy, happy, and ready to learn.\" \/>\n<meta name=\"robots\" content=\"index, follow, max-snippet:-1, max-image-preview:large, max-video-preview:-1\" \/>\n<link rel=\"canonical\" href=\"https:\/\/impactnw.org\/vi\/programs\/early-childhood\/healthy-families\/\" \/>\n<meta property=\"og:locale\" content=\"vi_VN\" \/>\n<meta property=\"og:type\" content=\"article\" \/>\n<meta property=\"og:title\" content=\"Healthy Families: Support for Parents of Newborns &#8211; Impact NW\" \/>\n<meta property=\"og:description\" content=\"Our Healthy Families program connects families with the tools and resources they need to help their newborns grow up healthy, happy, and ready to learn.\" \/>\n<meta property=\"og:url\" content=\"https:\/\/impactnw.org\/vi\/programs\/early-childhood\/healthy-families\/\" \/>\n<meta property=\"og:site_name\" content=\"Impact NW\" \/>\n<meta property=\"article:publisher\" content=\"http:\/\/www.facebook.com\/ImpactNWsince1966\" \/>\n<meta property=\"article:modified_time\" content=\"2025-09-24T20:37:02+00:00\" \/>\n<meta name=\"twitter:card\" content=\"summary_large_image\" \/>\n<meta name=\"twitter:site\" content=\"@impactnw\" \/>\n<meta name=\"twitter:label1\" content=\"\u01af\u1edbc t\u00ednh th\u1eddi gian \u0111\u1ecdc\" \/>\n\t<meta name=\"twitter:data1\" content=\"2 ph\u00fat\" \/>\n<script type=\"application\/ld+json\" class=\"yoast-schema-graph\">{\"@context\":\"https:\\\/\\\/schema.org\",\"@graph\":[{\"@type\":\"WebPage\",\"@id\":\"https:\\\/\\\/impactnw.org\\\/programs\\\/early-childhood\\\/healthy-families\\\/\",\"url\":\"https:\\\/\\\/impactnw.org\\\/programs\\\/early-childhood\\\/healthy-families\\\/\",\"name\":\"Healthy Families: Support for Parents of Newborns &#8211; Impact NW\",\"isPartOf\":{\"@id\":\"https:\\\/\\\/impactnw.org\\\/#website\"},\"datePublished\":\"2011-09-28T21:59:11+00:00\",\"dateModified\":\"2025-09-24T20:37:02+00:00\",\"description\":\"Our Healthy Families program connects families with the tools and resources they need to help their newborns grow up healthy, happy, and ready to learn.\",\"breadcrumb\":{\"@id\":\"https:\\\/\\\/impactnw.org\\\/programs\\\/early-childhood\\\/healthy-families\\\/#breadcrumb\"},\"inLanguage\":\"vi\",\"potentialAction\":[{\"@type\":\"ReadAction\",\"target\":[\"https:\\\/\\\/impactnw.org\\\/programs\\\/early-childhood\\\/healthy-families\\\/\"]}]},{\"@type\":\"BreadcrumbList\",\"@id\":\"https:\\\/\\\/impactnw.org\\\/programs\\\/early-childhood\\\/healthy-families\\\/#breadcrumb\",\"itemListElement\":[{\"@type\":\"ListItem\",\"position\":1,\"name\":\"Home\",\"item\":\"https:\\\/\\\/impactnw.org\\\/home\\\/\"},{\"@type\":\"ListItem\",\"position\":2,\"name\":\"Programs\",\"item\":\"https:\\\/\\\/impactnw.org\\\/programs\\\/\"},{\"@type\":\"ListItem\",\"position\":3,\"name\":\"Early Childhood Services\",\"item\":\"https:\\\/\\\/impactnw.org\\\/programs\\\/early-childhood\\\/\"},{\"@type\":\"ListItem\",\"position\":4,\"name\":\"Healthy Families\"}]},{\"@type\":\"WebSite\",\"@id\":\"https:\\\/\\\/impactnw.org\\\/#website\",\"url\":\"https:\\\/\\\/impactnw.org\\\/\",\"name\":\"Impact NW\",\"description\":\"Inspiring Hope. Empowering Independence.\",\"potentialAction\":[{\"@type\":\"SearchAction\",\"target\":{\"@type\":\"EntryPoint\",\"urlTemplate\":\"https:\\\/\\\/impactnw.org\\\/?s={search_term_string}\"},\"query-input\":{\"@type\":\"PropertyValueSpecification\",\"valueRequired\":true,\"valueName\":\"search_term_string\"}}],\"inLanguage\":\"vi\"}]}<\/script>\n<!-- \/ Yoast SEO plugin. -->","yoast_head_json":{"title":"Healthy Families: Support for Parents of Newborns &#8211; Impact NW","description":"Ch\u01b0\u01a1ng Tr\u00ecnh Healthy Families c\u1ee7a ch\u00fang t\u00f4i k\u1ebft n\u1ed1i c\u00e1c gia \u0111\u00ecnh v\u1edbi c\u00e1c c\u00f4ng c\u1ee5 v\u00e0 ngu\u1ed3n l\u1ef1c c\u1ea7n thi\u1ebft \u0111\u1ec3 gi\u00fap tr\u1ebb s\u01a1 sinh l\u1edbn l\u00ean kh\u1ecfe m\u1ea1nh, h\u1ea1nh ph\u00fac v\u00e0 s\u1eb5n s\u00e0ng h\u1ecdc h\u1ecfi.","robots":{"index":"index","follow":"follow","max-snippet":"max-snippet:-1","max-image-preview":"max-image-preview:large","max-video-preview":"max-video-preview:-1"},"canonical":"https:\/\/impactnw.org\/vi\/programs\/early-childhood\/healthy-families\/","og_locale":"vi_VN","og_type":"article","og_title":"Healthy Families: Support for Parents of Newborns &#8211; Impact NW","og_description":"Our Healthy Families program connects families with the tools and resources they need to help their newborns grow up healthy, happy, and ready to learn.","og_url":"https:\/\/impactnw.org\/vi\/programs\/early-childhood\/healthy-families\/","og_site_name":"Impact NW","article_publisher":"http:\/\/www.facebook.com\/ImpactNWsince1966","article_modified_time":"2025-09-24T20:37:02+00:00","twitter_card":"summary_large_image","twitter_site":"@impactnw","twitter_misc":{"\u01af\u1edbc t\u00ednh th\u1eddi gian \u0111\u1ecdc":"2 ph\u00fat"},"schema":{"@context":"https:\/\/schema.org","@graph":[{"@type":"WebPage","@id":"https:\/\/impactnw.org\/programs\/early-childhood\/healthy-families\/","url":"https:\/\/impactnw.org\/programs\/early-childhood\/healthy-families\/","name":"Healthy Families: Support for Parents of Newborns &#8211; Impact NW","isPartOf":{"@id":"https:\/\/impactnw.org\/#website"},"datePublished":"2011-09-28T21:59:11+00:00","dateModified":"2025-09-24T20:37:02+00:00","description":"Ch\u01b0\u01a1ng Tr\u00ecnh Healthy Families c\u1ee7a ch\u00fang t\u00f4i k\u1ebft n\u1ed1i c\u00e1c gia \u0111\u00ecnh v\u1edbi c\u00e1c c\u00f4ng c\u1ee5 v\u00e0 ngu\u1ed3n l\u1ef1c c\u1ea7n thi\u1ebft \u0111\u1ec3 gi\u00fap tr\u1ebb s\u01a1 sinh l\u1edbn l\u00ean kh\u1ecfe m\u1ea1nh, h\u1ea1nh ph\u00fac v\u00e0 s\u1eb5n s\u00e0ng h\u1ecdc h\u1ecfi.","breadcrumb":{"@id":"https:\/\/impactnw.org\/programs\/early-childhood\/healthy-families\/#breadcrumb"},"inLanguage":"vi","potentialAction":[{"@type":"ReadAction","target":["https:\/\/impactnw.org\/programs\/early-childhood\/healthy-families\/"]}]},{"@type":"BreadcrumbList","@id":"https:\/\/impactnw.org\/programs\/early-childhood\/healthy-families\/#breadcrumb","itemListElement":[{"@type":"ListItem","position":1,"name":"Home","item":"https:\/\/impactnw.org\/home\/"},{"@type":"ListItem","position":2,"name":"Programs","item":"https:\/\/impactnw.org\/programs\/"},{"@type":"ListItem","position":3,"name":"Early Childhood Services","item":"https:\/\/impactnw.org\/programs\/early-childhood\/"},{"@type":"ListItem","position":4,"name":"Healthy Families"}]},{"@type":"WebSite","@id":"https:\/\/impactnw.org\/#website","url":"https:\/\/impactnw.org\/","name":"T\u00e1c \u0111\u1ed9ng NW","description":"Inspiring Hope. Trao quy\u1ec1n cho \u0111\u1ed9c l\u1eadp.","potentialAction":[{"@type":"SearchAction","target":{"@type":"EntryPoint","urlTemplate":"https:\/\/impactnw.org\/?s={search_term_string}"},"query-input":{"@type":"PropertyValueSpecification","valueRequired":true,"valueName":"search_term_string"}}],"inLanguage":"vi"}]}},"_links":{"self":[{"href":"https:\/\/impactnw.org\/vi\/wp-json\/wp\/v2\/pages\/53","targetHints":{"allow":["GET"]}}],"collection":[{"href":"https:\/\/impactnw.org\/vi\/wp-json\/wp\/v2\/pages"}],"about":[{"href":"https:\/\/impactnw.org\/vi\/wp-json\/wp\/v2\/types\/page"}],"author":[{"embeddable":true,"href":"https:\/\/impactnw.org\/vi\/wp-json\/wp\/v2\/users\/21"}],"replies":[{"embeddable":true,"href":"https:\/\/impactnw.org\/vi\/wp-json\/wp\/v2\/comments?post=53"}],"version-history":[{"count":14,"href":"https:\/\/impactnw.org\/vi\/wp-json\/wp\/v2\/pages\/53\/revisions"}],"predecessor-version":[{"id":22085,"href":"https:\/\/impactnw.org\/vi\/wp-json\/wp\/v2\/pages\/53\/revisions\/22085"}],"up":[{"embeddable":true,"href":"https:\/\/impactnw.org\/vi\/wp-json\/wp\/v2\/pages\/51"}],"wp:attachment":[{"href":"https:\/\/impactnw.org\/vi\/wp-json\/wp\/v2\/media?parent=53"}],"curies":[{"name":"wp","href":"https:\/\/api.w.org\/{rel}","templated":true}]}}