{"id":35,"date":"2011-09-28T20:38:38","date_gmt":"2011-09-28T20:38:38","guid":{"rendered":"http:\/\/dev.impactnw.org\/wp_11_2011\/?page_id=35"},"modified":"2025-02-12T16:09:43","modified_gmt":"2025-02-13T00:09:43","slug":"privacy-policy","status":"publish","type":"page","link":"https:\/\/impactnw.org\/vi\/privacy-policy\/","title":{"rendered":"Ch\u00ednh s\u00e1ch b\u1ea3o m\u1eadt"},"content":{"rendered":"<div  class='togglecontainer av-4kbm3-3085f134281032117d8d34cd2bff442f  avia-builder-el-0  avia-builder-el-no-sibling' >\n<section class='av_toggle_section av-m38zfcmd-d78859c94d67af8d91c2fdbd78c0c0b5'  itemscope=\"itemscope\" itemtype=\"https:\/\/schema.org\/CreativeWork\" ><div role=\"tablist\" class=\"single_toggle\" data-tags=\"{All} \"  ><p id='toggle-toggle-id-1' data-fake-id='#toggle-id-1' class='toggler  av-title-above'  itemprop=\"headline\"  role='tab' tabindex='0' aria-controls='toggle-id-1' data-slide-speed=\"200\" data-title=\"Is my personal information secure and private?\" data-title-open=\"\" data-aria_collapsed=\"Click to expand: Is my personal information secure and private?\" data-aria_expanded=\"Click to collapse: Is my personal information secure and private?\">Is my personal information secure and private?<span class=\"toggle_icon\"><span class=\"vert_icon\"><\/span><span class=\"hor_icon\"><\/span><\/span><\/p><div id='toggle-id-1' aria-labelledby='toggle-toggle-id-1' role='region' class='toggle_wrap  av-title-above'  ><div class='toggle_content invers-color'  itemprop=\"text\" ><p>Impact NW does not sell or share personal information with third parties for marketing\/promotional purposes. Your personal information is kept confidential and is not disclosed to any outside organizations, except as required by law or with your explicit consent. Sensitive information submitted to Impact NW is protected both online and offline. Protected personal information (PPI) gathered during service provision is also protected by Clackamas, Multnomah, and Washington counties. For more information, please see <u><a href=\"https:\/\/impactnw.org\/wp-content\/uploads\/2025\/02\/HMIS-Privacy-and-Security-Notice.pdf\">HMIS Privacy &amp; Security Notice<\/a><\/u>.<\/p>\n<\/div><\/div><\/div><\/section>\n<section class='av_toggle_section av-d4v7-a76d10458693e0e6f6ce23ee2fffc085'  itemscope=\"itemscope\" itemtype=\"https:\/\/schema.org\/CreativeWork\" ><div role=\"tablist\" class=\"single_toggle\" data-tags=\"{All} \"  ><p id='toggle-toggle-id-2' data-fake-id='#toggle-id-2' class='toggler  av-title-above'  itemprop=\"headline\"  role='tab' tabindex='0' aria-controls='toggle-id-2' data-slide-speed=\"200\" data-title=\"Is my credit card information secure?\" data-title-open=\"\" data-aria_collapsed=\"Click to expand: Is my credit card information secure?\" data-aria_expanded=\"Click to collapse: Is my credit card information secure?\">Is my credit card information secure?<span class=\"toggle_icon\"><span class=\"vert_icon\"><\/span><span class=\"hor_icon\"><\/span><\/span><\/p><div id='toggle-id-2' aria-labelledby='toggle-toggle-id-2' role='region' class='toggle_wrap  av-title-above'  ><div class='toggle_content invers-color'  itemprop=\"text\" ><p style=\"font-weight: 400;\">Impact NW takes every precaution to protect our donors\u2019 information. When donors submit sensitive information via the website, your information is protected both online and offline. We use high grade encryption and the https security protocol to communicate with your browser software. This method is the industry standard security protocol, which makes it extremely difficult for anyone else to intercept the credit card information you send to us. Companies we work with to process credit card transactions also use high grade encryption and security protocols. We are committed to the protection and privacy of all of our donors, and it is the policy of Impact NW to continually enhance our fraud protection systems and our other processes to fight identity theft.<\/p>\n<\/div><\/div><\/div><\/section>\n<section class='av_toggle_section av-3hdgb-456c0e6c946fd41f82907eab13dc6d86'  itemscope=\"itemscope\" itemtype=\"https:\/\/schema.org\/CreativeWork\" ><div role=\"tablist\" class=\"single_toggle\" data-tags=\"{All} \"  ><p id='toggle-toggle-id-3' data-fake-id='#toggle-id-3' class='toggler  av-title-above'  itemprop=\"headline\"  role='tab' tabindex='0' aria-controls='toggle-id-3' data-slide-speed=\"200\" data-title=\"My donation was denied. Why?\" data-title-open=\"\" data-aria_collapsed=\"Click to expand: My donation was denied. Why?\" data-aria_expanded=\"Click to collapse: My donation was denied. Why?\">\u0110\u00f3ng g\u00f3p c\u1ee7a t\u00f4i \u0111\u00e3 b\u1ecb t\u1eeb ch\u1ed1i. T\u1ea1i sao?<span class=\"toggle_icon\"><span class=\"vert_icon\"><\/span><span class=\"hor_icon\"><\/span><\/span><\/p><div id='toggle-id-3' aria-labelledby='toggle-toggle-id-3' role='region' class='toggle_wrap  av-title-above'  ><div class='toggle_content invers-color'  itemprop=\"text\" ><p>N\u1ebfu \u0111\u00f3ng g\u00f3p c\u1ee7a b\u1ea1n kh\u00f4ng th\u00e0nh c\u00f4ng sau khi ho\u00e0n t\u1ea5t giao d\u1ecbch, c\u00f3 th\u1ec3 th\u00f4ng tin \u0111\u01b0\u1ee3c cung c\u1ea5p, ch\u1eb3ng h\u1ea1n nh\u01b0 s\u1ed1 nh\u1eadn d\u1ea1ng th\u1ebb t\u00edn d\u1ee5ng kh\u00f4ng kh\u1edbp ch\u00ednh x\u00e1c v\u1edbi nh\u1eefng g\u00ec c\u00f3 trong h\u1ed3 s\u01a1 c\u1ee7a b\u1ea1n t\u1ea1i ng\u00e2n h\u00e0ng c\u1ee7a b\u1ea1n.<\/p>\n<\/div><\/div><\/div><\/section>\n<section class='av_toggle_section av-2y3jr-0c052b3ee1eb1f9681ba02a62950456b'  itemscope=\"itemscope\" itemtype=\"https:\/\/schema.org\/CreativeWork\" ><div role=\"tablist\" class=\"single_toggle\" data-tags=\"{All} \"  ><p id='toggle-toggle-id-4' data-fake-id='#toggle-id-4' class='toggler  av-title-above'  itemprop=\"headline\"  role='tab' tabindex='0' aria-controls='toggle-id-4' data-slide-speed=\"200\" data-title=\"Can I cancel a donation?\" data-title-open=\"\" data-aria_collapsed=\"Click to expand: Can I cancel a donation?\" data-aria_expanded=\"Click to collapse: Can I cancel a donation?\">T\u00f4i c\u00f3 th\u1ec3 h\u1ee7y b\u1ecf kho\u1ea3n \u0111\u00f3ng g\u00f3p kh\u00f4ng?<span class=\"toggle_icon\"><span class=\"vert_icon\"><\/span><span class=\"hor_icon\"><\/span><\/span><\/p><div id='toggle-id-4' aria-labelledby='toggle-toggle-id-4' role='region' class='toggle_wrap  av-title-above'  ><div class='toggle_content invers-color'  itemprop=\"text\" ><p>B\u1ea1n c\u00f3 th\u1ec3 ph\u1ea3i h\u1ee7y b\u1ecf kho\u1ea3n \u0111\u00f3ng g\u00f3p. D\u01b0\u1edbi \u0111\u00e2y l\u00e0 c\u00e1ch: H\u00e3y li\u00ean h\u1ec7 Barbara Robertson t\u1ea1i brobertson@impactnw.org (503) 988-6887 ext. 238. \u0110\u1ec3 \u0111\u01b0\u1ee3c tr\u1ee3 gi\u00fap nhanh nh\u1ea5t, vui l\u00f2ng cung c\u1ea5p chi ti\u1ebft v\u1ec1 giao d\u1ecbch c\u1ee7a b\u1ea1n \u0111\u00e3 s\u1eb5n s\u00e0ng khi b\u1ea1n li\u00ean h\u1ec7 v\u1edbi ch\u00fang t\u00f4i.<\/p>\n<\/div><\/div><\/div><\/section>\n<section class='av_toggle_section av-2b0j3-c3346dbd65cfe30a670a4e26eb6f534d'  itemscope=\"itemscope\" itemtype=\"https:\/\/schema.org\/CreativeWork\" ><div role=\"tablist\" class=\"single_toggle\" data-tags=\"{All} \"  ><p id='toggle-toggle-id-5' data-fake-id='#toggle-id-5' class='toggler  av-title-above'  itemprop=\"headline\"  role='tab' tabindex='0' aria-controls='toggle-id-5' data-slide-speed=\"200\" data-title=\"Can I select which program I\u2019d like my donation to support?\" data-title-open=\"\" data-aria_collapsed=\"Click to expand: Can I select which program I\u2019d like my donation to support?\" data-aria_expanded=\"Click to collapse: Can I select which program I\u2019d like my donation to support?\">T\u00f4i c\u00f3 th\u1ec3 ch\u1ecdn ch\u01b0\u01a1ng tr\u00ecnh n\u00e0o t\u00f4i mu\u1ed1n t\u1eb7ng t\u00f4i \u0111\u1ec3 h\u1ed7 tr\u1ee3?<span class=\"toggle_icon\"><span class=\"vert_icon\"><\/span><span class=\"hor_icon\"><\/span><\/span><\/p><div id='toggle-id-5' aria-labelledby='toggle-toggle-id-5' role='region' class='toggle_wrap  av-title-above'  ><div class='toggle_content invers-color'  itemprop=\"text\" ><p>V\u00e2ng. N\u1ebfu b\u1ea1n quan t\u00e2m \u0111\u1ebfn vi\u1ec7c h\u1ed7 tr\u1ee3 m\u1ed9t ch\u01b0\u01a1ng tr\u00ecnh c\u1ee5 th\u1ec3, ch\u1eb3ng h\u1ea1n nh\u01b0 d\u1ecbch v\u1ee5 d\u00e0nh cho ng\u01b0\u1eddi cao ni\u00ean, vui l\u00f2ng nh\u1eadp t\u00ean ho\u1eb7c m\u00f4 t\u1ea3 ch\u01b0\u01a1ng tr\u00ecnh \u0111\u00f3 v\u00e0o tr\u01b0\u1eddng \u0111\u01b0\u1ee3c \u0111\u00e1nh d\u1ea5u &quot;M\u1ee5c&quot;. N\u1ebfu b\u1ea1n mu\u1ed1n t\u00ecm hi\u1ec3u th\u00eam v\u1ec1 c\u00e1c d\u1ecbch v\u1ee5 c\u1ee7a ch\u00fang t\u00f4i, vui l\u00f2ng li\u00ean h\u1ec7 v\u1edbi Barbara Robertson, t\u1ea1i\u00a0<a href=\"mailto:%20tstaser@ImpactNW.org\">brobertson@impactnw.org<\/a>\u00a0ho\u1eb7c (503) 988-6887 ext. 238.<\/p>\n<\/div><\/div><\/div><\/section>\n<section class='av_toggle_section av-1oz37-98cff105e0d82b89b7d2694f01e53f47'  itemscope=\"itemscope\" itemtype=\"https:\/\/schema.org\/CreativeWork\" ><div role=\"tablist\" class=\"single_toggle\" data-tags=\"{All} \"  ><p id='toggle-toggle-id-6' data-fake-id='#toggle-id-6' class='toggler  av-title-above'  itemprop=\"headline\"  role='tab' tabindex='0' aria-controls='toggle-id-6' data-slide-speed=\"200\" data-title=\"Why do you require my email address?\" data-title-open=\"\" data-aria_collapsed=\"Click to expand: Why do you require my email address?\" data-aria_expanded=\"Click to collapse: Why do you require my email address?\">T\u1ea1i sao b\u1ea1n c\u1ea7n \u0111\u1ecba ch\u1ec9 email c\u1ee7a t\u00f4i?<span class=\"toggle_icon\"><span class=\"vert_icon\"><\/span><span class=\"hor_icon\"><\/span><\/span><\/p><div id='toggle-id-6' aria-labelledby='toggle-toggle-id-6' role='region' class='toggle_wrap  av-title-above'  ><div class='toggle_content invers-color'  itemprop=\"text\" ><p>\u0110\u1ecba ch\u1ec9 email c\u1ee7a b\u1ea1n l\u00e0 b\u1eaft bu\u1ed9c \u0111\u1ec3 ch\u00fang t\u00f4i c\u00f3 th\u1ec3 g\u1eedi cho b\u1ea1n m\u1ed9t s\u1ef1 th\u1eeba nh\u1eadn ph\u00f9 h\u1ee3p v\u1ec1 m\u00f3n qu\u00e0 c\u1ee7a b\u1ea1n. Chi ti\u1ebft v\u1ec1 kho\u1ea3n \u0111\u00f3ng g\u00f3p c\u1ee7a b\u1ea1n \u0111\u01b0\u1ee3c t\u00ecm th\u1ea5y qua email n\u00e0y, b\u1ea1n c\u00f3 th\u1ec3 in ho\u1eb7c l\u01b0u \u0111\u1ec3 t\u00ednh thu\u1ebf.<\/p>\n<\/div><\/div><\/div><\/section>\n<section class='av_toggle_section av-zxxj-214287eba4cadeab70f162a308d7853b'  itemscope=\"itemscope\" itemtype=\"https:\/\/schema.org\/CreativeWork\" ><div role=\"tablist\" class=\"single_toggle\" data-tags=\"{All} \"  ><p id='toggle-toggle-id-7' data-fake-id='#toggle-id-7' class='toggler  av-title-above'  itemprop=\"headline\"  role='tab' tabindex='0' aria-controls='toggle-id-7' data-slide-speed=\"200\" data-title=\"Why do you require a donation amount of $5?\" data-title-open=\"\" data-aria_collapsed=\"Click to expand: Why do you require a donation amount of $5?\" data-aria_expanded=\"Click to collapse: Why do you require a donation amount of $5?\">T\u1ea1i sao b\u1ea1n c\u1ea7n m\u1ed9t kho\u1ea3n ti\u1ec1n quy\u00ean g\u00f3p l\u00e0 5 \u0111\u00f4 la?<span class=\"toggle_icon\"><span class=\"vert_icon\"><\/span><span class=\"hor_icon\"><\/span><\/span><\/p><div id='toggle-id-7' aria-labelledby='toggle-toggle-id-7' role='region' class='toggle_wrap  av-title-above'  ><div class='toggle_content invers-color'  itemprop=\"text\" ><p>Gi\u1ed1ng nh\u01b0 b\u1ea5t k\u1ef3 h\u1ec7 th\u1ed1ng x\u1eed l\u00fd th\u1ebb t\u00edn d\u1ee5ng tr\u1ef1c tuy\u1ebfn kh\u00e1c, ch\u00fang t\u00f4i b\u1ecb t\u00ednh ph\u00ed b\u1edfi c\u00e1c c\u00f4ng ty th\u1ebb t\u00edn d\u1ee5ng. Ch\u00fang t\u00f4i kh\u00f4ng mu\u1ed1n m\u00f3n qu\u00e0 \u00fd \u0111\u1ecbnh t\u1ed1t c\u1ee7a c\u00e1c nh\u00e0 t\u00e0i tr\u1ee3 \u0111\u01b0\u1ee3c b\u00f9 \u0111\u1eafp b\u1eb1ng chi ph\u00ed ch\u1ebf bi\u1ebfn.<\/p>\n<\/div><\/div><\/div><\/section>\n<\/div>","protected":false},"excerpt":{"rendered":"","protected":false},"author":21,"featured_media":0,"parent":0,"menu_order":31,"comment_status":"closed","ping_status":"closed","template":"","meta":{"_monsterinsights_skip_tracking":false,"_monsterinsights_sitenote_active":false,"_monsterinsights_sitenote_note":"","_monsterinsights_sitenote_category":0,"footnotes":"","_links_to":"","_links_to_target":""},"class_list":["post-35","page","type-page","status-publish","hentry"],"yoast_head":"<!-- This site is optimized with the Yoast SEO plugin v27.3 - https:\/\/yoast.com\/product\/yoast-seo-wordpress\/ -->\n<title>Privacy Policy &#8211; Impact NW<\/title>\n<meta name=\"robots\" content=\"index, follow, max-snippet:-1, max-image-preview:large, max-video-preview:-1\" \/>\n<link rel=\"canonical\" href=\"https:\/\/impactnw.org\/vi\/privacy-policy\/\" \/>\n<meta property=\"og:locale\" content=\"vi_VN\" \/>\n<meta property=\"og:type\" content=\"article\" \/>\n<meta property=\"og:title\" content=\"Privacy Policy &#8211; Impact NW\" \/>\n<meta property=\"og:url\" content=\"https:\/\/impactnw.org\/vi\/privacy-policy\/\" \/>\n<meta property=\"og:site_name\" content=\"Impact NW\" \/>\n<meta property=\"article:publisher\" content=\"http:\/\/www.facebook.com\/ImpactNWsince1966\" \/>\n<meta property=\"article:modified_time\" content=\"2025-02-13T00:09:43+00:00\" \/>\n<meta name=\"twitter:card\" content=\"summary_large_image\" \/>\n<meta name=\"twitter:site\" content=\"@impactnw\" \/>\n<meta name=\"twitter:label1\" content=\"\u01af\u1edbc t\u00ednh th\u1eddi gian \u0111\u1ecdc\" \/>\n\t<meta name=\"twitter:data1\" content=\"2 ph\u00fat\" \/>\n<script type=\"application\/ld+json\" class=\"yoast-schema-graph\">{\"@context\":\"https:\\\/\\\/schema.org\",\"@graph\":[{\"@type\":\"WebPage\",\"@id\":\"https:\\\/\\\/impactnw.org\\\/privacy-policy\\\/\",\"url\":\"https:\\\/\\\/impactnw.org\\\/privacy-policy\\\/\",\"name\":\"Privacy Policy &#8211; Impact NW\",\"isPartOf\":{\"@id\":\"https:\\\/\\\/impactnw.org\\\/#website\"},\"datePublished\":\"2011-09-28T20:38:38+00:00\",\"dateModified\":\"2025-02-13T00:09:43+00:00\",\"breadcrumb\":{\"@id\":\"https:\\\/\\\/impactnw.org\\\/privacy-policy\\\/#breadcrumb\"},\"inLanguage\":\"vi\",\"potentialAction\":[{\"@type\":\"ReadAction\",\"target\":[\"https:\\\/\\\/impactnw.org\\\/privacy-policy\\\/\"]}]},{\"@type\":\"BreadcrumbList\",\"@id\":\"https:\\\/\\\/impactnw.org\\\/privacy-policy\\\/#breadcrumb\",\"itemListElement\":[{\"@type\":\"ListItem\",\"position\":1,\"name\":\"Home\",\"item\":\"https:\\\/\\\/impactnw.org\\\/home\\\/\"},{\"@type\":\"ListItem\",\"position\":2,\"name\":\"Privacy Policy\"}]},{\"@type\":\"WebSite\",\"@id\":\"https:\\\/\\\/impactnw.org\\\/#website\",\"url\":\"https:\\\/\\\/impactnw.org\\\/\",\"name\":\"Impact NW\",\"description\":\"Inspiring Hope. Empowering Independence.\",\"potentialAction\":[{\"@type\":\"SearchAction\",\"target\":{\"@type\":\"EntryPoint\",\"urlTemplate\":\"https:\\\/\\\/impactnw.org\\\/?s={search_term_string}\"},\"query-input\":{\"@type\":\"PropertyValueSpecification\",\"valueRequired\":true,\"valueName\":\"search_term_string\"}}],\"inLanguage\":\"vi\"}]}<\/script>\n<!-- \/ Yoast SEO plugin. -->","yoast_head_json":{"title":"Privacy Policy &#8211; Impact NW","robots":{"index":"index","follow":"follow","max-snippet":"max-snippet:-1","max-image-preview":"max-image-preview:large","max-video-preview":"max-video-preview:-1"},"canonical":"https:\/\/impactnw.org\/vi\/privacy-policy\/","og_locale":"vi_VN","og_type":"article","og_title":"Privacy Policy &#8211; Impact NW","og_url":"https:\/\/impactnw.org\/vi\/privacy-policy\/","og_site_name":"Impact NW","article_publisher":"http:\/\/www.facebook.com\/ImpactNWsince1966","article_modified_time":"2025-02-13T00:09:43+00:00","twitter_card":"summary_large_image","twitter_site":"@impactnw","twitter_misc":{"\u01af\u1edbc t\u00ednh th\u1eddi gian \u0111\u1ecdc":"2 ph\u00fat"},"schema":{"@context":"https:\/\/schema.org","@graph":[{"@type":"WebPage","@id":"https:\/\/impactnw.org\/privacy-policy\/","url":"https:\/\/impactnw.org\/privacy-policy\/","name":"Privacy Policy &#8211; Impact NW","isPartOf":{"@id":"https:\/\/impactnw.org\/#website"},"datePublished":"2011-09-28T20:38:38+00:00","dateModified":"2025-02-13T00:09:43+00:00","breadcrumb":{"@id":"https:\/\/impactnw.org\/privacy-policy\/#breadcrumb"},"inLanguage":"vi","potentialAction":[{"@type":"ReadAction","target":["https:\/\/impactnw.org\/privacy-policy\/"]}]},{"@type":"BreadcrumbList","@id":"https:\/\/impactnw.org\/privacy-policy\/#breadcrumb","itemListElement":[{"@type":"ListItem","position":1,"name":"Home","item":"https:\/\/impactnw.org\/home\/"},{"@type":"ListItem","position":2,"name":"Privacy Policy"}]},{"@type":"WebSite","@id":"https:\/\/impactnw.org\/#website","url":"https:\/\/impactnw.org\/","name":"T\u00e1c \u0111\u1ed9ng NW","description":"Inspiring Hope. Trao quy\u1ec1n cho \u0111\u1ed9c l\u1eadp.","potentialAction":[{"@type":"SearchAction","target":{"@type":"EntryPoint","urlTemplate":"https:\/\/impactnw.org\/?s={search_term_string}"},"query-input":{"@type":"PropertyValueSpecification","valueRequired":true,"valueName":"search_term_string"}}],"inLanguage":"vi"}]}},"_links":{"self":[{"href":"https:\/\/impactnw.org\/vi\/wp-json\/wp\/v2\/pages\/35","targetHints":{"allow":["GET"]}}],"collection":[{"href":"https:\/\/impactnw.org\/vi\/wp-json\/wp\/v2\/pages"}],"about":[{"href":"https:\/\/impactnw.org\/vi\/wp-json\/wp\/v2\/types\/page"}],"author":[{"embeddable":true,"href":"https:\/\/impactnw.org\/vi\/wp-json\/wp\/v2\/users\/21"}],"replies":[{"embeddable":true,"href":"https:\/\/impactnw.org\/vi\/wp-json\/wp\/v2\/comments?post=35"}],"version-history":[{"count":3,"href":"https:\/\/impactnw.org\/vi\/wp-json\/wp\/v2\/pages\/35\/revisions"}],"predecessor-version":[{"id":21628,"href":"https:\/\/impactnw.org\/vi\/wp-json\/wp\/v2\/pages\/35\/revisions\/21628"}],"wp:attachment":[{"href":"https:\/\/impactnw.org\/vi\/wp-json\/wp\/v2\/media?parent=35"}],"curies":[{"name":"wp","href":"https:\/\/api.w.org\/{rel}","templated":true}]}}