{"id":2692,"date":"2013-03-25T13:53:47","date_gmt":"2013-03-25T20:53:47","guid":{"rendered":"http:\/\/dev.impactnw.org\/?page_id=2692"},"modified":"2020-01-22T10:19:33","modified_gmt":"2020-01-22T18:19:33","slug":"pathways-to-manufacturing","status":"publish","type":"page","link":"https:\/\/impactnw.org\/vi\/programs\/youthfamily\/urban-opportunities\/pathways-to-manufacturing\/","title":{"rendered":"C\u00e1c con \u0111\u01b0\u1eddng \u0111\u1ec3 s\u1ea3n xu\u1ea5t"},"content":{"rendered":"<style type=\"text\/css\" data-created_by=\"avia_inline_auto\" id=\"style-css-av-40411w-bd97611ab30f873db43a456ad78c4a3b\">\n.flex_column.av-40411w-bd97611ab30f873db43a456ad78c4a3b{\nborder-radius:0px 0px 0px 0px;\npadding:0px 0px 0px 0px;\n}\n<\/style>\n<div  class='flex_column av-40411w-bd97611ab30f873db43a456ad78c4a3b av_one_full  avia-builder-el-0  el_before_av_hr  avia-builder-el-first  first flex_column_div av-zero-column-padding'     ><section  class='av_textblock_section av-k1v8ufi7-8b998b12e52ae0aab133bcc99b71af1b'   itemscope=\"itemscope\" itemtype=\"https:\/\/schema.org\/CreativeWork\" ><div class='avia_textblock'  itemprop=\"text\" ><h1>C\u00e1c con \u0111\u01b0\u1eddng \u0111\u1ec3 s\u1ea3n xu\u1ea5t<\/h1>\n<\/div><\/section><\/div>\n<style type=\"text\/css\" data-created_by=\"avia_inline_auto\" id=\"style-css-av-k1v8w7rz-8bcc15117a45b19706d9cf8c1891f247\">\n#top .hr.hr-invisible.av-k1v8w7rz-8bcc15117a45b19706d9cf8c1891f247{\nmargin-top:-35px;\nheight:1px;\n}\n<\/style>\n<div  class='hr av-k1v8w7rz-8bcc15117a45b19706d9cf8c1891f247 hr-invisible  avia-builder-el-2  el_after_av_one_full  el_before_av_three_fifth'><span class='hr-inner'><span class=\"hr-inner-style\"><\/span><\/span><\/div><\/p>\n\n<style type=\"text\/css\" data-created_by=\"avia_inline_auto\" id=\"style-css-av-33zh90-f678d516f8af68c3c6be32622a9512fa\">\n.flex_column.av-33zh90-f678d516f8af68c3c6be32622a9512fa{\nborder-radius:0px 0px 0px 0px;\npadding:0px 0px 0px 0px;\n}\n<\/style>\n<div  class='flex_column av-33zh90-f678d516f8af68c3c6be32622a9512fa av_three_fifth  avia-builder-el-3  el_after_av_hr  el_before_av_two_fifth  first flex_column_div av-zero-column-padding'     ><section  class='av_textblock_section av-61epc4-212ab4b54e663beef8c6e151a81f619d'   itemscope=\"itemscope\" itemtype=\"https:\/\/schema.org\/CreativeWork\" ><div class='avia_textblock'  itemprop=\"text\" ><p>H\u00e0ng tri\u1ec7u c\u00f4ng nh\u00e2n s\u1ea3n xu\u1ea5t c\u00f3 tay ngh\u1ec1 cao nh\u1ea5t hi\u1ec7n nay s\u1ebd ngh\u1ec9 h\u01b0u trong th\u1eadp k\u1ef7 t\u1edbi; tuy nhi\u00ean, h\u1ec7 th\u1ed1ng gi\u00e1o d\u1ee5c \u1edf M\u1ef9 \u0111\u00e3 theo \u0111u\u1ed5i m\u1ed9t con \u0111\u01b0\u1eddng t\u1eadp trung ch\u1ee7 y\u1ebfu v\u00e0o vi\u1ec7c chu\u1ea9n b\u1ecb cho sinh vi\u00ean nh\u1eadp h\u1ecdc v\u00e0o c\u00e1c ch\u01b0\u01a1ng tr\u00ecnh \u0111\u1ea1i h\u1ecdc 4 n\u0103m. \u0110i\u1ec1u n\u00e0y \u0111\u1ec3 l\u1ea1i m\u1ed9t s\u1ef1 k\u1ebft n\u1ed1i v\u0129nh vi\u1ec5n gi\u1eefa nhu c\u1ea7u c\u1ee7a nh\u00e0 tuy\u1ec3n d\u1ee5ng trong c\u00e1c ng\u00e0nh s\u1ea3n xu\u1ea5t v\u00e0 h\u1ea7u h\u1ebft c\u00e1c ch\u01b0\u01a1ng tr\u00ecnh h\u1ecdc trung h\u1ecdc, v\u00e0 \u0111\u1ec3 l\u1ea1i nhi\u1ec1u sinh vi\u00ean.<\/p>\n<p>L\u00e3nh \u0111\u1ea1o ng\u00e0nh c\u00f4ng nghi\u1ec7p Portland v\u00e0 h\u1ec7 th\u1ed1ng tr\u01b0\u1eddng c\u00f4ng \u0111\u00e3 nh\u1eadn th\u1ee9c \u0111\u01b0\u1ee3c r\u1eb1ng nh\u1eefng ng\u01b0\u1eddi tr\u1ebb tu\u1ed5i trong c\u1ed9ng \u0111\u1ed3ng c\u1ee7a ch\u00fang ta kh\u00f4ng c\u00f3 \u0111\u01b0\u1ee3c th\u00f4ng tin v\u00e0 k\u1ef9 n\u0103ng c\u1ea7n thi\u1ebft \u0111\u1ec3 th\u00e0nh c\u00f4ng theo \u0111u\u1ed5i ngh\u1ec1 s\u1ea3n xu\u1ea5t.<\/p>\n<p>M\u1ed9t nghi\u00ean c\u1ee9u n\u0103m 2012 c\u1ee7a Columbia-Willamette Workforce Collaborative cho th\u1ea5y 47% c\u00e1c c\u00f4ng ty s\u1ea3n xu\u1ea5t \u0111\u00e3 x\u00e1c \u0111\u1ecbnh thi\u1ebfu lao \u0111\u1ed9ng m\u1edbi v\u00e0o ng\u00e0nh n\u00e0y nh\u01b0 l\u00e0 m\u1ed1i quan t\u00e2m h\u00e0ng \u0111\u1ea7u, 68% n\u00f3i r\u1eb1ng h\u1ecd \u0111\u00e3 g\u1eb7p kh\u00f3 kh\u0103n nh\u1ea5t trong vi\u1ec7c l\u00e0m c\u00e1c v\u1ecb tr\u00ed s\u1ea3n xu\u1ea5t c\u00f3 tay ngh\u1ec1 cao trong ba n\u0103m t\u1edbi.<\/p>\n<p>Theo y\u00eau c\u1ea7u c\u1ee7a c\u00e1c nh\u00e0 s\u1ea3n xu\u1ea5t trong khu v\u1ef1c, Hi\u1ec7p h\u1ed9i s\u1ea3n xu\u1ea5t 21 v\u00e0 \u0111\u00e1p \u1ee9ng nhu c\u1ea7u c\u1ee7a c\u00e1c tr\u01b0\u1eddng trung h\u1ecdc khu v\u1ef1c, Impact NW \u0111\u00e3 t\u1ea1o ra \u0110\u01b0\u1eddng d\u1eabn t\u1edbi S\u1ea3n xu\u1ea5t c\u00f9ng v\u1edbi Daimler Trucks North America v\u00e0 Vigor Industrial.<\/p>\n<h3>L\u00e0m vi\u1ec7c v\u1edbi c\u00e1c tr\u01b0\u1eddng h\u1ecdc v\u00e0 c\u00e1c \u0111\u1ed1i t\u00e1c trong ng\u00e0nh, ch\u01b0\u01a1ng tr\u00ecnh Pathways to Manufacturing t\u1ea1o ra con \u0111\u01b0\u1eddng r\u00f5 r\u00e0ng cho s\u1ef1 nghi\u1ec7p trong ng\u00e0nh s\u1ea3n xu\u1ea5t trong gi\u1edbi tr\u1ebb Portland v\u00e0 gia \u0111\u00ecnh h\u1ecd.<\/h3>\n<p>K\u1ebft qu\u1ea3 l\u00e0 m\u1ed9t s\u1ed1 l\u01b0\u1ee3ng l\u1edbn thanh thi\u1ebfu ni\u00ean th\u00e0nh c\u00f4ng trong s\u1ef1 nghi\u1ec7p s\u1ea3n xu\u1ea5t \u0111\u1ec3 \u0111\u00e1p \u1ee9ng nhu c\u1ea7u ng\u00e0y c\u00e0ng t\u0103ng v\u1ec1 l\u1ef1c l\u01b0\u1ee3ng lao \u0111\u1ed9ng c\u00f3 tr\u00ecnh \u0111\u1ed9 trong ng\u00e0nh s\u1ea3n xu\u1ea5t \u1edf Portland v\u00e0 c\u00e1c khu v\u1ef1c xung quanh.<\/p>\n<p>Ch\u01b0\u01a1ng tr\u00ecnh Chuy\u1ec3n ti\u1ebfp S\u1ea3n xu\u1ea5t hi\u1ec7n \u0111ang c\u00f3 \u1edf Franklin, Centennial, Rosemary Anderson v\u00e0 David Douglas High Schools, c\u0169ng nh\u01b0 Reynolds Learning Academy.<\/p>\n<\/div><\/section><\/div>\n\n<style type=\"text\/css\" data-created_by=\"avia_inline_auto\" id=\"style-css-av-3q8nuc-97b26b5750c31cf432d3acca79061da4\">\n.flex_column.av-3q8nuc-97b26b5750c31cf432d3acca79061da4{\nborder-radius:0px 0px 0px 0px;\npadding:0px 0px 0px 0px;\n}\n<\/style>\n<div  class='flex_column av-3q8nuc-97b26b5750c31cf432d3acca79061da4 av_two_fifth  avia-builder-el-5  el_after_av_three_fifth  avia-builder-el-last  flex_column_div av-zero-column-padding'     ><p>\n<style type=\"text\/css\" data-created_by=\"avia_inline_auto\" id=\"style-css-av-k1v8tljq-d703cffac2dda3205198ad25da84fa46\">\n.avia-image-container.av-k1v8tljq-d703cffac2dda3205198ad25da84fa46 img.avia_image{\nbox-shadow:none;\n}\n.avia-image-container.av-k1v8tljq-d703cffac2dda3205198ad25da84fa46 .av-image-caption-overlay-center{\ncolor:#ffffff;\n}\n<\/style>\n<div  class='avia-image-container av-k1v8tljq-d703cffac2dda3205198ad25da84fa46 av-styling- avia-align-center  avia-builder-el-6  el_before_av_promobox  avia-builder-el-first'   itemprop=\"image\" itemscope=\"itemscope\" itemtype=\"https:\/\/schema.org\/ImageObject\" ><div class=\"avia-image-container-inner\"><div class=\"avia-image-overlay-wrap\"><img decoding=\"async\" fetchpriority=\"high\" class='wp-image-7844 avia-img-lazy-loading-not-7844 avia_image' src=\"https:\/\/impactnw.org\/wp-content\/uploads\/2013\/03\/welding.jpg\" alt='C\u00e1c con \u0111\u01b0\u1eddng \u0111\u1ec3 S\u1ea3n xu\u1ea5t - th\u1ee3 h\u00e0n' title='C\u00e1c con \u0111\u01b0\u1eddng \u0111\u1ec3 S\u1ea3n xu\u1ea5t - th\u1ee3 h\u00e0n'  height=\"282\" width=\"425\"  itemprop=\"thumbnailUrl\" srcset=\"https:\/\/impactnw.org\/wp-content\/uploads\/2013\/03\/welding.jpg 425w, https:\/\/impactnw.org\/wp-content\/uploads\/2013\/03\/welding-300x199.jpg 300w\" sizes=\"(max-width: 425px) 100vw, 425px\" \/><\/div><\/div><\/div><br \/>\n\n<style type=\"text\/css\" data-created_by=\"avia_inline_auto\" id=\"style-css-av-a6s8k-65eb862caca91d801fa2150c0b3feb7b\">\n.av_promobox.av-a6s8k-65eb862caca91d801fa2150c0b3feb7b{\ncolor:#ffffff;\nbackground:#1c3848;\n}\n<\/style>\n<div  class='av_promobox av-a6s8k-65eb862caca91d801fa2150c0b3feb7b avia-button-no  avia-builder-el-7  el_after_av_image  avia-builder-el-last'><div class='avia-promocontent'><\/p>\n<h3 style=\"color: #f6bb17;\">Ch\u00fang t\u00f4i c\u00f3 th\u1ec3 gi\u00fap b\u1ea1n kh\u00f4ng?<\/h3>\n<p>To sign up to be business partner with the Pathways to Manufacturing program or for more information, contact Brandi Jordan at\u00a0<a style=\"color: #ffffff;\" href=\"mailto:%20abouchane@impactnw.org\">bjordan@impactnw.org<\/a> or (541) 390-9096<\/p>\n<\/div><\/div><\/p><\/div>","protected":false},"excerpt":{"rendered":"","protected":false},"author":21,"featured_media":0,"parent":71,"menu_order":0,"comment_status":"closed","ping_status":"closed","template":"","meta":{"_monsterinsights_skip_tracking":false,"_monsterinsights_sitenote_active":false,"_monsterinsights_sitenote_note":"","_monsterinsights_sitenote_category":0,"footnotes":"","_links_to":"","_links_to_target":""},"class_list":["post-2692","page","type-page","status-publish","hentry"],"yoast_head":"<!-- This site is optimized with the Yoast SEO plugin v27.3 - https:\/\/yoast.com\/product\/yoast-seo-wordpress\/ -->\n<title>Pathways to Manufacturing &#8211; Impact NW<\/title>\n<meta name=\"robots\" content=\"index, follow, max-snippet:-1, max-image-preview:large, max-video-preview:-1\" \/>\n<link rel=\"canonical\" href=\"https:\/\/impactnw.org\/vi\/programs\/youthfamily\/urban-opportunities\/pathways-to-manufacturing\/\" \/>\n<meta property=\"og:locale\" content=\"vi_VN\" \/>\n<meta property=\"og:type\" content=\"article\" \/>\n<meta property=\"og:title\" content=\"Pathways to Manufacturing &#8211; Impact NW\" \/>\n<meta property=\"og:url\" content=\"https:\/\/impactnw.org\/vi\/programs\/youthfamily\/urban-opportunities\/pathways-to-manufacturing\/\" \/>\n<meta property=\"og:site_name\" content=\"Impact NW\" \/>\n<meta property=\"article:publisher\" content=\"http:\/\/www.facebook.com\/ImpactNWsince1966\" \/>\n<meta property=\"article:modified_time\" content=\"2020-01-22T18:19:33+00:00\" \/>\n<meta name=\"twitter:card\" content=\"summary_large_image\" \/>\n<meta name=\"twitter:site\" content=\"@impactnw\" \/>\n<meta name=\"twitter:label1\" content=\"\u01af\u1edbc t\u00ednh th\u1eddi gian \u0111\u1ecdc\" \/>\n\t<meta name=\"twitter:data1\" content=\"4 ph\u00fat\" \/>\n<script type=\"application\/ld+json\" class=\"yoast-schema-graph\">{\"@context\":\"https:\\\/\\\/schema.org\",\"@graph\":[{\"@type\":\"WebPage\",\"@id\":\"https:\\\/\\\/impactnw.org\\\/programs\\\/youthfamily\\\/urban-opportunities\\\/pathways-to-manufacturing\\\/\",\"url\":\"https:\\\/\\\/impactnw.org\\\/programs\\\/youthfamily\\\/urban-opportunities\\\/pathways-to-manufacturing\\\/\",\"name\":\"Pathways to Manufacturing &#8211; Impact NW\",\"isPartOf\":{\"@id\":\"https:\\\/\\\/impactnw.org\\\/#website\"},\"datePublished\":\"2013-03-25T20:53:47+00:00\",\"dateModified\":\"2020-01-22T18:19:33+00:00\",\"breadcrumb\":{\"@id\":\"https:\\\/\\\/impactnw.org\\\/programs\\\/youthfamily\\\/urban-opportunities\\\/pathways-to-manufacturing\\\/#breadcrumb\"},\"inLanguage\":\"vi\",\"potentialAction\":[{\"@type\":\"ReadAction\",\"target\":[\"https:\\\/\\\/impactnw.org\\\/programs\\\/youthfamily\\\/urban-opportunities\\\/pathways-to-manufacturing\\\/\"]}]},{\"@type\":\"BreadcrumbList\",\"@id\":\"https:\\\/\\\/impactnw.org\\\/programs\\\/youthfamily\\\/urban-opportunities\\\/pathways-to-manufacturing\\\/#breadcrumb\",\"itemListElement\":[{\"@type\":\"ListItem\",\"position\":1,\"name\":\"Home\",\"item\":\"https:\\\/\\\/impactnw.org\\\/home\\\/\"},{\"@type\":\"ListItem\",\"position\":2,\"name\":\"Programs\",\"item\":\"https:\\\/\\\/impactnw.org\\\/programs\\\/\"},{\"@type\":\"ListItem\",\"position\":3,\"name\":\"Youth &#038; Family Services\",\"item\":\"https:\\\/\\\/impactnw.org\\\/programs\\\/youthfamily\\\/\"},{\"@type\":\"ListItem\",\"position\":4,\"name\":\"Career Opportunities Readiness &#038; Exploration (CORE)\",\"item\":\"https:\\\/\\\/impactnw.org\\\/programs\\\/youthfamily\\\/urban-opportunities\\\/\"},{\"@type\":\"ListItem\",\"position\":5,\"name\":\"Pathways to Manufacturing\"}]},{\"@type\":\"WebSite\",\"@id\":\"https:\\\/\\\/impactnw.org\\\/#website\",\"url\":\"https:\\\/\\\/impactnw.org\\\/\",\"name\":\"Impact NW\",\"description\":\"Inspiring Hope. Empowering Independence.\",\"potentialAction\":[{\"@type\":\"SearchAction\",\"target\":{\"@type\":\"EntryPoint\",\"urlTemplate\":\"https:\\\/\\\/impactnw.org\\\/?s={search_term_string}\"},\"query-input\":{\"@type\":\"PropertyValueSpecification\",\"valueRequired\":true,\"valueName\":\"search_term_string\"}}],\"inLanguage\":\"vi\"}]}<\/script>\n<!-- \/ Yoast SEO plugin. -->","yoast_head_json":{"title":"Pathways to Manufacturing &#8211; Impact NW","robots":{"index":"index","follow":"follow","max-snippet":"max-snippet:-1","max-image-preview":"max-image-preview:large","max-video-preview":"max-video-preview:-1"},"canonical":"https:\/\/impactnw.org\/vi\/programs\/youthfamily\/urban-opportunities\/pathways-to-manufacturing\/","og_locale":"vi_VN","og_type":"article","og_title":"Pathways to Manufacturing &#8211; Impact NW","og_url":"https:\/\/impactnw.org\/vi\/programs\/youthfamily\/urban-opportunities\/pathways-to-manufacturing\/","og_site_name":"Impact NW","article_publisher":"http:\/\/www.facebook.com\/ImpactNWsince1966","article_modified_time":"2020-01-22T18:19:33+00:00","twitter_card":"summary_large_image","twitter_site":"@impactnw","twitter_misc":{"\u01af\u1edbc t\u00ednh th\u1eddi gian \u0111\u1ecdc":"4 ph\u00fat"},"schema":{"@context":"https:\/\/schema.org","@graph":[{"@type":"WebPage","@id":"https:\/\/impactnw.org\/programs\/youthfamily\/urban-opportunities\/pathways-to-manufacturing\/","url":"https:\/\/impactnw.org\/programs\/youthfamily\/urban-opportunities\/pathways-to-manufacturing\/","name":"Pathways to Manufacturing &#8211; Impact NW","isPartOf":{"@id":"https:\/\/impactnw.org\/#website"},"datePublished":"2013-03-25T20:53:47+00:00","dateModified":"2020-01-22T18:19:33+00:00","breadcrumb":{"@id":"https:\/\/impactnw.org\/programs\/youthfamily\/urban-opportunities\/pathways-to-manufacturing\/#breadcrumb"},"inLanguage":"vi","potentialAction":[{"@type":"ReadAction","target":["https:\/\/impactnw.org\/programs\/youthfamily\/urban-opportunities\/pathways-to-manufacturing\/"]}]},{"@type":"BreadcrumbList","@id":"https:\/\/impactnw.org\/programs\/youthfamily\/urban-opportunities\/pathways-to-manufacturing\/#breadcrumb","itemListElement":[{"@type":"ListItem","position":1,"name":"Home","item":"https:\/\/impactnw.org\/home\/"},{"@type":"ListItem","position":2,"name":"Programs","item":"https:\/\/impactnw.org\/programs\/"},{"@type":"ListItem","position":3,"name":"Youth &#038; Family Services","item":"https:\/\/impactnw.org\/programs\/youthfamily\/"},{"@type":"ListItem","position":4,"name":"Career Opportunities Readiness &#038; Exploration (CORE)","item":"https:\/\/impactnw.org\/programs\/youthfamily\/urban-opportunities\/"},{"@type":"ListItem","position":5,"name":"Pathways to Manufacturing"}]},{"@type":"WebSite","@id":"https:\/\/impactnw.org\/#website","url":"https:\/\/impactnw.org\/","name":"T\u00e1c \u0111\u1ed9ng NW","description":"Inspiring Hope. Trao quy\u1ec1n cho \u0111\u1ed9c l\u1eadp.","potentialAction":[{"@type":"SearchAction","target":{"@type":"EntryPoint","urlTemplate":"https:\/\/impactnw.org\/?s={search_term_string}"},"query-input":{"@type":"PropertyValueSpecification","valueRequired":true,"valueName":"search_term_string"}}],"inLanguage":"vi"}]}},"_links":{"self":[{"href":"https:\/\/impactnw.org\/vi\/wp-json\/wp\/v2\/pages\/2692","targetHints":{"allow":["GET"]}}],"collection":[{"href":"https:\/\/impactnw.org\/vi\/wp-json\/wp\/v2\/pages"}],"about":[{"href":"https:\/\/impactnw.org\/vi\/wp-json\/wp\/v2\/types\/page"}],"author":[{"embeddable":true,"href":"https:\/\/impactnw.org\/vi\/wp-json\/wp\/v2\/users\/21"}],"replies":[{"embeddable":true,"href":"https:\/\/impactnw.org\/vi\/wp-json\/wp\/v2\/comments?post=2692"}],"version-history":[{"count":0,"href":"https:\/\/impactnw.org\/vi\/wp-json\/wp\/v2\/pages\/2692\/revisions"}],"up":[{"embeddable":true,"href":"https:\/\/impactnw.org\/vi\/wp-json\/wp\/v2\/pages\/71"}],"wp:attachment":[{"href":"https:\/\/impactnw.org\/vi\/wp-json\/wp\/v2\/media?parent=2692"}],"curies":[{"name":"wp","href":"https:\/\/api.w.org\/{rel}","templated":true}]}}