{"id":16502,"date":"2023-02-03T13:07:54","date_gmt":"2023-02-03T21:07:54","guid":{"rendered":"https:\/\/impactnw.org\/?page_id=16502"},"modified":"2025-09-19T13:35:56","modified_gmt":"2025-09-19T20:35:56","slug":"family-resource-navigators","status":"publish","type":"page","link":"https:\/\/impactnw.org\/vi\/programs\/youthfamily\/family-resource-navigators\/","title":{"rendered":"Family Resource Navigators"},"content":{"rendered":"<style type=\"text\/css\" data-created_by=\"avia_inline_auto\" id=\"style-css-av-4t1cm1i-9d0d6060213ebd3acff0737d26d026e2\">\n.flex_column.av-4t1cm1i-9d0d6060213ebd3acff0737d26d026e2{\nborder-radius:0px 0px 0px 0px;\npadding:0px 0px 0px 0px;\n}\n<\/style>\n<div  class='flex_column av-4t1cm1i-9d0d6060213ebd3acff0737d26d026e2 av_one_full  avia-builder-el-0  el_before_av_hr  avia-builder-el-first  first flex_column_div av-zero-column-padding'     ><section  class='av_textblock_section av-ldowtlal-5b34d345bf6df11f789e020411b28ed8'   itemscope=\"itemscope\" itemtype=\"https:\/\/schema.org\/CreativeWork\" ><div class='avia_textblock'  itemprop=\"text\" ><h1>Family Resource Navigators<\/h1>\n<\/div><\/section><\/div>\n\n<style type=\"text\/css\" data-created_by=\"avia_inline_auto\" id=\"style-css-av-4foxy0m-a3a6217158a2eb4fccd5904330e1e93f\">\n#top .hr.hr-invisible.av-4foxy0m-a3a6217158a2eb4fccd5904330e1e93f{\nmargin-top:-40px;\nheight:1px;\n}\n<\/style>\n<div  class='hr av-4foxy0m-a3a6217158a2eb4fccd5904330e1e93f hr-invisible  avia-builder-el-2  el_after_av_one_full  el_before_av_three_fifth'><span class='hr-inner'><span class=\"hr-inner-style\"><\/span><\/span><\/div>\n\n<style type=\"text\/css\" data-created_by=\"avia_inline_auto\" id=\"style-css-av-3rmfo6u-8fde9b48e969316396fdeb77d9e8ae3e\">\n.flex_column.av-3rmfo6u-8fde9b48e969316396fdeb77d9e8ae3e{\nborder-radius:0px 0px 0px 0px;\npadding:0px 0px 0px 0px;\n}\n<\/style>\n<div  class='flex_column av-3rmfo6u-8fde9b48e969316396fdeb77d9e8ae3e av_three_fifth  avia-builder-el-3  el_after_av_hr  el_before_av_two_fifth  first flex_column_div av-zero-column-padding'     ><section  class='av_textblock_section av-ldowy1f1-7d9712c6a0b219f420193d9bf20c2b6b'   itemscope=\"itemscope\" itemtype=\"https:\/\/schema.org\/CreativeWork\" ><div class='avia_textblock'  itemprop=\"text\" ><h2>About<\/h2>\n<p>Impact NW&#8217;s Family Resource Navigators, as part of our <a href=\"https:\/\/impactnw.org\/programs\/youthfamily\/community-schools\/\">SUN Community School<\/a> staff team, work alongside families to help reduce barriers and stressors in the home and promote self-sufficiency so that students can learn and families can thrive.<\/p>\n<p>Our Family Resource Navigator (FRN) program is culturally responsive and supports the needs of families, prioritizing families of color. The Family Resource Navigator reduces these barriers by allowing providers to walk alongside families who are navigating these systems of support, building skills and confidence along the way so that families can access any and all potential resources and help their students learn.<\/p>\n<h3><\/h3>\n<\/div><\/section><br \/>\n<section  class='av_textblock_section av-mfras3cb-d4d53b7bb7d4afc0f538dc5169de769a'   itemscope=\"itemscope\" itemtype=\"https:\/\/schema.org\/CreativeWork\" ><div class='avia_textblock'  itemprop=\"text\" ><h2>Accepting Donations<\/h2>\n<p>If you are interested in supporting students and their families as part of our school-based services, <a href=\"https:\/\/impactnw.org\/how-to-help\/donate-essential-household-items\/\">xin b\u1ea5m v\u00e0o \u0111\u00e2y<\/a>. Your support will go towards stabilizing and strengthening services to keep families housed and meet their basic needs.<\/p>\n<h3><\/h3>\n<\/div><\/section><\/p><\/div>\n<style type=\"text\/css\" data-created_by=\"avia_inline_auto\" id=\"style-css-av-3nmy7ee-959404515b047d4590370c97c7476594\">\n.flex_column.av-3nmy7ee-959404515b047d4590370c97c7476594{\nborder-radius:0px 0px 0px 0px;\npadding:0px 0px 0px 0px;\n}\n<\/style>\n<div  class='flex_column av-3nmy7ee-959404515b047d4590370c97c7476594 av_two_fifth  avia-builder-el-6  el_after_av_three_fifth  avia-builder-el-last  flex_column_div av-zero-column-padding'     ><p>\n<style type=\"text\/css\" data-created_by=\"avia_inline_auto\" id=\"style-css-av-32hixue-b11d05a4a2838449ab2b5b1664f59fc8\">\n.avia-image-container.av-32hixue-b11d05a4a2838449ab2b5b1664f59fc8 img.avia_image{\nbox-shadow:none;\n}\n.avia-image-container.av-32hixue-b11d05a4a2838449ab2b5b1664f59fc8 .av-image-caption-overlay-center{\ncolor:#ffffff;\n}\n<\/style>\n<div  class='avia-image-container av-32hixue-b11d05a4a2838449ab2b5b1664f59fc8 av-styling- avia-align-center  avia-builder-el-7  el_before_av_promobox  avia-builder-el-first'   itemprop=\"image\" itemscope=\"itemscope\" itemtype=\"https:\/\/schema.org\/ImageObject\" ><div class=\"avia-image-container-inner\"><div class=\"avia-image-overlay-wrap\"><img decoding=\"async\" fetchpriority=\"high\" class='wp-image-15294 avia-img-lazy-loading-not-15294 avia_image' src=\"https:\/\/impactnw.org\/wp-content\/uploads\/2021\/06\/Art-project-1-1030x773.png\" alt='' title='Art project 1'  height=\"773\" width=\"1030\"  itemprop=\"thumbnailUrl\" srcset=\"https:\/\/impactnw.org\/wp-content\/uploads\/2021\/06\/Art-project-1-1030x773.png 1030w, https:\/\/impactnw.org\/wp-content\/uploads\/2021\/06\/Art-project-1-300x225.png 300w, https:\/\/impactnw.org\/wp-content\/uploads\/2021\/06\/Art-project-1-768x576.png 768w, https:\/\/impactnw.org\/wp-content\/uploads\/2021\/06\/Art-project-1-16x12.png 16w, https:\/\/impactnw.org\/wp-content\/uploads\/2021\/06\/Art-project-1-705x529.png 705w, https:\/\/impactnw.org\/wp-content\/uploads\/2021\/06\/Art-project-1.png 1500w\" sizes=\"(max-width: 1030px) 100vw, 1030px\" \/><\/div><\/div><\/div><br \/>\n\n<style type=\"text\/css\" data-created_by=\"avia_inline_auto\" id=\"style-css-av-ldowyku5-acd10affe9a3f951d3580314e5ad3a33\">\n.av_promobox.av-ldowyku5-acd10affe9a3f951d3580314e5ad3a33{\ncolor:#ffffff;\nbackground:#1c3848;\n}\n<\/style>\n<div  class='av_promobox av-ldowyku5-acd10affe9a3f951d3580314e5ad3a33 avia-button-no  avia-builder-el-8  el_after_av_image  avia-builder-el-last'><div class='avia-promocontent'><\/p>\n<h3 style=\"color: #f6bb17; font-weight: bold;\">Ch\u00fang t\u00f4i c\u00f3 th\u1ec3 gi\u00fap b\u1ea1n kh\u00f4ng?<\/h3>\n<p>Please call our Family Resource Navigators program at (971) 258-0745 to learn about our range of services. Your conversation will be completely confidential. If Impact NW isn\u2019t the best fit for you, we\u2019ll help connect you to the services you need.<\/p>\n<\/div><\/div><\/p><\/div><\/p>","protected":false},"excerpt":{"rendered":"","protected":false},"author":26,"featured_media":0,"parent":57,"menu_order":0,"comment_status":"closed","ping_status":"closed","template":"","meta":{"_monsterinsights_skip_tracking":false,"_monsterinsights_sitenote_active":false,"_monsterinsights_sitenote_note":"","_monsterinsights_sitenote_category":0,"footnotes":"","_links_to":"","_links_to_target":""},"class_list":["post-16502","page","type-page","status-publish","hentry"],"yoast_head":"<!-- This site is optimized with the Yoast SEO plugin v27.3 - https:\/\/yoast.com\/product\/yoast-seo-wordpress\/ -->\n<title>Family Resource Navigators &#8211; Impact NW<\/title>\n<meta name=\"robots\" content=\"index, follow, max-snippet:-1, max-image-preview:large, max-video-preview:-1\" \/>\n<link rel=\"canonical\" href=\"https:\/\/impactnw.org\/vi\/programs\/youthfamily\/family-resource-navigators\/\" \/>\n<meta property=\"og:locale\" content=\"vi_VN\" \/>\n<meta property=\"og:type\" content=\"article\" \/>\n<meta property=\"og:title\" content=\"Family Resource Navigators &#8211; Impact NW\" \/>\n<meta property=\"og:url\" content=\"https:\/\/impactnw.org\/vi\/programs\/youthfamily\/family-resource-navigators\/\" \/>\n<meta property=\"og:site_name\" content=\"Impact NW\" \/>\n<meta property=\"article:publisher\" content=\"http:\/\/www.facebook.com\/ImpactNWsince1966\" \/>\n<meta property=\"article:modified_time\" content=\"2025-09-19T20:35:56+00:00\" \/>\n<meta name=\"twitter:card\" content=\"summary_large_image\" \/>\n<meta name=\"twitter:site\" content=\"@impactnw\" \/>\n<meta name=\"twitter:label1\" content=\"\u01af\u1edbc t\u00ednh th\u1eddi gian \u0111\u1ecdc\" \/>\n\t<meta name=\"twitter:data1\" content=\"2 ph\u00fat\" \/>\n<script type=\"application\/ld+json\" class=\"yoast-schema-graph\">{\"@context\":\"https:\\\/\\\/schema.org\",\"@graph\":[{\"@type\":\"WebPage\",\"@id\":\"https:\\\/\\\/impactnw.org\\\/programs\\\/youthfamily\\\/family-resource-navigators\\\/\",\"url\":\"https:\\\/\\\/impactnw.org\\\/programs\\\/youthfamily\\\/family-resource-navigators\\\/\",\"name\":\"Family Resource Navigators &#8211; Impact NW\",\"isPartOf\":{\"@id\":\"https:\\\/\\\/impactnw.org\\\/#website\"},\"datePublished\":\"2023-02-03T21:07:54+00:00\",\"dateModified\":\"2025-09-19T20:35:56+00:00\",\"breadcrumb\":{\"@id\":\"https:\\\/\\\/impactnw.org\\\/programs\\\/youthfamily\\\/family-resource-navigators\\\/#breadcrumb\"},\"inLanguage\":\"vi\",\"potentialAction\":[{\"@type\":\"ReadAction\",\"target\":[\"https:\\\/\\\/impactnw.org\\\/programs\\\/youthfamily\\\/family-resource-navigators\\\/\"]}]},{\"@type\":\"BreadcrumbList\",\"@id\":\"https:\\\/\\\/impactnw.org\\\/programs\\\/youthfamily\\\/family-resource-navigators\\\/#breadcrumb\",\"itemListElement\":[{\"@type\":\"ListItem\",\"position\":1,\"name\":\"Home\",\"item\":\"https:\\\/\\\/impactnw.org\\\/home\\\/\"},{\"@type\":\"ListItem\",\"position\":2,\"name\":\"Programs\",\"item\":\"https:\\\/\\\/impactnw.org\\\/programs\\\/\"},{\"@type\":\"ListItem\",\"position\":3,\"name\":\"Youth &#038; Family Services\",\"item\":\"https:\\\/\\\/impactnw.org\\\/programs\\\/youthfamily\\\/\"},{\"@type\":\"ListItem\",\"position\":4,\"name\":\"Family Resource Navigators\"}]},{\"@type\":\"WebSite\",\"@id\":\"https:\\\/\\\/impactnw.org\\\/#website\",\"url\":\"https:\\\/\\\/impactnw.org\\\/\",\"name\":\"Impact NW\",\"description\":\"Inspiring Hope. Empowering Independence.\",\"potentialAction\":[{\"@type\":\"SearchAction\",\"target\":{\"@type\":\"EntryPoint\",\"urlTemplate\":\"https:\\\/\\\/impactnw.org\\\/?s={search_term_string}\"},\"query-input\":{\"@type\":\"PropertyValueSpecification\",\"valueRequired\":true,\"valueName\":\"search_term_string\"}}],\"inLanguage\":\"vi\"}]}<\/script>\n<!-- \/ Yoast SEO plugin. -->","yoast_head_json":{"title":"Family Resource Navigators &#8211; Impact NW","robots":{"index":"index","follow":"follow","max-snippet":"max-snippet:-1","max-image-preview":"max-image-preview:large","max-video-preview":"max-video-preview:-1"},"canonical":"https:\/\/impactnw.org\/vi\/programs\/youthfamily\/family-resource-navigators\/","og_locale":"vi_VN","og_type":"article","og_title":"Family Resource Navigators &#8211; Impact NW","og_url":"https:\/\/impactnw.org\/vi\/programs\/youthfamily\/family-resource-navigators\/","og_site_name":"Impact NW","article_publisher":"http:\/\/www.facebook.com\/ImpactNWsince1966","article_modified_time":"2025-09-19T20:35:56+00:00","twitter_card":"summary_large_image","twitter_site":"@impactnw","twitter_misc":{"\u01af\u1edbc t\u00ednh th\u1eddi gian \u0111\u1ecdc":"2 ph\u00fat"},"schema":{"@context":"https:\/\/schema.org","@graph":[{"@type":"WebPage","@id":"https:\/\/impactnw.org\/programs\/youthfamily\/family-resource-navigators\/","url":"https:\/\/impactnw.org\/programs\/youthfamily\/family-resource-navigators\/","name":"Family Resource Navigators &#8211; Impact NW","isPartOf":{"@id":"https:\/\/impactnw.org\/#website"},"datePublished":"2023-02-03T21:07:54+00:00","dateModified":"2025-09-19T20:35:56+00:00","breadcrumb":{"@id":"https:\/\/impactnw.org\/programs\/youthfamily\/family-resource-navigators\/#breadcrumb"},"inLanguage":"vi","potentialAction":[{"@type":"ReadAction","target":["https:\/\/impactnw.org\/programs\/youthfamily\/family-resource-navigators\/"]}]},{"@type":"BreadcrumbList","@id":"https:\/\/impactnw.org\/programs\/youthfamily\/family-resource-navigators\/#breadcrumb","itemListElement":[{"@type":"ListItem","position":1,"name":"Home","item":"https:\/\/impactnw.org\/home\/"},{"@type":"ListItem","position":2,"name":"Programs","item":"https:\/\/impactnw.org\/programs\/"},{"@type":"ListItem","position":3,"name":"Youth &#038; Family Services","item":"https:\/\/impactnw.org\/programs\/youthfamily\/"},{"@type":"ListItem","position":4,"name":"Family Resource Navigators"}]},{"@type":"WebSite","@id":"https:\/\/impactnw.org\/#website","url":"https:\/\/impactnw.org\/","name":"T\u00e1c \u0111\u1ed9ng NW","description":"Inspiring Hope. Trao quy\u1ec1n cho \u0111\u1ed9c l\u1eadp.","potentialAction":[{"@type":"SearchAction","target":{"@type":"EntryPoint","urlTemplate":"https:\/\/impactnw.org\/?s={search_term_string}"},"query-input":{"@type":"PropertyValueSpecification","valueRequired":true,"valueName":"search_term_string"}}],"inLanguage":"vi"}]}},"_links":{"self":[{"href":"https:\/\/impactnw.org\/vi\/wp-json\/wp\/v2\/pages\/16502","targetHints":{"allow":["GET"]}}],"collection":[{"href":"https:\/\/impactnw.org\/vi\/wp-json\/wp\/v2\/pages"}],"about":[{"href":"https:\/\/impactnw.org\/vi\/wp-json\/wp\/v2\/types\/page"}],"author":[{"embeddable":true,"href":"https:\/\/impactnw.org\/vi\/wp-json\/wp\/v2\/users\/26"}],"replies":[{"embeddable":true,"href":"https:\/\/impactnw.org\/vi\/wp-json\/wp\/v2\/comments?post=16502"}],"version-history":[{"count":3,"href":"https:\/\/impactnw.org\/vi\/wp-json\/wp\/v2\/pages\/16502\/revisions"}],"predecessor-version":[{"id":21940,"href":"https:\/\/impactnw.org\/vi\/wp-json\/wp\/v2\/pages\/16502\/revisions\/21940"}],"up":[{"embeddable":true,"href":"https:\/\/impactnw.org\/vi\/wp-json\/wp\/v2\/pages\/57"}],"wp:attachment":[{"href":"https:\/\/impactnw.org\/vi\/wp-json\/wp\/v2\/media?parent=16502"}],"curies":[{"name":"wp","href":"https:\/\/api.w.org\/{rel}","templated":true}]}}