{"id":111,"date":"2011-09-28T23:18:45","date_gmt":"2011-09-28T23:18:45","guid":{"rendered":"http:\/\/dev.impactnw.org\/wp_11_2011\/?page_id=111"},"modified":"2020-02-25T10:53:36","modified_gmt":"2020-02-25T18:53:36","slug":"employee-giving-campaigns","status":"publish","type":"page","link":"https:\/\/impactnw.org\/vi\/how-to-help\/donate\/employee-giving-campaigns\/","title":{"rendered":"Nh\u00e2n vi\u00ean Giving \/ Matching"},"content":{"rendered":"<section  class='av_textblock_section av-6peo7-68a8217112ae44a79617c716fd209783'   itemscope=\"itemscope\" itemtype=\"https:\/\/schema.org\/CreativeWork\" ><div class='avia_textblock'  itemprop=\"text\" ><h1>Nh\u00e2n vi\u00ean Giving \/ Matching<\/h1>\n<h2 style=\"line-height: 30px;\">T\u0103ng g\u1ea5p \u0111\u00f4i ho\u1eb7c th\u1eadm ch\u00ed g\u1ea5p ba s\u1ed1 ti\u1ec1n quy\u00ean g\u00f3p c\u1ee7a b\u1ea1n \u0111\u1ec3 gi\u00fap \u0111\u1ee1 nhi\u1ec1u tr\u1ebb em, gia \u0111\u00ecnh, ng\u01b0\u1eddi cao ni\u00ean v\u00e0 ng\u01b0\u1eddi khuy\u1ebft t\u1eadt.<\/h2>\n<p>Nhi\u1ec1u c\u00f4ng ty s\u1ebd &quot;k\u1ebft h\u1ee3p&quot; c\u00e1c kho\u1ea3n \u0111\u00f3ng g\u00f3p t\u1eeb thi\u1ec7n do nh\u00e2n vi\u00ean cung c\u1ea5p. H\u1ecd c\u00f3 th\u1ec3 tr\u1ea3 l\u1ea1i cho c\u1ed9ng \u0111\u1ed3ng c\u1ee7a h\u1ecd v\u00e0 cho ph\u00e9p nh\u00e2n vi\u00ean t\u0103ng s\u1ef1 \u1ee7ng h\u1ed9 c\u1ee7a h\u1ecd cho t\u1ed5 ch\u1ee9c t\u1eeb thi\u1ec7n m\u00e0 h\u1ecd l\u1ef1a ch\u1ecdn. H\u00e0ng ngh\u00ecn \u0111\u00f4 la ch\u00fang t\u00f4i nh\u1eadn \u0111\u01b0\u1ee3c m\u1ed9t n\u0103m qu\u00e0 ph\u00f9 h\u1ee3p s\u1ebd gi\u00fap ch\u00fang t\u00f4i \u0111\u1ea3m b\u1ea3o r\u1eb1ng nhi\u1ec1u tr\u1ebb em h\u01a1n s\u1ebd \u0111\u01b0\u1ee3c ti\u1ebfp c\u1eadn c\u00e1c d\u1ecbch v\u1ee5 ch\u0103m s\u00f3c s\u1ee9c kho\u1ebb m\u00e0 h\u1ecd c\u1ea7n.<\/p>\n<p><strong><a href=\"http:\/\/matchfinderonline.blackbaud.com\/MatchGiftInquiry.aspx?cid=21411\">Nh\u1ea5p v\u00e0o \u0111\u00e2y v\u00e0 nh\u1eadp t\u00ean c\u1ee7a ch\u1ee7 lao \u0111\u1ed9ng v\u00e0o h\u1ed9p \u0111\u1ec3 xem n\u1ebfu h\u1ecd c\u00f3 ch\u01b0\u01a1ng tr\u00ecnh qu\u00e0 t\u1eb7ng ph\u00f9 h\u1ee3p.<\/a><\/strong><\/p>\n<p>N\u1ebfu c\u00f3, theo d\u00f5i nh\u00e2n s\u1ef1 c\u1ee7a b\u1ea1n ho\u1eb7c li\u00ean h\u1ec7 v\u1edbi Corporate Giving \u0111\u1ec3 l\u00e0m theo th\u1ee7 t\u1ee5c \u0111\u1ec3 k\u1ebft h\u1ee3p qu\u00e0 t\u1eb7ng t\u1eeb c\u00f4ng ty c\u1ee7a b\u1ea1n. C\u1ea3m \u01a1n b\u1ea1n!<\/p>\n<\/div><\/section>","protected":false},"excerpt":{"rendered":"","protected":false},"author":21,"featured_media":0,"parent":98,"menu_order":7,"comment_status":"closed","ping_status":"closed","template":"","meta":{"_monsterinsights_skip_tracking":false,"_monsterinsights_sitenote_active":false,"_monsterinsights_sitenote_note":"","_monsterinsights_sitenote_category":0,"footnotes":"","_links_to":"","_links_to_target":""},"class_list":["post-111","page","type-page","status-publish","hentry"],"yoast_head":"<!-- This site is optimized with the Yoast SEO plugin v27.3 - https:\/\/yoast.com\/product\/yoast-seo-wordpress\/ -->\n<title>Employee Giving \/ Matching &#8211; Impact NW<\/title>\n<meta name=\"robots\" content=\"index, follow, max-snippet:-1, max-image-preview:large, max-video-preview:-1\" \/>\n<link rel=\"canonical\" href=\"https:\/\/impactnw.org\/vi\/how-to-help\/donate\/employee-giving-campaigns\/\" \/>\n<meta property=\"og:locale\" content=\"vi_VN\" \/>\n<meta property=\"og:type\" content=\"article\" \/>\n<meta property=\"og:title\" content=\"Employee Giving \/ Matching &#8211; Impact NW\" \/>\n<meta property=\"og:url\" content=\"https:\/\/impactnw.org\/vi\/how-to-help\/donate\/employee-giving-campaigns\/\" \/>\n<meta property=\"og:site_name\" content=\"Impact NW\" \/>\n<meta property=\"article:publisher\" content=\"http:\/\/www.facebook.com\/ImpactNWsince1966\" \/>\n<meta property=\"article:modified_time\" content=\"2020-02-25T18:53:36+00:00\" \/>\n<meta name=\"twitter:card\" content=\"summary_large_image\" \/>\n<meta name=\"twitter:site\" content=\"@impactnw\" \/>\n<meta name=\"twitter:label1\" content=\"\u01af\u1edbc t\u00ednh th\u1eddi gian \u0111\u1ecdc\" \/>\n\t<meta name=\"twitter:data1\" content=\"1 ph\u00fat\" \/>\n<script type=\"application\/ld+json\" class=\"yoast-schema-graph\">{\"@context\":\"https:\\\/\\\/schema.org\",\"@graph\":[{\"@type\":\"WebPage\",\"@id\":\"https:\\\/\\\/impactnw.org\\\/how-to-help\\\/donate\\\/employee-giving-campaigns\\\/\",\"url\":\"https:\\\/\\\/impactnw.org\\\/how-to-help\\\/donate\\\/employee-giving-campaigns\\\/\",\"name\":\"Employee Giving \\\/ Matching &#8211; Impact NW\",\"isPartOf\":{\"@id\":\"https:\\\/\\\/impactnw.org\\\/#website\"},\"datePublished\":\"2011-09-28T23:18:45+00:00\",\"dateModified\":\"2020-02-25T18:53:36+00:00\",\"breadcrumb\":{\"@id\":\"https:\\\/\\\/impactnw.org\\\/how-to-help\\\/donate\\\/employee-giving-campaigns\\\/#breadcrumb\"},\"inLanguage\":\"vi\",\"potentialAction\":[{\"@type\":\"ReadAction\",\"target\":[\"https:\\\/\\\/impactnw.org\\\/how-to-help\\\/donate\\\/employee-giving-campaigns\\\/\"]}]},{\"@type\":\"BreadcrumbList\",\"@id\":\"https:\\\/\\\/impactnw.org\\\/how-to-help\\\/donate\\\/employee-giving-campaigns\\\/#breadcrumb\",\"itemListElement\":[{\"@type\":\"ListItem\",\"position\":1,\"name\":\"Home\",\"item\":\"https:\\\/\\\/impactnw.org\\\/home\\\/\"},{\"@type\":\"ListItem\",\"position\":2,\"name\":\"How to Help\",\"item\":\"https:\\\/\\\/impactnw.org\\\/how-to-help\\\/\"},{\"@type\":\"ListItem\",\"position\":3,\"name\":\"Make an Impact\",\"item\":\"https:\\\/\\\/impactnw.org\\\/how-to-help\\\/donate\\\/\"},{\"@type\":\"ListItem\",\"position\":4,\"name\":\"Employee Giving \\\/ Matching\"}]},{\"@type\":\"WebSite\",\"@id\":\"https:\\\/\\\/impactnw.org\\\/#website\",\"url\":\"https:\\\/\\\/impactnw.org\\\/\",\"name\":\"Impact NW\",\"description\":\"Inspiring Hope. Empowering Independence.\",\"potentialAction\":[{\"@type\":\"SearchAction\",\"target\":{\"@type\":\"EntryPoint\",\"urlTemplate\":\"https:\\\/\\\/impactnw.org\\\/?s={search_term_string}\"},\"query-input\":{\"@type\":\"PropertyValueSpecification\",\"valueRequired\":true,\"valueName\":\"search_term_string\"}}],\"inLanguage\":\"vi\"}]}<\/script>\n<!-- \/ Yoast SEO plugin. -->","yoast_head_json":{"title":"Employee Giving \/ Matching &#8211; Impact NW","robots":{"index":"index","follow":"follow","max-snippet":"max-snippet:-1","max-image-preview":"max-image-preview:large","max-video-preview":"max-video-preview:-1"},"canonical":"https:\/\/impactnw.org\/vi\/how-to-help\/donate\/employee-giving-campaigns\/","og_locale":"vi_VN","og_type":"article","og_title":"Employee Giving \/ Matching &#8211; Impact NW","og_url":"https:\/\/impactnw.org\/vi\/how-to-help\/donate\/employee-giving-campaigns\/","og_site_name":"Impact NW","article_publisher":"http:\/\/www.facebook.com\/ImpactNWsince1966","article_modified_time":"2020-02-25T18:53:36+00:00","twitter_card":"summary_large_image","twitter_site":"@impactnw","twitter_misc":{"\u01af\u1edbc t\u00ednh th\u1eddi gian \u0111\u1ecdc":"1 ph\u00fat"},"schema":{"@context":"https:\/\/schema.org","@graph":[{"@type":"WebPage","@id":"https:\/\/impactnw.org\/how-to-help\/donate\/employee-giving-campaigns\/","url":"https:\/\/impactnw.org\/how-to-help\/donate\/employee-giving-campaigns\/","name":"Employee Giving \/ Matching &#8211; Impact NW","isPartOf":{"@id":"https:\/\/impactnw.org\/#website"},"datePublished":"2011-09-28T23:18:45+00:00","dateModified":"2020-02-25T18:53:36+00:00","breadcrumb":{"@id":"https:\/\/impactnw.org\/how-to-help\/donate\/employee-giving-campaigns\/#breadcrumb"},"inLanguage":"vi","potentialAction":[{"@type":"ReadAction","target":["https:\/\/impactnw.org\/how-to-help\/donate\/employee-giving-campaigns\/"]}]},{"@type":"BreadcrumbList","@id":"https:\/\/impactnw.org\/how-to-help\/donate\/employee-giving-campaigns\/#breadcrumb","itemListElement":[{"@type":"ListItem","position":1,"name":"Home","item":"https:\/\/impactnw.org\/home\/"},{"@type":"ListItem","position":2,"name":"How to Help","item":"https:\/\/impactnw.org\/how-to-help\/"},{"@type":"ListItem","position":3,"name":"Make an Impact","item":"https:\/\/impactnw.org\/how-to-help\/donate\/"},{"@type":"ListItem","position":4,"name":"Employee Giving \/ Matching"}]},{"@type":"WebSite","@id":"https:\/\/impactnw.org\/#website","url":"https:\/\/impactnw.org\/","name":"T\u00e1c \u0111\u1ed9ng NW","description":"Inspiring Hope. Trao quy\u1ec1n cho \u0111\u1ed9c l\u1eadp.","potentialAction":[{"@type":"SearchAction","target":{"@type":"EntryPoint","urlTemplate":"https:\/\/impactnw.org\/?s={search_term_string}"},"query-input":{"@type":"PropertyValueSpecification","valueRequired":true,"valueName":"search_term_string"}}],"inLanguage":"vi"}]}},"_links":{"self":[{"href":"https:\/\/impactnw.org\/vi\/wp-json\/wp\/v2\/pages\/111","targetHints":{"allow":["GET"]}}],"collection":[{"href":"https:\/\/impactnw.org\/vi\/wp-json\/wp\/v2\/pages"}],"about":[{"href":"https:\/\/impactnw.org\/vi\/wp-json\/wp\/v2\/types\/page"}],"author":[{"embeddable":true,"href":"https:\/\/impactnw.org\/vi\/wp-json\/wp\/v2\/users\/21"}],"replies":[{"embeddable":true,"href":"https:\/\/impactnw.org\/vi\/wp-json\/wp\/v2\/comments?post=111"}],"version-history":[{"count":0,"href":"https:\/\/impactnw.org\/vi\/wp-json\/wp\/v2\/pages\/111\/revisions"}],"up":[{"embeddable":true,"href":"https:\/\/impactnw.org\/vi\/wp-json\/wp\/v2\/pages\/98"}],"wp:attachment":[{"href":"https:\/\/impactnw.org\/vi\/wp-json\/wp\/v2\/media?parent=111"}],"curies":[{"name":"wp","href":"https:\/\/api.w.org\/{rel}","templated":true}]}}