{"id":105,"date":"2011-09-28T23:15:41","date_gmt":"2011-09-28T23:15:41","guid":{"rendered":"http:\/\/dev.impactnw.org\/wp_11_2011\/?page_id=105"},"modified":"2020-02-25T10:52:41","modified_gmt":"2020-02-25T18:52:41","slug":"memorial-tribute-gifts","status":"publish","type":"page","link":"https:\/\/impactnw.org\/vi\/how-to-help\/donate\/memorial-tribute-gifts\/","title":{"rendered":"Qu\u00e0 T\u1eb7ng \/ T\u1eb7ng"},"content":{"rendered":"<section  class='av_textblock_section av-8vj61-07f32426487b8027ea37a6138f2ece43'   itemscope=\"itemscope\" itemtype=\"https:\/\/schema.org\/CreativeWork\" ><div class='avia_textblock'  itemprop=\"text\" ><h1>Qu\u00e0 T\u1eb7ng \/ T\u1eb7ng<\/h1>\n<p><img loading=\"lazy\" decoding=\"async\" class=\"alignright wp-image-10459\" src=\"http:\/\/dev.impactnw.org\/wp-content\/uploads\/2017\/12\/twenty20_c0da5f53-3bde-452c-96d6-5d3ccae9b44d-495x400.jpg\" alt=\"Ph\u1ee5 n\u1eef cao tu\u1ed5i \u1edf nh\u00e0\" width=\"400\" height=\"267\" srcset=\"https:\/\/impactnw.org\/wp-content\/uploads\/2017\/12\/twenty20_c0da5f53-3bde-452c-96d6-5d3ccae9b44d-300x201.jpg 300w, https:\/\/impactnw.org\/wp-content\/uploads\/2017\/12\/twenty20_c0da5f53-3bde-452c-96d6-5d3ccae9b44d-768x513.jpg 768w, https:\/\/impactnw.org\/wp-content\/uploads\/2017\/12\/twenty20_c0da5f53-3bde-452c-96d6-5d3ccae9b44d-1030x689.jpg 1030w, https:\/\/impactnw.org\/wp-content\/uploads\/2017\/12\/twenty20_c0da5f53-3bde-452c-96d6-5d3ccae9b44d-705x471.jpg 705w, https:\/\/impactnw.org\/wp-content\/uploads\/2017\/12\/twenty20_c0da5f53-3bde-452c-96d6-5d3ccae9b44d-450x301.jpg 450w, https:\/\/impactnw.org\/wp-content\/uploads\/2017\/12\/twenty20_c0da5f53-3bde-452c-96d6-5d3ccae9b44d.jpg 1080w\" sizes=\"auto, (max-width: 400px) 100vw, 400px\" \/><\/p>\n<h3 style=\"line-height: 30px;\">T\u00e1c \u0111\u1ed9ng NW \u0111\u01b0\u1ee3c \u0111\u1eb7c quy\u1ec1n \u0111\u1ec3 gi\u00fap b\u1ea1n th\u1ef1c hi\u1ec7n m\u1ed9t c\u1ed1ng \u0111\u1eb7c bi\u1ec7t ho\u1eb7c m\u00f3n qu\u00e0 t\u01b0\u1edfng ni\u1ec7m t\u00f4n vinh m\u1ed9t ng\u01b0\u1eddi b\u1ea1n ng\u01b0\u1ee1ng m\u1ed9, t\u00f4n tr\u1ecdng, ho\u1eb7c mu\u1ed1n nh\u1edb m\u1ed9t c\u00e1ch c\u00f3 \u00fd ngh\u0129a.<\/h3>\n<p>Ch\u00fang t\u00f4i s\u1ebd g\u1eedi bi\u00ean lai cho b\u1ea1n \u0111\u1ec3 ghi nh\u1eadn kho\u1ea3n \u0111\u00f3ng g\u00f3p \u0111\u01b0\u1ee3c kh\u1ea5u tr\u1eeb thu\u1ebf c\u1ee7a b\u1ea1n v\u00e0 g\u1eedi th\u01b0 cho gia \u0111\u00ecnh \u0111\u1ec3 th\u00f4ng b\u00e1o cho h\u1ecd v\u1ec1 m\u00f3n qu\u00e0 chu \u0111\u00e1o c\u1ee7a ch\u00fang t\u00f4i. \u0110\u00f3ng g\u00f3p c\u1ee7a b\u1ea1n s\u1ebd t\u00f4n tr\u1ecdng m\u1ed9t ai \u0111\u00f3 \u0111\u1eb7c bi\u1ec7t trong khi h\u1ed7 tr\u1ee3 c\u00e1c ch\u01b0\u01a1ng tr\u00ecnh v\u00e0 d\u1ecbch v\u1ee5 b\u1ea5t th\u01b0\u1eddng c\u1ee7a Impact NW.<\/p>\n<p><a href=\"https:\/\/impactnw.org\/how-to-help\/donate\/\">Nh\u1ea5p v\u00e0o \u0111\u00e2y \u0111\u1ec3 \u0111\u00f3ng g\u00f3p c\u1ee7a b\u1ea1n h\u00f4m nay ...<\/a><\/p>\n<\/div><\/section>","protected":false},"excerpt":{"rendered":"","protected":false},"author":21,"featured_media":0,"parent":98,"menu_order":4,"comment_status":"closed","ping_status":"closed","template":"","meta":{"_monsterinsights_skip_tracking":false,"_monsterinsights_sitenote_active":false,"_monsterinsights_sitenote_note":"","_monsterinsights_sitenote_category":0,"footnotes":"","_links_to":"","_links_to_target":""},"class_list":["post-105","page","type-page","status-publish","hentry"],"yoast_head":"<!-- This site is optimized with the Yoast SEO plugin v27.3 - https:\/\/yoast.com\/product\/yoast-seo-wordpress\/ -->\n<title>Memorial \/ Tribute Gifts &#8211; Impact NW<\/title>\n<meta name=\"description\" content=\"Making a Memorial and Tribute Gift to Impact NW is an easy and significant way to remember a fellow family and community member.\" \/>\n<meta name=\"robots\" content=\"index, follow, max-snippet:-1, max-image-preview:large, max-video-preview:-1\" \/>\n<link rel=\"canonical\" href=\"https:\/\/impactnw.org\/vi\/how-to-help\/donate\/memorial-tribute-gifts\/\" \/>\n<meta property=\"og:locale\" content=\"vi_VN\" \/>\n<meta property=\"og:type\" content=\"article\" \/>\n<meta property=\"og:title\" content=\"Memorial \/ Tribute Gifts &#8211; Impact NW\" \/>\n<meta property=\"og:description\" content=\"Making a Memorial and Tribute Gift to Impact NW is an easy and significant way to remember a fellow family and community member.\" \/>\n<meta property=\"og:url\" content=\"https:\/\/impactnw.org\/vi\/how-to-help\/donate\/memorial-tribute-gifts\/\" \/>\n<meta property=\"og:site_name\" content=\"Impact NW\" \/>\n<meta property=\"article:publisher\" content=\"http:\/\/www.facebook.com\/ImpactNWsince1966\" \/>\n<meta property=\"article:modified_time\" content=\"2020-02-25T18:52:41+00:00\" \/>\n<meta property=\"og:image\" content=\"http:\/\/dev.impactnw.org\/wp-content\/uploads\/2017\/12\/twenty20_c0da5f53-3bde-452c-96d6-5d3ccae9b44d-495x400.jpg\" \/>\n<meta name=\"twitter:card\" content=\"summary_large_image\" \/>\n<meta name=\"twitter:site\" content=\"@impactnw\" \/>\n<meta name=\"twitter:label1\" content=\"\u01af\u1edbc t\u00ednh th\u1eddi gian \u0111\u1ecdc\" \/>\n\t<meta name=\"twitter:data1\" content=\"1 ph\u00fat\" \/>\n<script type=\"application\/ld+json\" class=\"yoast-schema-graph\">{\"@context\":\"https:\\\/\\\/schema.org\",\"@graph\":[{\"@type\":\"WebPage\",\"@id\":\"https:\\\/\\\/impactnw.org\\\/how-to-help\\\/donate\\\/memorial-tribute-gifts\\\/\",\"url\":\"https:\\\/\\\/impactnw.org\\\/how-to-help\\\/donate\\\/memorial-tribute-gifts\\\/\",\"name\":\"Memorial \\\/ Tribute Gifts &#8211; Impact NW\",\"isPartOf\":{\"@id\":\"https:\\\/\\\/impactnw.org\\\/#website\"},\"primaryImageOfPage\":{\"@id\":\"https:\\\/\\\/impactnw.org\\\/how-to-help\\\/donate\\\/memorial-tribute-gifts\\\/#primaryimage\"},\"image\":{\"@id\":\"https:\\\/\\\/impactnw.org\\\/how-to-help\\\/donate\\\/memorial-tribute-gifts\\\/#primaryimage\"},\"thumbnailUrl\":\"http:\\\/\\\/dev.impactnw.org\\\/wp-content\\\/uploads\\\/2017\\\/12\\\/twenty20_c0da5f53-3bde-452c-96d6-5d3ccae9b44d-495x400.jpg\",\"datePublished\":\"2011-09-28T23:15:41+00:00\",\"dateModified\":\"2020-02-25T18:52:41+00:00\",\"description\":\"Making a Memorial and Tribute Gift to Impact NW is an easy and significant way to remember a fellow family and community member.\",\"breadcrumb\":{\"@id\":\"https:\\\/\\\/impactnw.org\\\/how-to-help\\\/donate\\\/memorial-tribute-gifts\\\/#breadcrumb\"},\"inLanguage\":\"vi\",\"potentialAction\":[{\"@type\":\"ReadAction\",\"target\":[\"https:\\\/\\\/impactnw.org\\\/how-to-help\\\/donate\\\/memorial-tribute-gifts\\\/\"]}]},{\"@type\":\"ImageObject\",\"inLanguage\":\"vi\",\"@id\":\"https:\\\/\\\/impactnw.org\\\/how-to-help\\\/donate\\\/memorial-tribute-gifts\\\/#primaryimage\",\"url\":\"http:\\\/\\\/dev.impactnw.org\\\/wp-content\\\/uploads\\\/2017\\\/12\\\/twenty20_c0da5f53-3bde-452c-96d6-5d3ccae9b44d-495x400.jpg\",\"contentUrl\":\"http:\\\/\\\/dev.impactnw.org\\\/wp-content\\\/uploads\\\/2017\\\/12\\\/twenty20_c0da5f53-3bde-452c-96d6-5d3ccae9b44d-495x400.jpg\"},{\"@type\":\"BreadcrumbList\",\"@id\":\"https:\\\/\\\/impactnw.org\\\/how-to-help\\\/donate\\\/memorial-tribute-gifts\\\/#breadcrumb\",\"itemListElement\":[{\"@type\":\"ListItem\",\"position\":1,\"name\":\"Home\",\"item\":\"https:\\\/\\\/impactnw.org\\\/home\\\/\"},{\"@type\":\"ListItem\",\"position\":2,\"name\":\"How to Help\",\"item\":\"https:\\\/\\\/impactnw.org\\\/how-to-help\\\/\"},{\"@type\":\"ListItem\",\"position\":3,\"name\":\"Make an Impact\",\"item\":\"https:\\\/\\\/impactnw.org\\\/how-to-help\\\/donate\\\/\"},{\"@type\":\"ListItem\",\"position\":4,\"name\":\"Memorial \\\/ Tribute Gifts\"}]},{\"@type\":\"WebSite\",\"@id\":\"https:\\\/\\\/impactnw.org\\\/#website\",\"url\":\"https:\\\/\\\/impactnw.org\\\/\",\"name\":\"Impact NW\",\"description\":\"Inspiring Hope. Empowering Independence.\",\"potentialAction\":[{\"@type\":\"SearchAction\",\"target\":{\"@type\":\"EntryPoint\",\"urlTemplate\":\"https:\\\/\\\/impactnw.org\\\/?s={search_term_string}\"},\"query-input\":{\"@type\":\"PropertyValueSpecification\",\"valueRequired\":true,\"valueName\":\"search_term_string\"}}],\"inLanguage\":\"vi\"}]}<\/script>\n<!-- \/ Yoast SEO plugin. -->","yoast_head_json":{"title":"Memorial \/ Tribute Gifts &#8211; Impact NW","description":"Making a Memorial and Tribute Gift to Impact NW is an easy and significant way to remember a fellow family and community member.","robots":{"index":"index","follow":"follow","max-snippet":"max-snippet:-1","max-image-preview":"max-image-preview:large","max-video-preview":"max-video-preview:-1"},"canonical":"https:\/\/impactnw.org\/vi\/how-to-help\/donate\/memorial-tribute-gifts\/","og_locale":"vi_VN","og_type":"article","og_title":"Memorial \/ Tribute Gifts &#8211; Impact NW","og_description":"Making a Memorial and Tribute Gift to Impact NW is an easy and significant way to remember a fellow family and community member.","og_url":"https:\/\/impactnw.org\/vi\/how-to-help\/donate\/memorial-tribute-gifts\/","og_site_name":"Impact NW","article_publisher":"http:\/\/www.facebook.com\/ImpactNWsince1966","article_modified_time":"2020-02-25T18:52:41+00:00","og_image":[{"url":"http:\/\/dev.impactnw.org\/wp-content\/uploads\/2017\/12\/twenty20_c0da5f53-3bde-452c-96d6-5d3ccae9b44d-495x400.jpg","type":"","width":"","height":""}],"twitter_card":"summary_large_image","twitter_site":"@impactnw","twitter_misc":{"\u01af\u1edbc t\u00ednh th\u1eddi gian \u0111\u1ecdc":"1 ph\u00fat"},"schema":{"@context":"https:\/\/schema.org","@graph":[{"@type":"WebPage","@id":"https:\/\/impactnw.org\/how-to-help\/donate\/memorial-tribute-gifts\/","url":"https:\/\/impactnw.org\/how-to-help\/donate\/memorial-tribute-gifts\/","name":"Memorial \/ Tribute Gifts &#8211; Impact NW","isPartOf":{"@id":"https:\/\/impactnw.org\/#website"},"primaryImageOfPage":{"@id":"https:\/\/impactnw.org\/how-to-help\/donate\/memorial-tribute-gifts\/#primaryimage"},"image":{"@id":"https:\/\/impactnw.org\/how-to-help\/donate\/memorial-tribute-gifts\/#primaryimage"},"thumbnailUrl":"http:\/\/dev.impactnw.org\/wp-content\/uploads\/2017\/12\/twenty20_c0da5f53-3bde-452c-96d6-5d3ccae9b44d-495x400.jpg","datePublished":"2011-09-28T23:15:41+00:00","dateModified":"2020-02-25T18:52:41+00:00","description":"Making a Memorial and Tribute Gift to Impact NW is an easy and significant way to remember a fellow family and community member.","breadcrumb":{"@id":"https:\/\/impactnw.org\/how-to-help\/donate\/memorial-tribute-gifts\/#breadcrumb"},"inLanguage":"vi","potentialAction":[{"@type":"ReadAction","target":["https:\/\/impactnw.org\/how-to-help\/donate\/memorial-tribute-gifts\/"]}]},{"@type":"ImageObject","inLanguage":"vi","@id":"https:\/\/impactnw.org\/how-to-help\/donate\/memorial-tribute-gifts\/#primaryimage","url":"http:\/\/dev.impactnw.org\/wp-content\/uploads\/2017\/12\/twenty20_c0da5f53-3bde-452c-96d6-5d3ccae9b44d-495x400.jpg","contentUrl":"http:\/\/dev.impactnw.org\/wp-content\/uploads\/2017\/12\/twenty20_c0da5f53-3bde-452c-96d6-5d3ccae9b44d-495x400.jpg"},{"@type":"BreadcrumbList","@id":"https:\/\/impactnw.org\/how-to-help\/donate\/memorial-tribute-gifts\/#breadcrumb","itemListElement":[{"@type":"ListItem","position":1,"name":"Home","item":"https:\/\/impactnw.org\/home\/"},{"@type":"ListItem","position":2,"name":"How to Help","item":"https:\/\/impactnw.org\/how-to-help\/"},{"@type":"ListItem","position":3,"name":"Make an Impact","item":"https:\/\/impactnw.org\/how-to-help\/donate\/"},{"@type":"ListItem","position":4,"name":"Memorial \/ Tribute Gifts"}]},{"@type":"WebSite","@id":"https:\/\/impactnw.org\/#website","url":"https:\/\/impactnw.org\/","name":"T\u00e1c \u0111\u1ed9ng NW","description":"Inspiring Hope. Trao quy\u1ec1n cho \u0111\u1ed9c l\u1eadp.","potentialAction":[{"@type":"SearchAction","target":{"@type":"EntryPoint","urlTemplate":"https:\/\/impactnw.org\/?s={search_term_string}"},"query-input":{"@type":"PropertyValueSpecification","valueRequired":true,"valueName":"search_term_string"}}],"inLanguage":"vi"}]}},"_links":{"self":[{"href":"https:\/\/impactnw.org\/vi\/wp-json\/wp\/v2\/pages\/105","targetHints":{"allow":["GET"]}}],"collection":[{"href":"https:\/\/impactnw.org\/vi\/wp-json\/wp\/v2\/pages"}],"about":[{"href":"https:\/\/impactnw.org\/vi\/wp-json\/wp\/v2\/types\/page"}],"author":[{"embeddable":true,"href":"https:\/\/impactnw.org\/vi\/wp-json\/wp\/v2\/users\/21"}],"replies":[{"embeddable":true,"href":"https:\/\/impactnw.org\/vi\/wp-json\/wp\/v2\/comments?post=105"}],"version-history":[{"count":0,"href":"https:\/\/impactnw.org\/vi\/wp-json\/wp\/v2\/pages\/105\/revisions"}],"up":[{"embeddable":true,"href":"https:\/\/impactnw.org\/vi\/wp-json\/wp\/v2\/pages\/98"}],"wp:attachment":[{"href":"https:\/\/impactnw.org\/vi\/wp-json\/wp\/v2\/media?parent=105"}],"curies":[{"name":"wp","href":"https:\/\/api.w.org\/{rel}","templated":true}]}}