{"id":10369,"date":"2017-11-22T14:55:29","date_gmt":"2017-11-22T22:55:29","guid":{"rendered":"http:\/\/dev.impactnw.org\/?page_id=10369"},"modified":"2017-12-11T11:53:16","modified_gmt":"2017-12-11T19:53:16","slug":"holiday-closures","status":"publish","type":"page","link":"https:\/\/impactnw.org\/vi\/holiday-closures\/","title":{"rendered":"C\u00e1c k\u1ef3 ngh\u1ec9 l\u1ec5: M\u00f9a \u0111\u00f4ng 2017-2018"},"content":{"rendered":"<style type=\"text\/css\" data-created_by=\"avia_inline_auto\" id=\"style-css-av-av_section-30fea5090259561718773a6025ad2ed5\">\n.avia-section.av-av_section-30fea5090259561718773a6025ad2ed5 .av-parallax .av-parallax-inner{\nbackground-repeat:no-repeat;\nbackground-image:url(https:\/\/impactnw.org\/wp-content\/uploads\/2017\/11\/winter_branches.jpg);\nbackground-position:50% 50%;\nbackground-attachment:scroll;\n}\n<\/style>\n<div id='av_section_1'  class='avia-section av-av_section-30fea5090259561718773a6025ad2ed5 main_color avia-section-default avia-no-shadow  avia-builder-el-0  el_before_av_one_full  avia-builder-el-first  av-parallax-section avia-bg-style-parallax container_wrap sidebar_right'  data-section-bg-repeat='no-repeat'><div class='av-parallax' data-avia-parallax-ratio='0.3' ><div class='av-parallax-inner main_color avia-full-stretch'><\/div><\/div><div class='container av-section-cont-open' ><main  role=\"main\" itemprop=\"mainContentOfPage\"  class='template-page content  av-content-small alpha units'><div class='post-entry post-entry-type-page post-entry-10369'><div class='entry-content-wrapper clearfix'>\n\n<style type=\"text\/css\" data-created_by=\"avia_inline_auto\" id=\"style-css-av-av_hr-4474f20d2389e2e5ecf918a02da5132e\">\n#top .hr.hr-invisible.av-av_hr-4474f20d2389e2e5ecf918a02da5132e{\nheight:50px;\n}\n<\/style>\n<div  class='hr av-av_hr-4474f20d2389e2e5ecf918a02da5132e hr-invisible  avia-builder-el-1  el_before_av_textblock  avia-builder-el-first'><span class='hr-inner'><span class=\"hr-inner-style\"><\/span><\/span><\/div>\n<section  class='av_textblock_section av-av_textblock-2de302bf1aa3cf4c9157dbe6f50ac7eb'   itemscope=\"itemscope\" itemtype=\"https:\/\/schema.org\/CreativeWork\" ><div class='avia_textblock'  itemprop=\"text\" ><h1 style=\"color: white; text-align: center;\">T\u00e1c \u0111\u1ed9ng NW M\u00f9a \u0111\u00f4ng \u0111\u00f3ng c\u1eeda<\/h1>\n<\/div><\/section>\n\n<style type=\"text\/css\" data-created_by=\"avia_inline_auto\" id=\"style-css-av-av_hr-4474f20d2389e2e5ecf918a02da5132e\">\n#top .hr.hr-invisible.av-av_hr-4474f20d2389e2e5ecf918a02da5132e{\nheight:50px;\n}\n<\/style>\n<div  class='hr av-av_hr-4474f20d2389e2e5ecf918a02da5132e hr-invisible  avia-builder-el-3  el_after_av_textblock  avia-builder-el-last'><span class='hr-inner'><span class=\"hr-inner-style\"><\/span><\/span><\/div>\n<\/div><\/div><\/main><!-- close content main element --><\/div><\/div><div id='after_section_1'  class='main_color av_default_container_wrap container_wrap sidebar_right'  ><div class='container av-section-cont-open' ><div class='template-page content  av-content-small alpha units'><div class='post-entry post-entry-type-page post-entry-10369'><div class='entry-content-wrapper clearfix'>\n\n<style type=\"text\/css\" data-created_by=\"avia_inline_auto\" id=\"style-css-av-av_one_full-15d750bd1b332b34c6e70b077ebbccdf\">\n.flex_column.av-av_one_full-15d750bd1b332b34c6e70b077ebbccdf{\nborder-radius:0px 0px 0px 0px;\npadding:0px 0px 0px 0px;\n}\n<\/style>\n<div  class='flex_column av-av_one_full-15d750bd1b332b34c6e70b077ebbccdf av_one_full  avia-builder-el-4  el_after_av_section  avia-builder-el-no-sibling  first flex_column_div av-zero-column-padding'     ><div class='avia-data-table-wrap av-av_table-79567314f19fdf27597651e950bcbb3a avia_responsive_table avia-table-1'><table  class='avia-table avia-data-table avia_pricing_default  avia-builder-el-5  avia-builder-el-no-sibling'  itemscope=\"itemscope\" itemtype=\"https:\/\/schema.org\/Table\" ><tbody><tr class='avia-heading-row'><th class=''>V\u0103n ph\u00f2ng<\/th><th class=''>\u0110\u00f3ng c\u1eeda<\/th><\/tr><tr class=''><td class=''>Trung t\u00e2m gia \u0111\u00ecnh Dancing Tree (10055 E Burnside St.)<\/td><td class=''>\u0110\u00f3ng c\u1eeda b\u1eaft \u0111\u1ea7u t\u1eeb ng\u00e0y 21 th\u00e1ng 12 n\u0103m 2017 t\u1ea1i 5:00 PM \u0111\u1ebfn ng\u00e0y 2 th\u00e1ng 1 n\u0103m 2018 l\u00fac 9:00 s\u00e1ng<\/td><\/tr><tr class=''><td class=''>Trung t\u00e2m D\u1ecbch v\u1ee5 \u0110a v\u0103n h\u00f3a Belmont (4610 SE Belmont St.)<\/p>\n<p>** Ch\u01b0\u01a1ng tr\u00ecnh D\u1ecbch v\u1ee5 Nh\u00e0 \u1edf Congregate (CHSP): Kh\u00f4ng c\u00f3 ng\u00e0y ngh\u1ec9 \u0111\u00f3ng c\u1eeda - m\u1edf trong gi\u1edd l\u00e0m vi\u1ec7c b\u00ecnh th\u01b0\u1eddng. **<\/td><td class=''>\u0110\u00f3ng c\u1eeda v\u00e0o ng\u00e0y 22 th\u00e1ng 12 n\u0103m 2017<\/p>\n<p>\u0110\u00f3ng c\u1eeda v\u00e0o ng\u00e0y 25 th\u00e1ng 12 n\u0103m 2017<\/p>\n<p>\u0110\u00f3ng c\u1eeda v\u00e0o ng\u00e0y 1 th\u00e1ng 1 n\u0103m 2018.<\/td><\/tr><tr class=''><td class=''>V\u0103n ph\u00f2ng H\u00e0nh ch\u00ednh Sandy (1785 NE Sandy Blvd.)<\/td><td class=''>\u0110\u00f3ng c\u1eeda v\u00e0o ng\u00e0y 22 th\u00e1ng 12 n\u0103m 2017<\/p>\n<p>\u0110\u00f3ng c\u1eeda v\u00e0o ng\u00e0y 25 th\u00e1ng 12 n\u0103m 2017<\/p>\n<p>\u0110\u00f3ng c\u1eeda v\u00e0o ng\u00e0y 1 th\u00e1ng 1 n\u0103m 2018.<\/td><\/tr><tr class=''><td class=''>Trung t\u00e2m C\u1ed9ng \u0111\u1ed3ng Brentwood-Darlington (7211 SE 62nd Ave.)<\/td><td class=''>\u0110\u00f3ng c\u1eeda v\u00e0o ng\u00e0y 22 th\u00e1ng 12 n\u0103m 2017<\/p>\n<p>\u0110\u00f3ng c\u1eeda v\u00e0o ng\u00e0y 25 th\u00e1ng 12 n\u0103m 2017<\/p>\n<p>\u0110\u00f3ng c\u1eeda v\u00e0o ng\u00e0y 1 th\u00e1ng 1 n\u0103m 2018.<\/td><\/tr><\/tbody><\/table><\/div><style type='text\/css'>.avia-table-1 td:nth-of-type(1):before { content: 'Office'; } .avia-table-1 td:nth-of-type(2):before { content: 'Closures'; } <\/style><\/div>","protected":false},"excerpt":{"rendered":"","protected":false},"author":21,"featured_media":0,"parent":0,"menu_order":0,"comment_status":"closed","ping_status":"closed","template":"","meta":{"_monsterinsights_skip_tracking":false,"_monsterinsights_sitenote_active":false,"_monsterinsights_sitenote_note":"","_monsterinsights_sitenote_category":0,"footnotes":"","_links_to":"","_links_to_target":""},"class_list":["post-10369","page","type-page","status-publish","hentry"],"yoast_head":"<!-- This site is optimized with the Yoast SEO plugin v27.3 - https:\/\/yoast.com\/product\/yoast-seo-wordpress\/ -->\n<title>Holiday Closures: Winter 2017-2018 &#8211; Impact NW<\/title>\n<meta name=\"robots\" content=\"index, follow, max-snippet:-1, max-image-preview:large, max-video-preview:-1\" \/>\n<link rel=\"canonical\" href=\"https:\/\/impactnw.org\/vi\/holiday-closures\/\" \/>\n<meta property=\"og:locale\" content=\"vi_VN\" \/>\n<meta property=\"og:type\" content=\"article\" \/>\n<meta property=\"og:title\" content=\"Holiday Closures: Winter 2017-2018 &#8211; Impact NW\" \/>\n<meta property=\"og:url\" content=\"https:\/\/impactnw.org\/vi\/holiday-closures\/\" \/>\n<meta property=\"og:site_name\" content=\"Impact NW\" \/>\n<meta property=\"article:publisher\" content=\"http:\/\/www.facebook.com\/ImpactNWsince1966\" \/>\n<meta property=\"article:modified_time\" content=\"2017-12-11T19:53:16+00:00\" \/>\n<meta name=\"twitter:card\" content=\"summary_large_image\" \/>\n<meta name=\"twitter:site\" content=\"@impactnw\" \/>\n<meta name=\"twitter:label1\" content=\"\u01af\u1edbc t\u00ednh th\u1eddi gian \u0111\u1ecdc\" \/>\n\t<meta name=\"twitter:data1\" content=\"2 ph\u00fat\" \/>\n<script type=\"application\/ld+json\" class=\"yoast-schema-graph\">{\"@context\":\"https:\\\/\\\/schema.org\",\"@graph\":[{\"@type\":\"WebPage\",\"@id\":\"https:\\\/\\\/impactnw.org\\\/ru\\\/holiday-closures\\\/\",\"url\":\"https:\\\/\\\/impactnw.org\\\/ru\\\/holiday-closures\\\/\",\"name\":\"Holiday Closures: Winter 2017-2018 &#8211; Impact NW\",\"isPartOf\":{\"@id\":\"https:\\\/\\\/impactnw.org\\\/#website\"},\"datePublished\":\"2017-11-22T22:55:29+00:00\",\"dateModified\":\"2017-12-11T19:53:16+00:00\",\"breadcrumb\":{\"@id\":\"https:\\\/\\\/impactnw.org\\\/ru\\\/holiday-closures\\\/#breadcrumb\"},\"inLanguage\":\"vi\",\"potentialAction\":[{\"@type\":\"ReadAction\",\"target\":[\"https:\\\/\\\/impactnw.org\\\/ru\\\/holiday-closures\\\/\"]}]},{\"@type\":\"BreadcrumbList\",\"@id\":\"https:\\\/\\\/impactnw.org\\\/ru\\\/holiday-closures\\\/#breadcrumb\",\"itemListElement\":[{\"@type\":\"ListItem\",\"position\":1,\"name\":\"Home\",\"item\":\"https:\\\/\\\/impactnw.org\\\/home\\\/\"},{\"@type\":\"ListItem\",\"position\":2,\"name\":\"Holiday Closures: Winter 2017-2018\"}]},{\"@type\":\"WebSite\",\"@id\":\"https:\\\/\\\/impactnw.org\\\/#website\",\"url\":\"https:\\\/\\\/impactnw.org\\\/\",\"name\":\"Impact NW\",\"description\":\"Inspiring Hope. Empowering Independence.\",\"potentialAction\":[{\"@type\":\"SearchAction\",\"target\":{\"@type\":\"EntryPoint\",\"urlTemplate\":\"https:\\\/\\\/impactnw.org\\\/?s={search_term_string}\"},\"query-input\":{\"@type\":\"PropertyValueSpecification\",\"valueRequired\":true,\"valueName\":\"search_term_string\"}}],\"inLanguage\":\"vi\"}]}<\/script>\n<!-- \/ Yoast SEO plugin. -->","yoast_head_json":{"title":"Holiday Closures: Winter 2017-2018 &#8211; Impact NW","robots":{"index":"index","follow":"follow","max-snippet":"max-snippet:-1","max-image-preview":"max-image-preview:large","max-video-preview":"max-video-preview:-1"},"canonical":"https:\/\/impactnw.org\/vi\/holiday-closures\/","og_locale":"vi_VN","og_type":"article","og_title":"Holiday Closures: Winter 2017-2018 &#8211; Impact NW","og_url":"https:\/\/impactnw.org\/vi\/holiday-closures\/","og_site_name":"Impact NW","article_publisher":"http:\/\/www.facebook.com\/ImpactNWsince1966","article_modified_time":"2017-12-11T19:53:16+00:00","twitter_card":"summary_large_image","twitter_site":"@impactnw","twitter_misc":{"\u01af\u1edbc t\u00ednh th\u1eddi gian \u0111\u1ecdc":"2 ph\u00fat"},"schema":{"@context":"https:\/\/schema.org","@graph":[{"@type":"WebPage","@id":"https:\/\/impactnw.org\/ru\/holiday-closures\/","url":"https:\/\/impactnw.org\/ru\/holiday-closures\/","name":"Holiday Closures: Winter 2017-2018 &#8211; Impact NW","isPartOf":{"@id":"https:\/\/impactnw.org\/#website"},"datePublished":"2017-11-22T22:55:29+00:00","dateModified":"2017-12-11T19:53:16+00:00","breadcrumb":{"@id":"https:\/\/impactnw.org\/ru\/holiday-closures\/#breadcrumb"},"inLanguage":"vi","potentialAction":[{"@type":"ReadAction","target":["https:\/\/impactnw.org\/ru\/holiday-closures\/"]}]},{"@type":"BreadcrumbList","@id":"https:\/\/impactnw.org\/ru\/holiday-closures\/#breadcrumb","itemListElement":[{"@type":"ListItem","position":1,"name":"Home","item":"https:\/\/impactnw.org\/home\/"},{"@type":"ListItem","position":2,"name":"Holiday Closures: Winter 2017-2018"}]},{"@type":"WebSite","@id":"https:\/\/impactnw.org\/#website","url":"https:\/\/impactnw.org\/","name":"T\u00e1c \u0111\u1ed9ng NW","description":"Inspiring Hope. Trao quy\u1ec1n cho \u0111\u1ed9c l\u1eadp.","potentialAction":[{"@type":"SearchAction","target":{"@type":"EntryPoint","urlTemplate":"https:\/\/impactnw.org\/?s={search_term_string}"},"query-input":{"@type":"PropertyValueSpecification","valueRequired":true,"valueName":"search_term_string"}}],"inLanguage":"vi"}]}},"_links":{"self":[{"href":"https:\/\/impactnw.org\/vi\/wp-json\/wp\/v2\/pages\/10369","targetHints":{"allow":["GET"]}}],"collection":[{"href":"https:\/\/impactnw.org\/vi\/wp-json\/wp\/v2\/pages"}],"about":[{"href":"https:\/\/impactnw.org\/vi\/wp-json\/wp\/v2\/types\/page"}],"author":[{"embeddable":true,"href":"https:\/\/impactnw.org\/vi\/wp-json\/wp\/v2\/users\/21"}],"replies":[{"embeddable":true,"href":"https:\/\/impactnw.org\/vi\/wp-json\/wp\/v2\/comments?post=10369"}],"version-history":[{"count":0,"href":"https:\/\/impactnw.org\/vi\/wp-json\/wp\/v2\/pages\/10369\/revisions"}],"wp:attachment":[{"href":"https:\/\/impactnw.org\/vi\/wp-json\/wp\/v2\/media?parent=10369"}],"curies":[{"name":"wp","href":"https:\/\/api.w.org\/{rel}","templated":true}]}}