{"id":10281,"date":"2017-09-21T12:10:50","date_gmt":"2017-09-21T19:10:50","guid":{"rendered":"http:\/\/dev.impactnw.org\/?page_id=10281"},"modified":"2025-11-21T14:21:23","modified_gmt":"2025-11-21T22:21:23","slug":"communities-for-safe-kids","status":"publish","type":"page","link":"https:\/\/impactnw.org\/vi\/programs\/early-childhood\/communities-for-safe-kids\/","title":{"rendered":"C\u1ed9ng \u0111\u1ed3ng cho tr\u1ebb an to\u00e0n"},"content":{"rendered":"<style type=\"text\/css\" data-created_by=\"avia_inline_auto\" id=\"style-css-av-vat7ft-8613d15a66a37e0c061d5704f40dedbb\">\n.flex_column.av-vat7ft-8613d15a66a37e0c061d5704f40dedbb{\nborder-radius:0px 0px 0px 0px;\npadding:0px 0px 0px 0px;\n}\n<\/style>\n<div  class='flex_column av-vat7ft-8613d15a66a37e0c061d5704f40dedbb av_one_full  avia-builder-el-0  el_before_av_hr  avia-builder-el-first  first flex_column_div av-zero-column-padding'     ><section  class='av_textblock_section av-k1v81ky0-04daddd0481b77543feac963d80547fb'   itemscope=\"itemscope\" itemtype=\"https:\/\/schema.org\/CreativeWork\" ><div class='avia_textblock'  itemprop=\"text\" ><h1>C\u1ed9ng \u0111\u1ed3ng cho tr\u1ebb an to\u00e0n<\/h1>\n<\/div><\/section><\/div>\n\n<style type=\"text\/css\" data-created_by=\"avia_inline_auto\" id=\"style-css-av-k1v8amsn-dbc158334b8056f8fd77c4e0084037b8\">\n#top .hr.hr-invisible.av-k1v8amsn-dbc158334b8056f8fd77c4e0084037b8{\nmargin-top:-35px;\nheight:1px;\n}\n<\/style>\n<div  class='hr av-k1v8amsn-dbc158334b8056f8fd77c4e0084037b8 hr-invisible  avia-builder-el-2  el_after_av_one_full  el_before_av_three_fifth'><span class='hr-inner'><span class=\"hr-inner-style\"><\/span><\/span><\/div>\n\n<style type=\"text\/css\" data-created_by=\"avia_inline_auto\" id=\"style-css-av-3l1w0qx-54326fd785dbf958ee266f41c5201231\">\n.flex_column.av-3l1w0qx-54326fd785dbf958ee266f41c5201231{\nborder-radius:0px 0px 0px 0px;\npadding:0px 0px 0px 0px;\n}\n<\/style>\n<div  class='flex_column av-3l1w0qx-54326fd785dbf958ee266f41c5201231 av_three_fifth  avia-builder-el-3  el_after_av_hr  el_before_av_two_fifth  first flex_column_div av-zero-column-padding'     ><section  class='av_textblock_section av-2zwabpl-76d614a6f17d16da8f04be538e4e2286'   itemscope=\"itemscope\" itemtype=\"https:\/\/schema.org\/CreativeWork\" ><div class='avia_textblock'  itemprop=\"text\" ><p><span style=\"font-weight: 400;\">Community for Safe Kids cung c\u1ea5p c\u00e1c h\u1ed9i th\u1ea3o gi\u00e1o d\u1ee5c v\u1ec1 ph\u00f2ng ch\u1ed1ng b\u1ea1o l\u1ef1c cho h\u1ecdc sinh ti\u1ec3u h\u1ecdc (c\u00e1c l\u1edbp Pre-K \u0111\u1ebfn 5), nh\u00e2n vi\u00ean nh\u00e0 tr\u01b0\u1eddng, v\u00e0 nh\u1eefng ng\u01b0\u1eddi ch\u0103m s\u00f3c h\u1ecdc sinh trong khu v\u1ef1c Portland.<\/span><\/p>\n<blockquote>\n<p><b>Nghi\u00ean c\u1ee9u cho th\u1ea5y r\u1eb1ng ph\u00f2ng ch\u1ed1ng b\u1ea1o l\u1ef1c c\u00f3 hi\u1ec7u qu\u1ea3 li\u00ean quan \u0111\u1ebfn to\u00e0n b\u1ed9 m\u1ed9t c\u1ed9ng \u0111\u1ed3ng c\u1ee7a tr\u1ebb.<\/b><\/p>\n<\/blockquote>\n<p><span style=\"font-weight: 400;\">Nhi\u1ec7m v\u1ee5 c\u1ee7a Community for Safe Kids l\u00e0 t\u1eadn d\u1ee5ng s\u1ee9c m\u1ea1nh c\u1ee7a c\u00e1 nh\u00e2n, gia \u0111\u00ecnh v\u00e0 c\u1ed9ng \u0111\u1ed3ng \u0111\u1ec3 \u0111\u00e1nh gi\u00e1 v\u00e0 n\u00e2ng cao ch\u1ea5t l\u01b0\u1ee3ng cu\u1ed9c s\u1ed1ng v\u00e0 s\u1ef1 an to\u00e0n c\u1ee7a tr\u1ebb em. Th\u00f4ng qua gi\u00e1o d\u1ee5c th\u00f4ng tin v\u1ec1 ch\u1ea5n th\u01b0\u01a1ng li\u00ean quan \u0111\u1ebfn s\u1ef1 an to\u00e0n c\u00e1 nh\u00e2n, ch\u00fang t\u00f4i cung c\u1ea5p cho c\u1ed9ng \u0111\u1ed3ng s\u1ef1 h\u1ed7 tr\u1ee3, ki\u1ebfn \u200b\u200bth\u1ee9c v\u00e0 c\u00f4ng c\u1ee5 \u0111\u1ec3 gi\u00fap tr\u1ebb ph\u00e1t tri\u1ec3n trong m\u00f4i tr\u01b0\u1eddng an to\u00e0n, t\u00f4n tr\u1ecdng v\u00e0 l\u00e0nh m\u1ea1nh.<\/span><\/p>\n<\/div><\/section><\/div>\n\n<style type=\"text\/css\" data-created_by=\"avia_inline_auto\" id=\"style-css-av-1h64tt5-15672308f2917b2ddb135ba7694c92bf\">\n.flex_column.av-1h64tt5-15672308f2917b2ddb135ba7694c92bf{\nborder-radius:0px 0px 0px 0px;\npadding:0px 0px 0px 0px;\n}\n<\/style>\n<div  class='flex_column av-1h64tt5-15672308f2917b2ddb135ba7694c92bf av_two_fifth  avia-builder-el-5  el_after_av_three_fifth  el_before_av_three_fifth  flex_column_div av-zero-column-padding'     ><style type=\"text\/css\" data-created_by=\"avia_inline_auto\" id=\"style-css-av-k1v817cn-aff1ae65202517b06c3b617bdb78e1f3\">\n.avia-image-container.av-k1v817cn-aff1ae65202517b06c3b617bdb78e1f3 img.avia_image{\nbox-shadow:none;\n}\n.avia-image-container.av-k1v817cn-aff1ae65202517b06c3b617bdb78e1f3 .av-image-caption-overlay-center{\ncolor:#ffffff;\n}\n<\/style>\n<div  class='avia-image-container av-k1v817cn-aff1ae65202517b06c3b617bdb78e1f3 av-styling- avia-align-center  avia-builder-el-6  avia-builder-el-no-sibling'   itemprop=\"image\" itemscope=\"itemscope\" itemtype=\"https:\/\/schema.org\/ImageObject\" ><div class=\"avia-image-container-inner\"><div class=\"avia-image-overlay-wrap\"><img decoding=\"async\" fetchpriority=\"high\" class='wp-image-10385 avia-img-lazy-loading-not-10385 avia_image' src=\"https:\/\/impactnw.org\/wp-content\/uploads\/2017\/12\/c4sk1.jpg\" alt='' title='c4sk1'  height=\"618\" width=\"824\"  itemprop=\"thumbnailUrl\" srcset=\"https:\/\/impactnw.org\/wp-content\/uploads\/2017\/12\/c4sk1.jpg 824w, https:\/\/impactnw.org\/wp-content\/uploads\/2017\/12\/c4sk1-300x225.jpg 300w, https:\/\/impactnw.org\/wp-content\/uploads\/2017\/12\/c4sk1-768x576.jpg 768w, https:\/\/impactnw.org\/wp-content\/uploads\/2017\/12\/c4sk1-705x529.jpg 705w, https:\/\/impactnw.org\/wp-content\/uploads\/2017\/12\/c4sk1-450x338.jpg 450w\" sizes=\"(max-width: 824px) 100vw, 824px\" \/><\/div><\/div><\/div><\/div>\n\n<style type=\"text\/css\" data-created_by=\"avia_inline_auto\" id=\"style-css-av-2q7tbc9-2d6a51b1a326dc2e0fa135af63c97895\">\n.flex_column.av-2q7tbc9-2d6a51b1a326dc2e0fa135af63c97895{\nborder-radius:0px 0px 0px 0px;\npadding:20px 0px 0px 0px;\n}\n<\/style>\n<div  class='flex_column av-2q7tbc9-2d6a51b1a326dc2e0fa135af63c97895 av_three_fifth  avia-builder-el-7  el_after_av_two_fifth  el_before_av_two_fifth  first flex_column_div'     ><section  class='av_textblock_section av-203av0p-ddfc8b5bbc3ca769fcc70895f0d543ae'   itemscope=\"itemscope\" itemtype=\"https:\/\/schema.org\/CreativeWork\" ><div class='avia_textblock'  itemprop=\"text\" ><h2>Sinh vi\u00ean, nh\u00e2n vi\u00ean, v\u00e0 ng\u01b0\u1eddi ch\u0103m s\u00f3c H\u1ed9i th\u1ea3o<\/h2>\n<p><span style=\"font-weight: 400;\">C\u00e1c C\u1ed9ng \u0111\u1ed3ng d\u00e0nh cho Tr\u1ebb An to\u00e0n cung c\u1ea5p m\u1ed9t lo\u1ea1t c\u00e1c cu\u1ed9c h\u1ed9i th\u1ea3o v\u1ec1 ng\u0103n ng\u1eeba b\u1ea1o l\u1ef1c cho h\u1ecdc sinh, ng\u01b0\u1eddi ch\u0103m s\u00f3c v\u00e0 nh\u00e2n vi\u00ean nh\u00e0 tr\u01b0\u1eddng. Ch\u00fang t\u00f4i l\u00e0m vi\u1ec7c \u0111\u1ec3 ng\u0103n ch\u1eb7n nh\u1eefng h\u00ecnh th\u1ee9c b\u1ea1o l\u1ef1c th\u00f4ng th\u01b0\u1eddng nh\u1ea5t m\u00e0 tr\u1ebb em ph\u1ea3i tr\u1ea3i qua th\u00f4ng qua:<\/span><\/p>\n<ul>\n<li style=\"font-weight: 400;\"><span style=\"font-weight: 400;\">Gi\u00fap h\u1ecdc sinh c\u00f3 m\u1ed1i quan h\u1ec7 t\u1ed1t h\u01a1n v\u1edbi nhau th\u00f4ng qua <\/span><b>ch\u00e1nh ni\u1ec7m<\/b><span style=\"font-weight: 400;\">, \u0110\u00e1nh gi\u00e1 cao <\/span><b>s\u1ef1 \u0111a d\u1ea1ng<\/b><span style=\"font-weight: 400;\">, v\u00e0 hi\u1ec3u bi\u1ebft v\u1ec1 <\/span><b>b\u1eaft n\u1ea1t,<\/b> <b>ng\u01b0\u1eddi ngo\u00e0i cu\u1ed9c v\u00e0 h\u00e0nh vi t\u00ecnh b\u1ea1n<\/b><span style=\"font-weight: 400;\">;<\/span><\/li>\n<li style=\"font-weight: 400;\"><span style=\"font-weight: 400;\">Gi\u00fap ng\u01b0\u1eddi l\u1edbn trong v\u00e0 ngo\u00e0i tr\u01b0\u1eddng t\u1ea1o ra m\u1ed9t m\u00f4i tr\u01b0\u1eddng \u1ea5m \u00e1p, chu \u0111\u00e1o, <\/span><b>n\u01a1i m\u00e0 h\u1ecdc sinh c\u1ea3m th\u1ea5y nh\u01b0 \u0111\u01b0\u1ee3c nghe v\u00e0 c\u00f3 th\u1ec3 t\u00ecm s\u1ef1 gi\u00fap \u0111\u1ee1 khi c\u1ea7n thi\u1ebft<\/b><span style=\"font-weight: 400;\">;<\/span><\/li>\n<\/ul>\n<p><span style=\"font-weight: 400;\">\u0110\u1ea9y m\u1ea1nh c\u00e1c chu\u1ea9n m\u1ef1c x\u00e3 h\u1ed9i l\u00e0nh m\u1ea1nh \u0111\u1ec3 ng\u0103n ng\u1eeba nhi\u1ec1u lo\u1ea1i b\u1ea1o l\u1ef1c tr\u1ebb em tr\u1ea3i nghi\u1ec7m, nh\u01b0 l\u1ea1m d\u1ee5ng tr\u1ebb em v\u00e0 b\u1ea1o l\u1ef1c gia \u0111\u00ecnh, v\u00e0 <\/span><b>th\u00fac \u0111\u1ea9y h\u00e0nh vi h\u1ed7 tr\u1ee3 v\u00e0 t\u00ecm ki\u1ebfm tr\u1ee3 gi\u00fap.<\/b><\/p>\n<\/div><\/section><\/div>\n\n<style type=\"text\/css\" data-created_by=\"avia_inline_auto\" id=\"style-css-av-1h64tt5-15672308f2917b2ddb135ba7694c92bf\">\n.flex_column.av-1h64tt5-15672308f2917b2ddb135ba7694c92bf{\nborder-radius:0px 0px 0px 0px;\npadding:0px 0px 0px 0px;\n}\n<\/style>\n<div  class='flex_column av-1h64tt5-15672308f2917b2ddb135ba7694c92bf av_two_fifth  avia-builder-el-9  el_after_av_three_fifth  el_before_av_one_full  flex_column_div av-zero-column-padding'     ><style type=\"text\/css\" data-created_by=\"avia_inline_auto\" id=\"style-css-av-4o0quh-027c6bee5c9dbb62d998d6ca645704d5\">\n.av_promobox.av-4o0quh-027c6bee5c9dbb62d998d6ca645704d5{\ncolor:#ffffff;\nbackground:#1c3848;\n}\n<\/style>\n<div  class='av_promobox av-4o0quh-027c6bee5c9dbb62d998d6ca645704d5 avia-button-no  avia-builder-el-10  avia-builder-el-no-sibling'><div class='avia-promocontent'><\/p>\n<h3 style=\"color: #f6bb17; font-weight: bold;\">Ch\u00fang t\u00f4i c\u00f3 th\u1ec3 gi\u00fap b\u1ea1n kh\u00f4ng?<\/h3>\n<div class=\"gmail_default\">For more information about Communities for Safe Kids or to schedule a workshop series at your school, please contact Communities for Safe Kids at C4SK@Impactnw.org.<\/div>\n<div class=\"gmail_default\"><\/div>\n<p><a style=\"color: white;\" href=\"http:\/\/www.facebook.com\/communitiesforsafekids\/\" target=\"_blank\" rel=\"noopener\"><span style=\"font-weight: 400;\">Theo C\u1ed9ng \u0111\u1ed3ng d\u00e0nh cho Tr\u1ebb an to\u00e0n tr\u00ean Facebook!<\/span><\/a><\/p>\n<\/div><\/div><\/div>\n<style type=\"text\/css\" data-created_by=\"avia_inline_auto\" id=\"style-css-av-m6tia1-6f68a40de66dbe223e46177459a5d821\">\n.flex_column.av-m6tia1-6f68a40de66dbe223e46177459a5d821{\nborder-radius:0px 0px 0px 0px;\npadding:40px 0px 0px 0px;\n}\n<\/style>\n<div  class='flex_column av-m6tia1-6f68a40de66dbe223e46177459a5d821 av_one_full  avia-builder-el-11  el_after_av_two_fifth  avia-builder-el-last  first flex_column_div'     ><section  class='av_textblock_section av-2cyryh-1c6cdf70740d12d02783a20c0ae122f5'   itemscope=\"itemscope\" itemtype=\"https:\/\/schema.org\/CreativeWork\" ><div class='avia_textblock'  itemprop=\"text\" ><h2>C\u00e1c c\u00e2u h\u1ecfi th\u01b0\u1eddng g\u1eb7p<\/h2>\n<h3>T\u1ea1i sao t\u00f4i n\u00ean quan t\u00e2m \u0111\u1ebfn vi\u1ec7c c\u00f3 ch\u01b0\u01a1ng tr\u00ecnh d\u1ef1 ph\u00f2ng ban \u0111\u1ea7u trong l\u1edbp h\u1ecdc c\u1ee7a t\u00f4i?<\/h3>\n<ul>\n<li style=\"font-weight: 400;\">\n<h2><\/h2>\n<p><span style=\"font-weight: 400;\"><img loading=\"lazy\" decoding=\"async\" class=\"alignright size-medium wp-image-10386\" src=\"http:\/\/dev.impactnw.org\/wp-content\/uploads\/2017\/12\/c4sk2-300x225.jpg\" alt=\"\" width=\"300\" height=\"225\" srcset=\"https:\/\/impactnw.org\/wp-content\/uploads\/2017\/12\/c4sk2-300x225.jpg 300w, https:\/\/impactnw.org\/wp-content\/uploads\/2017\/12\/c4sk2-768x576.jpg 768w, https:\/\/impactnw.org\/wp-content\/uploads\/2017\/12\/c4sk2-705x529.jpg 705w, https:\/\/impactnw.org\/wp-content\/uploads\/2017\/12\/c4sk2-450x338.jpg 450w, https:\/\/impactnw.org\/wp-content\/uploads\/2017\/12\/c4sk2.jpg 824w\" sizes=\"auto, (max-width: 300px) 100vw, 300px\" \/>M\u1ed9t \u0111\u1ee9a tr\u1ebb s\u1ebd h\u1ecdc h\u1ecfi v\u00e0 gi\u1eef l\u1ea1i th\u00f4ng tin m\u1edbi hi\u1ec7u qu\u1ea3 h\u01a1n khi ng\u01b0\u1eddi l\u1edbn trong cu\u1ed9c s\u1ed1ng c\u1ee7a h\u1ecd \u0111\u00e3 gi\u00fap h\u1ecd gi\u1ea3i quy\u1ebft ch\u1ea5n th\u01b0\u01a1ng ph\u1ee9c t\u1ea1p trong qu\u00e1 kh\u1ee9 v\u00e0 hi\u1ec7n t\u1ea1i. <\/span><\/li>\n<li style=\"font-weight: 400;\"><span style=\"font-weight: 400;\">C\u00e1c ch\u01b0\u01a1ng tr\u00ecnh d\u1ef1 ph\u00f2ng c\u00f3 th\u1ec3 l\u00e0m gi\u1ea3m b\u1edbt nh\u1eefng ch\u1ea5n th\u01b0\u01a1ng trong qu\u00e1 kh\u1ee9 v\u00e0 ng\u0103n ng\u1eeba b\u1ea1o l\u1ef1c trong m\u00f4i tr\u01b0\u1eddng h\u1ecdc \u0111\u01b0\u1eddng. <\/span><\/li>\n<li style=\"font-weight: 400;\"><span style=\"font-weight: 400;\">60% tr\u1ebb em s\u1ebd b\u1ecb ph\u01a1i nhi\u1ec5m v\u1edbi b\u1ea1o l\u1ef1c trong cu\u1ed9c s\u1ed1ng h\u00e0ng ng\u00e0y. Kinh nghi\u1ec7m Tr\u1ebb em B\u1ea5t H\u1ea1nh nh\u01b0 tr\u1ea3i nghi\u1ec7m ng\u01b0\u1ee3c \u0111\u00e3i tr\u1ebb em ho\u1eb7c ch\u1ee9ng ki\u1ebfn \u200b\u200bb\u1ea1o l\u1ef1c gia \u0111\u00ecnh \u0111\u00e3 ch\u1ee9ng t\u1ecf c\u00f3 \u1ea3nh h\u01b0\u1edfng v\u1ec1 th\u1ec3 ch\u1ea5t v\u00e0 tinh th\u1ea7n l\u00e2u d\u00e0i \u0111\u1ed1i v\u1edbi tr\u1ebb em v\u00e0o giai \u0111o\u1ea1n tr\u01b0\u1edfng th\u00e0nh. \u0110\u00e2y l\u00e0 v\u1ea5n \u0111\u1ec1 s\u1ee9c kho\u1ebb c\u1ed9ng \u0111\u1ed3ng.<\/span><\/li>\n<\/ul>\n<h3>\u0110i\u1ec1u n\u00e0y c\u00f3 gi\u00fap t\u00f4i \u0111\u1ea1t \u0111\u01b0\u1ee3c b\u1ea5t c\u1ee9 y\u00eau c\u1ea7u n\u00e0o c\u1ee7a S\u1edf Gi\u00e1o d\u1ee5c Oregon?<\/h3>\n<p><span style=\"font-weight: 400;\"><img loading=\"lazy\" decoding=\"async\" class=\"alignright size-medium wp-image-10387\" src=\"http:\/\/dev.impactnw.org\/wp-content\/uploads\/2017\/12\/c4sk3-300x184.jpg\" alt=\"\" width=\"300\" height=\"184\" srcset=\"https:\/\/impactnw.org\/wp-content\/uploads\/2017\/12\/c4sk3-300x184.jpg 300w, https:\/\/impactnw.org\/wp-content\/uploads\/2017\/12\/c4sk3-768x471.jpg 768w, https:\/\/impactnw.org\/wp-content\/uploads\/2017\/12\/c4sk3-705x433.jpg 705w, https:\/\/impactnw.org\/wp-content\/uploads\/2017\/12\/c4sk3-450x276.jpg 450w, https:\/\/impactnw.org\/wp-content\/uploads\/2017\/12\/c4sk3.jpg 942w\" sizes=\"auto, (max-width: 300px) 100vw, 300px\" \/>Community for Safe Kids th\u1ea3o lu\u1eadn nhi\u1ec1u ti\u00eau chu\u1ea9n c\u1ee7a B\u1ed9 Gi\u00e1o d\u1ee5c v\u00e0 Ti\u00eau chu\u1ea9n Gi\u00e1o d\u1ee5c Oregon v\u1ec1 S\u1ee9c kho\u1ebb cho c\u00e1c l\u1edbp K-5, bao g\u1ed3m: <\/span><\/p>\n<ul>\n<li style=\"font-weight: 400;\"><span style=\"font-weight: 400;\">Khuy\u1ebfn kh\u00edch s\u1ee9c kho\u1ebb tinh th\u1ea7n, x\u00e3 h\u1ed9i v\u00e0 t\u00ecnh c\u1ea3m<\/span><\/li>\n<li style=\"font-weight: 400;\"><span style=\"font-weight: 400;\">Khuy\u1ebfn kh\u00edch S\u1ee9c kho\u1ebb T\u00ecnh d\u1ee5c <\/span><\/li>\n<li style=\"font-weight: 400;\"><span style=\"font-weight: 400;\">Ph\u00f2ng ch\u1ed1ng b\u1ea1o l\u1ef1c v\u00e0 t\u1ef1 s\u00e1t<\/span><\/li>\n<\/ul>\n<p><span style=\"font-weight: 400;\">C\u00e1c C\u1ed9ng \u0111\u1ed3ng cho Tr\u1ebb an to\u00e0n c\u0169ng gi\u00fap gi\u1ea3i quy\u1ebft c\u00e1c kh\u00e1i ni\u1ec7m ch\u00ednh v\u1ec1:<\/span><\/p>\n<ul>\n<li style=\"font-weight: 400;\"><span style=\"font-weight: 400;\">Lu\u1eadt Erin c\u1ee7a B\u1ed9 Gi\u00e1o d\u1ee5c Oregon (Th\u01b0\u1ee3ng vi\u1ec7n Bill 856 y\u00eau c\u1ea7u t\u1ea5t c\u1ea3 c\u00e1c tr\u01b0\u1eddng h\u1ecdc HO ORC <\/span><span style=\"font-weight: 400;\"><br \/>\n<\/span><span style=\"font-weight: 400;\">K-12 \u0111\u1ec3 th\u00f4ng qua m\u1ed9t ch\u01b0\u01a1ng tr\u00ecnh gi\u1ea3ng d\u1ea1y v\u1ec1 l\u1ea1m d\u1ee5ng t\u00ecnh d\u1ee5c tr\u1ebb em) <\/span><\/li>\n<li style=\"font-weight: 400;\"><span style=\"font-weight: 400;\">HO ORC H\u00c0NH QUY\u1ec0N H Bul TR\u1ee2 (Lu\u1eadt Th\u01b0\u1ee3ng vi\u1ec7n 1555 y\u00eau c\u1ea7u t\u1ea5t c\u1ea3 c\u00e1c tr\u01b0\u1eddng h\u1ecdc HO ORC HO ORC K-12 ph\u00e1t tri\u1ec3n v\u00e0 th\u00f4ng qua ch\u00ednh s\u00e1ch c\u1ea5m s\u00e1ch nhi\u1ec5u, h\u0103m d\u1ecda ho\u1eb7c b\u1eaft n\u1ea1t v\u00e0 \u0111e do\u1ea1 tr\u1ef1c tuy\u1ebfn)<\/span><\/li>\n<\/ul>\n<h3>C\u1ed9ng \u0111\u1ed3ng cho Tr\u1ebb an to\u00e0n s\u1ebd gi\u00fap c\u00e1c sinh vi\u00ean c\u1ee7a t\u00f4i nh\u01b0 th\u1ebf n\u00e0o?<\/h3>\n<p><span style=\"font-weight: 400;\">Sau khi tham gia lo\u1ea1t h\u1ed9i th\u1ea3o sinh vi\u00ean, sinh vi\u00ean b\u00e1o c\u00e1o:<\/span><\/p>\n<ul>\n<li style=\"font-weight: 400;\"><span style=\"font-weight: 400;\">87% h\u1ecdc sinh c\u00f3 th\u1ec3 nh\u1eadn di\u1ec7n \u0111\u01b0\u1ee3c \u00edt nh\u1ea5t m\u1ed9t ng\u01b0\u1eddi l\u1edbn an to\u00e0n m\u00e0 h\u1ecd c\u00f3 th\u1ec3 n\u00f3i chuy\u1ec7n n\u1ebfu h\u1ecd c\u00f3 v\u1ea5n \u0111\u1ec1<\/span><\/li>\n<li style=\"font-weight: 400;\"><span style=\"font-weight: 400;\">85% h\u1ecdc sinh c\u00f3 th\u1ec3 nh\u1eadn ra \u00edt nh\u1ea5t m\u1ed9t c\u1ea3m gi\u00e1c trong c\u01a1 th\u1ec3 c\u1ee7a m\u00ecnh cho th\u1ea5y h\u1ecd c\u1ea7n gi\u00fap \u0111\u1ee1<\/span><\/li>\n<li style=\"font-weight: 400;\"><span style=\"font-weight: 400;\">83% h\u1ecdc sinh bi\u1ebft \u00edt nh\u1ea5t m\u1ed9t c\u00e1ch \u0111\u1ec3 gi\u00fap \u0111\u1ee1 b\u1ea1n b\u00e8 m\u1ed9t c\u00e1ch an to\u00e0n khi b\u1eaft n\u1ea1t<\/span><\/li>\n<\/ul>\n<\/div><\/section><\/div><\/p>","protected":false},"excerpt":{"rendered":"","protected":false},"author":21,"featured_media":0,"parent":51,"menu_order":0,"comment_status":"closed","ping_status":"closed","template":"","meta":{"_monsterinsights_skip_tracking":false,"_monsterinsights_sitenote_active":false,"_monsterinsights_sitenote_note":"","_monsterinsights_sitenote_category":0,"footnotes":"","_links_to":"","_links_to_target":""},"class_list":["post-10281","page","type-page","status-publish","hentry"],"yoast_head":"<!-- This site is optimized with the Yoast SEO plugin v27.3 - https:\/\/yoast.com\/product\/yoast-seo-wordpress\/ -->\n<title>Communities for Safe Kids (C4SK): Violence Prevention &#8211; Impact NW<\/title>\n<meta name=\"description\" content=\"C4SK provides educational workshops on violence prevention to elementary school students, staff, and student caregivers in the Portland area.\" \/>\n<meta name=\"robots\" content=\"index, follow, max-snippet:-1, max-image-preview:large, max-video-preview:-1\" \/>\n<link rel=\"canonical\" href=\"https:\/\/impactnw.org\/vi\/programs\/early-childhood\/communities-for-safe-kids\/\" \/>\n<meta property=\"og:locale\" content=\"vi_VN\" \/>\n<meta property=\"og:type\" content=\"article\" \/>\n<meta property=\"og:title\" content=\"Communities for Safe Kids (C4SK): Violence Prevention &#8211; Impact NW\" \/>\n<meta property=\"og:description\" content=\"C4SK provides educational workshops on violence prevention to elementary school students, staff, and student caregivers in the Portland area.\" \/>\n<meta property=\"og:url\" content=\"https:\/\/impactnw.org\/vi\/programs\/early-childhood\/communities-for-safe-kids\/\" \/>\n<meta property=\"og:site_name\" content=\"Impact NW\" \/>\n<meta property=\"article:publisher\" content=\"http:\/\/www.facebook.com\/ImpactNWsince1966\" \/>\n<meta property=\"article:modified_time\" content=\"2025-11-21T22:21:23+00:00\" \/>\n<meta property=\"og:image\" content=\"http:\/\/dev.impactnw.org\/wp-content\/uploads\/2017\/12\/c4sk2-300x225.jpg\" \/>\n<meta name=\"twitter:card\" content=\"summary_large_image\" \/>\n<meta name=\"twitter:site\" content=\"@impactnw\" \/>\n<meta name=\"twitter:label1\" content=\"\u01af\u1edbc t\u00ednh th\u1eddi gian \u0111\u1ecdc\" \/>\n\t<meta name=\"twitter:data1\" content=\"3 ph\u00fat\" \/>\n<script type=\"application\/ld+json\" class=\"yoast-schema-graph\">{\"@context\":\"https:\\\/\\\/schema.org\",\"@graph\":[{\"@type\":\"WebPage\",\"@id\":\"https:\\\/\\\/impactnw.org\\\/programs\\\/early-childhood\\\/communities-for-safe-kids\\\/\",\"url\":\"https:\\\/\\\/impactnw.org\\\/programs\\\/early-childhood\\\/communities-for-safe-kids\\\/\",\"name\":\"Communities for Safe Kids (C4SK): Violence Prevention &#8211; Impact NW\",\"isPartOf\":{\"@id\":\"https:\\\/\\\/impactnw.org\\\/#website\"},\"primaryImageOfPage\":{\"@id\":\"https:\\\/\\\/impactnw.org\\\/programs\\\/early-childhood\\\/communities-for-safe-kids\\\/#primaryimage\"},\"image\":{\"@id\":\"https:\\\/\\\/impactnw.org\\\/programs\\\/early-childhood\\\/communities-for-safe-kids\\\/#primaryimage\"},\"thumbnailUrl\":\"http:\\\/\\\/dev.impactnw.org\\\/wp-content\\\/uploads\\\/2017\\\/12\\\/c4sk2-300x225.jpg\",\"datePublished\":\"2017-09-21T19:10:50+00:00\",\"dateModified\":\"2025-11-21T22:21:23+00:00\",\"description\":\"C4SK provides educational workshops on violence prevention to elementary school students, staff, and student caregivers in the Portland area.\",\"breadcrumb\":{\"@id\":\"https:\\\/\\\/impactnw.org\\\/programs\\\/early-childhood\\\/communities-for-safe-kids\\\/#breadcrumb\"},\"inLanguage\":\"vi\",\"potentialAction\":[{\"@type\":\"ReadAction\",\"target\":[\"https:\\\/\\\/impactnw.org\\\/programs\\\/early-childhood\\\/communities-for-safe-kids\\\/\"]}]},{\"@type\":\"ImageObject\",\"inLanguage\":\"vi\",\"@id\":\"https:\\\/\\\/impactnw.org\\\/programs\\\/early-childhood\\\/communities-for-safe-kids\\\/#primaryimage\",\"url\":\"http:\\\/\\\/dev.impactnw.org\\\/wp-content\\\/uploads\\\/2017\\\/12\\\/c4sk2-300x225.jpg\",\"contentUrl\":\"http:\\\/\\\/dev.impactnw.org\\\/wp-content\\\/uploads\\\/2017\\\/12\\\/c4sk2-300x225.jpg\"},{\"@type\":\"BreadcrumbList\",\"@id\":\"https:\\\/\\\/impactnw.org\\\/programs\\\/early-childhood\\\/communities-for-safe-kids\\\/#breadcrumb\",\"itemListElement\":[{\"@type\":\"ListItem\",\"position\":1,\"name\":\"Home\",\"item\":\"https:\\\/\\\/impactnw.org\\\/home\\\/\"},{\"@type\":\"ListItem\",\"position\":2,\"name\":\"Programs\",\"item\":\"https:\\\/\\\/impactnw.org\\\/programs\\\/\"},{\"@type\":\"ListItem\",\"position\":3,\"name\":\"Early Childhood Services\",\"item\":\"https:\\\/\\\/impactnw.org\\\/programs\\\/early-childhood\\\/\"},{\"@type\":\"ListItem\",\"position\":4,\"name\":\"Communities for Safe Kids\"}]},{\"@type\":\"WebSite\",\"@id\":\"https:\\\/\\\/impactnw.org\\\/#website\",\"url\":\"https:\\\/\\\/impactnw.org\\\/\",\"name\":\"Impact NW\",\"description\":\"Inspiring Hope. Empowering Independence.\",\"potentialAction\":[{\"@type\":\"SearchAction\",\"target\":{\"@type\":\"EntryPoint\",\"urlTemplate\":\"https:\\\/\\\/impactnw.org\\\/?s={search_term_string}\"},\"query-input\":{\"@type\":\"PropertyValueSpecification\",\"valueRequired\":true,\"valueName\":\"search_term_string\"}}],\"inLanguage\":\"vi\"}]}<\/script>\n<!-- \/ Yoast SEO plugin. -->","yoast_head_json":{"title":"Communities for Safe Kids (C4SK): Violence Prevention &#8211; Impact NW","description":"C4SK cung c\u1ea5p c\u00e1c h\u1ed9i th\u1ea3o gi\u00e1o d\u1ee5c v\u1ec1 ph\u00f2ng, ch\u1ed1ng b\u1ea1o l\u1ef1c cho h\u1ecdc sinh ti\u1ec3u h\u1ecdc, nh\u00e2n vi\u00ean v\u00e0 sinh vi\u00ean ch\u0103m s\u00f3c h\u1ecdc sinh trong khu v\u1ef1c Portland.","robots":{"index":"index","follow":"follow","max-snippet":"max-snippet:-1","max-image-preview":"max-image-preview:large","max-video-preview":"max-video-preview:-1"},"canonical":"https:\/\/impactnw.org\/vi\/programs\/early-childhood\/communities-for-safe-kids\/","og_locale":"vi_VN","og_type":"article","og_title":"Communities for Safe Kids (C4SK): Violence Prevention &#8211; Impact NW","og_description":"C4SK provides educational workshops on violence prevention to elementary school students, staff, and student caregivers in the Portland area.","og_url":"https:\/\/impactnw.org\/vi\/programs\/early-childhood\/communities-for-safe-kids\/","og_site_name":"Impact NW","article_publisher":"http:\/\/www.facebook.com\/ImpactNWsince1966","article_modified_time":"2025-11-21T22:21:23+00:00","og_image":[{"url":"http:\/\/dev.impactnw.org\/wp-content\/uploads\/2017\/12\/c4sk2-300x225.jpg","type":"","width":"","height":""}],"twitter_card":"summary_large_image","twitter_site":"@impactnw","twitter_misc":{"\u01af\u1edbc t\u00ednh th\u1eddi gian \u0111\u1ecdc":"3 ph\u00fat"},"schema":{"@context":"https:\/\/schema.org","@graph":[{"@type":"WebPage","@id":"https:\/\/impactnw.org\/programs\/early-childhood\/communities-for-safe-kids\/","url":"https:\/\/impactnw.org\/programs\/early-childhood\/communities-for-safe-kids\/","name":"Communities for Safe Kids (C4SK): Violence Prevention &#8211; Impact NW","isPartOf":{"@id":"https:\/\/impactnw.org\/#website"},"primaryImageOfPage":{"@id":"https:\/\/impactnw.org\/programs\/early-childhood\/communities-for-safe-kids\/#primaryimage"},"image":{"@id":"https:\/\/impactnw.org\/programs\/early-childhood\/communities-for-safe-kids\/#primaryimage"},"thumbnailUrl":"http:\/\/dev.impactnw.org\/wp-content\/uploads\/2017\/12\/c4sk2-300x225.jpg","datePublished":"2017-09-21T19:10:50+00:00","dateModified":"2025-11-21T22:21:23+00:00","description":"C4SK cung c\u1ea5p c\u00e1c h\u1ed9i th\u1ea3o gi\u00e1o d\u1ee5c v\u1ec1 ph\u00f2ng, ch\u1ed1ng b\u1ea1o l\u1ef1c cho h\u1ecdc sinh ti\u1ec3u h\u1ecdc, nh\u00e2n vi\u00ean v\u00e0 sinh vi\u00ean ch\u0103m s\u00f3c h\u1ecdc sinh trong khu v\u1ef1c Portland.","breadcrumb":{"@id":"https:\/\/impactnw.org\/programs\/early-childhood\/communities-for-safe-kids\/#breadcrumb"},"inLanguage":"vi","potentialAction":[{"@type":"ReadAction","target":["https:\/\/impactnw.org\/programs\/early-childhood\/communities-for-safe-kids\/"]}]},{"@type":"ImageObject","inLanguage":"vi","@id":"https:\/\/impactnw.org\/programs\/early-childhood\/communities-for-safe-kids\/#primaryimage","url":"http:\/\/dev.impactnw.org\/wp-content\/uploads\/2017\/12\/c4sk2-300x225.jpg","contentUrl":"http:\/\/dev.impactnw.org\/wp-content\/uploads\/2017\/12\/c4sk2-300x225.jpg"},{"@type":"BreadcrumbList","@id":"https:\/\/impactnw.org\/programs\/early-childhood\/communities-for-safe-kids\/#breadcrumb","itemListElement":[{"@type":"ListItem","position":1,"name":"Home","item":"https:\/\/impactnw.org\/home\/"},{"@type":"ListItem","position":2,"name":"Programs","item":"https:\/\/impactnw.org\/programs\/"},{"@type":"ListItem","position":3,"name":"Early Childhood Services","item":"https:\/\/impactnw.org\/programs\/early-childhood\/"},{"@type":"ListItem","position":4,"name":"Communities for Safe Kids"}]},{"@type":"WebSite","@id":"https:\/\/impactnw.org\/#website","url":"https:\/\/impactnw.org\/","name":"T\u00e1c \u0111\u1ed9ng NW","description":"Inspiring Hope. Trao quy\u1ec1n cho \u0111\u1ed9c l\u1eadp.","potentialAction":[{"@type":"SearchAction","target":{"@type":"EntryPoint","urlTemplate":"https:\/\/impactnw.org\/?s={search_term_string}"},"query-input":{"@type":"PropertyValueSpecification","valueRequired":true,"valueName":"search_term_string"}}],"inLanguage":"vi"}]}},"_links":{"self":[{"href":"https:\/\/impactnw.org\/vi\/wp-json\/wp\/v2\/pages\/10281","targetHints":{"allow":["GET"]}}],"collection":[{"href":"https:\/\/impactnw.org\/vi\/wp-json\/wp\/v2\/pages"}],"about":[{"href":"https:\/\/impactnw.org\/vi\/wp-json\/wp\/v2\/types\/page"}],"author":[{"embeddable":true,"href":"https:\/\/impactnw.org\/vi\/wp-json\/wp\/v2\/users\/21"}],"replies":[{"embeddable":true,"href":"https:\/\/impactnw.org\/vi\/wp-json\/wp\/v2\/comments?post=10281"}],"version-history":[{"count":2,"href":"https:\/\/impactnw.org\/vi\/wp-json\/wp\/v2\/pages\/10281\/revisions"}],"predecessor-version":[{"id":22768,"href":"https:\/\/impactnw.org\/vi\/wp-json\/wp\/v2\/pages\/10281\/revisions\/22768"}],"up":[{"embeddable":true,"href":"https:\/\/impactnw.org\/vi\/wp-json\/wp\/v2\/pages\/51"}],"wp:attachment":[{"href":"https:\/\/impactnw.org\/vi\/wp-json\/wp\/v2\/media?parent=10281"}],"curies":[{"name":"wp","href":"https:\/\/api.w.org\/{rel}","templated":true}]}}