{"id":90,"date":"2011-09-28T22:50:48","date_gmt":"2011-09-28T22:50:48","guid":{"rendered":"http:\/\/dev.impactnw.org\/wp_11_2011\/?page_id=90"},"modified":"2019-10-17T15:53:31","modified_gmt":"2019-10-17T22:53:31","slug":"transporting","status":"publish","type":"page","link":"https:\/\/impactnw.org\/es\/programs\/seniors\/transporting\/","title":{"rendered":"Servicios de transporte"},"content":{"rendered":"<style type=\"text\/css\" data-created_by=\"avia_inline_auto\" id=\"style-css-av-66j9a-4d2d9620b95a1a37ef090f7260b7a6c1\">\n.flex_column.av-66j9a-4d2d9620b95a1a37ef090f7260b7a6c1{\nborder-radius:0px 0px 0px 0px;\npadding:0px 0px 0px 0px;\n}\n<\/style>\n<div  class='flex_column av-66j9a-4d2d9620b95a1a37ef090f7260b7a6c1 av_three_fifth  avia-builder-el-0  el_before_av_two_fifth  avia-builder-el-first  first flex_column_div av-zero-column-padding'     ><section  class='av_textblock_section av-5sufm-b78e66276cef28b2b6ab9686280d2cd6'   itemscope=\"itemscope\" itemtype=\"https:\/\/schema.org\/CreativeWork\" ><div class='avia_textblock'  itemprop=\"text\" ><h1>Servicios de transporte<\/h1>\n<h3>El acceso al transporte es importante para la salud y el bienestar de las personas mayores y adultos con discapacidades.<\/h3>\n<p>De hecho, para algunos, puede significar la diferencia entre poder permanecer en su propio hogar y tener que mudarse a un centro de vida asistida.<\/p>\n<p>Impact NW valora la independencia de personas mayores y adultos con discapacidades. En asociaci\u00f3n con Multnomah County ADS, TriMet y <a title=\"Ride Connection\" href=\"http:\/\/rideconnection.org\/ride\/default.aspx\" target=\"_blank\" rel=\"noopener noreferrer\">Ride Connection<\/a>El programa de asistencia de transporte de Impact NW facilita a nuestros clientes el acceso a citas m\u00e9dicas, hacer sus compras y participar en actividades sociales que los mantienen comprometidos con su comunidad.<\/p>\n<blockquote>\n<p>Anualmente, nuestro programa brinda m\u00e1s de 14,000 atracciones y la coordinaci\u00f3n de miles m\u00e1s.<\/p>\n<\/blockquote>\n<\/div><\/section><\/div>\n\n<style type=\"text\/css\" data-created_by=\"avia_inline_auto\" id=\"style-css-av-htky-6175121c70971c6902e78041325d7c15\">\n.flex_column.av-htky-6175121c70971c6902e78041325d7c15{\nborder-radius:0px 0px 0px 0px;\npadding:0px 0px 0px 0px;\n}\n<\/style>\n<div  class='flex_column av-htky-6175121c70971c6902e78041325d7c15 av_two_fifth  avia-builder-el-2  el_after_av_three_fifth  el_before_av_textblock  flex_column_div av-zero-column-padding'     ><style type=\"text\/css\" data-created_by=\"avia_inline_auto\" id=\"style-css-av-gq8a-a15fc6d7207e0e7acbacb2c9a69d05ac\">\n.av_promobox.av-gq8a-a15fc6d7207e0e7acbacb2c9a69d05ac{\ncolor:#ffffff;\nbackground:#1c3848;\n}\n<\/style>\n<div  class='av_promobox av-gq8a-a15fc6d7207e0e7acbacb2c9a69d05ac avia-button-no  avia-builder-el-3  avia-builder-el-no-sibling'><div class='avia-promocontent'><\/p>\n<h3 style=\"color: #f6bb17;\">\u00bfPodemos ayudarte?<\/h3>\n<p>Si usted o alguien que usted conoce est\u00e1 interesado en los servicios de transporte de Impact NW, ll\u00e1menos al (503) 721-6756. Su conversaci\u00f3n ser\u00e1 completamente confidencial, y si Impact NW no es la mejor opci\u00f3n para usted, lo ayudaremos a conectarse con los servicios que necesita.<\/p>\n<\/div><\/div><\/div><section  class='av_textblock_section av-dcjq-f932dbfb343b3120c2ce3cd158d8cfc3'   itemscope=\"itemscope\" itemtype=\"https:\/\/schema.org\/CreativeWork\" ><div class='avia_textblock'  itemprop=\"text\" ><h2><strong>Nuestros servicios de transporte:<\/strong><\/h2>\n<ul>\n<li><strong>Paseos acompa\u00f1ados:<\/strong> Los servicios de transporte de puerta a puerta escoltados se ofrecen a las personas mayores de SE Portland y adultos con discapacidades que necesitan asistencia para llegar a las citas m\u00e9dicas, dentales y personales.<\/li>\n<li><strong>Billetes de autob\u00fas y \/ o paseos en taxi:<\/strong> Los boletos mensuales de autob\u00fas \/ elevador TriMet est\u00e1n disponibles para los clientes de Impact NW senior y de administraci\u00f3n de casos, seg\u00fan la calificaci\u00f3n y la disponibilidad.<\/li>\n<li><strong>Paseos grupales de nutrici\u00f3n:<\/strong> Los conductores de Impact NW brindan viajes grupales a las principales tiendas de comestibles cinco veces por semana, as\u00ed como a los bancos de alimentos seleccionados. Las entregas de alimentos se brindan a las personas de la tercera edad.<\/li>\n<li><strong>Transporte recreativo:<\/strong> Los conductores de Impact NW toman grupos de personas mayores y adultos con discapacidades en viajes recreativos planificados por uno de nuestros coordinadores de actividades.<\/li>\n<\/ul>\n<h2><strong>Esto es lo que dicen algunos de nuestros clientes sobre el programa de asistencia de transporte de Impact NW:<\/strong><\/h2>\n<\/div><\/section><\/p>\n<div  class='avia-testimonial-wrapper av-32ok6-19418f7bdb8dca06a1a75de9e4b9d5b2 avia-slider-testimonials avia-slider-2-testimonials avia_animate_when_almost_visible av-large-testimonial-slider av-slideshow-ui av-control-default av-slider-hover-pause av-slideshow-autoplay av-loop-endless av-loop-manual-endless' data-slideshow-options=\"{&quot;animation&quot;:&quot;fade&quot;,&quot;autoplay&quot;:true,&quot;loop_autoplay&quot;:&quot;endless&quot;,&quot;interval&quot;:5,&quot;loop_manual&quot;:&quot;manual-endless&quot;,&quot;autoplay_stopper&quot;:false,&quot;noNavigation&quot;:false,&quot;bg_slider&quot;:false,&quot;keep_padding&quot;:&quot;&quot;,&quot;hoverpause&quot;:true,&quot;show_slide_delay&quot;:0}\">\n<section class=\"avia-testimonial-row\"><div class='avia-testimonial av-9b0u-a8fe5876d519c4d5b348a9fb9a3822d4 avia-testimonial-row-1 avia-first-testimonial flex_column no_margin av_one_half'><div class='avia-testimonial_inner'  itemscope=\"itemscope\" itemtype=\"https:\/\/schema.org\/CreativeWork\" ><div class='avia-testimonial-content'><div class='avia-testimonial-markup-entry-content'  itemprop=\"text\" ><p>El impacto es un servicio maravilloso. Ayudan mucho con las personas que ya no pueden ir a las consultas m\u00e9dicas ni a la tienda de comestibles. Estoy muy agradecido!<\/p>\n<\/div><\/div><div class=\"avia-testimonial-meta\"><div class=\"avia-testimonial-arrow-wrap\"><div class=\"avia-arrow\"><\/div><\/div><div class='avia-testimonial-meta-mini'  itemprop=\"author\" itemscope=\"itemscope\" itemtype=\"https:\/\/schema.org\/Person\" ><\/div><\/div><\/div><\/div>\n<div class='avia-testimonial av-220kq-98f06030d1f6098616cf6515c3a4b48c avia-testimonial-row-1 flex_column no_margin av_one_half'><div class='avia-testimonial_inner'  itemscope=\"itemscope\" itemtype=\"https:\/\/schema.org\/CreativeWork\" ><div class='avia-testimonial-content'><div class='avia-testimonial-markup-entry-content'  itemprop=\"text\" ><p>El impacto es un servicio vital para m\u00ed para obtener visitas m\u00e9dicas para salvar vidas.<\/p>\n<\/div><\/div><div class=\"avia-testimonial-meta\"><div class=\"avia-testimonial-arrow-wrap\"><div class=\"avia-arrow\"><\/div><\/div><div class='avia-testimonial-meta-mini'  itemprop=\"author\" itemscope=\"itemscope\" itemtype=\"https:\/\/schema.org\/Person\" ><\/div><\/div><\/div><\/div>\n<div class='avia-testimonial av-1kh3e-8a137db39046011511e7d6e1627ee390 avia-testimonial-row-1 flex_column no_margin av_one_half'><div class='avia-testimonial_inner'  itemscope=\"itemscope\" itemtype=\"https:\/\/schema.org\/CreativeWork\" ><div class='avia-testimonial-content'><div class='avia-testimonial-markup-entry-content'  itemprop=\"text\" ><p>\u00a1No puedo agradecer a Impact NW lo suficiente por llevarme a la tienda y a KFC por mi cumplea\u00f1os n\u00famero 91!<\/p>\n<\/div><\/div><div class=\"avia-testimonial-meta\"><div class=\"avia-testimonial-arrow-wrap\"><div class=\"avia-arrow\"><\/div><\/div><div class='avia-testimonial-meta-mini'  itemprop=\"author\" itemscope=\"itemscope\" itemtype=\"https:\/\/schema.org\/Person\" ><\/div><\/div><\/div><\/div>\n<div class='avia-testimonial av-rtja-2b44fd8b434d18ed48f28f080258cdb1 avia-testimonial-row-1 flex_column no_margin av_one_half'><div class='avia-testimonial_inner'  itemscope=\"itemscope\" itemtype=\"https:\/\/schema.org\/CreativeWork\" ><div class='avia-testimonial-content'><div class='avia-testimonial-markup-entry-content'  itemprop=\"text\" ><p>Esta noche no tendr\u00e9 que comer chile de una lata debido a Impact NW y a que Bruce me lleve a la tienda de comestibles.<\/p>\n<\/div><\/div><div class=\"avia-testimonial-meta\"><div class=\"avia-testimonial-arrow-wrap\"><div class=\"avia-arrow\"><\/div><\/div><div class='avia-testimonial-meta-mini'  itemprop=\"author\" itemscope=\"itemscope\" itemtype=\"https:\/\/schema.org\/Person\" ><\/div><\/div><\/div><\/div>\n<\/section><div class='avia-slideshow-arrows avia-slideshow-controls' ><a href='#prev' class='prev-slide  avia-svg-icon avia-font-svg_entypo-fontello' data-av_svg_icon='left-open-big' data-av_iconset='svg_entypo-fontello' tabindex='-1' title=\"Anterior\"><svg version=\"1.1\" xmlns=\"http:\/\/www.w3.org\/2000\/svg\" width=\"15\" height=\"32\" viewbox=\"0 0 15 32\" preserveaspectratio=\"xMidYMid meet\" aria-labelledby='av-svg-title-1' aria-describedby='av-svg-desc-1' role=\"graphics-symbol\" aria-hidden=\"true\">\n<title id='av-svg-title-1'>Anterior<\/title>\n<desc id='av-svg-desc-1'>Anterior<\/desc>\n<path d=\"M14.464 27.84q0.832 0.832 0 1.536-0.832 0.832-1.536 0l-12.544-12.608q-0.768-0.768 0-1.6l12.544-12.608q0.704-0.832 1.536 0 0.832 0.704 0 1.536l-11.456 11.904z\"><\/path>\n<\/svg><span class='avia_hidden_link_text'>Anterior<\/span><\/a><a href='#next' class='next-slide  avia-svg-icon avia-font-svg_entypo-fontello' data-av_svg_icon='right-open-big' data-av_iconset='svg_entypo-fontello' tabindex='-1' title=\"Posterior\"><svg version=\"1.1\" xmlns=\"http:\/\/www.w3.org\/2000\/svg\" width=\"15\" height=\"32\" viewbox=\"0 0 15 32\" preserveaspectratio=\"xMidYMid meet\" aria-labelledby='av-svg-title-2' aria-describedby='av-svg-desc-2' role=\"graphics-symbol\" aria-hidden=\"true\">\n<title id='av-svg-title-2'>Posterior<\/title>\n<desc id='av-svg-desc-2'>Posterior<\/desc>\n<path d=\"M0.416 27.84l11.456-11.84-11.456-11.904q-0.832-0.832 0-1.536 0.832-0.832 1.536 0l12.544 12.608q0.768 0.832 0 1.6l-12.544 12.608q-0.704 0.832-1.536 0-0.832-0.704 0-1.536z\"><\/path>\n<\/svg><span class='avia_hidden_link_text'>Posterior<\/span><\/a><\/div><\/div>","protected":false},"excerpt":{"rendered":"","protected":false},"author":21,"featured_media":0,"parent":84,"menu_order":2,"comment_status":"closed","ping_status":"closed","template":"","meta":{"_monsterinsights_skip_tracking":false,"_monsterinsights_sitenote_active":false,"_monsterinsights_sitenote_note":"","_monsterinsights_sitenote_category":0,"footnotes":"","_links_to":"","_links_to_target":""},"class_list":["post-90","page","type-page","status-publish","hentry"],"yoast_head":"<!-- This site is optimized with the Yoast SEO plugin v27.3 - https:\/\/yoast.com\/product\/yoast-seo-wordpress\/ -->\n<title>Transportation Services &#8211; Impact NW<\/title>\n<meta name=\"robots\" content=\"index, follow, max-snippet:-1, max-image-preview:large, max-video-preview:-1\" \/>\n<link rel=\"canonical\" href=\"https:\/\/impactnw.org\/es\/programs\/seniors\/transporting\/\" \/>\n<meta property=\"og:locale\" content=\"es_ES\" \/>\n<meta property=\"og:type\" content=\"article\" \/>\n<meta property=\"og:title\" content=\"Transportation Services &#8211; Impact NW\" \/>\n<meta property=\"og:url\" content=\"https:\/\/impactnw.org\/es\/programs\/seniors\/transporting\/\" \/>\n<meta property=\"og:site_name\" content=\"Impact NW\" \/>\n<meta property=\"article:publisher\" content=\"http:\/\/www.facebook.com\/ImpactNWsince1966\" \/>\n<meta property=\"article:modified_time\" content=\"2019-10-17T22:53:31+00:00\" \/>\n<meta name=\"twitter:card\" content=\"summary_large_image\" \/>\n<meta name=\"twitter:site\" content=\"@impactnw\" \/>\n<meta name=\"twitter:label1\" content=\"Tiempo de lectura\" \/>\n\t<meta name=\"twitter:data1\" content=\"3 minutos\" \/>\n<script type=\"application\/ld+json\" class=\"yoast-schema-graph\">{\"@context\":\"https:\\\/\\\/schema.org\",\"@graph\":[{\"@type\":\"WebPage\",\"@id\":\"https:\\\/\\\/impactnw.org\\\/programs\\\/seniors\\\/transporting\\\/\",\"url\":\"https:\\\/\\\/impactnw.org\\\/programs\\\/seniors\\\/transporting\\\/\",\"name\":\"Transportation Services &#8211; Impact NW\",\"isPartOf\":{\"@id\":\"https:\\\/\\\/impactnw.org\\\/#website\"},\"datePublished\":\"2011-09-28T22:50:48+00:00\",\"dateModified\":\"2019-10-17T22:53:31+00:00\",\"breadcrumb\":{\"@id\":\"https:\\\/\\\/impactnw.org\\\/programs\\\/seniors\\\/transporting\\\/#breadcrumb\"},\"inLanguage\":\"es\",\"potentialAction\":[{\"@type\":\"ReadAction\",\"target\":[\"https:\\\/\\\/impactnw.org\\\/programs\\\/seniors\\\/transporting\\\/\"]}]},{\"@type\":\"BreadcrumbList\",\"@id\":\"https:\\\/\\\/impactnw.org\\\/programs\\\/seniors\\\/transporting\\\/#breadcrumb\",\"itemListElement\":[{\"@type\":\"ListItem\",\"position\":1,\"name\":\"Home\",\"item\":\"https:\\\/\\\/impactnw.org\\\/home\\\/\"},{\"@type\":\"ListItem\",\"position\":2,\"name\":\"Programs\",\"item\":\"https:\\\/\\\/impactnw.org\\\/programs\\\/\"},{\"@type\":\"ListItem\",\"position\":3,\"name\":\"Seniors\",\"item\":\"https:\\\/\\\/impactnw.org\\\/programs\\\/seniors\\\/\"},{\"@type\":\"ListItem\",\"position\":4,\"name\":\"Transportation Services\"}]},{\"@type\":\"WebSite\",\"@id\":\"https:\\\/\\\/impactnw.org\\\/#website\",\"url\":\"https:\\\/\\\/impactnw.org\\\/\",\"name\":\"Impact NW\",\"description\":\"Inspiring Hope. Empowering Independence.\",\"potentialAction\":[{\"@type\":\"SearchAction\",\"target\":{\"@type\":\"EntryPoint\",\"urlTemplate\":\"https:\\\/\\\/impactnw.org\\\/?s={search_term_string}\"},\"query-input\":{\"@type\":\"PropertyValueSpecification\",\"valueRequired\":true,\"valueName\":\"search_term_string\"}}],\"inLanguage\":\"es\"}]}<\/script>\n<!-- \/ Yoast SEO plugin. -->","yoast_head_json":{"title":"Transportation Services &#8211; Impact NW","robots":{"index":"index","follow":"follow","max-snippet":"max-snippet:-1","max-image-preview":"max-image-preview:large","max-video-preview":"max-video-preview:-1"},"canonical":"https:\/\/impactnw.org\/es\/programs\/seniors\/transporting\/","og_locale":"es_ES","og_type":"article","og_title":"Transportation Services &#8211; Impact NW","og_url":"https:\/\/impactnw.org\/es\/programs\/seniors\/transporting\/","og_site_name":"Impact NW","article_publisher":"http:\/\/www.facebook.com\/ImpactNWsince1966","article_modified_time":"2019-10-17T22:53:31+00:00","twitter_card":"summary_large_image","twitter_site":"@impactnw","twitter_misc":{"Tiempo de lectura":"3 minutos"},"schema":{"@context":"https:\/\/schema.org","@graph":[{"@type":"WebPage","@id":"https:\/\/impactnw.org\/programs\/seniors\/transporting\/","url":"https:\/\/impactnw.org\/programs\/seniors\/transporting\/","name":"Transportation Services &#8211; Impact NW","isPartOf":{"@id":"https:\/\/impactnw.org\/#website"},"datePublished":"2011-09-28T22:50:48+00:00","dateModified":"2019-10-17T22:53:31+00:00","breadcrumb":{"@id":"https:\/\/impactnw.org\/programs\/seniors\/transporting\/#breadcrumb"},"inLanguage":"es","potentialAction":[{"@type":"ReadAction","target":["https:\/\/impactnw.org\/programs\/seniors\/transporting\/"]}]},{"@type":"BreadcrumbList","@id":"https:\/\/impactnw.org\/programs\/seniors\/transporting\/#breadcrumb","itemListElement":[{"@type":"ListItem","position":1,"name":"Home","item":"https:\/\/impactnw.org\/home\/"},{"@type":"ListItem","position":2,"name":"Programs","item":"https:\/\/impactnw.org\/programs\/"},{"@type":"ListItem","position":3,"name":"Seniors","item":"https:\/\/impactnw.org\/programs\/seniors\/"},{"@type":"ListItem","position":4,"name":"Transportation Services"}]},{"@type":"WebSite","@id":"https:\/\/impactnw.org\/#website","url":"https:\/\/impactnw.org\/","name":"Impacto NW","description":"Inspiradora esperanza. Empoderando la independencia.","potentialAction":[{"@type":"SearchAction","target":{"@type":"EntryPoint","urlTemplate":"https:\/\/impactnw.org\/?s={search_term_string}"},"query-input":{"@type":"PropertyValueSpecification","valueRequired":true,"valueName":"search_term_string"}}],"inLanguage":"es"}]}},"_links":{"self":[{"href":"https:\/\/impactnw.org\/es\/wp-json\/wp\/v2\/pages\/90","targetHints":{"allow":["GET"]}}],"collection":[{"href":"https:\/\/impactnw.org\/es\/wp-json\/wp\/v2\/pages"}],"about":[{"href":"https:\/\/impactnw.org\/es\/wp-json\/wp\/v2\/types\/page"}],"author":[{"embeddable":true,"href":"https:\/\/impactnw.org\/es\/wp-json\/wp\/v2\/users\/21"}],"replies":[{"embeddable":true,"href":"https:\/\/impactnw.org\/es\/wp-json\/wp\/v2\/comments?post=90"}],"version-history":[{"count":0,"href":"https:\/\/impactnw.org\/es\/wp-json\/wp\/v2\/pages\/90\/revisions"}],"up":[{"embeddable":true,"href":"https:\/\/impactnw.org\/es\/wp-json\/wp\/v2\/pages\/84"}],"wp:attachment":[{"href":"https:\/\/impactnw.org\/es\/wp-json\/wp\/v2\/media?parent=90"}],"curies":[{"name":"wp","href":"https:\/\/api.w.org\/{rel}","templated":true}]}}