{"id":84,"date":"2011-09-28T22:49:40","date_gmt":"2011-09-28T22:49:40","guid":{"rendered":"http:\/\/dev.impactnw.org\/wp_11_2011\/?page_id=84"},"modified":"2025-05-22T09:06:21","modified_gmt":"2025-05-22T16:06:21","slug":"seniors","status":"publish","type":"page","link":"https:\/\/impactnw.org\/es\/programs\/seniors\/","title":{"rendered":"Personas mayores"},"content":{"rendered":"<section  class='av_textblock_section av-1a08k-e72bbf4e5114a701b0b1c6c1897644f5'   itemscope=\"itemscope\" itemtype=\"https:\/\/schema.org\/CreativeWork\" ><div class='avia_textblock'  itemprop=\"text\" ><h1>Personas mayores<\/h1>\n<h2>Las personas mayores prosperan cuando pueden permanecer en sus propios hogares, rodeados de una comunidad de amigos y familiares<\/h2>\n<\/div><\/section>\n\n<style type=\"text\/css\" data-created_by=\"avia_inline_auto\" id=\"style-css-av-c5fio-9723751e1c426dab929f713190738f9c\">\n#top .hr.hr-invisible.av-c5fio-9723751e1c426dab929f713190738f9c{\nheight:20px;\n}\n<\/style>\n<div  class='hr av-c5fio-9723751e1c426dab929f713190738f9c hr-invisible  avia-builder-el-1  el_after_av_textblock  el_before_av_one_third'><span class='hr-inner'><span class=\"hr-inner-style\"><\/span><\/span><\/div>\n\n<style type=\"text\/css\" data-created_by=\"avia_inline_auto\" id=\"style-css-av-16qq0-a49ef213de40e607e3b7c1eb81eb35d0\">\n.flex_column.av-16qq0-a49ef213de40e607e3b7c1eb81eb35d0{\nborder-radius:0px 0px 0px 0px;\npadding:0px 0px 0px 0px;\n}\n<\/style>\n<div  class='flex_column av-16qq0-a49ef213de40e607e3b7c1eb81eb35d0 av_one_third  avia-builder-el-2  el_after_av_hr  el_before_av_one_third  first flex_column_div av-zero-column-padding'     ><style type=\"text\/css\" data-created_by=\"avia_inline_auto\" id=\"style-css-av-avbpw-e603cfeda113de583a9571f771a2ef32\">\n.avia-animated-number.av-avbpw-e603cfeda113de583a9571f771a2ef32 .avia-animated-number-icon.avia-svg-icon svg:first-child{\nfill:#1c3848;\nstroke:#1c3848;\n}\n#top .avia-animated-number.av-avbpw-e603cfeda113de583a9571f771a2ef32 .avia-animated-number-title{\ncolor:#1c3848;\n}\n<\/style>\n<div  class=\"avia-animated-number av-avbpw-e603cfeda113de583a9571f771a2ef32 av-force-default-color avia_animate_when_visible  avia-builder-el-3  avia-builder-el-no-sibling  avia-color-font-custom\" data-timer=\"3000\"><strong class=\"heading avia-animated-number-title\"><span class='avia-animated-number-icon av-icon-before-number av-icon-char avia-iconfont avia-font-entypo-fontello' data-av_icon='\ue80a' data-av_iconfont='entypo-fontello' ><\/span><span class=\"avia-single-number __av-single-number\" data-number_format=\"\" data-number=\"1\" data-start_from=\"0\">1<\/span><span class=\"avia-no-number\">,<\/span><span class=\"avia-single-number __av-single-number\" data-number_format=\"\" data-number=\"500\" data-start_from=\"0\">500<\/span><\/strong><div class=\"avia-animated-number-content\"><p>los individuos son apoyados por los programas de servicios para adultos mayores de Impact NW cada a\u00f1o.<\/p>\n<\/div><\/div><\/div>\n\n<style type=\"text\/css\" data-created_by=\"avia_inline_auto\" id=\"style-css-av-agoek-40dd7583b01da2883f7c6a2a60bf3fcf\">\n.flex_column.av-agoek-40dd7583b01da2883f7c6a2a60bf3fcf{\nborder-radius:0px 0px 0px 0px;\npadding:0px 0px 0px 0px;\n}\n<\/style>\n<div  class='flex_column av-agoek-40dd7583b01da2883f7c6a2a60bf3fcf av_one_third  avia-builder-el-4  el_after_av_one_third  el_before_av_hr  flex_column_div av-zero-column-padding'     ><style type=\"text\/css\" data-created_by=\"avia_inline_auto\" id=\"style-css-av-a00bs-dad66f97ad3d6adb5c9cfe9e924b4116\">\n.avia-animated-number.av-a00bs-dad66f97ad3d6adb5c9cfe9e924b4116 .avia-animated-number-icon.avia-svg-icon svg:first-child{\nfill:#1c3848;\nstroke:#1c3848;\n}\n#top .avia-animated-number.av-a00bs-dad66f97ad3d6adb5c9cfe9e924b4116 .avia-animated-number-title{\ncolor:#1c3848;\n}\n<\/style>\n<div  class=\"avia-animated-number av-a00bs-dad66f97ad3d6adb5c9cfe9e924b4116 av-force-default-color avia_animate_when_visible  avia-builder-el-5  avia-builder-el-no-sibling  avia-color-font-custom\" data-timer=\"3000\"><strong class=\"heading avia-animated-number-title\"><span class='avia-animated-number-icon av-icon-before-number av-icon-char avia-iconfont avia-font-entypo-fontello' data-av_icon='\ue841' data-av_iconfont='entypo-fontello' ><\/span><span class=\"avia-single-number __av-single-number\" data-number_format=\"\" data-number=\"14\" data-start_from=\"0\">14<\/span><span class=\"avia-no-number\">,<\/span><span class=\"avia-single-number __av-single-number\" data-number_format=\"\" data-number=\"000\" data-start_from=\"0\">000<\/span><\/strong><div class=\"avia-animated-number-content\"><p>Se brindan viajes a clientes que necesitan ayuda para ir a citas m\u00e9dicas o realizar mandados.<\/p>\n<\/div><\/div><\/div>\n<div  class='hr av-7zkuc-0ed20141d1f5500280f9bc055167e553 hr-default  avia-builder-el-6  el_after_av_one_third  el_before_av_three_fifth'><span class='hr-inner'><span class=\"hr-inner-style\"><\/span><\/span><\/div>\n\n<style type=\"text\/css\" data-created_by=\"avia_inline_auto\" id=\"style-css-av-7brz4-40d512cd0a4c3a1de0492d5412a97add\">\n.flex_column.av-7brz4-40d512cd0a4c3a1de0492d5412a97add{\nborder-radius:0px 0px 0px 0px;\npadding:0px 0px 0px 0px;\n}\n<\/style>\n<div  class='flex_column av-7brz4-40d512cd0a4c3a1de0492d5412a97add av_three_fifth  avia-builder-el-7  el_after_av_hr  el_before_av_two_fifth  first flex_column_div av-zero-column-padding'     ><section  class='av_textblock_section av-o5l4-60dca692704b3f2f86174975a4b0ebd1'   itemscope=\"itemscope\" itemtype=\"https:\/\/schema.org\/CreativeWork\" ><div class='avia_textblock'  itemprop=\"text\" ><p>Los programas de Impact NW toman una visi\u00f3n hol\u00edstica del envejecimiento saludable, abordando el bienestar f\u00edsico, mental y emocional de cada cliente. Nos comprometemos a ayudar a las personas mayores m\u00e1s vulnerables de nuestra regi\u00f3n a acceder a recursos que les permitan permanecer en sus hogares con \u00e9xito, sin dejar de ser capaces de participar en la comunidad en la que viven. Proporcionamos defensa y gesti\u00f3n de casos a personas mayores de 60 a\u00f1os en adelante.<\/p>\n<p>El programa para personas mayores de Impact NW brinda a los clientes las herramientas y el apoyo que necesitan para estar sanos, felices y activos, y para vivir en su hogar de forma segura.<\/p>\n<h2>Nuestras ubicaciones y horarios:<\/h2>\n<\/div><\/section><\/div>\n\n<style type=\"text\/css\" data-created_by=\"avia_inline_auto\" id=\"style-css-av-28jk-e23999c021e3cbfb6b97fb67fe07d6e7\">\n.flex_column.av-28jk-e23999c021e3cbfb6b97fb67fe07d6e7{\nborder-radius:0px 0px 0px 0px;\npadding:0px 0px 0px 0px;\n}\n<\/style>\n<div  class='flex_column av-28jk-e23999c021e3cbfb6b97fb67fe07d6e7 av_two_fifth  avia-builder-el-9  el_after_av_three_fifth  el_before_av_one_third  flex_column_div av-zero-column-padding'     ><style type=\"text\/css\" data-created_by=\"avia_inline_auto\" id=\"style-css-av-5kyv4-6c31702381927919af765ee52bb7ce59\">\n.av_promobox.av-5kyv4-6c31702381927919af765ee52bb7ce59{\ncolor:#ffffff;\nbackground:#1c3848;\n}\n<\/style>\n<div  class='av_promobox av-5kyv4-6c31702381927919af765ee52bb7ce59 avia-button-no  avia-builder-el-10  avia-builder-el-no-sibling'><div class='avia-promocontent'><\/p>\n<h3><strong><span style=\"color: #f6bb17;\">\u00bfPodemos ayudarte?<\/span><\/strong><\/h3>\n<p>Si usted o alguien que usted conoce est\u00e1 interesado en los programas para personas mayores de Impact NW, ll\u00e1menos al (503) 721-6760. Su conversaci\u00f3n ser\u00e1 completamente confidencial, y si Impact NW no es la mejor opci\u00f3n para usted, lo ayudaremos a conectarse con los servicios que necesita.<\/p>\n<\/div><\/div><\/div>\n\n<style type=\"text\/css\" data-created_by=\"avia_inline_auto\" id=\"style-css-av-505y0-7fb8d690faae41e3cbdea17de0c9511c\">\n.flex_column.av-505y0-7fb8d690faae41e3cbdea17de0c9511c{\nborder-radius:0px 0px 0px 0px;\npadding:0px 0px 0px 0px;\n}\n<\/style>\n<div  class='flex_column av-505y0-7fb8d690faae41e3cbdea17de0c9511c av_one_third  avia-builder-el-11  el_after_av_two_fifth  el_before_av_one_third  first flex_column_div av-zero-column-padding'     ><section  class='av_textblock_section av-4c0i0-287e6352e51133ad720f0aa42a18d046'   itemscope=\"itemscope\" itemtype=\"https:\/\/schema.org\/CreativeWork\" ><div class='avia_textblock'  itemprop=\"text\" ><h2><\/h2>\n<h3>Centro de servicios multiculturales<\/h3>\n<p><strong>Direcci\u00f3n:<\/strong> 4610 SE Belmont St., Portland, OR<br \/>\n<strong>Tel\u00e9fono:<\/strong> (503) 721-6760<br \/>\n<strong>Horas:<\/strong> Lunes a jueves, de 8:30 a.m. a 5:00 p.m.<br \/>\n<strong>Servicios:<\/strong>\u00a0Advocacy &amp; Case Management Services, Transportation, Activities &amp; Health Promotion<\/p>\n<\/div><\/section><\/div>\n\n<style type=\"text\/css\" data-created_by=\"avia_inline_auto\" id=\"style-css-av-3poc0-32caa9d8cf346359c0e5559732104de9\">\n.flex_column.av-3poc0-32caa9d8cf346359c0e5559732104de9{\nborder-radius:0px 0px 0px 0px;\npadding:0px 0px 0px 0px;\n}\n<\/style>\n<div  class='flex_column av-3poc0-32caa9d8cf346359c0e5559732104de9 av_one_third  avia-builder-el-13  el_after_av_one_third  el_before_av_one_third  flex_column_div av-zero-column-padding'     ><section  class='av_textblock_section av-320sg-e98f4281a280d816b6510b1629c4187a'   itemscope=\"itemscope\" itemtype=\"https:\/\/schema.org\/CreativeWork\" ><div class='avia_textblock'  itemprop=\"text\" ><h2><\/h2>\n<h3>Programa de servicios de vivienda de Congregate (CHSP)<\/h3>\n<p><strong>Tel\u00e9fono:\u00a0<\/strong>(503) 867-1531<strong><br \/>\nHoras:<\/strong> De lunes a viernes, de 8:00 a.m. a 7:00 p.m.<br \/>\n<strong>Servicios: <\/strong>Apoyo en el sitio para residentes que viven en Dahlke Manor, Grace Peck Terrace, Rosenbaum Plaza y Unthank Plaza complejos de viviendas asequibles.<\/p>\n<\/div><\/section><\/div>\n\n<style type=\"text\/css\" data-created_by=\"avia_inline_auto\" id=\"style-css-av-2kddg-f48d7314464b520d9c2879bdc9c4f773\">\n.flex_column.av-2kddg-f48d7314464b520d9c2879bdc9c4f773{\nborder-radius:0px 0px 0px 0px;\npadding:0px 0px 0px 0px;\n}\n<\/style>\n<div  class='flex_column av-2kddg-f48d7314464b520d9c2879bdc9c4f773 av_one_third  avia-builder-el-15  el_after_av_one_third  el_before_av_hr  flex_column_div av-zero-column-padding'     ><section  class='av_textblock_section av-23u8g-650343282f42292362e3b76324c7db83'   itemscope=\"itemscope\" itemtype=\"https:\/\/schema.org\/CreativeWork\" ><div class='avia_textblock'  itemprop=\"text\" ><h2><\/h2>\n<h3>Programa de asistencia de tutela mayor (Senior GAP)<\/h3>\n<p><strong>Tel\u00e9fono:<\/strong> (503) 294-7445<br \/>\n<strong>Horas:\u00a0<\/strong>Lunes a jueves, de 8:30 a.m. a 5:00 p.m.<br \/>\n<strong>Servicios:\u00a0<\/strong>Servicios de curadur\u00eda y tutela para personas mayores autosuficientes.<\/p>\n<\/div><\/section><\/div>\n\n<style type=\"text\/css\" data-created_by=\"avia_inline_auto\" id=\"style-css-av-k1wnsozz-05c83046594417e52b08bc458b507ddc\">\n#top .hr.hr-invisible.av-k1wnsozz-05c83046594417e52b08bc458b507ddc{\nmargin-top:-5px;\nheight:1px;\n}\n<\/style>\n<div  class='hr av-k1wnsozz-05c83046594417e52b08bc458b507ddc hr-invisible  avia-builder-el-17  el_after_av_one_third  el_before_av_one_full'><span class='hr-inner'><span class=\"hr-inner-style\"><\/span><\/span><\/div>\n\n<style type=\"text\/css\" data-created_by=\"avia_inline_auto\" id=\"style-css-av-1mvl4-345d4ee57a1791db1df3823d245b4fd3\">\n.flex_column.av-1mvl4-345d4ee57a1791db1df3823d245b4fd3{\nborder-radius:0px 0px 0px 0px;\npadding:0px 0px 0px 0px;\n}\n<\/style>\n<div  class='flex_column av-1mvl4-345d4ee57a1791db1df3823d245b4fd3 av_one_full  avia-builder-el-18  el_after_av_hr  el_before_av_one_full  first flex_column_div av-zero-column-padding'     ><section  class='av_textblock_section av-11t0s-09abf8c59877ecfe63341302f029c480'   itemscope=\"itemscope\" itemtype=\"https:\/\/schema.org\/CreativeWork\" ><div class='avia_textblock'  itemprop=\"text\" ><h2>Nuestros programas para personas mayores:<\/h2>\n<div id=\"attachment_7852\" style=\"width: 310px\" class=\"wp-caption alignright\"><img loading=\"lazy\" decoding=\"async\" aria-describedby=\"caption-attachment-7852\" class=\"wp-image-7852 size-medium\" src=\"https:\/\/impactnw.org\/wp-content\/uploads\/2011\/09\/Impact-NW-Senior-Services-Tai-Chi-Another-Look-02.22.16-86-of-97-300x200.jpg\" alt=\"Foto de otra mirada\" width=\"300\" height=\"200\" srcset=\"https:\/\/impactnw.org\/wp-content\/uploads\/2011\/09\/Impact-NW-Senior-Services-Tai-Chi-Another-Look-02.22.16-86-of-97-300x200.jpg 300w, https:\/\/impactnw.org\/wp-content\/uploads\/2011\/09\/Impact-NW-Senior-Services-Tai-Chi-Another-Look-02.22.16-86-of-97-768x513.jpg 768w, https:\/\/impactnw.org\/wp-content\/uploads\/2011\/09\/Impact-NW-Senior-Services-Tai-Chi-Another-Look-02.22.16-86-of-97-1030x688.jpg 1030w, https:\/\/impactnw.org\/wp-content\/uploads\/2011\/09\/Impact-NW-Senior-Services-Tai-Chi-Another-Look-02.22.16-86-of-97-1500x1001.jpg 1500w, https:\/\/impactnw.org\/wp-content\/uploads\/2011\/09\/Impact-NW-Senior-Services-Tai-Chi-Another-Look-02.22.16-86-of-97-705x471.jpg 705w, https:\/\/impactnw.org\/wp-content\/uploads\/2011\/09\/Impact-NW-Senior-Services-Tai-Chi-Another-Look-02.22.16-86-of-97-450x300.jpg 450w, https:\/\/impactnw.org\/wp-content\/uploads\/2011\/09\/Impact-NW-Senior-Services-Tai-Chi-Another-Look-02.22.16-86-of-97-800x534.jpg 800w\" sizes=\"auto, (max-width: 300px) 100vw, 300px\" \/><p id=\"caption-attachment-7852\" class=\"wp-caption-text\">Las personas mayores en nuestro Centro de servicios multiculturales participan en clases semanales de Tai Chi.<\/p><\/div>\n<p><a href=\"https:\/\/impactnw.org\/programs\/seniors\/guardianship-assistance-2\/\"><strong>Asistencia Senior Guardian (Senior GAP)<\/strong><\/a> ofrece servicios de administraci\u00f3n de dinero para personas mayores que de otra manera son autosuficientes pero que luchan por administrar sus propios asuntos financieros.<\/p>\n<p><strong>Servicios de defensa y gesti\u00f3n de casos\u00a0<\/strong>proporcionar consultas, evaluaciones y actividades de promoci\u00f3n para ayudar a las personas de 60 a\u00f1os o m\u00e1s y a las familias a identificar y abordar las necesidades del servicio y a planificar la atenci\u00f3n a largo plazo.<\/p>\n<p><strong>Servicios de vivienda congregada<\/strong> ayuda a personas mayores y adultos con discapacidades que viven en viviendas p\u00fablicas a trav\u00e9s de la coordinaci\u00f3n de atenci\u00f3n en el hogar, transporte a tiendas y citas m\u00e9dicas, administraci\u00f3n de dinero y servicios legales, y servicios de comidas en el lugar.<\/p>\n<p><a href=\"https:\/\/impactnw.org\/programs\/seniors\/transporting\/\"><strong>Servicios de transporte<\/strong><\/a>\u00a0proporcionar m\u00e1s miles de viajes cada a\u00f1o a personas mayores y adultos con discapacidades que necesitan ayuda para ir a citas m\u00e9dicas o realizar mandados.<\/p>\n<p><a href=\"https:\/\/impactnw.org\/programs\/seniors\/activites-services\/\"><strong>Actividades y promoci\u00f3n de la salud<\/strong><\/a>\u00a0en nuestro Southeast Multicultural Center ofrecemos un centro de actividades donde los adultos mayores se re\u00fanen para clases de ejercicios, comidas, juegos, celebraciones y amistad.<\/p>\n<p><strong>Impact Kincare<\/strong><span style=\"color: #000000;\"><b> <\/b>supports adults 55 and older living in Multnomah, Clackamas, and Washington counties who are caring for relative children, regardless of ODHS status, with educational programming, support groups, connections to community resources, and more. To learn more or sign up for updates, please visit<\/span> <a href=\"https:\/\/docs.google.com\/forms\/d\/e\/1FAIpQLSc1xuu0NrMAK5b8QvzksW8h4CbewsPbZj1Z9xvIM889wtda8A\/viewform?usp=sharing\" target=\"_blank\" rel=\"noopener\" data-saferedirecturl=\"https:\/\/www.google.com\/url?q=https:\/\/docs.google.com\/forms\/d\/e\/1FAIpQLSc1xuu0NrMAK5b8QvzksW8h4CbewsPbZj1Z9xvIM889wtda8A\/viewform?usp%3Dsharing&amp;source=gmail&amp;ust=1747951084279000&amp;usg=AOvVaw0edFE8l0NVMqvkkqj6awac\">this link<\/a>,<span style=\"color: #000000;\"> call\/text 971-354-6562, or email<\/span>\u00a0<a href=\"mailto:kincare@impactnw.org\" target=\"_blank\" rel=\"noopener\">kincare@impactnw.org<\/a>.<\/p>\n<div><\/div>\n<\/div><\/section><\/div><div  class='flex_column av-3irg-ff7b38757df43755c976be873d1ceda9 av_one_full  avia-builder-el-20  el_after_av_one_full  avia-builder-el-last  first flex_column_div  column-top-margin'     ><section  class='av_textblock_section av-m0cmq7i5-bcbf580fc837bdc2a80e63661c1e542b'   itemscope=\"itemscope\" itemtype=\"https:\/\/schema.org\/CreativeWork\" ><div class='avia_textblock'  itemprop=\"text\" ><p><iframe loading=\"lazy\" style=\"border: 0;\" src=\"https:\/\/calendar.google.com\/calendar\/embed?src=c_5eb20dfec390466505f2d65f0680ae136f5d16abd2e7c208218879693f29c92e%40group.calendar.google.com&amp;ctz=America%2FLos_Angeles\" width=\"800\" height=\"600\" frameborder=\"0\" scrolling=\"no\"><\/iframe><\/p>\n<\/div><\/section><\/div><\/p>","protected":false},"excerpt":{"rendered":"","protected":false},"author":21,"featured_media":0,"parent":8,"menu_order":5,"comment_status":"closed","ping_status":"closed","template":"","meta":{"_monsterinsights_skip_tracking":false,"_monsterinsights_sitenote_active":false,"_monsterinsights_sitenote_note":"","_monsterinsights_sitenote_category":0,"footnotes":"","_links_to":"","_links_to_target":""},"class_list":["post-84","page","type-page","status-publish","hentry"],"yoast_head":"<!-- This site is optimized with the Yoast SEO plugin v27.4 - https:\/\/yoast.com\/product\/yoast-seo-wordpress\/ -->\n<title>Services for Seniors &amp; Adults with Disabilities &#8211; Impact NW<\/title>\n<meta name=\"description\" content=\"Our Seniors Services give clients the tools and support they need to be healthy, happy, and active, and to live at home safely.\" \/>\n<meta name=\"robots\" content=\"index, follow, max-snippet:-1, max-image-preview:large, max-video-preview:-1\" \/>\n<link rel=\"canonical\" href=\"https:\/\/impactnw.org\/es\/programs\/seniors\/\" \/>\n<meta property=\"og:locale\" content=\"es_ES\" \/>\n<meta property=\"og:type\" content=\"article\" \/>\n<meta property=\"og:title\" content=\"Services for Seniors &amp; Adults with Disabilities &#8211; Impact NW\" \/>\n<meta property=\"og:description\" content=\"Our Seniors Services give clients the tools and support they need to be healthy, happy, and active, and to live at home safely.\" \/>\n<meta property=\"og:url\" content=\"https:\/\/impactnw.org\/es\/programs\/seniors\/\" \/>\n<meta property=\"og:site_name\" content=\"Impact NW\" \/>\n<meta property=\"article:publisher\" content=\"http:\/\/www.facebook.com\/ImpactNWsince1966\" \/>\n<meta property=\"article:modified_time\" content=\"2025-05-22T16:06:21+00:00\" \/>\n<meta property=\"og:image\" content=\"https:\/\/impactnw.org\/wp-content\/uploads\/2011\/09\/Impact-NW-Senior-Services-Tai-Chi-Another-Look-02.22.16-86-of-97.jpg\" \/>\n\t<meta property=\"og:image:width\" content=\"2250\" \/>\n\t<meta property=\"og:image:height\" content=\"1502\" \/>\n\t<meta property=\"og:image:type\" content=\"image\/jpeg\" \/>\n<meta name=\"twitter:card\" content=\"summary_large_image\" \/>\n<meta name=\"twitter:site\" content=\"@impactnw\" \/>\n<meta name=\"twitter:label1\" content=\"Tiempo de lectura\" \/>\n\t<meta name=\"twitter:data1\" content=\"3 minutos\" \/>\n<script type=\"application\/ld+json\" class=\"yoast-schema-graph\">{\"@context\":\"https:\\\/\\\/schema.org\",\"@graph\":[{\"@type\":\"WebPage\",\"@id\":\"https:\\\/\\\/impactnw.org\\\/programs\\\/seniors\\\/\",\"url\":\"https:\\\/\\\/impactnw.org\\\/programs\\\/seniors\\\/\",\"name\":\"Services for Seniors & Adults with Disabilities &#8211; Impact NW\",\"isPartOf\":{\"@id\":\"https:\\\/\\\/impactnw.org\\\/#website\"},\"primaryImageOfPage\":{\"@id\":\"https:\\\/\\\/impactnw.org\\\/programs\\\/seniors\\\/#primaryimage\"},\"image\":{\"@id\":\"https:\\\/\\\/impactnw.org\\\/programs\\\/seniors\\\/#primaryimage\"},\"thumbnailUrl\":\"https:\\\/\\\/impactnw.org\\\/wp-content\\\/uploads\\\/2011\\\/09\\\/Impact-NW-Senior-Services-Tai-Chi-Another-Look-02.22.16-86-of-97-300x200.jpg\",\"datePublished\":\"2011-09-28T22:49:40+00:00\",\"dateModified\":\"2025-05-22T16:06:21+00:00\",\"description\":\"Our Seniors Services give clients the tools and support they need to be healthy, happy, and active, and to live at home safely.\",\"breadcrumb\":{\"@id\":\"https:\\\/\\\/impactnw.org\\\/programs\\\/seniors\\\/#breadcrumb\"},\"inLanguage\":\"es\",\"potentialAction\":[{\"@type\":\"ReadAction\",\"target\":[\"https:\\\/\\\/impactnw.org\\\/programs\\\/seniors\\\/\"]}]},{\"@type\":\"ImageObject\",\"inLanguage\":\"es\",\"@id\":\"https:\\\/\\\/impactnw.org\\\/programs\\\/seniors\\\/#primaryimage\",\"url\":\"https:\\\/\\\/impactnw.org\\\/wp-content\\\/uploads\\\/2011\\\/09\\\/Impact-NW-Senior-Services-Tai-Chi-Another-Look-02.22.16-86-of-97-300x200.jpg\",\"contentUrl\":\"https:\\\/\\\/impactnw.org\\\/wp-content\\\/uploads\\\/2011\\\/09\\\/Impact-NW-Senior-Services-Tai-Chi-Another-Look-02.22.16-86-of-97-300x200.jpg\"},{\"@type\":\"BreadcrumbList\",\"@id\":\"https:\\\/\\\/impactnw.org\\\/programs\\\/seniors\\\/#breadcrumb\",\"itemListElement\":[{\"@type\":\"ListItem\",\"position\":1,\"name\":\"Home\",\"item\":\"https:\\\/\\\/impactnw.org\\\/home\\\/\"},{\"@type\":\"ListItem\",\"position\":2,\"name\":\"Programs\",\"item\":\"https:\\\/\\\/impactnw.org\\\/programs\\\/\"},{\"@type\":\"ListItem\",\"position\":3,\"name\":\"Seniors\"}]},{\"@type\":\"WebSite\",\"@id\":\"https:\\\/\\\/impactnw.org\\\/#website\",\"url\":\"https:\\\/\\\/impactnw.org\\\/\",\"name\":\"Impact NW\",\"description\":\"Inspiring Hope. Empowering Independence.\",\"potentialAction\":[{\"@type\":\"SearchAction\",\"target\":{\"@type\":\"EntryPoint\",\"urlTemplate\":\"https:\\\/\\\/impactnw.org\\\/?s={search_term_string}\"},\"query-input\":{\"@type\":\"PropertyValueSpecification\",\"valueRequired\":true,\"valueName\":\"search_term_string\"}}],\"inLanguage\":\"es\"}]}<\/script>\n<!-- \/ Yoast SEO plugin. -->","yoast_head_json":{"title":"Services for Seniors & Adults with Disabilities &#8211; Impact NW","description":"Nuestros Servicios para Personas Mayores brindan a los clientes las herramientas y el apoyo que necesitan para estar sanos, felices y activos, y para vivir en su hogar de manera segura.","robots":{"index":"index","follow":"follow","max-snippet":"max-snippet:-1","max-image-preview":"max-image-preview:large","max-video-preview":"max-video-preview:-1"},"canonical":"https:\/\/impactnw.org\/es\/programs\/seniors\/","og_locale":"es_ES","og_type":"article","og_title":"Services for Seniors & Adults with Disabilities &#8211; Impact NW","og_description":"Our Seniors Services give clients the tools and support they need to be healthy, happy, and active, and to live at home safely.","og_url":"https:\/\/impactnw.org\/es\/programs\/seniors\/","og_site_name":"Impact NW","article_publisher":"http:\/\/www.facebook.com\/ImpactNWsince1966","article_modified_time":"2025-05-22T16:06:21+00:00","og_image":[{"width":2250,"height":1502,"url":"https:\/\/impactnw.org\/wp-content\/uploads\/2011\/09\/Impact-NW-Senior-Services-Tai-Chi-Another-Look-02.22.16-86-of-97.jpg","type":"image\/jpeg"}],"twitter_card":"summary_large_image","twitter_site":"@impactnw","twitter_misc":{"Tiempo de lectura":"3 minutos"},"schema":{"@context":"https:\/\/schema.org","@graph":[{"@type":"WebPage","@id":"https:\/\/impactnw.org\/programs\/seniors\/","url":"https:\/\/impactnw.org\/programs\/seniors\/","name":"Services for Seniors & Adults with Disabilities &#8211; Impact NW","isPartOf":{"@id":"https:\/\/impactnw.org\/#website"},"primaryImageOfPage":{"@id":"https:\/\/impactnw.org\/programs\/seniors\/#primaryimage"},"image":{"@id":"https:\/\/impactnw.org\/programs\/seniors\/#primaryimage"},"thumbnailUrl":"https:\/\/impactnw.org\/wp-content\/uploads\/2011\/09\/Impact-NW-Senior-Services-Tai-Chi-Another-Look-02.22.16-86-of-97-300x200.jpg","datePublished":"2011-09-28T22:49:40+00:00","dateModified":"2025-05-22T16:06:21+00:00","description":"Nuestros Servicios para Personas Mayores brindan a los clientes las herramientas y el apoyo que necesitan para estar sanos, felices y activos, y para vivir en su hogar de manera segura.","breadcrumb":{"@id":"https:\/\/impactnw.org\/programs\/seniors\/#breadcrumb"},"inLanguage":"es","potentialAction":[{"@type":"ReadAction","target":["https:\/\/impactnw.org\/programs\/seniors\/"]}]},{"@type":"ImageObject","inLanguage":"es","@id":"https:\/\/impactnw.org\/programs\/seniors\/#primaryimage","url":"https:\/\/impactnw.org\/wp-content\/uploads\/2011\/09\/Impact-NW-Senior-Services-Tai-Chi-Another-Look-02.22.16-86-of-97-300x200.jpg","contentUrl":"https:\/\/impactnw.org\/wp-content\/uploads\/2011\/09\/Impact-NW-Senior-Services-Tai-Chi-Another-Look-02.22.16-86-of-97-300x200.jpg"},{"@type":"BreadcrumbList","@id":"https:\/\/impactnw.org\/programs\/seniors\/#breadcrumb","itemListElement":[{"@type":"ListItem","position":1,"name":"Home","item":"https:\/\/impactnw.org\/home\/"},{"@type":"ListItem","position":2,"name":"Programs","item":"https:\/\/impactnw.org\/programs\/"},{"@type":"ListItem","position":3,"name":"Seniors"}]},{"@type":"WebSite","@id":"https:\/\/impactnw.org\/#website","url":"https:\/\/impactnw.org\/","name":"Impacto NW","description":"Inspiradora esperanza. Empoderando la independencia.","potentialAction":[{"@type":"SearchAction","target":{"@type":"EntryPoint","urlTemplate":"https:\/\/impactnw.org\/?s={search_term_string}"},"query-input":{"@type":"PropertyValueSpecification","valueRequired":true,"valueName":"search_term_string"}}],"inLanguage":"es"}]}},"_links":{"self":[{"href":"https:\/\/impactnw.org\/es\/wp-json\/wp\/v2\/pages\/84","targetHints":{"allow":["GET"]}}],"collection":[{"href":"https:\/\/impactnw.org\/es\/wp-json\/wp\/v2\/pages"}],"about":[{"href":"https:\/\/impactnw.org\/es\/wp-json\/wp\/v2\/types\/page"}],"author":[{"embeddable":true,"href":"https:\/\/impactnw.org\/es\/wp-json\/wp\/v2\/users\/21"}],"replies":[{"embeddable":true,"href":"https:\/\/impactnw.org\/es\/wp-json\/wp\/v2\/comments?post=84"}],"version-history":[{"count":7,"href":"https:\/\/impactnw.org\/es\/wp-json\/wp\/v2\/pages\/84\/revisions"}],"predecessor-version":[{"id":21563,"href":"https:\/\/impactnw.org\/es\/wp-json\/wp\/v2\/pages\/84\/revisions\/21563"}],"up":[{"embeddable":true,"href":"https:\/\/impactnw.org\/es\/wp-json\/wp\/v2\/pages\/8"}],"wp:attachment":[{"href":"https:\/\/impactnw.org\/es\/wp-json\/wp\/v2\/media?parent=84"}],"curies":[{"name":"wp","href":"https:\/\/api.w.org\/{rel}","templated":true}]}}