{"id":8242,"date":"2016-10-21T22:43:50","date_gmt":"2016-10-22T05:43:50","guid":{"rendered":"http:\/\/dev.impactnw.org\/?page_id=8242"},"modified":"2019-10-17T17:23:26","modified_gmt":"2019-10-18T00:23:26","slug":"classes-and-workshops","status":"publish","type":"page","link":"https:\/\/impactnw.org\/es\/programs\/youthfamily\/aka-science\/classes-and-workshops\/","title":{"rendered":"AKA clases de ciencias"},"content":{"rendered":"<section  class='av_textblock_section av-k1vdxt4u-8358c2a3db9fe20891f3a17a27150f35'   itemscope=\"itemscope\" itemtype=\"https:\/\/schema.org\/CreativeWork\" ><div class='avia_textblock'  itemprop=\"text\" ><h1>AKA Science Classes and Workshops<\/h1>\n<\/div><\/section>\n\n<style type=\"text\/css\" data-created_by=\"avia_inline_auto\" id=\"style-css-av-k1vdz5r0-1f0f50664d74eb227532e156f9eeb613\">\n#top .hr.hr-invisible.av-k1vdz5r0-1f0f50664d74eb227532e156f9eeb613{\nmargin-top:-5px;\nheight:1px;\n}\n<\/style>\n<div  class='hr av-k1vdz5r0-1f0f50664d74eb227532e156f9eeb613 hr-invisible  avia-builder-el-1  el_after_av_textblock  el_before_av_three_fifth'><span class='hr-inner'><span class=\"hr-inner-style\"><\/span><\/span><\/div>\n\n<style type=\"text\/css\" data-created_by=\"avia_inline_auto\" id=\"style-css-av-14puvqa-f51d4744cf2aeaf5b4417300392e3972\">\n.flex_column.av-14puvqa-f51d4744cf2aeaf5b4417300392e3972{\nborder-radius:0px 0px 0px 0px;\npadding:0px 0px 0px 0px;\n}\n<\/style>\n<div  class='flex_column av-14puvqa-f51d4744cf2aeaf5b4417300392e3972 av_three_fifth  avia-builder-el-2  el_after_av_hr  el_before_av_two_fifth  first flex_column_div av-zero-column-padding'     ><p><div  class='avia-slideshow av-12b8ixe-39bf306f90c817338a832cfa598b766e avia-slideshow-no scaling av_slideshow avia-slide-slider  avia-builder-el-3  el_before_av_textblock  avia-builder-el-first  av-slideshow-ui av-control-hidden av-no-slider-navigation av-hide-nav-arrows av-slideshow-autoplay av-loop-endless av-loop-manual-endless av-default-height-applied avia-slideshow-1' data-slideshow-options=\"{&quot;animation&quot;:&quot;slide&quot;,&quot;autoplay&quot;:true,&quot;loop_autoplay&quot;:&quot;endless&quot;,&quot;interval&quot;:5,&quot;loop_manual&quot;:&quot;manual-endless&quot;,&quot;autoplay_stopper&quot;:false,&quot;noNavigation&quot;:true,&quot;bg_slider&quot;:false,&quot;keep_padding&quot;:false,&quot;hoverpause&quot;:false,&quot;show_slide_delay&quot;:0}\"  itemprop=\"image\" itemscope=\"itemscope\" itemtype=\"https:\/\/schema.org\/ImageObject\" ><ul class='avia-slideshow-inner' style='padding-bottom: 50%;'><li  class='avia-slideshow-slide av-12b8ixe-39bf306f90c817338a832cfa598b766e__0  slide-1 slide-odd'><div data-rel='slideshow-1' class='avia-slide-wrap'   ><img decoding=\"async\" fetchpriority=\"high\" class=\"wp-image-8725 avia-img-lazy-loading-not-8725\"  src=\"https:\/\/impactnw.org\/wp-content\/uploads\/2016\/10\/aka_science_class_11.png\" width=\"600\" height=\"300\" title='Clase de Ciencia AKA' alt='Clase de Ciencia AKA'  itemprop=\"thumbnailUrl\" srcset=\"https:\/\/impactnw.org\/wp-content\/uploads\/2016\/10\/aka_science_class_11.png 600w, https:\/\/impactnw.org\/wp-content\/uploads\/2016\/10\/aka_science_class_11-300x150.png 300w, https:\/\/impactnw.org\/wp-content\/uploads\/2016\/10\/aka_science_class_11-450x225.png 450w\" sizes=\"(max-width: 600px) 100vw, 600px\" \/><\/div><\/li><li  class='avia-slideshow-slide av-12b8ixe-39bf306f90c817338a832cfa598b766e__1  slide-2 slide-even'><div data-rel='slideshow-1' class='avia-slide-wrap'   ><img decoding=\"async\" fetchpriority=\"high\" class=\"wp-image-8726 avia-img-lazy-loading-not-8726\"  src=\"https:\/\/impactnw.org\/wp-content\/uploads\/2016\/10\/aka_science_class_12.png\" width=\"600\" height=\"300\" title='Clase de Ciencia AKA' alt='Clase de Ciencia AKA'  itemprop=\"thumbnailUrl\" srcset=\"https:\/\/impactnw.org\/wp-content\/uploads\/2016\/10\/aka_science_class_12.png 600w, https:\/\/impactnw.org\/wp-content\/uploads\/2016\/10\/aka_science_class_12-300x150.png 300w, https:\/\/impactnw.org\/wp-content\/uploads\/2016\/10\/aka_science_class_12-450x225.png 450w\" sizes=\"(max-width: 600px) 100vw, 600px\" \/><\/div><\/li><li  class='avia-slideshow-slide av-12b8ixe-39bf306f90c817338a832cfa598b766e__2  slide-3 slide-odd'><div data-rel='slideshow-1' class='avia-slide-wrap'   ><img decoding=\"async\" fetchpriority=\"high\" class=\"wp-image-8727 avia-img-lazy-loading-not-8727\"  src=\"https:\/\/impactnw.org\/wp-content\/uploads\/2016\/10\/aka_science_class_13.png\" width=\"600\" height=\"300\" title='Clase de Ciencia AKA' alt='Clase de Ciencia AKA'  itemprop=\"thumbnailUrl\" srcset=\"https:\/\/impactnw.org\/wp-content\/uploads\/2016\/10\/aka_science_class_13.png 600w, https:\/\/impactnw.org\/wp-content\/uploads\/2016\/10\/aka_science_class_13-300x150.png 300w, https:\/\/impactnw.org\/wp-content\/uploads\/2016\/10\/aka_science_class_13-450x225.png 450w\" sizes=\"(max-width: 600px) 100vw, 600px\" \/><\/div><\/li><li  class='avia-slideshow-slide av-12b8ixe-39bf306f90c817338a832cfa598b766e__3  slide-4 slide-even'><div data-rel='slideshow-1' class='avia-slide-wrap'   ><img decoding=\"async\" fetchpriority=\"high\" class=\"wp-image-8728 avia-img-lazy-loading-not-8728\"  src=\"https:\/\/impactnw.org\/wp-content\/uploads\/2016\/10\/aka_science_class_14.png\" width=\"600\" height=\"300\" title='Clase de Ciencia AKA' alt='Clase de Ciencia AKA'  itemprop=\"thumbnailUrl\" srcset=\"https:\/\/impactnw.org\/wp-content\/uploads\/2016\/10\/aka_science_class_14.png 600w, https:\/\/impactnw.org\/wp-content\/uploads\/2016\/10\/aka_science_class_14-300x150.png 300w, https:\/\/impactnw.org\/wp-content\/uploads\/2016\/10\/aka_science_class_14-450x225.png 450w\" sizes=\"(max-width: 600px) 100vw, 600px\" \/><\/div><\/li><\/ul><div class='avia-slideshow-arrows avia-slideshow-controls' ><a href='#prev' class='prev-slide  avia-svg-icon avia-font-svg_entypo-fontello' data-av_svg_icon='left-open-big' data-av_iconset='svg_entypo-fontello' tabindex='-1' title=\"Anterior\"><svg version=\"1.1\" xmlns=\"http:\/\/www.w3.org\/2000\/svg\" width=\"15\" height=\"32\" viewbox=\"0 0 15 32\" preserveaspectratio=\"xMidYMid meet\" aria-labelledby='av-svg-title-1' aria-describedby='av-svg-desc-1' role=\"graphics-symbol\" aria-hidden=\"true\">\n<title id='av-svg-title-1'>Anterior<\/title>\n<desc id='av-svg-desc-1'>Anterior<\/desc>\n<path d=\"M14.464 27.84q0.832 0.832 0 1.536-0.832 0.832-1.536 0l-12.544-12.608q-0.768-0.768 0-1.6l12.544-12.608q0.704-0.832 1.536 0 0.832 0.704 0 1.536l-11.456 11.904z\"><\/path>\n<\/svg><span class='avia_hidden_link_text'>Anterior<\/span><\/a><a href='#next' class='next-slide  avia-svg-icon avia-font-svg_entypo-fontello' data-av_svg_icon='right-open-big' data-av_iconset='svg_entypo-fontello' tabindex='-1' title=\"Posterior\"><svg version=\"1.1\" xmlns=\"http:\/\/www.w3.org\/2000\/svg\" width=\"15\" height=\"32\" viewbox=\"0 0 15 32\" preserveaspectratio=\"xMidYMid meet\" aria-labelledby='av-svg-title-2' aria-describedby='av-svg-desc-2' role=\"graphics-symbol\" aria-hidden=\"true\">\n<title id='av-svg-title-2'>Posterior<\/title>\n<desc id='av-svg-desc-2'>Posterior<\/desc>\n<path d=\"M0.416 27.84l11.456-11.84-11.456-11.904q-0.832-0.832 0-1.536 0.832-0.832 1.536 0l12.544 12.608q0.768 0.832 0 1.6l-12.544 12.608q-0.704 0.832-1.536 0-0.832-0.704 0-1.536z\"><\/path>\n<\/svg><span class='avia_hidden_link_text'>Posterior<\/span><\/a><\/div><\/div><br \/>\n<section  class='av_textblock_section av-jvffzhao-1baba60a36d920db33d5f49daf9ed70c'   itemscope=\"itemscope\" itemtype=\"https:\/\/schema.org\/CreativeWork\" ><div class='avia_textblock'  itemprop=\"text\" ><blockquote>\n<p><strong>AKA clases de ciencias <\/strong><\/p>\n<\/blockquote>\n<p><strong>Informaci\u00f3n de clase<\/strong><\/p>\n<p>AKA Science (All Kids Are Scientists) is a fun, hands-on science program for students in grades K-6. A different topic is offered during most school quarters (fall, winter &amp; spring), and 9 total topics rotate on a 3-year cycle. For each topic, there&#8217;s a version for students in grades K-3 and a version for students in grades 4-6.<\/p>\n<p><strong>El paquete de AKA Science incluye:<\/strong><br \/>\n\u2022 Curriculum (structured as eight 1-hour lessons, with some flexibility to be extended or condensed)<br \/>\n\u2022 A full kit of supplies for up to 15 students (except water and scissors, which each site provides), and<br \/>\n\u2022 Training of a Class Leader to facilitate the class. Each site recruits, screens, selects, and supervises its own Class Leader. Class Leaders don&#8217;t need a background in science, but prior experience working with school-aged children is recommended.<\/p>\n<\/div><\/section><br \/>\n<section  class='av_textblock_section av-jvfg30ap-4b5d9cfa77737ea258b225e42f5d596f'   itemscope=\"itemscope\" itemtype=\"https:\/\/schema.org\/CreativeWork\" ><div class='avia_textblock'  itemprop=\"text\" ><blockquote>\n<p><strong>Upcoming Classes: Fun Physics Series!<\/strong><\/p>\n<\/blockquote>\n<p><strong>Grades K-3: <em>Color &amp; Light &#8211; Eye Spy!<\/em><\/strong><\/p>\n<p>Surprise your eyes with the science of color and light! Explore crazy shadows, see the world through a bug&#8217;s eye, and make colors splash and spin! Have fun with wacky mirrors and discover how things glow&#8230;then take stuff home to amaze your friends and family!<\/p>\n<p><strong>Grades 4-6: <em>Color &amp; Light &#8211; Lights Alive!<\/em><\/strong><\/p>\n<p>Light up your world with the science of color and light! Bend mirrors, make a kaleidoscope, and explore how things glow in the dark! Build a camera obscura, break light into rainbows and uncover the secrets of 3D&#8230;then take stuff home to amaze your friends and family!<\/p>\n<\/div><\/section><\/p><\/div>\n\n<style type=\"text\/css\" data-created_by=\"avia_inline_auto\" id=\"style-css-av-q4t4rm-6de37138bcc9e036f3b1bfb2d3bc737c\">\n.flex_column.av-q4t4rm-6de37138bcc9e036f3b1bfb2d3bc737c{\nborder-radius:0px 0px 0px 0px;\npadding:10px 10px 10px 10px;\n}\n<\/style>\n<div  class='flex_column av-q4t4rm-6de37138bcc9e036f3b1bfb2d3bc737c av_two_fifth  avia-builder-el-6  el_after_av_three_fifth  el_before_av_hr  flex_column_div'     ><p><form action=\"https:\/\/impactnw.org\/es\/programs\/youthfamily\/aka-science\/classes-and-workshops\/\" method=\"post\" data-fields-with-error=\"Found errors in the following field(s):\" class=\"avia_ajax_form av-form-labels-visible   avia-builder-el-7  el_before_av_heading  avia-builder-el-first  av-centered-form\" data-avia-form-id=\"1\" data-avia-redirect='' data-trp-original-action=\"https:\/\/impactnw.org\/es\/programs\/youthfamily\/aka-science\/classes-and-workshops\/\" ><h3 class=''>\u00bfInteresado en traer AKA Science a su sitio?<\/h3><fieldset><div id='avia_1_1' class='av-form-text'><p>\nPlease fill out the form below or contact Kathryn Sechrist &#8211; AKA Science Program Supervisor (<a href=\"mailto:ksechrist@impactnw.org\">ksechrist@impactnw.org<\/a> or 503-721-6799).<\/p>\n<p>Un miembro del personal de AKA Science har\u00e1 un seguimiento con usted dentro de 3 d\u00edas h\u00e1biles.<\/p>\n<\/div><p class='first_form  form_element form_fullwidth' id='element_avia_2_1'><label for=\"avia_2_1\">Nombre <abbr class=\"required\" title=\"requerido\">*<\/abbr><\/label> <input name=\"avia_2_1\" class=\"text_input is_empty\" type=\"text\" id=\"avia_2_1\" value=\"\" \/><\/p><p class='first_form  form_element form_element_half' id='element_avia_3_1'><label for=\"avia_3_1\">Correo electr\u00f3nico <abbr class=\"required\" title=\"requerido\">*<\/abbr><\/label> <input name=\"avia_3_1\" class=\"text_input is_email\" type=\"text\" id=\"avia_3_1\" value=\"\" \/><\/p><p class='form_element form_element_half' id='element_avia_4_1'><label for=\"avia_4_1\">N\u00famero de tel\u00e9fono <abbr class=\"required\" title=\"requerido\">*<\/abbr><\/label> <input name=\"avia_4_1\" class=\"text_input is_empty\" type=\"text\" id=\"avia_4_1\" value=\"\" \/><\/p><p class='first_form  form_element form_fullwidth' id='element_avia_5_1'><label for=\"avia_5_1\">Nombre del sitio<\/label> <input name=\"avia_5_1\" class=\"text_input\" type=\"text\" id=\"avia_5_1\" value=\"\" \/><\/p><p class='first_form  form_element form_fullwidth av-last-visible-form-element' id='element_avia_6_1'><label for=\"avia_6_1\">\u00bfPreguntas o comentarios?<\/label> <input name=\"avia_6_1\" class=\"text_input\" type=\"text\" id=\"avia_6_1\" value=\"\" \/><\/p><p class=\"hidden\"><input type=\"text\" name=\"avia_7_1\" class=\"hidden\" id=\"avia_7_1\" value=\"\" \/><\/p><p class=\"form_element\"><input type=\"hidden\" value=\"1\" name=\"avia_generated_form1\" \/><input type=\"submit\" value=\"Enviar\" class=\"button\"  data-sending-label=\"Enviando\"\/><\/p><\/fieldset><input type=\"hidden\" name=\"trp-form-language\" value=\"es\"\/><\/form><div id=\"ajaxresponse_1\" class=\"ajaxresponse ajaxresponse_1 hidden\"><\/div><br \/>\n\n<style type=\"text\/css\" data-created_by=\"avia_inline_auto\" id=\"style-css-av-k1ve3hvg-9af04a84c30d23417b90bf2e28db29fc\">\n#top .av-special-heading.av-k1ve3hvg-9af04a84c30d23417b90bf2e28db29fc{\npadding-bottom:5px;\nfont-size:20px;\n}\nbody .av-special-heading.av-k1ve3hvg-9af04a84c30d23417b90bf2e28db29fc .av-special-heading-tag .heading-char{\nfont-size:25px;\n}\n#top #wrap_all .av-special-heading.av-k1ve3hvg-9af04a84c30d23417b90bf2e28db29fc .av-special-heading-tag{\nfont-size:20px;\n}\n.av-special-heading.av-k1ve3hvg-9af04a84c30d23417b90bf2e28db29fc .av-subheading{\nfont-size:15px;\n}\n\n@media only screen and (min-width: 480px) and (max-width: 767px){ \n#top #wrap_all .av-special-heading.av-k1ve3hvg-9af04a84c30d23417b90bf2e28db29fc .av-special-heading-tag{\nfont-size:0.8em;\n}\n}\n\n@media only screen and (max-width: 479px){ \n#top #wrap_all .av-special-heading.av-k1ve3hvg-9af04a84c30d23417b90bf2e28db29fc .av-special-heading-tag{\nfont-size:0.8em;\n}\n}\n<\/style>\n<div  class='av-special-heading av-k1ve3hvg-9af04a84c30d23417b90bf2e28db29fc av-special-heading-h5 blockquote classic-quote  avia-builder-el-8  el_after_av_contact  el_before_av_heading  av-inherit-size'><h5 class='av-special-heading-tag'  itemprop=\"headline\"  ><span class='special_amp'>&#8220;<\/span>Esta es una clase favorita para los estudiantes. Les encantan los experimentos, aprender lo que est\u00e1 sucediendo y llevar materiales a casa para mostrarles a sus familiares y amigos.<span class='special_amp'>&quot;<\/span><\/h5><div class=\"special-heading-border\"><div class=\"special-heading-inner-border\"><\/div><\/div><\/div><br \/>\n\n<style type=\"text\/css\" data-created_by=\"avia_inline_auto\" id=\"style-css-av-k1ve3opd-9fa64b015da793f0f944ace16dd11d6f\">\n#top .av-special-heading.av-k1ve3opd-9fa64b015da793f0f944ace16dd11d6f{\npadding-bottom:5px;\nfont-size:20px;\n}\nbody .av-special-heading.av-k1ve3opd-9fa64b015da793f0f944ace16dd11d6f .av-special-heading-tag .heading-char{\nfont-size:25px;\n}\n#top #wrap_all .av-special-heading.av-k1ve3opd-9fa64b015da793f0f944ace16dd11d6f .av-special-heading-tag{\nfont-size:20px;\n}\n.av-special-heading.av-k1ve3opd-9fa64b015da793f0f944ace16dd11d6f .av-subheading{\nfont-size:15px;\n}\n\n@media only screen and (min-width: 480px) and (max-width: 767px){ \n#top #wrap_all .av-special-heading.av-k1ve3opd-9fa64b015da793f0f944ace16dd11d6f .av-special-heading-tag{\nfont-size:0.8em;\n}\n}\n\n@media only screen and (max-width: 479px){ \n#top #wrap_all .av-special-heading.av-k1ve3opd-9fa64b015da793f0f944ace16dd11d6f .av-special-heading-tag{\nfont-size:0.8em;\n}\n}\n<\/style>\n<div  class='av-special-heading av-k1ve3opd-9fa64b015da793f0f944ace16dd11d6f av-special-heading-h5 blockquote classic-quote  avia-builder-el-9  el_after_av_heading  avia-builder-el-last  av-inherit-size'><h5 class='av-special-heading-tag'  itemprop=\"headline\"  ><span class='special_amp'>&quot;<\/span>\u00a1Las manos en! Esa es la mejor parte del programa AKA Science. Los conceptos de ciencias se dividen en comprensibles fragmentos de informaci\u00f3n a trav\u00e9s de formas pr\u00e1cticas, divertidas y pr\u00e1cticas. Ense\u00f1ar\u00eda cualquier clase de Ciencia de AKA en el futuro: la capacitaci\u00f3n fue excelente, los j\u00f3venes esperan la clase y todos se van aprendiendo algo nuevo.<span class='special_amp'>&quot;<\/span><\/h5><div class=\"special-heading-border\"><div class=\"special-heading-inner-border\"><\/div><\/div><\/div><\/p><\/div><div  class='hr av-8jsmyq-b535e2620f9695017f3b5a5eb550ddfe hr-default  avia-builder-el-10  el_after_av_two_fifth  el_before_av_one_full'><span class='hr-inner'><span class=\"hr-inner-style\"><\/span><\/span><\/div><\/p>\n\n<style type=\"text\/css\" data-created_by=\"avia_inline_auto\" id=\"style-css-av-7f6via-2f6102b0ea93e38a03092f4927f40173\">\n.flex_column.av-7f6via-2f6102b0ea93e38a03092f4927f40173{\nborder-radius:0px 0px 0px 0px;\npadding:0px 0px 0px 0px;\n}\n<\/style>\n<div  class='flex_column av-7f6via-2f6102b0ea93e38a03092f4927f40173 av_one_full  avia-builder-el-11  el_after_av_hr  avia-builder-el-last  first flex_column_div av-zero-column-padding'     ><section  class='av_textblock_section av-5ppnky-3587836268b625e6183ebe1d9450c04d'   itemscope=\"itemscope\" itemtype=\"https:\/\/schema.org\/CreativeWork\" ><div class='avia_textblock'  itemprop=\"text\" ><h2>Quotes from Site Coordinators &amp; Class Leaders<\/h2>\n<\/div><\/section><br \/>\n<section  class='av_textblock_section av-4my4du-25758b2de93f91f52adbe692391ed411'   itemscope=\"itemscope\" itemtype=\"https:\/\/schema.org\/CreativeWork\" ><div class='avia_textblock'  itemprop=\"text\" ><h3>Coordinadores del sitio:<\/h3>\n<ul>\n<li>&quot;\u00a1Solo quiero decir que este programa es incre\u00edble! Estoy impresionado con la cantidad de consideraci\u00f3n que se puso en el plan de estudios. \u00a1Camino a seguir! Estoy muy feliz de poder ofrecer AKA Science a los estudiantes de nuestra escuela &quot;.<\/li>\n<li>&quot;Esta es una clase favorita para los estudiantes. \u00a1Aman los experimentos, aprender lo que est\u00e1 sucediendo y llevarse los materiales a casa para mostrarles a sus familiares y amigos! &quot;<\/li>\n<li>&quot;\u00a1Gracias por todo lo que hacen para que esta clase sea tan divertida para los ni\u00f1os y organizada para m\u00ed!&quot;<\/li>\n<\/ul>\n<\/div><\/section><br \/>\n<section  class='av_textblock_section av-20p7bm-1918ec50e2762a3265ae06ee83e38caf'   itemscope=\"itemscope\" itemtype=\"https:\/\/schema.org\/CreativeWork\" ><div class='avia_textblock'  itemprop=\"text\" ><h3>L\u00edderes de clase:<\/h3>\n<ul>\n<li>&quot;El plan de estudios era imaginativo y accesible, y los ni\u00f1os realmente se relacionaron con las actividades y aprendieron mucho ... No puedo contar cu\u00e1ntas veces este trimestre hab\u00eda un ni\u00f1o emocionado corriendo de una mesa a otra para mostrar y contarle a sus compa\u00f1eros de clase qu\u00e9 lo hab\u00edan descubierto, descubierto o descubierto &quot;.<\/li>\n<li>&quot;Los materiales fueron muy f\u00e1ciles de usar, las lecciones fueron divertidas y los estudiantes se comprometieron&quot;.<\/li>\n<li>&quot;El plan de estudios foment\u00f3 un ambiente que foment\u00f3 fuertemente el pensamiento cr\u00edtico y la resoluci\u00f3n de problemas y aument\u00f3 la confianza de los ni\u00f1os en mi clase.<\/li>\n<li>&quot;\u00a1Las manos en! Esa es la mejor parte del programa AKA Science. Los conceptos de ciencias se dividen en comprensibles fragmentos de informaci\u00f3n a trav\u00e9s de formas pr\u00e1cticas, divertidas y pr\u00e1cticas. Ense\u00f1ar\u00eda cualquier clase de ciencia de AKA en el futuro: el entrenamiento fue excelente, los j\u00f3venes esperan la clase y todos se van aprendiendo algo nuevo &quot;.<\/li>\n<\/ul>\n<\/div><\/section><\/p><\/div>","protected":false},"excerpt":{"rendered":"","protected":false},"author":21,"featured_media":0,"parent":73,"menu_order":0,"comment_status":"closed","ping_status":"closed","template":"","meta":{"_monsterinsights_skip_tracking":false,"_monsterinsights_sitenote_active":false,"_monsterinsights_sitenote_note":"","_monsterinsights_sitenote_category":0,"footnotes":"","_links_to":"","_links_to_target":""},"class_list":["post-8242","page","type-page","status-publish","hentry"],"yoast_head":"<!-- This site is optimized with the Yoast SEO plugin v27.3 - https:\/\/yoast.com\/product\/yoast-seo-wordpress\/ -->\n<title>AKA Science Classes &#8211; Impact NW<\/title>\n<meta name=\"robots\" content=\"index, follow, max-snippet:-1, max-image-preview:large, max-video-preview:-1\" \/>\n<link rel=\"canonical\" href=\"https:\/\/impactnw.org\/es\/programs\/youthfamily\/aka-science\/classes-and-workshops\/\" \/>\n<meta property=\"og:locale\" content=\"es_ES\" \/>\n<meta property=\"og:type\" content=\"article\" \/>\n<meta property=\"og:title\" content=\"AKA Science Classes &#8211; Impact NW\" \/>\n<meta property=\"og:url\" content=\"https:\/\/impactnw.org\/es\/programs\/youthfamily\/aka-science\/classes-and-workshops\/\" \/>\n<meta property=\"og:site_name\" content=\"Impact NW\" \/>\n<meta property=\"article:publisher\" content=\"http:\/\/www.facebook.com\/ImpactNWsince1966\" \/>\n<meta property=\"article:modified_time\" content=\"2019-10-18T00:23:26+00:00\" \/>\n<meta name=\"twitter:card\" content=\"summary_large_image\" \/>\n<meta name=\"twitter:site\" content=\"@impactnw\" \/>\n<meta name=\"twitter:label1\" content=\"Tiempo de lectura\" \/>\n\t<meta name=\"twitter:data1\" content=\"7 minutos\" \/>\n<script type=\"application\/ld+json\" class=\"yoast-schema-graph\">{\"@context\":\"https:\\\/\\\/schema.org\",\"@graph\":[{\"@type\":\"WebPage\",\"@id\":\"https:\\\/\\\/impactnw.org\\\/programs\\\/youthfamily\\\/aka-science\\\/classes-and-workshops\\\/\",\"url\":\"https:\\\/\\\/impactnw.org\\\/programs\\\/youthfamily\\\/aka-science\\\/classes-and-workshops\\\/\",\"name\":\"AKA Science Classes &#8211; Impact NW\",\"isPartOf\":{\"@id\":\"https:\\\/\\\/impactnw.org\\\/#website\"},\"datePublished\":\"2016-10-22T05:43:50+00:00\",\"dateModified\":\"2019-10-18T00:23:26+00:00\",\"breadcrumb\":{\"@id\":\"https:\\\/\\\/impactnw.org\\\/programs\\\/youthfamily\\\/aka-science\\\/classes-and-workshops\\\/#breadcrumb\"},\"inLanguage\":\"es\",\"potentialAction\":[{\"@type\":\"ReadAction\",\"target\":[\"https:\\\/\\\/impactnw.org\\\/programs\\\/youthfamily\\\/aka-science\\\/classes-and-workshops\\\/\"]}]},{\"@type\":\"BreadcrumbList\",\"@id\":\"https:\\\/\\\/impactnw.org\\\/programs\\\/youthfamily\\\/aka-science\\\/classes-and-workshops\\\/#breadcrumb\",\"itemListElement\":[{\"@type\":\"ListItem\",\"position\":1,\"name\":\"Home\",\"item\":\"https:\\\/\\\/impactnw.org\\\/home\\\/\"},{\"@type\":\"ListItem\",\"position\":2,\"name\":\"Programs\",\"item\":\"https:\\\/\\\/impactnw.org\\\/programs\\\/\"},{\"@type\":\"ListItem\",\"position\":3,\"name\":\"Youth &#038; Family Services\",\"item\":\"https:\\\/\\\/impactnw.org\\\/programs\\\/youthfamily\\\/\"},{\"@type\":\"ListItem\",\"position\":4,\"name\":\"AKA Science\",\"item\":\"https:\\\/\\\/impactnw.org\\\/programs\\\/youthfamily\\\/aka-science\\\/\"},{\"@type\":\"ListItem\",\"position\":5,\"name\":\"AKA Science Classes\"}]},{\"@type\":\"WebSite\",\"@id\":\"https:\\\/\\\/impactnw.org\\\/#website\",\"url\":\"https:\\\/\\\/impactnw.org\\\/\",\"name\":\"Impact NW\",\"description\":\"Inspiring Hope. Empowering Independence.\",\"potentialAction\":[{\"@type\":\"SearchAction\",\"target\":{\"@type\":\"EntryPoint\",\"urlTemplate\":\"https:\\\/\\\/impactnw.org\\\/?s={search_term_string}\"},\"query-input\":{\"@type\":\"PropertyValueSpecification\",\"valueRequired\":true,\"valueName\":\"search_term_string\"}}],\"inLanguage\":\"es\"}]}<\/script>\n<!-- \/ Yoast SEO plugin. -->","yoast_head_json":{"title":"AKA Science Classes &#8211; Impact NW","robots":{"index":"index","follow":"follow","max-snippet":"max-snippet:-1","max-image-preview":"max-image-preview:large","max-video-preview":"max-video-preview:-1"},"canonical":"https:\/\/impactnw.org\/es\/programs\/youthfamily\/aka-science\/classes-and-workshops\/","og_locale":"es_ES","og_type":"article","og_title":"AKA Science Classes &#8211; Impact NW","og_url":"https:\/\/impactnw.org\/es\/programs\/youthfamily\/aka-science\/classes-and-workshops\/","og_site_name":"Impact NW","article_publisher":"http:\/\/www.facebook.com\/ImpactNWsince1966","article_modified_time":"2019-10-18T00:23:26+00:00","twitter_card":"summary_large_image","twitter_site":"@impactnw","twitter_misc":{"Tiempo de lectura":"7 minutos"},"schema":{"@context":"https:\/\/schema.org","@graph":[{"@type":"WebPage","@id":"https:\/\/impactnw.org\/programs\/youthfamily\/aka-science\/classes-and-workshops\/","url":"https:\/\/impactnw.org\/programs\/youthfamily\/aka-science\/classes-and-workshops\/","name":"AKA Science Classes &#8211; Impact NW","isPartOf":{"@id":"https:\/\/impactnw.org\/#website"},"datePublished":"2016-10-22T05:43:50+00:00","dateModified":"2019-10-18T00:23:26+00:00","breadcrumb":{"@id":"https:\/\/impactnw.org\/programs\/youthfamily\/aka-science\/classes-and-workshops\/#breadcrumb"},"inLanguage":"es","potentialAction":[{"@type":"ReadAction","target":["https:\/\/impactnw.org\/programs\/youthfamily\/aka-science\/classes-and-workshops\/"]}]},{"@type":"BreadcrumbList","@id":"https:\/\/impactnw.org\/programs\/youthfamily\/aka-science\/classes-and-workshops\/#breadcrumb","itemListElement":[{"@type":"ListItem","position":1,"name":"Home","item":"https:\/\/impactnw.org\/home\/"},{"@type":"ListItem","position":2,"name":"Programs","item":"https:\/\/impactnw.org\/programs\/"},{"@type":"ListItem","position":3,"name":"Youth &#038; Family Services","item":"https:\/\/impactnw.org\/programs\/youthfamily\/"},{"@type":"ListItem","position":4,"name":"AKA Science","item":"https:\/\/impactnw.org\/programs\/youthfamily\/aka-science\/"},{"@type":"ListItem","position":5,"name":"AKA Science Classes"}]},{"@type":"WebSite","@id":"https:\/\/impactnw.org\/#website","url":"https:\/\/impactnw.org\/","name":"Impacto NW","description":"Inspiradora esperanza. Empoderando la independencia.","potentialAction":[{"@type":"SearchAction","target":{"@type":"EntryPoint","urlTemplate":"https:\/\/impactnw.org\/?s={search_term_string}"},"query-input":{"@type":"PropertyValueSpecification","valueRequired":true,"valueName":"search_term_string"}}],"inLanguage":"es"}]}},"_links":{"self":[{"href":"https:\/\/impactnw.org\/es\/wp-json\/wp\/v2\/pages\/8242","targetHints":{"allow":["GET"]}}],"collection":[{"href":"https:\/\/impactnw.org\/es\/wp-json\/wp\/v2\/pages"}],"about":[{"href":"https:\/\/impactnw.org\/es\/wp-json\/wp\/v2\/types\/page"}],"author":[{"embeddable":true,"href":"https:\/\/impactnw.org\/es\/wp-json\/wp\/v2\/users\/21"}],"replies":[{"embeddable":true,"href":"https:\/\/impactnw.org\/es\/wp-json\/wp\/v2\/comments?post=8242"}],"version-history":[{"count":0,"href":"https:\/\/impactnw.org\/es\/wp-json\/wp\/v2\/pages\/8242\/revisions"}],"up":[{"embeddable":true,"href":"https:\/\/impactnw.org\/es\/wp-json\/wp\/v2\/pages\/73"}],"wp:attachment":[{"href":"https:\/\/impactnw.org\/es\/wp-json\/wp\/v2\/media?parent=8242"}],"curies":[{"name":"wp","href":"https:\/\/api.w.org\/{rel}","templated":true}]}}