{"id":75,"date":"2011-09-28T22:41:47","date_gmt":"2011-09-28T22:41:47","guid":{"rendered":"http:\/\/dev.impactnw.org\/wp_11_2011\/?page_id=75"},"modified":"2025-10-29T10:01:34","modified_gmt":"2025-10-29T17:01:34","slug":"housing-and-safety-net","status":"publish","type":"page","link":"https:\/\/impactnw.org\/es\/programs\/housing-and-safety-net\/","title":{"rendered":"Red de vivienda y seguridad"},"content":{"rendered":"<style type=\"text\/css\" data-created_by=\"avia_inline_auto\" id=\"style-css-av-c9sgf-b408fecf823ef8d0495263edf44f8371\">\n.flex_column.av-c9sgf-b408fecf823ef8d0495263edf44f8371{\nborder-radius:0px 0px 0px 0px;\npadding:0px 0px 0px 0px;\n}\n<\/style>\n<div  class='flex_column av-c9sgf-b408fecf823ef8d0495263edf44f8371 av_one_full  avia-builder-el-0  el_before_av_hr  avia-builder-el-first  first flex_column_div av-zero-column-padding'     ><section  class='av_textblock_section av-15wjn-25df29dd48f828575f35c93e51504ddd'   itemscope=\"itemscope\" itemtype=\"https:\/\/schema.org\/CreativeWork\" ><div class='avia_textblock'  itemprop=\"text\" ><h1>Servicios de redes de seguridad y vivienda<\/h1>\n<h3>High unemployment rates and drastic budget cuts to government assistance programs mean that more and more households struggle to meet their family\u2019s most basic needs: a roof over their heads, food on the table, and warmth in the winter.<\/h3>\n<\/div><\/section><\/div>\n\n<style type=\"text\/css\" data-created_by=\"avia_inline_auto\" id=\"style-css-av-b8gmn-2ba6f0ce35f678ee7bceb77d0baad182\">\n#top .hr.hr-invisible.av-b8gmn-2ba6f0ce35f678ee7bceb77d0baad182{\nheight:1px;\n}\n<\/style>\n<div  class='hr av-b8gmn-2ba6f0ce35f678ee7bceb77d0baad182 hr-invisible  avia-builder-el-2  el_after_av_one_full  el_before_av_one_third'><span class='hr-inner'><span class=\"hr-inner-style\"><\/span><\/span><\/div>\n\n<style type=\"text\/css\" data-created_by=\"avia_inline_auto\" id=\"style-css-av-a7nxr-68456ade38704b8884c0223629827a15\">\n.flex_column.av-a7nxr-68456ade38704b8884c0223629827a15{\nborder-radius:0px 0px 0px 0px;\npadding:0px 0px 0px 0px;\n}\n<\/style>\n<div  class='flex_column av-a7nxr-68456ade38704b8884c0223629827a15 av_one_third  avia-builder-el-3  el_after_av_hr  el_before_av_one_third  first flex_column_div av-zero-column-padding'     ><style type=\"text\/css\" data-created_by=\"avia_inline_auto\" id=\"style-css-av-a0kzz-cf010b97a362e1f021a7ed952c12c4e5\">\n.avia-animated-number.av-a0kzz-cf010b97a362e1f021a7ed952c12c4e5 .avia-animated-number-icon.avia-svg-icon svg:first-child{\nfill:#1c3848;\nstroke:#1c3848;\n}\n#top .avia-animated-number.av-a0kzz-cf010b97a362e1f021a7ed952c12c4e5 .avia-animated-number-title{\ncolor:#1c3848;\n}\n<\/style>\n<div  class=\"avia-animated-number av-a0kzz-cf010b97a362e1f021a7ed952c12c4e5 av-force-default-color avia_animate_when_visible  avia-builder-el-4  avia-builder-el-no-sibling  avia-color-font-custom\" data-timer=\"3000\"><strong class=\"heading avia-animated-number-title\"><span class='avia-animated-number-icon av-icon-before-number av-icon-char avia-iconfont avia-font-entypo-fontello' data-av_icon='\ue821' data-av_iconfont='entypo-fontello' ><\/span><span class=\"avia-single-number __av-single-number\" data-number_format=\"\" data-number=\"15\" data-start_from=\"0\">15<\/span><span class=\"avia-no-number\">,<\/span><span class=\"avia-single-number __av-single-number\" data-number_format=\"\" data-number=\"000\" data-start_from=\"0\">000<\/span><\/strong><div class=\"avia-animated-number-content\"><p>los hogares reciben anualmente ayuda con apoyo, apoyo de recuperaci\u00f3n, cuidado de la salud, asistencia de servicios p\u00fablicos y servicios de vivienda.<\/p>\n<\/div><\/div><\/div>\n\n<style type=\"text\/css\" data-created_by=\"avia_inline_auto\" id=\"style-css-av-9is0z-15be3099f1506b16e4a5de260c22c9c2\">\n.flex_column.av-9is0z-15be3099f1506b16e4a5de260c22c9c2{\nborder-radius:0px 0px 0px 0px;\npadding:0px 0px 0px 0px;\n}\n<\/style>\n<div  class='flex_column av-9is0z-15be3099f1506b16e4a5de260c22c9c2 av_one_third  avia-builder-el-5  el_after_av_one_third  el_before_av_one_third  flex_column_div av-zero-column-padding'     ><style type=\"text\/css\" data-created_by=\"avia_inline_auto\" id=\"style-css-av-8svb7-8f7d78ce85d41cc657552bd24535d64c\">\n.avia-animated-number.av-8svb7-8f7d78ce85d41cc657552bd24535d64c .avia-animated-number-icon.avia-svg-icon svg:first-child{\nfill:#1c3848;\nstroke:#1c3848;\n}\n#top .avia-animated-number.av-8svb7-8f7d78ce85d41cc657552bd24535d64c .avia-animated-number-title{\ncolor:#1c3848;\n}\n<\/style>\n<div  class=\"avia-animated-number av-8svb7-8f7d78ce85d41cc657552bd24535d64c av-force-default-color avia_animate_when_visible  avia-builder-el-6  avia-builder-el-no-sibling  avia-color-font-custom\" data-timer=\"3000\"><strong class=\"heading avia-animated-number-title\"><span class='avia-animated-number-icon av-icon-before-number av-icon-char avia-iconfont avia-font-entypo-fontello' data-av_icon='\ue80b' data-av_iconfont='entypo-fontello' ><\/span><span class=\"avia-single-number __av-single-number\" data-number_format=\"\" data-number=\"71\" data-start_from=\"0\">71<\/span><span class=\"avia-no-number\">.<\/span><span class=\"avia-single-number __av-single-number\" data-number_format=\"\" data-number=\"8\" data-start_from=\"0\">8<\/span><span class=\"avia-no-number\">%<\/span><\/strong><div class=\"avia-animated-number-content\"><p>de los clientes informaron su propia vivienda estable despu\u00e9s de 6 meses.<\/p>\n<\/div><\/div><\/div>\n\n<style type=\"text\/css\" data-created_by=\"avia_inline_auto\" id=\"style-css-av-7yjvj-ad77919dcf43fd1ba628c466ce0fbde5\">\n.flex_column.av-7yjvj-ad77919dcf43fd1ba628c466ce0fbde5{\nborder-radius:0px 0px 0px 0px;\npadding:0px 0px 0px 0px;\n}\n<\/style>\n<div  class='flex_column av-7yjvj-ad77919dcf43fd1ba628c466ce0fbde5 av_one_third  avia-builder-el-7  el_after_av_one_third  el_before_av_hr  flex_column_div av-zero-column-padding'     ><style type=\"text\/css\" data-created_by=\"avia_inline_auto\" id=\"style-css-av-7axn7-6922740043880f223d45dd0fda3cb14c\">\n.avia-animated-number.av-7axn7-6922740043880f223d45dd0fda3cb14c .avia-animated-number-icon.avia-svg-icon svg:first-child{\nfill:#1c3848;\nstroke:#1c3848;\n}\n#top .avia-animated-number.av-7axn7-6922740043880f223d45dd0fda3cb14c .avia-animated-number-title{\ncolor:#1c3848;\n}\n<\/style>\n<div  class=\"avia-animated-number av-7axn7-6922740043880f223d45dd0fda3cb14c av-force-default-color avia_animate_when_visible  avia-builder-el-8  avia-builder-el-no-sibling  avia-color-font-custom\" data-timer=\"3000\"><strong class=\"heading avia-animated-number-title\"><span class='avia-animated-number-icon av-icon-before-number av-icon-char avia-iconfont avia-font-entypo-fontello' data-av_icon='\ue83c' data-av_iconfont='entypo-fontello' ><\/span><span class=\"avia-single-number __av-single-number\" data-number_format=\"\" data-number=\"98\" data-start_from=\"0\">98<\/span><span class=\"avia-no-number\">.<\/span><span class=\"avia-single-number __av-single-number\" data-number_format=\"\" data-number=\"6\" data-start_from=\"0\">6<\/span><span class=\"avia-no-number\">%<\/span><\/strong><div class=\"avia-animated-number-content\"><p>de clientes informaron una fuerte conexi\u00f3n social con su comunidad despu\u00e9s de 6 meses.<\/p>\n<\/div><\/div><\/div>\n<div  class='hr av-6ncsv-44f34c41ea78d60bb8f472f683b75aad hr-default  avia-builder-el-9  el_after_av_one_third  el_before_av_one_full'><span class='hr-inner'><span class=\"hr-inner-style\"><\/span><\/span><\/div>\n\n<style type=\"text\/css\" data-created_by=\"avia_inline_auto\" id=\"style-css-av-62lt7-b3f0e0de87b7e1e1e458f56fa41e2635\">\n.flex_column.av-62lt7-b3f0e0de87b7e1e1e458f56fa41e2635{\nborder-radius:0px 0px 0px 0px;\npadding:0px 0px 0px 0px;\n}\n<\/style>\n<div  class='flex_column av-62lt7-b3f0e0de87b7e1e1e458f56fa41e2635 av_one_full  avia-builder-el-10  el_after_av_hr  el_before_av_hr  first flex_column_div av-zero-column-padding'     ><section  class='av_textblock_section av-5o11j-3b68755ff6d7fbcdf089ba9a8e96874c'   itemscope=\"itemscope\" itemtype=\"https:\/\/schema.org\/CreativeWork\" ><div class='avia_textblock'  itemprop=\"text\" ><p>Impact NW proporciona una red de seguridad para las familias en crisis, con servicios que los conectan a la asistencia de vivienda y energ\u00eda mientras los apoyan a medida que avanzan hacia la independencia.<\/p>\n<h3>Nuestros programas de redes de vivienda y seguridad:<\/h3>\n<p><a href=\"https:\/\/impactnw.org\/programs\/housing-and-safety-net\/energy-assistance\/\">Asistencia Energ\u00e9tica<\/a><br \/>\n<a href=\"https:\/\/impactnw.org\/programs\/housing-and-safety-net\/housing-rent-assistance\/\">Asistencia de vivienda y alquiler<\/a><\/p>\n<h3>Enlaces de Oregon DHS:<\/h3>\n<p><a href=\"http:\/\/www.oregon.gov\/DHS\/ASSISTANCE\/FOOD-BENEFITS\/pages\/index.aspx\" target=\"_blank\" rel=\"noopener\">Programa de Asistencia de Nutrici\u00f3n Suplementaria (SNAP)<\/a><br \/>\n<a href=\"http:\/\/www.oregon.gov\/DHS\/ASSISTANCE\/CASH\/Pages\/index.aspx\" target=\"_blank\" rel=\"noopener\">Asistencia Temporal para Familias Necesitadas (TANF)<\/a><\/p>\n<\/div><\/section><\/div><div  class='hr av-440lv-b21f01867724f59e8f7fc5fedd97ed5e hr-default  avia-builder-el-12  el_after_av_one_full  el_before_av_textblock'><span class='hr-inner'><span class=\"hr-inner-style\"><\/span><\/span><\/div><\/p>\n<section  class='av_textblock_section av-35yu3-eb752d95348026c88a18b58dc2052f7d'   itemscope=\"itemscope\" itemtype=\"https:\/\/schema.org\/CreativeWork\" ><div class='avia_textblock'  itemprop=\"text\" ><h3><img loading=\"lazy\" decoding=\"async\" class=\"alignright wp-image-7454\" src=\"https:\/\/impactnw.org\/wp-content\/uploads\/2011\/09\/Impact-NW-Portland-Another-Look-04.21.16-105-1030x688.jpg\" alt=\"Richmond Place Housing Mom &amp; child hugging\" width=\"300\" height=\"200\" srcset=\"https:\/\/impactnw.org\/wp-content\/uploads\/2011\/09\/Impact-NW-Portland-Another-Look-04.21.16-105-1030x688.jpg 1030w, https:\/\/impactnw.org\/wp-content\/uploads\/2011\/09\/Impact-NW-Portland-Another-Look-04.21.16-105-300x200.jpg 300w, https:\/\/impactnw.org\/wp-content\/uploads\/2011\/09\/Impact-NW-Portland-Another-Look-04.21.16-105-768x513.jpg 768w, https:\/\/impactnw.org\/wp-content\/uploads\/2011\/09\/Impact-NW-Portland-Another-Look-04.21.16-105-1500x1001.jpg 1500w, https:\/\/impactnw.org\/wp-content\/uploads\/2011\/09\/Impact-NW-Portland-Another-Look-04.21.16-105-705x471.jpg 705w, https:\/\/impactnw.org\/wp-content\/uploads\/2011\/09\/Impact-NW-Portland-Another-Look-04.21.16-105-450x300.jpg 450w, https:\/\/impactnw.org\/wp-content\/uploads\/2011\/09\/Impact-NW-Portland-Another-Look-04.21.16-105-800x534.jpg 800w\" sizes=\"auto, (max-width: 300px) 100vw, 300px\" \/>Creemos en crear oportunidades y brindar opciones a nuestros clientes. Nuestros servicios adaptan programas a individuos y familias, abordando los muchos factores involucrados en la falta de vivienda y la pobreza.<\/h3>\n<p>Los programas de la Red de Vivienda y Seguridad de Impact NW conectan a las familias con recursos que les permiten alcanzar la autosuficiencia. Nuestro personal eval\u00faa las necesidades de cada familia y los ayuda a solicitar programas de beneficios como &quot;<a href=\"http:\/\/www.oregon.gov\/DHS\/ASSISTANCE\/FOOD-BENEFITS\/pages\/index.aspx\" target=\"_blank\" rel=\"noopener\">CHASQUIDO<\/a>&quot;(Programa de Asistencia de Nutrici\u00f3n Suplementaria)&quot;<a href=\"http:\/\/www.oregon.gov\/DHS\/ASSISTANCE\/CASH\/Pages\/index.aspx\" target=\"_blank\" rel=\"noopener\">TANF<\/a>&quot;(Asistencia Temporal para Familias Necesitadas), y&quot;<a href=\"http:\/\/www.oregon.gov\/ohcs\/Pages\/low-income-energy-assistance-oregon.aspx\" target=\"_blank\" rel=\"noopener\">LIHEAP<\/a>&quot;(Programa de Asistencia de Energ\u00eda para Hogares de Bajos Ingresos).<\/p>\n<p>Los programas Impact NW tienen una visi\u00f3n integral de la pobreza. Sabemos que a menos que una familia tenga cubiertas sus necesidades b\u00e1sicas, asegurar un empleo y una vivienda permanente puede ser una perspectiva desalentadora. Es por eso que trabajamos con cada familia para desarrollar planes de acci\u00f3n individualizados para obtener independencia financiera y proporcionar las herramientas que necesitan para completar este plan y asegurar un futuro mejor para ellos y sus hijos.<\/p>\n<\/div><\/section>\n<div  class='hr av-2ohz7-f212c0cada00e3eb258a7bc726128136 hr-default  avia-builder-el-14  el_after_av_textblock  el_before_av_textblock'><span class='hr-inner'><span class=\"hr-inner-style\"><\/span><\/span><\/div>\n<section  class='av_textblock_section av-1ujw3-f32f4649e82fd30f293c94055c2690f0'   itemscope=\"itemscope\" itemtype=\"https:\/\/schema.org\/CreativeWork\" ><div class='avia_textblock'  itemprop=\"text\" ><h2>Servicios de soporte al cliente<\/h2>\n<h3>Las personas que viven en la pobreza se enfrentan a una compleja serie de obst\u00e1culos para su salud, felicidad y autosuficiencia.<\/h3>\n<p>Sabiendo que no podemos satisfacer todas las necesidades de nuestros clientes, Impact NW conecta a las familias y las personas con las que trabajamos con una amplia gama de recursos y servicios en todo el estado. Los miembros de nuestro personal ayudan a los clientes de Impact NW a solicitar y participar en los siguientes programas implementados por nuestros valiosos socios de la comunidad.<\/p>\n<ul>\n<li>Acci\u00f3n para la prosperidad, que proporciona estabilizaci\u00f3n de la vivienda, capacitaci\u00f3n laboral y empleo.<\/li>\n<li>los <a href=\"http:\/\/www.oregon.gov\/DHS\/assistance\/foodstamps\/foodstamps.shtml\" target=\"_blank\" rel=\"noopener\">Programa de asistencia nutricional suplementaria<\/a> (SNAP), que proporciona beneficios de cupones de alimentos a hogares de bajos ingresos.<\/li>\n<\/ul>\n<\/div><\/section>\n<div  class='hr av-62nj-22921276430f30d30237538782d7d5e2 hr-default  avia-builder-el-16  el_after_av_textblock  el_before_av_textblock'><span class='hr-inner'><span class=\"hr-inner-style\"><\/span><\/span><\/div>\n<section  class='av_textblock_section av-14ie3-6a9c1d10e3efcc1108a1b9a18758d987'   itemscope=\"itemscope\" itemtype=\"https:\/\/schema.org\/CreativeWork\" ><div class='avia_textblock'  itemprop=\"text\" ><h3>La historia de Dennis<\/h3>\n<p>Dennis lost everything he cared about after descending into addiction, including custody of his daughter. Thanks to Impact NW\u2019s Housing &amp; Safety Net Services programs Dennis is sober, has secured permanent housing, and is regaining custody of his little girl.<\/p>\n<p><em>\u201cThere was no other place that could help me. Then I found Impact NW and they gave me a chance. With all the support I\u2019ve received I\u2019m in a real good place.\u201d<\/em><\/p>\n<\/div><\/section>","protected":false},"excerpt":{"rendered":"","protected":false},"author":21,"featured_media":0,"parent":8,"menu_order":4,"comment_status":"closed","ping_status":"closed","template":"","meta":{"_monsterinsights_skip_tracking":false,"_monsterinsights_sitenote_active":false,"_monsterinsights_sitenote_note":"","_monsterinsights_sitenote_category":0,"footnotes":"","_links_to":"","_links_to_target":""},"class_list":["post-75","page","type-page","status-publish","hentry"],"yoast_head":"<!-- This site is optimized with the Yoast SEO plugin v27.3 - https:\/\/yoast.com\/product\/yoast-seo-wordpress\/ -->\n<title>Housing &amp; Safety Net &#8211; Impact NW<\/title>\n<meta name=\"description\" content=\"Impact NW provides Housing and Safety Net Services in Portland to thousands of individuals and families who are vulnerable to homelessness.\" \/>\n<meta name=\"robots\" content=\"index, follow, max-snippet:-1, max-image-preview:large, max-video-preview:-1\" \/>\n<link rel=\"canonical\" href=\"https:\/\/impactnw.org\/es\/programs\/housing-and-safety-net\/\" \/>\n<meta property=\"og:locale\" content=\"es_ES\" \/>\n<meta property=\"og:type\" content=\"article\" \/>\n<meta property=\"og:title\" content=\"Housing &amp; Safety Net &#8211; Impact NW\" \/>\n<meta property=\"og:description\" content=\"Impact NW provides Housing and Safety Net Services in Portland to thousands of individuals and families who are vulnerable to homelessness.\" \/>\n<meta property=\"og:url\" content=\"https:\/\/impactnw.org\/es\/programs\/housing-and-safety-net\/\" \/>\n<meta property=\"og:site_name\" content=\"Impact NW\" \/>\n<meta property=\"article:publisher\" content=\"http:\/\/www.facebook.com\/ImpactNWsince1966\" \/>\n<meta property=\"article:modified_time\" content=\"2025-10-29T17:01:34+00:00\" \/>\n<meta property=\"og:image\" content=\"https:\/\/impactnw.org\/wp-content\/uploads\/2011\/09\/Impact-NW-Portland-Another-Look-04.21.16-105-1030x688.jpg\" \/>\n\t<meta property=\"og:image:width\" content=\"1030\" \/>\n\t<meta property=\"og:image:height\" content=\"688\" \/>\n\t<meta property=\"og:image:type\" content=\"image\/jpeg\" \/>\n<meta name=\"twitter:card\" content=\"summary_large_image\" \/>\n<meta name=\"twitter:site\" content=\"@impactnw\" \/>\n<meta name=\"twitter:label1\" content=\"Tiempo de lectura\" \/>\n\t<meta name=\"twitter:data1\" content=\"3 minutos\" \/>\n<script type=\"application\/ld+json\" class=\"yoast-schema-graph\">{\"@context\":\"https:\\\/\\\/schema.org\",\"@graph\":[{\"@type\":\"WebPage\",\"@id\":\"https:\\\/\\\/impactnw.org\\\/programs\\\/housing-and-safety-net\\\/\",\"url\":\"https:\\\/\\\/impactnw.org\\\/programs\\\/housing-and-safety-net\\\/\",\"name\":\"Housing & Safety Net &#8211; Impact NW\",\"isPartOf\":{\"@id\":\"https:\\\/\\\/impactnw.org\\\/#website\"},\"primaryImageOfPage\":{\"@id\":\"https:\\\/\\\/impactnw.org\\\/programs\\\/housing-and-safety-net\\\/#primaryimage\"},\"image\":{\"@id\":\"https:\\\/\\\/impactnw.org\\\/programs\\\/housing-and-safety-net\\\/#primaryimage\"},\"thumbnailUrl\":\"https:\\\/\\\/impactnw.org\\\/wp-content\\\/uploads\\\/2011\\\/09\\\/Impact-NW-Portland-Another-Look-04.21.16-105-1030x688.jpg\",\"datePublished\":\"2011-09-28T22:41:47+00:00\",\"dateModified\":\"2025-10-29T17:01:34+00:00\",\"description\":\"Impact NW provides Housing and Safety Net Services in Portland to thousands of individuals and families who are vulnerable to homelessness.\",\"breadcrumb\":{\"@id\":\"https:\\\/\\\/impactnw.org\\\/programs\\\/housing-and-safety-net\\\/#breadcrumb\"},\"inLanguage\":\"es\",\"potentialAction\":[{\"@type\":\"ReadAction\",\"target\":[\"https:\\\/\\\/impactnw.org\\\/programs\\\/housing-and-safety-net\\\/\"]}]},{\"@type\":\"ImageObject\",\"inLanguage\":\"es\",\"@id\":\"https:\\\/\\\/impactnw.org\\\/programs\\\/housing-and-safety-net\\\/#primaryimage\",\"url\":\"https:\\\/\\\/impactnw.org\\\/wp-content\\\/uploads\\\/2011\\\/09\\\/Impact-NW-Portland-Another-Look-04.21.16-105-1030x688.jpg\",\"contentUrl\":\"https:\\\/\\\/impactnw.org\\\/wp-content\\\/uploads\\\/2011\\\/09\\\/Impact-NW-Portland-Another-Look-04.21.16-105-1030x688.jpg\"},{\"@type\":\"BreadcrumbList\",\"@id\":\"https:\\\/\\\/impactnw.org\\\/programs\\\/housing-and-safety-net\\\/#breadcrumb\",\"itemListElement\":[{\"@type\":\"ListItem\",\"position\":1,\"name\":\"Home\",\"item\":\"https:\\\/\\\/impactnw.org\\\/home\\\/\"},{\"@type\":\"ListItem\",\"position\":2,\"name\":\"Programs\",\"item\":\"https:\\\/\\\/impactnw.org\\\/programs\\\/\"},{\"@type\":\"ListItem\",\"position\":3,\"name\":\"Housing &#038; Safety Net\"}]},{\"@type\":\"WebSite\",\"@id\":\"https:\\\/\\\/impactnw.org\\\/#website\",\"url\":\"https:\\\/\\\/impactnw.org\\\/\",\"name\":\"Impact NW\",\"description\":\"Inspiring Hope. Empowering Independence.\",\"potentialAction\":[{\"@type\":\"SearchAction\",\"target\":{\"@type\":\"EntryPoint\",\"urlTemplate\":\"https:\\\/\\\/impactnw.org\\\/?s={search_term_string}\"},\"query-input\":{\"@type\":\"PropertyValueSpecification\",\"valueRequired\":true,\"valueName\":\"search_term_string\"}}],\"inLanguage\":\"es\"}]}<\/script>\n<!-- \/ Yoast SEO plugin. -->","yoast_head_json":{"title":"Housing & Safety Net &#8211; Impact NW","description":"Impact NW provides Housing and Safety Net Services in Portland to thousands of individuals and families who are vulnerable to homelessness.","robots":{"index":"index","follow":"follow","max-snippet":"max-snippet:-1","max-image-preview":"max-image-preview:large","max-video-preview":"max-video-preview:-1"},"canonical":"https:\/\/impactnw.org\/es\/programs\/housing-and-safety-net\/","og_locale":"es_ES","og_type":"article","og_title":"Housing & Safety Net &#8211; Impact NW","og_description":"Impact NW provides Housing and Safety Net Services in Portland to thousands of individuals and families who are vulnerable to homelessness.","og_url":"https:\/\/impactnw.org\/es\/programs\/housing-and-safety-net\/","og_site_name":"Impact NW","article_publisher":"http:\/\/www.facebook.com\/ImpactNWsince1966","article_modified_time":"2025-10-29T17:01:34+00:00","og_image":[{"width":1030,"height":688,"url":"https:\/\/impactnw.org\/wp-content\/uploads\/2011\/09\/Impact-NW-Portland-Another-Look-04.21.16-105-1030x688.jpg","type":"image\/jpeg"}],"twitter_card":"summary_large_image","twitter_site":"@impactnw","twitter_misc":{"Tiempo de lectura":"3 minutos"},"schema":{"@context":"https:\/\/schema.org","@graph":[{"@type":"WebPage","@id":"https:\/\/impactnw.org\/programs\/housing-and-safety-net\/","url":"https:\/\/impactnw.org\/programs\/housing-and-safety-net\/","name":"Housing & Safety Net &#8211; Impact NW","isPartOf":{"@id":"https:\/\/impactnw.org\/#website"},"primaryImageOfPage":{"@id":"https:\/\/impactnw.org\/programs\/housing-and-safety-net\/#primaryimage"},"image":{"@id":"https:\/\/impactnw.org\/programs\/housing-and-safety-net\/#primaryimage"},"thumbnailUrl":"https:\/\/impactnw.org\/wp-content\/uploads\/2011\/09\/Impact-NW-Portland-Another-Look-04.21.16-105-1030x688.jpg","datePublished":"2011-09-28T22:41:47+00:00","dateModified":"2025-10-29T17:01:34+00:00","description":"Impact NW provides Housing and Safety Net Services in Portland to thousands of individuals and families who are vulnerable to homelessness.","breadcrumb":{"@id":"https:\/\/impactnw.org\/programs\/housing-and-safety-net\/#breadcrumb"},"inLanguage":"es","potentialAction":[{"@type":"ReadAction","target":["https:\/\/impactnw.org\/programs\/housing-and-safety-net\/"]}]},{"@type":"ImageObject","inLanguage":"es","@id":"https:\/\/impactnw.org\/programs\/housing-and-safety-net\/#primaryimage","url":"https:\/\/impactnw.org\/wp-content\/uploads\/2011\/09\/Impact-NW-Portland-Another-Look-04.21.16-105-1030x688.jpg","contentUrl":"https:\/\/impactnw.org\/wp-content\/uploads\/2011\/09\/Impact-NW-Portland-Another-Look-04.21.16-105-1030x688.jpg"},{"@type":"BreadcrumbList","@id":"https:\/\/impactnw.org\/programs\/housing-and-safety-net\/#breadcrumb","itemListElement":[{"@type":"ListItem","position":1,"name":"Home","item":"https:\/\/impactnw.org\/home\/"},{"@type":"ListItem","position":2,"name":"Programs","item":"https:\/\/impactnw.org\/programs\/"},{"@type":"ListItem","position":3,"name":"Housing &#038; Safety Net"}]},{"@type":"WebSite","@id":"https:\/\/impactnw.org\/#website","url":"https:\/\/impactnw.org\/","name":"Impacto NW","description":"Inspiradora esperanza. Empoderando la independencia.","potentialAction":[{"@type":"SearchAction","target":{"@type":"EntryPoint","urlTemplate":"https:\/\/impactnw.org\/?s={search_term_string}"},"query-input":{"@type":"PropertyValueSpecification","valueRequired":true,"valueName":"search_term_string"}}],"inLanguage":"es"}]}},"_links":{"self":[{"href":"https:\/\/impactnw.org\/es\/wp-json\/wp\/v2\/pages\/75","targetHints":{"allow":["GET"]}}],"collection":[{"href":"https:\/\/impactnw.org\/es\/wp-json\/wp\/v2\/pages"}],"about":[{"href":"https:\/\/impactnw.org\/es\/wp-json\/wp\/v2\/types\/page"}],"author":[{"embeddable":true,"href":"https:\/\/impactnw.org\/es\/wp-json\/wp\/v2\/users\/21"}],"replies":[{"embeddable":true,"href":"https:\/\/impactnw.org\/es\/wp-json\/wp\/v2\/comments?post=75"}],"version-history":[{"count":4,"href":"https:\/\/impactnw.org\/es\/wp-json\/wp\/v2\/pages\/75\/revisions"}],"predecessor-version":[{"id":17486,"href":"https:\/\/impactnw.org\/es\/wp-json\/wp\/v2\/pages\/75\/revisions\/17486"}],"up":[{"embeddable":true,"href":"https:\/\/impactnw.org\/es\/wp-json\/wp\/v2\/pages\/8"}],"wp:attachment":[{"href":"https:\/\/impactnw.org\/es\/wp-json\/wp\/v2\/media?parent=75"}],"curies":[{"name":"wp","href":"https:\/\/api.w.org\/{rel}","templated":true}]}}