{"id":7,"date":"2011-09-28T19:31:16","date_gmt":"2011-09-29T02:31:16","guid":{"rendered":"http:\/\/dev.impactnw.org\/wp_11_2011\/?page_id=7"},"modified":"2022-10-18T13:45:19","modified_gmt":"2022-10-18T20:45:19","slug":"need-help","status":"publish","type":"page","link":"https:\/\/impactnw.org\/es\/need-help\/","title":{"rendered":"\u00bfNecesitas ayuda?"},"content":{"rendered":"<style type=\"text\/css\" data-created_by=\"avia_inline_auto\" id=\"style-css-av-tnrx-9edd50ee0a0f6d982d0ed6b5abddf544\">\n.flex_column.av-tnrx-9edd50ee0a0f6d982d0ed6b5abddf544{\nborder-radius:0px 0px 0px 0px;\npadding:0px 0px 0px 0px;\n}\n<\/style>\n<div  class='flex_column av-tnrx-9edd50ee0a0f6d982d0ed6b5abddf544 av_three_fifth  avia-builder-el-0  el_before_av_two_fifth  avia-builder-el-first  first flex_column_div av-zero-column-padding'     ><section  class='av_textblock_section av-qj2z-4d3a23b5ff1bae733437e5032dc4a2a4'   itemscope=\"itemscope\" itemtype=\"https:\/\/schema.org\/CreativeWork\" ><div class='avia_textblock'  itemprop=\"text\" ><h1>\u00bfNecesitas ayuda?<\/h1>\n<p>At Impact NW, we are ready to help guide you on your journey to build a beautiful life. Please contact us to see how we can help you navigate and access resources that you need. Whether you are looking for one-time aid or ongoing support, we want to help.Below is a list of phone numbers and emails to use to get a hold of us.<\/p>\n<p>If we are unable to meet your needs, we will make every effort to connect you with someone who can. Together, we will find a way.<\/p>\n<p>Our hope is that by working with you, you feel a renewed sense of self-determination, get your needs met and be able to move toward the beautiful life you envision for yourself.<\/p>\n<h2>Informaci\u00f3n del contacto<\/h2>\n<p>To contact us, please call <a href=\"tel:503-721-1740\">(503) 721-1740<\/a>\u00a0or refer to the list of programs and services below.<\/p>\n<\/div><\/section><\/div>\n\n<style type=\"text\/css\" data-created_by=\"avia_inline_auto\" id=\"style-css-av-8cst-f7b17f991a31ad386198ef5717a3128b\">\n.flex_column.av-8cst-f7b17f991a31ad386198ef5717a3128b{\nborder-radius:0px 0px 0px 0px;\npadding:0px 0px 0px 0px;\n}\n<\/style>\n<div  class='flex_column av-8cst-f7b17f991a31ad386198ef5717a3128b av_two_fifth  avia-builder-el-2  el_after_av_three_fifth  el_before_av_one_full  flex_column_div av-zero-column-padding'     ><p>\n<style type=\"text\/css\" data-created_by=\"avia_inline_auto\" id=\"style-css-av-4zyj-6bc1ea5afc18d9e960414357e19aad38\">\n.avia-image-container.av-4zyj-6bc1ea5afc18d9e960414357e19aad38 img.avia_image{\nbox-shadow:none;\n}\n.avia-image-container.av-4zyj-6bc1ea5afc18d9e960414357e19aad38 .av-image-caption-overlay-center{\ncolor:#ffffff;\n}\n<\/style>\n<div  class='avia-image-container av-4zyj-6bc1ea5afc18d9e960414357e19aad38 av-styling- avia-align-center  avia-builder-el-3  el_before_av_textblock  avia-builder-el-first'   itemprop=\"image\" itemscope=\"itemscope\" itemtype=\"https:\/\/schema.org\/ImageObject\" ><div class=\"avia-image-container-inner\"><div class=\"avia-image-overlay-wrap\"><img decoding=\"async\" fetchpriority=\"high\" class='wp-image-7551 avia-img-lazy-loading-not-7551 avia_image' src=\"https:\/\/impactnw.org\/wp-content\/uploads\/2011\/10\/OurMission.jpg\" alt='Madre con su ni\u00f1o peque\u00f1o riendo' title='African-American mother with toddler child'  height=\"398\" width=\"600\"  itemprop=\"thumbnailUrl\" srcset=\"https:\/\/impactnw.org\/wp-content\/uploads\/2011\/10\/OurMission.jpg 600w, https:\/\/impactnw.org\/wp-content\/uploads\/2011\/10\/OurMission-300x199.jpg 300w, https:\/\/impactnw.org\/wp-content\/uploads\/2011\/10\/OurMission-450x299.jpg 450w\" sizes=\"(max-width: 600px) 100vw, 600px\" \/><\/div><\/div><\/div><br \/>\n<section  class='av_textblock_section av-3wmp-c76563ff5341c1462b59e51ea22f3460'   itemscope=\"itemscope\" itemtype=\"https:\/\/schema.org\/CreativeWork\" ><div class='avia_textblock'  itemprop=\"text\" ><h2>For More Resources Call 211<\/h2>\n<p><a href=\"http:\/\/www.211info.org\/\">www.211info.org<br \/>\n<\/a>Puede marcar 2-1-1 para obtener ayuda para ubicar servicios de salud y humanos en la gran regi\u00f3n de Northwest Oregon y Southwest Washington.<\/p>\n<\/div><\/section><\/p><\/div>\n<div  class='flex_column av-40ej-7ed84d83b8f98415afaefa4ad67fba73 av_one_full  avia-builder-el-5  el_after_av_two_fifth  avia-builder-el-last  first flex_column_div'     ><div  class='tabcontainer av-nw39-73a5f6f770c7d14bbcd369eace400261 sidebar_tab sidebar_tab_left  avia-builder-el-6  avia-builder-el-no-sibling  border_tabs'>\n<section class='av_tab_section av_tab_section av-45k3-4241ab982fb6efd874a6fff0f27bbd6f'  itemscope=\"itemscope\" itemtype=\"https:\/\/schema.org\/CreativeWork\" ><div id='tab-id-1-tab' class='tab active_tab' role='tab' aria-selected=\"true\" tabindex=\"0\" data-fake-id='#tab-id-1' aria-controls='tab-id-1-content'  itemprop=\"headline\" ><\/p>\n<p style=\"font-size: 15px;\">General Information &amp; Locations<\/p>\n<p><\/div><div id='tab-id-1-content' class='tab_content active_tab_content' role='tabpanel' aria-labelledby='tab-id-1-tab' aria-hidden=\"false\"><div class='tab_inner_content invers-color'  itemprop=\"text\" ><p>Dancing Tree Family Center (Main contact number): <a href=\"tel:503-721-1740\">(503) 721-1740<\/a><br \/>\n\n<style type=\"text\/css\" data-created_by=\"avia_inline_auto\" id=\"style-css-av-43c3-dbc456fc48b9c9ef8a35bc81d51270d5\">\n.av_font_icon.av-43c3-dbc456fc48b9c9ef8a35bc81d51270d5{\ncolor:#1c3848;\nborder-color:#1c3848;\n}\n.avia-svg-icon.av-43c3-dbc456fc48b9c9ef8a35bc81d51270d5 svg:first-child{\nstroke:#1c3848;\nfill:#1c3848;\n}\n.av_font_icon.av-43c3-dbc456fc48b9c9ef8a35bc81d51270d5 .av-icon-char{\nfont-size:20px;\nline-height:20px;\n}\n<\/style>\n<span  class='av_font_icon av-43c3-dbc456fc48b9c9ef8a35bc81d51270d5 avia_animate_when_visible av-icon-style- avia-icon-pos-left avia-iconfont avia-font-entypo-fontello avia-icon-animate'><span class='av-icon-char' data-av_icon='\ue842' data-av_iconfont='entypo-fontello' aria-hidden=\"true\" ><\/span><\/span><a href=\"https:\/\/goo.gl\/maps\/UDaP75NK5TMc6pQh7\" target=\"_blank\" rel=\"noopener\">10055 E Burnside St, Portland, OR 97216<\/a><\/p>\n<p>Multicultural Service Center: <a href=\"tel:503-721-6760\">(503) 721-6760<\/a><br \/>\n\n<style type=\"text\/css\" data-created_by=\"avia_inline_auto\" id=\"style-css-av-43c3-3-f0ba17695e0d0bed0874c0c211961856\">\n.av_font_icon.av-43c3-3-f0ba17695e0d0bed0874c0c211961856{\ncolor:#1c3848;\nborder-color:#1c3848;\n}\n.avia-svg-icon.av-43c3-3-f0ba17695e0d0bed0874c0c211961856 svg:first-child{\nstroke:#1c3848;\nfill:#1c3848;\n}\n.av_font_icon.av-43c3-3-f0ba17695e0d0bed0874c0c211961856 .av-icon-char{\nfont-size:20px;\nline-height:20px;\n}\n<\/style>\n<span  class='av_font_icon av-43c3-3-f0ba17695e0d0bed0874c0c211961856 avia_animate_when_visible av-icon-style- avia-icon-pos-left avia-iconfont avia-font-entypo-fontello avia-icon-animate'><span class='av-icon-char' data-av_icon='\ue842' data-av_iconfont='entypo-fontello' aria-hidden=\"true\" ><\/span><\/span><a href=\"https:\/\/goo.gl\/maps\/CYUH1kwCG6ncSNK36\" target=\"_blank\" rel=\"noopener\">4610 SE Belmont St, Portland, OR 97215<\/a><\/p>\n<p>Brentwood-Darlington Community Center: <a href=\"tel:503-721-6777\">(503) 721-6777<\/a><br \/>\n\n<style type=\"text\/css\" data-created_by=\"avia_inline_auto\" id=\"style-css-av-43c3-2-48d29a609476336393e10cf70b09e806\">\n.av_font_icon.av-43c3-2-48d29a609476336393e10cf70b09e806{\ncolor:#1c3848;\nborder-color:#1c3848;\n}\n.avia-svg-icon.av-43c3-2-48d29a609476336393e10cf70b09e806 svg:first-child{\nstroke:#1c3848;\nfill:#1c3848;\n}\n.av_font_icon.av-43c3-2-48d29a609476336393e10cf70b09e806 .av-icon-char{\nfont-size:20px;\nline-height:20px;\n}\n<\/style>\n<span  class='av_font_icon av-43c3-2-48d29a609476336393e10cf70b09e806 avia_animate_when_visible av-icon-style- avia-icon-pos-left avia-iconfont avia-font-entypo-fontello avia-icon-animate'><span class='av-icon-char' data-av_icon='\ue842' data-av_iconfont='entypo-fontello' aria-hidden=\"true\" ><\/span><\/span><a href=\"https:\/\/goo.gl\/maps\/mEw845gUDJ8jco9t6\" target=\"_blank\" rel=\"noopener\">7211 SE 62nd Ave, Portland, OR 97206<\/a><\/p>\n<\/div><\/div><\/section>\n<section class='av_tab_section av_tab_section av-49ep-cb78660625f498f2b60206d300858755'  itemscope=\"itemscope\" itemtype=\"https:\/\/schema.org\/CreativeWork\" ><div id='tab-id-2-tab' class='tab' role='tab' aria-selected=\"false\" tabindex=\"0\" data-fake-id='#tab-id-2' aria-controls='tab-id-2-content'  itemprop=\"headline\" ><\/p>\n<p style=\"font-size: 15px;\">Housing &amp; Energy Assistance<\/p>\n<p><\/div><div id='tab-id-2-content' class='tab_content' role='tabpanel' aria-labelledby='tab-id-2-tab' aria-hidden=\"true\"><div class='tab_inner_content invers-color'  itemprop=\"text\" ><p>Energy\/Utility Assistance: <a href=\"tel:503-294-7444\">(503)\u00a0294-7444<\/a><\/p>\n<p>Housing Inquiries: <a href=\"tel:503-721-1740\">(503) 721-1740<\/a><\/p>\n<\/div><\/div><\/section>\n<section class='av_tab_section av_tab_section av-fp43-f417066c94cf587ba718b6f3bb7b383e'  itemscope=\"itemscope\" itemtype=\"https:\/\/schema.org\/CreativeWork\" ><div id='tab-id-3-tab' class='tab' role='tab' aria-selected=\"false\" tabindex=\"0\" data-fake-id='#tab-id-3' aria-controls='tab-id-3-content'  itemprop=\"headline\" ><\/p>\n<p style=\"font-size: 15px;\">Servicios para personas mayores<\/p>\n<p><\/div><div id='tab-id-3-content' class='tab_content' role='tabpanel' aria-labelledby='tab-id-3-tab' aria-hidden=\"true\"><div class='tab_inner_content invers-color'  itemprop=\"text\" ><p>Servicios para personas mayores: <a href=\"tel:503-721-6760\">(503)\u00a0721-6760<\/a><\/p>\n<p>Money Management for Seniors: <a href=\"tel:503-721-6760\">(503)\u00a0721-6760<\/a><\/p>\n<p>Adults with Disabilities Services: <a href=\"tel:503-721-6760\">(503)\u00a0721-6760<\/a><\/p>\n<p>Transportation Services: <a href=\"tel:503-721-6756\">(503) 721-6756<\/a><\/p>\n\n<style type=\"text\/css\" data-created_by=\"avia_inline_auto\" id=\"style-css-av-43c3-1-fe496cdb9981f60078ebf085b144951c\">\n.av_font_icon.av-43c3-1-fe496cdb9981f60078ebf085b144951c{\ncolor:#1c3848;\nborder-color:#1c3848;\n}\n.avia-svg-icon.av-43c3-1-fe496cdb9981f60078ebf085b144951c svg:first-child{\nstroke:#1c3848;\nfill:#1c3848;\n}\n.av_font_icon.av-43c3-1-fe496cdb9981f60078ebf085b144951c .av-icon-char{\nfont-size:20px;\nline-height:20px;\n}\n<\/style>\n<span  class='av_font_icon av-43c3-1-fe496cdb9981f60078ebf085b144951c avia_animate_when_visible av-icon-style- avia-icon-pos-left avia-iconfont avia-font-entypo-fontello avia-icon-animate'><span class='av-icon-char' data-av_icon='\ue842' data-av_iconfont='entypo-fontello' aria-hidden=\"true\" ><\/span><\/span>\n<p><a href=\"https:\/\/goo.gl\/maps\/mGcNSbT5hfTQLwkBA\" target=\"_blank\" rel=\"noopener\">4610 SE Belmont St, Portland, OR 97215<\/a><\/p>\n<\/div><\/div><\/section>\n<section class='av_tab_section av_tab_section av-e15r-1ec6a0d877b6609c8c4896286b0ce9c8'  itemscope=\"itemscope\" itemtype=\"https:\/\/schema.org\/CreativeWork\" ><div id='tab-id-4-tab' class='tab' role='tab' aria-selected=\"false\" tabindex=\"0\" data-fake-id='#tab-id-4' aria-controls='tab-id-4-content'  itemprop=\"headline\" ><\/p>\n<p style=\"font-size: 15px;\">Escuelas de la Comunidad de SUN<\/p>\n<p><\/div><div id='tab-id-4-content' class='tab_content' role='tabpanel' aria-labelledby='tab-id-4-tab' aria-hidden=\"true\"><div class='tab_inner_content invers-color'  itemprop=\"text\" ><p>Community Schools: <a href=\"tel:503-721-6778\">(503)\u00a0721-6778<\/a><\/p>\n<\/div><\/div><\/section>\n<section class='av_tab_section av_tab_section av-x8b-08797b3d7b9d0756b8ba1ad65d7729e7'  itemscope=\"itemscope\" itemtype=\"https:\/\/schema.org\/CreativeWork\" ><div id='tab-id-5-tab' class='tab' role='tab' aria-selected=\"false\" tabindex=\"0\" data-fake-id='#tab-id-5' aria-controls='tab-id-5-content'  itemprop=\"headline\" ><\/p>\n<p style=\"font-size: 15px;\">Servicios para la primera infancia<\/p>\n<p><\/div><div id='tab-id-5-content' class='tab_content' role='tabpanel' aria-labelledby='tab-id-5-tab' aria-hidden=\"true\"><div class='tab_inner_content invers-color'  itemprop=\"text\" ><p>Healthy Start Program: <a href=\"tel:503-721-6786\">(503) 721-6786<\/a>\u00a0o <a href=\"tel:503-721-6785\">(503) 721-6785<\/a><\/p>\n<p>Community Dad\u2019s Group: <a href=\"tel:503-294-7383\">(503)\u00a0294-7383<\/a><\/p>\n<p>Programs for Children Under 5 Years: <a href=\"tel:503-721-6776\">(503) 721-6766<\/a><\/p>\n<p>Youth Mentoring: <a href=\"tel:503-721-6775\">(503)\u00a0721-6775<\/a><\/p>\n<p>Community Schools: <a href=\"tel:503-721-6778\">(503)\u00a0721-6778<\/a><\/p>\n<p>Programs for Youth Ages 5-21: <a href=\"tel:503-721-6752\">(503)\u00a0721-6752<\/a><\/p>\n<p>\n<style type=\"text\/css\" data-created_by=\"avia_inline_auto\" id=\"style-css-av-43c3-2-1-1125e5e295e9a0b95c92ebca187efcbf\">\n.av_font_icon.av-43c3-2-1-1125e5e295e9a0b95c92ebca187efcbf{\ncolor:#1c3848;\nborder-color:#1c3848;\n}\n.avia-svg-icon.av-43c3-2-1-1125e5e295e9a0b95c92ebca187efcbf svg:first-child{\nstroke:#1c3848;\nfill:#1c3848;\n}\n.av_font_icon.av-43c3-2-1-1125e5e295e9a0b95c92ebca187efcbf .av-icon-char{\nfont-size:20px;\nline-height:20px;\n}\n<\/style>\n<span  class='av_font_icon av-43c3-2-1-1125e5e295e9a0b95c92ebca187efcbf avia_animate_when_visible av-icon-style- avia-icon-pos-left avia-iconfont avia-font-entypo-fontello avia-icon-animate'><span class='av-icon-char' data-av_icon='\ue842' data-av_iconfont='entypo-fontello' aria-hidden=\"true\" ><\/span><\/span><a href=\"https:\/\/goo.gl\/maps\/uwJtcJc5xSTXPNCA7\" target=\"_blank\" rel=\"noopener\">7211 SE 62nd Ave, Portland, OR 97206<\/a><\/p>\n<\/div><\/div><\/section>\n<section class='av_tab_section av_tab_section av-7vvd-33e3de8bc2696d3560d5330b6ba32d7e'  itemscope=\"itemscope\" itemtype=\"https:\/\/schema.org\/CreativeWork\" ><div id='tab-id-6-tab' class='tab' role='tab' aria-selected=\"false\" tabindex=\"0\" data-fake-id='#tab-id-6' aria-controls='tab-id-6-content'  itemprop=\"headline\" ><\/p>\n<p style=\"font-size: 15px;\">Servicios para j\u00f3venes y familias<\/p>\n<p><\/div><div id='tab-id-6-content' class='tab_content' role='tabpanel' aria-labelledby='tab-id-6-tab' aria-hidden=\"true\"><div class='tab_inner_content invers-color'  itemprop=\"text\" ><p>Community Schools: <a href=\"tel:503-721-6778\">(503)\u00a0721-6778<\/a><\/p>\n<p>Job\u00a0Training for Teens: <a href=\"tel:503-721-6750\">(503)\u00a0721-6750<\/a><\/p>\n<p>Programs for Youth Ages 5-21: <a href=\"tel:503-721-6752\">(503)\u00a0721-6752<\/a><\/p>\n<\/div><\/div><\/section>\n<section class='av_tab_section av_tab_section av-3kqd-822d6181f4a99c5e457b190bcebee005'  itemscope=\"itemscope\" itemtype=\"https:\/\/schema.org\/CreativeWork\" ><div id='tab-id-7-tab' class='tab' role='tab' aria-selected=\"false\" tabindex=\"0\" data-fake-id='#tab-id-7' aria-controls='tab-id-7-content'  itemprop=\"headline\" ><\/p>\n<p style=\"font-size: 15px;\">T\u00edtulo VI y preocupaciones de accesibilidad<\/p>\n<p><\/div><div id='tab-id-7-content' class='tab_content' role='tabpanel' aria-labelledby='tab-id-7-tab' aria-hidden=\"true\"><div class='tab_inner_content invers-color'  itemprop=\"text\" ><div>\n<h2>T\u00edtulo VI, Aviso P\u00fablico y Procedimientos de Quejas<\/h2>\n<p>Impact NW publica el aviso p\u00fablico del T\u00edtulo VI en el sitio web de la agencia, en todos los veh\u00edculos y en las oficinas administrativas. El sitio web de Impact NW est\u00e1 equipado con traducci\u00f3n en espa\u00f1ol ucraniano, \u00e1rabe, canton\u00e9s y vietnamita. Linguava u otro servicio de traducci\u00f3n profesional proporcionar\u00e1 servicios de acceso a idiomas adicionales. El formulario y los procedimientos de quejas del T\u00edtulo VI de Impact NW est\u00e1n disponibles a continuaci\u00f3n en espa\u00f1ol, \u00e1rabe y canton\u00e9s.<\/p>\n<p>Impact NW deber\u00e1 seguir el procedimiento interno para revisar las quejas que se detalla a continuaci\u00f3n:<\/p>\n<p>Cualquier persona que crea que \u00e9l o ella ha sido discriminado por motivos de raza, color u origen nacional por Impact NW puede presentar una queja del T\u00edtulo VI completando y enviando el Formulario de Quejas del T\u00edtulo VI de la agencia. Para que Impact NW investigue, las quejas deben recibirse no m\u00e1s de 180 d\u00edas despu\u00e9s del presunto incidente. Impact NW solo procesar\u00e1 las quejas que est\u00e9n completas. Si se recibe una queja incompleta, Impact NW trabajar\u00e1 con la persona para resolver el problema.<\/p>\n<p>Una vez que se recibe la queja, Impact NW la revisar\u00e1 para determinar si nuestra oficina tiene jurisdicci\u00f3n. El demandante recibir\u00e1 una carta de acuse de recibo en la que se le informar\u00e1 si nuestra oficina investigar\u00e1 la queja. En general, Impact NW completar\u00e1 una investigaci\u00f3n dentro de los noventa (90) d\u00edas posteriores a la recepci\u00f3n de un formulario de queja completado. Si se necesita m\u00e1s informaci\u00f3n para resolver el caso, Impact NW puede comunicarse con el demandante. El reclamante tiene diez (10) d\u00edas h\u00e1biles a partir de la fecha de la carta para enviar la informaci\u00f3n solicitada al Director de Garant\u00eda de Calidad.<\/p>\n<p>Si el reclamante no se comunica con el Director de Garant\u00eda de Calidad o no recibe la informaci\u00f3n adicional dentro de los diez (10) d\u00edas h\u00e1biles, Impact NW puede cerrar administrativamente el caso. Un caso puede ser cerrado administrativamente tambi\u00e9n si el demandante ya no desea continuar con su caso.<\/p>\n<p>Despu\u00e9s de que Impact NW revise la queja, el Director de Garant\u00eda de Calidad emitir\u00e1 una de dos cartas al reclamante: una carta de cierre o una Carta de hallazgo (LOF). Una carta de cierre resume las acusaciones e indica que no hubo una violaci\u00f3n del T\u00edtulo VI y que el caso se cerrar\u00e1. Una LOF resume las acusaciones y las entrevistas sobre el presunto incidente y explica si ocurrir\u00e1 alguna acci\u00f3n disciplinaria, capacitaci\u00f3n adicional del miembro del personal u otra acci\u00f3n. Si el demandante desea apelar la decisi\u00f3n, tiene diez (10) d\u00edas h\u00e1biles despu\u00e9s de la fecha de la carta o el LOF para hacerlo.<\/p>\n<p>Todas las apelaciones ser\u00e1n revisadas por la Junta Directiva de Impact NW.<\/p>\n<p>Una persona tambi\u00e9n puede presentar una queja directamente ante la Administraci\u00f3n Federal de Tr\u00e1nsito, en:<\/p>\n<p>FTA Oficina de Derechos Civiles<br \/>\nAtenci\u00f3n: Coordinador del programa, edificio este, 5to piso-TCR<br \/>\n1200 New Jersey Avenue SE<br \/>\nWashington, DC 20590<br \/>\n<a href=\"https:\/\/www.transit.dot.gov\/content\/contact-us-fta-office-civil-rights\" target=\"_blank\" rel=\"noopener\">https:\/\/www.transit.dot.gov\/content\/contact-us-fta-office-civil-rights<\/a><br \/>\nTTY: 1-800-877-8339<br \/>\nVoz: 1-866-377-642<br \/>\nVCO: 1-877-877-6280<\/p>\n<p>\u5982\u679c \u5bf9 \u7684 \u7684 \u7684 \u670d\u52a1 \u7684 \u7684 \u7684 \u7684 \u7684 \u7684 \u7684 \u7684 \u7684 \u7684 \u7684 \u7684 \u7684 \u7684 \u7684 \u7684 \u7684 \u7684 \u7684 \u7684 \u7684 \u7684 \u7684 \u7684 \u7684 \u7684 \u7684 \u7684<wbr \/>\u76f8\u5e94 \u586b\u5199 \u94fe\u63a5 \u8868\u683c.<\/p>\n<p>Si tiene preguntas o quejas sobre el idioma o la accesibilidad de nuestros servicios o comunicaciones, complete el formulario asociado en consecuencia.<\/p>\n<pre id=\"m_7518400019102017700m_5011886598005660885gmail-tw-target-text\" class=\"m_7518400019102017700m_5011886598005660885gmail-tw-data-text m_7518400019102017700m_5011886598005660885gmail-tw-ta m_7518400019102017700m_5011886598005660885gmail-tw-text-small\" dir=\"rtl\"><span lang=\"ar\">\u0625\u0630\u0627 \u0643\u0627\u0646\u062a \u0644\u062f\u064a\u0643 \u0623\u0633\u0626\u0644\u0629 \u0623\u0648 \u0634\u0643\u0627\u0648\u0649 \u0628\u062e\u0635\u0648\u0635 \u0627\u0644\u0644\u063a\u0629 \u0623\u0648 \u0625\u0645\u0643\u0627\u0646\u064a\u0629 \u0627\u0644\u0648\u0635\u0648\u0644 \u0625\u0644\u0649 \u062e\u062f\u0645\u0627\u062a\u0646\u0627 \u0623\u0648 \u0627\u062a\u0635\u0627\u0644\u0627\u062a\u0646\u0627, \u064a\u0631\u062c\u0649 \u0645\u0644\u0621 \u0627\u0644\u0646\u0645\u0648\u0630\u062c \u0627\u0644\u0645\u0631\u062a\u0628\u0637 \u0648\u0641\u0642\u0627 \u0644\u0630\u0644\u0643.<\/span><\/pre>\n<p><a href=\"https:\/\/impactnw.org\/wp-content\/uploads\/2018\/09\/Aviso-P\u00fablico-del-T\u00edtulo-VI-de-Impact-NW-Spanish-1.pdf\">Aviso P\u00fablico del T\u00edtulo VI de Impacto NW Espa\u00f1ol<\/a><\/p>\n<p><a href=\"https:\/\/impactnw.org\/wp-content\/uploads\/2018\/09\/Impact-NW-T\u00edtulo-VI-Queja-Forma-Spanish-1.pdf\">Impacto NW T\u00edtulo VI Queja Forma Spanish<\/a><\/p>\n<p><a href=\"https:\/\/impactnw.org\/wp-content\/uploads\/2018\/09\/Title-VI-Template-Public-Notice-Arabic-1.pdf\">T\u00edtulo VI Plantilla-Aviso p\u00fablico \u00e1rabe<\/a><\/p>\n<p><a href=\"https:\/\/impactnw.org\/wp-content\/uploads\/2018\/09\/Title-VI-Template-Complaint-Form-Arabic-1.pdf\">Formulario de queja de plantilla del t\u00edtulo VI en \u00e1rabe<\/a><\/p>\n<p><a href=\"https:\/\/impactnw.org\/wp-content\/uploads\/2018\/09\/Title-VI-Template-Complaint-Form-Chinese-1.pdf\">Formulario de queja de plantilla del T\u00edtulo VI chino<\/a><\/p>\n<p><a href=\"https:\/\/impactnw.org\/wp-content\/uploads\/2018\/09\/Title-VI-Template-Public-Notice-Chinese-1.pdf\">T\u00edtulo VI Plantilla-Aviso p\u00fablico chino<\/a><\/p>\n<p><a href=\"https:\/\/impactnw.org\/wp-content\/uploads\/2018\/09\/Title-VI-Template-Complaint-Form-English-1.pdf\">Formulario de queja de plantilla del T\u00edtulo VI Ingl\u00e9s<\/a><\/p>\n<p><a href=\"https:\/\/impactnw.org\/wp-content\/uploads\/2018\/09\/Title-VI-Template-Public-Notice-English-1.pdf\">T\u00edtulo VI Plantilla-Aviso p\u00fablico Ingl\u00e9s<\/a><\/p>\n<\/div>\n<\/div><\/div><\/section>\n<\/div><\/div>","protected":false},"excerpt":{"rendered":"","protected":false},"author":21,"featured_media":0,"parent":0,"menu_order":5,"comment_status":"closed","ping_status":"closed","template":"","meta":{"_monsterinsights_skip_tracking":false,"_monsterinsights_sitenote_active":false,"_monsterinsights_sitenote_note":"","_monsterinsights_sitenote_category":0,"footnotes":"","_links_to":"","_links_to_target":""},"class_list":["post-7","page","type-page","status-publish","hentry"],"yoast_head":"<!-- This site is optimized with the Yoast SEO plugin v27.3 - https:\/\/yoast.com\/product\/yoast-seo-wordpress\/ -->\n<title>Need Help? &#8211; Impact NW<\/title>\n<meta name=\"robots\" content=\"index, follow, max-snippet:-1, max-image-preview:large, max-video-preview:-1\" \/>\n<link rel=\"canonical\" href=\"https:\/\/impactnw.org\/es\/need-help\/\" \/>\n<meta property=\"og:locale\" content=\"es_ES\" \/>\n<meta property=\"og:type\" content=\"article\" \/>\n<meta property=\"og:title\" content=\"Need Help? &#8211; Impact NW\" \/>\n<meta property=\"og:url\" content=\"https:\/\/impactnw.org\/es\/need-help\/\" \/>\n<meta property=\"og:site_name\" content=\"Impact NW\" \/>\n<meta property=\"article:publisher\" content=\"http:\/\/www.facebook.com\/ImpactNWsince1966\" \/>\n<meta property=\"article:modified_time\" content=\"2022-10-18T20:45:19+00:00\" \/>\n<meta name=\"twitter:card\" content=\"summary_large_image\" \/>\n<meta name=\"twitter:site\" content=\"@impactnw\" \/>\n<meta name=\"twitter:label1\" content=\"Tiempo de lectura\" \/>\n\t<meta name=\"twitter:data1\" content=\"6 minutos\" \/>\n<script type=\"application\/ld+json\" class=\"yoast-schema-graph\">{\"@context\":\"https:\\\/\\\/schema.org\",\"@graph\":[{\"@type\":\"WebPage\",\"@id\":\"https:\\\/\\\/impactnw.org\\\/need-help\\\/\",\"url\":\"https:\\\/\\\/impactnw.org\\\/need-help\\\/\",\"name\":\"Need Help? &#8211; Impact NW\",\"isPartOf\":{\"@id\":\"https:\\\/\\\/impactnw.org\\\/#website\"},\"datePublished\":\"2011-09-29T02:31:16+00:00\",\"dateModified\":\"2022-10-18T20:45:19+00:00\",\"breadcrumb\":{\"@id\":\"https:\\\/\\\/impactnw.org\\\/need-help\\\/#breadcrumb\"},\"inLanguage\":\"es\",\"potentialAction\":[{\"@type\":\"ReadAction\",\"target\":[\"https:\\\/\\\/impactnw.org\\\/need-help\\\/\"]}]},{\"@type\":\"BreadcrumbList\",\"@id\":\"https:\\\/\\\/impactnw.org\\\/need-help\\\/#breadcrumb\",\"itemListElement\":[{\"@type\":\"ListItem\",\"position\":1,\"name\":\"Home\",\"item\":\"https:\\\/\\\/impactnw.org\\\/home\\\/\"},{\"@type\":\"ListItem\",\"position\":2,\"name\":\"Need Help?\"}]},{\"@type\":\"WebSite\",\"@id\":\"https:\\\/\\\/impactnw.org\\\/#website\",\"url\":\"https:\\\/\\\/impactnw.org\\\/\",\"name\":\"Impact NW\",\"description\":\"Inspiring Hope. Empowering Independence.\",\"potentialAction\":[{\"@type\":\"SearchAction\",\"target\":{\"@type\":\"EntryPoint\",\"urlTemplate\":\"https:\\\/\\\/impactnw.org\\\/?s={search_term_string}\"},\"query-input\":{\"@type\":\"PropertyValueSpecification\",\"valueRequired\":true,\"valueName\":\"search_term_string\"}}],\"inLanguage\":\"es\"}]}<\/script>\n<!-- \/ Yoast SEO plugin. -->","yoast_head_json":{"title":"Need Help? &#8211; Impact NW","robots":{"index":"index","follow":"follow","max-snippet":"max-snippet:-1","max-image-preview":"max-image-preview:large","max-video-preview":"max-video-preview:-1"},"canonical":"https:\/\/impactnw.org\/es\/need-help\/","og_locale":"es_ES","og_type":"article","og_title":"Need Help? &#8211; Impact NW","og_url":"https:\/\/impactnw.org\/es\/need-help\/","og_site_name":"Impact NW","article_publisher":"http:\/\/www.facebook.com\/ImpactNWsince1966","article_modified_time":"2022-10-18T20:45:19+00:00","twitter_card":"summary_large_image","twitter_site":"@impactnw","twitter_misc":{"Tiempo de lectura":"6 minutos"},"schema":{"@context":"https:\/\/schema.org","@graph":[{"@type":"WebPage","@id":"https:\/\/impactnw.org\/need-help\/","url":"https:\/\/impactnw.org\/need-help\/","name":"Need Help? &#8211; Impact NW","isPartOf":{"@id":"https:\/\/impactnw.org\/#website"},"datePublished":"2011-09-29T02:31:16+00:00","dateModified":"2022-10-18T20:45:19+00:00","breadcrumb":{"@id":"https:\/\/impactnw.org\/need-help\/#breadcrumb"},"inLanguage":"es","potentialAction":[{"@type":"ReadAction","target":["https:\/\/impactnw.org\/need-help\/"]}]},{"@type":"BreadcrumbList","@id":"https:\/\/impactnw.org\/need-help\/#breadcrumb","itemListElement":[{"@type":"ListItem","position":1,"name":"Home","item":"https:\/\/impactnw.org\/home\/"},{"@type":"ListItem","position":2,"name":"Need Help?"}]},{"@type":"WebSite","@id":"https:\/\/impactnw.org\/#website","url":"https:\/\/impactnw.org\/","name":"Impacto NW","description":"Inspiradora esperanza. Empoderando la independencia.","potentialAction":[{"@type":"SearchAction","target":{"@type":"EntryPoint","urlTemplate":"https:\/\/impactnw.org\/?s={search_term_string}"},"query-input":{"@type":"PropertyValueSpecification","valueRequired":true,"valueName":"search_term_string"}}],"inLanguage":"es"}]}},"_links":{"self":[{"href":"https:\/\/impactnw.org\/es\/wp-json\/wp\/v2\/pages\/7","targetHints":{"allow":["GET"]}}],"collection":[{"href":"https:\/\/impactnw.org\/es\/wp-json\/wp\/v2\/pages"}],"about":[{"href":"https:\/\/impactnw.org\/es\/wp-json\/wp\/v2\/types\/page"}],"author":[{"embeddable":true,"href":"https:\/\/impactnw.org\/es\/wp-json\/wp\/v2\/users\/21"}],"replies":[{"embeddable":true,"href":"https:\/\/impactnw.org\/es\/wp-json\/wp\/v2\/comments?post=7"}],"version-history":[{"count":1,"href":"https:\/\/impactnw.org\/es\/wp-json\/wp\/v2\/pages\/7\/revisions"}],"predecessor-version":[{"id":17495,"href":"https:\/\/impactnw.org\/es\/wp-json\/wp\/v2\/pages\/7\/revisions\/17495"}],"wp:attachment":[{"href":"https:\/\/impactnw.org\/es\/wp-json\/wp\/v2\/media?parent=7"}],"curies":[{"name":"wp","href":"https:\/\/api.w.org\/{rel}","templated":true}]}}