{"id":6998,"date":"2016-01-20T09:27:10","date_gmt":"2016-01-20T17:27:10","guid":{"rendered":"http:\/\/dev.impactnw.org\/?page_id=6998"},"modified":"2019-10-17T17:27:41","modified_gmt":"2019-10-18T00:27:41","slug":"profiling","status":"publish","type":"page","link":"https:\/\/impactnw.org\/es\/about-us\/dei\/profiling\/","title":{"rendered":"Informe de perfil"},"content":{"rendered":"<section  class='av_textblock_section av-6addba-04e211b0c29e383baff7c3a41cb56a1b'   itemscope=\"itemscope\" itemtype=\"https:\/\/schema.org\/CreativeWork\" ><div class='avia_textblock'  itemprop=\"text\" ><h1>Informe de perfil<\/h1>\n<h3><strong>Impact NW cree que se debe respetar la dignidad y los derechos de cada individuo, independientemente de su raza, etnia, idioma, identidad de g\u00e9nero, orientaci\u00f3n sexual, estado de la vivienda, origen nacional, edad, religi\u00f3n, capacidad, afiliaci\u00f3n pol\u00edtica y \/ o socio-econ\u00f3mico estado.<\/strong><\/h3>\n<p><span style=\"font-weight: 400;\">Por esta raz\u00f3n, alentamos a compartir experiencias de creaci\u00f3n de perfiles. Creemos que nadie en una posici\u00f3n de poder tiene derecho a discriminar a otra persona, y ahora esa creencia est\u00e1 respaldada por la legislaci\u00f3n.<\/span><\/p>\n<h2>\u00bfQu\u00e9 es perfilar?<\/h2>\n<p>House Bill 2002 define el perfil como el siguiente, &quot;Perfilar&quot; significa que una agencia de cumplimiento de la ley o un agente de la ley apunta a una persona por sospecha de violar una disposici\u00f3n de ley basada \u00fanicamente en el factor real o percibido de la edad, raza, etnia, color, origen nacional, idioma, g\u00e9nero, identidad de g\u00e9nero, orientaci\u00f3n sexual, afiliaci\u00f3n pol\u00edtica, religi\u00f3n, indigencia o discapacidad, a menos que la agencia o funcionario act\u00fae con una descripci\u00f3n sospechosa o informaci\u00f3n relacionada con una violaci\u00f3n identificada o sospechada de una disposici\u00f3n de ley.&quot;<\/p>\n<\/div><\/section>\n<section  class='av_textblock_section av-2o3xva-ceb88f05d2ea8fdf80cec75868405064'   itemscope=\"itemscope\" itemtype=\"https:\/\/schema.org\/CreativeWork\" ><div class='avia_textblock'  itemprop=\"text\" ><h3><\/h3>\n<h2><\/h2>\n<h2>Comparte una experiencia personal con el perfil:<\/h2>\n<p><span style=\"font-weight: 400;\">Si quieres compartir una experiencia personal con el perfil, <a href=\"http:\/\/www.pdx.edu\/cjpri\/profiling-complaints\">por favor haga clic aqu\u00ed<\/a> para presentar una queja formal. Esta queja formal se enviar\u00e1 al LECC (Comit\u00e9 de Coordinaci\u00f3n para el Cumplimiento de la Ley). El LECC aprovechar\u00e1 estas quejas para hacer responsables a la agencia de cumplimiento de la ley y lograr un cambio significativo.<\/span><\/p>\n<p><span style=\"font-weight: 400;\">Para obtener m\u00e1s informaci\u00f3n sobre el Comit\u00e9 Coordinador de Aplicaci\u00f3n de la Ley (LECC), consulte: <\/span><span style=\"font-weight: 400;\"><a href=\"http:\/\/www.pdx.edu\/cjpri\/LECC\" target=\"_blank\" rel=\"noopener noreferrer\">http:\/\/www.pdx.edu\/cjpri\/LECC<\/a><\/span><\/p>\n<\/div><\/section>","protected":false},"excerpt":{"rendered":"","protected":false},"author":21,"featured_media":0,"parent":10623,"menu_order":2,"comment_status":"closed","ping_status":"closed","template":"","meta":{"_monsterinsights_skip_tracking":false,"_monsterinsights_sitenote_active":false,"_monsterinsights_sitenote_note":"","_monsterinsights_sitenote_category":0,"footnotes":"","_links_to":"","_links_to_target":""},"class_list":["post-6998","page","type-page","status-publish","hentry"],"yoast_head":"<!-- This site is optimized with the Yoast SEO plugin v27.3 - https:\/\/yoast.com\/product\/yoast-seo-wordpress\/ -->\n<title>Report Profiling &#8211; Impact NW<\/title>\n<meta name=\"robots\" content=\"index, follow, max-snippet:-1, max-image-preview:large, max-video-preview:-1\" \/>\n<link rel=\"canonical\" href=\"https:\/\/impactnw.org\/es\/about-us\/dei\/profiling\/\" \/>\n<meta property=\"og:locale\" content=\"es_ES\" \/>\n<meta property=\"og:type\" content=\"article\" \/>\n<meta property=\"og:title\" content=\"Report Profiling &#8211; Impact NW\" \/>\n<meta property=\"og:url\" content=\"https:\/\/impactnw.org\/es\/about-us\/dei\/profiling\/\" \/>\n<meta property=\"og:site_name\" content=\"Impact NW\" \/>\n<meta property=\"article:publisher\" content=\"http:\/\/www.facebook.com\/ImpactNWsince1966\" \/>\n<meta property=\"article:modified_time\" content=\"2019-10-18T00:27:41+00:00\" \/>\n<meta name=\"twitter:card\" content=\"summary_large_image\" \/>\n<meta name=\"twitter:site\" content=\"@impactnw\" \/>\n<meta name=\"twitter:label1\" content=\"Tiempo de lectura\" \/>\n\t<meta name=\"twitter:data1\" content=\"1 minuto\" \/>\n<script type=\"application\/ld+json\" class=\"yoast-schema-graph\">{\"@context\":\"https:\\\/\\\/schema.org\",\"@graph\":[{\"@type\":\"WebPage\",\"@id\":\"https:\\\/\\\/impactnw.org\\\/about-us\\\/dei\\\/profiling\\\/\",\"url\":\"https:\\\/\\\/impactnw.org\\\/about-us\\\/dei\\\/profiling\\\/\",\"name\":\"Report Profiling &#8211; Impact NW\",\"isPartOf\":{\"@id\":\"https:\\\/\\\/impactnw.org\\\/#website\"},\"datePublished\":\"2016-01-20T17:27:10+00:00\",\"dateModified\":\"2019-10-18T00:27:41+00:00\",\"breadcrumb\":{\"@id\":\"https:\\\/\\\/impactnw.org\\\/about-us\\\/dei\\\/profiling\\\/#breadcrumb\"},\"inLanguage\":\"es\",\"potentialAction\":[{\"@type\":\"ReadAction\",\"target\":[\"https:\\\/\\\/impactnw.org\\\/about-us\\\/dei\\\/profiling\\\/\"]}]},{\"@type\":\"BreadcrumbList\",\"@id\":\"https:\\\/\\\/impactnw.org\\\/about-us\\\/dei\\\/profiling\\\/#breadcrumb\",\"itemListElement\":[{\"@type\":\"ListItem\",\"position\":1,\"name\":\"Home\",\"item\":\"https:\\\/\\\/impactnw.org\\\/home\\\/\"},{\"@type\":\"ListItem\",\"position\":2,\"name\":\"About Impact NW\",\"item\":\"https:\\\/\\\/impactnw.org\\\/about-us\\\/\"},{\"@type\":\"ListItem\",\"position\":3,\"name\":\"Diversity, Equity and Inclusion\",\"item\":\"https:\\\/\\\/impactnw.org\\\/about-us\\\/dei\\\/\"},{\"@type\":\"ListItem\",\"position\":4,\"name\":\"Report Profiling\"}]},{\"@type\":\"WebSite\",\"@id\":\"https:\\\/\\\/impactnw.org\\\/#website\",\"url\":\"https:\\\/\\\/impactnw.org\\\/\",\"name\":\"Impact NW\",\"description\":\"Inspiring Hope. Empowering Independence.\",\"potentialAction\":[{\"@type\":\"SearchAction\",\"target\":{\"@type\":\"EntryPoint\",\"urlTemplate\":\"https:\\\/\\\/impactnw.org\\\/?s={search_term_string}\"},\"query-input\":{\"@type\":\"PropertyValueSpecification\",\"valueRequired\":true,\"valueName\":\"search_term_string\"}}],\"inLanguage\":\"es\"}]}<\/script>\n<!-- \/ Yoast SEO plugin. -->","yoast_head_json":{"title":"Report Profiling &#8211; Impact NW","robots":{"index":"index","follow":"follow","max-snippet":"max-snippet:-1","max-image-preview":"max-image-preview:large","max-video-preview":"max-video-preview:-1"},"canonical":"https:\/\/impactnw.org\/es\/about-us\/dei\/profiling\/","og_locale":"es_ES","og_type":"article","og_title":"Report Profiling &#8211; Impact NW","og_url":"https:\/\/impactnw.org\/es\/about-us\/dei\/profiling\/","og_site_name":"Impact NW","article_publisher":"http:\/\/www.facebook.com\/ImpactNWsince1966","article_modified_time":"2019-10-18T00:27:41+00:00","twitter_card":"summary_large_image","twitter_site":"@impactnw","twitter_misc":{"Tiempo de lectura":"1 minuto"},"schema":{"@context":"https:\/\/schema.org","@graph":[{"@type":"WebPage","@id":"https:\/\/impactnw.org\/about-us\/dei\/profiling\/","url":"https:\/\/impactnw.org\/about-us\/dei\/profiling\/","name":"Report Profiling &#8211; Impact NW","isPartOf":{"@id":"https:\/\/impactnw.org\/#website"},"datePublished":"2016-01-20T17:27:10+00:00","dateModified":"2019-10-18T00:27:41+00:00","breadcrumb":{"@id":"https:\/\/impactnw.org\/about-us\/dei\/profiling\/#breadcrumb"},"inLanguage":"es","potentialAction":[{"@type":"ReadAction","target":["https:\/\/impactnw.org\/about-us\/dei\/profiling\/"]}]},{"@type":"BreadcrumbList","@id":"https:\/\/impactnw.org\/about-us\/dei\/profiling\/#breadcrumb","itemListElement":[{"@type":"ListItem","position":1,"name":"Home","item":"https:\/\/impactnw.org\/home\/"},{"@type":"ListItem","position":2,"name":"About Impact NW","item":"https:\/\/impactnw.org\/about-us\/"},{"@type":"ListItem","position":3,"name":"Diversity, Equity and Inclusion","item":"https:\/\/impactnw.org\/about-us\/dei\/"},{"@type":"ListItem","position":4,"name":"Report Profiling"}]},{"@type":"WebSite","@id":"https:\/\/impactnw.org\/#website","url":"https:\/\/impactnw.org\/","name":"Impacto NW","description":"Inspiradora esperanza. Empoderando la independencia.","potentialAction":[{"@type":"SearchAction","target":{"@type":"EntryPoint","urlTemplate":"https:\/\/impactnw.org\/?s={search_term_string}"},"query-input":{"@type":"PropertyValueSpecification","valueRequired":true,"valueName":"search_term_string"}}],"inLanguage":"es"}]}},"_links":{"self":[{"href":"https:\/\/impactnw.org\/es\/wp-json\/wp\/v2\/pages\/6998","targetHints":{"allow":["GET"]}}],"collection":[{"href":"https:\/\/impactnw.org\/es\/wp-json\/wp\/v2\/pages"}],"about":[{"href":"https:\/\/impactnw.org\/es\/wp-json\/wp\/v2\/types\/page"}],"author":[{"embeddable":true,"href":"https:\/\/impactnw.org\/es\/wp-json\/wp\/v2\/users\/21"}],"replies":[{"embeddable":true,"href":"https:\/\/impactnw.org\/es\/wp-json\/wp\/v2\/comments?post=6998"}],"version-history":[{"count":0,"href":"https:\/\/impactnw.org\/es\/wp-json\/wp\/v2\/pages\/6998\/revisions"}],"up":[{"embeddable":true,"href":"https:\/\/impactnw.org\/es\/wp-json\/wp\/v2\/pages\/10623"}],"wp:attachment":[{"href":"https:\/\/impactnw.org\/es\/wp-json\/wp\/v2\/media?parent=6998"}],"curies":[{"name":"wp","href":"https:\/\/api.w.org\/{rel}","templated":true}]}}