{"id":69,"date":"2011-09-28T22:39:54","date_gmt":"2011-09-28T22:39:54","guid":{"rendered":"http:\/\/dev.impactnw.org\/wp_11_2011\/?page_id=69"},"modified":"2023-07-11T12:05:28","modified_gmt":"2023-07-11T19:05:28","slug":"community-schools","status":"publish","type":"page","link":"https:\/\/impactnw.org\/es\/programs\/youthfamily\/community-schools\/","title":{"rendered":"Escuelas de la Comunidad de SUN"},"content":{"rendered":"<section  class='av_textblock_section av-843vd-16a664707206f6595d0479864e1072be'   itemscope=\"itemscope\" itemtype=\"https:\/\/schema.org\/CreativeWork\" ><div class='avia_textblock'  itemprop=\"text\" ><h1>Escuelas de la Comunidad de SUN<\/h1>\n<h2>SUN (Escuelas que unen barrios)<\/h2>\n<\/div><\/section>\n\n<style type=\"text\/css\" data-created_by=\"avia_inline_auto\" id=\"style-css-av-7azkh-b38f26bbaff7b9b48ab11fd34fb3d2ab\">\n#top .hr.hr-invisible.av-7azkh-b38f26bbaff7b9b48ab11fd34fb3d2ab{\nmargin-top:-10px;\nheight:1px;\n}\n<\/style>\n<div  class='hr av-7azkh-b38f26bbaff7b9b48ab11fd34fb3d2ab hr-invisible  avia-builder-el-1  el_after_av_textblock  el_before_av_textblock'><span class='hr-inner'><span class=\"hr-inner-style\"><\/span><\/span><\/div>\n<section  class='av_textblock_section av-748l9-025681518a04ec0cb82d6b5b674d3a94'   itemscope=\"itemscope\" itemtype=\"https:\/\/schema.org\/CreativeWork\" ><div class='avia_textblock'  itemprop=\"text\" ><p><img loading=\"lazy\" decoding=\"async\" class=\"alignright wp-image-7170 size-medium\" src=\"http:\/\/dev.impactnw.org\/wp-content\/uploads\/2016\/04\/IMG_1313-300x218.jpg\" alt=\"Los participantes del Programa de Defensa Juvenil SUN crean obras de arte en nuestro Centro Comunitario Brentwood-Darlington.\" width=\"300\" height=\"218\" srcset=\"https:\/\/impactnw.org\/wp-content\/uploads\/2016\/04\/IMG_1313-300x218.jpg 300w, https:\/\/impactnw.org\/wp-content\/uploads\/2016\/04\/IMG_1313-768x559.jpg 768w, https:\/\/impactnw.org\/wp-content\/uploads\/2016\/04\/IMG_1313-1030x749.jpg 1030w, https:\/\/impactnw.org\/wp-content\/uploads\/2016\/04\/IMG_1313-1500x1091.jpg 1500w, https:\/\/impactnw.org\/wp-content\/uploads\/2016\/04\/IMG_1313-705x513.jpg 705w, https:\/\/impactnw.org\/wp-content\/uploads\/2016\/04\/IMG_1313-450x327.jpg 450w\" sizes=\"auto, (max-width: 300px) 100vw, 300px\" \/><\/p>\n<p>Debido a que la mayor\u00eda de los padres de bajos ingresos deben trabajar a tiempo completo para mantener a su familia, los ni\u00f1os a menudo quedan sin supervisi\u00f3n despu\u00e9s de la escuela, dej\u00e1ndolos m\u00e1s vulnerables a la intimidaci\u00f3n y conductas riesgosas como el consumo de sustancias y la actividad de pandillas. Muchos de estos ni\u00f1os dejan la clase con hambre, sin garant\u00eda de alimentos hasta el pr\u00f3ximo d\u00eda escolar.<\/p>\n<p>Impact NW apoya a estudiantes de bajos ingresos a trav\u00e9s de nuestros programas de Community Schools ofreciendo actividades de d\u00eda extendido que atraen a estudiantes, padres y miembros de la comunidad, transformando escuelas p\u00fablicas de alta pobreza en centros comunitarios vibrantes. <a href=\"https:\/\/impactnw.org\/programs\/youthfamily\/family-resource-navigators\/\">Family Resource Navigators<\/a> are available at Community Schools to work alongside families to help reduce barriers and stressors in the home, and promote self-sufficiency, so that students can learn and families can thrive.<\/p>\n<blockquote>\n<p>Nuestro programa de Escuelas Comunitarias mejora la vida de m\u00e1s de 20,000 ni\u00f1os y sus familias cada a\u00f1o.<\/p>\n<\/blockquote>\n<p>La abrumadora mayor\u00eda de los estudiantes de las Escuelas de la Comunidad califican para almuerzo gratis oa precio reducido y han sido identificados como en riesgo de fracaso acad\u00e9mico; muchos hablan ingl\u00e9s como un idioma aprendido. Las actividades de las Escuelas Comunitarias promueven el rendimiento estudiantil, enriquecen el plan de estudios de la escuela diurna y aumentan la asistencia escolar. Todos los participantes tambi\u00e9n tienen acceso a una comida despu\u00e9s de la escuela y a la tarea. Ejemplos recientes de actividades de d\u00eda extendido incluyen clases de ESL (ingl\u00e9s como segundo idioma) para estudiantes y sus familias, clases de baile y movimiento, sesiones informativas de ayuda financiera y universitaria, deportes, arte, ciencia y celebraciones culturales para Black History Month &amp; Cinco de Mayo.<\/p>\n<\/div><\/section>\n\n<style type=\"text\/css\" data-created_by=\"avia_inline_auto\" id=\"style-css-av-64agd-860660889a805ae14dfbc859712b8676\">\n#top .hr.hr-invisible.av-64agd-860660889a805ae14dfbc859712b8676{\nheight:25px;\n}\n<\/style>\n<div  class='hr av-64agd-860660889a805ae14dfbc859712b8676 hr-invisible  avia-builder-el-3  el_after_av_textblock  el_before_av_three_fifth'><span class='hr-inner'><span class=\"hr-inner-style\"><\/span><\/span><\/div>\n\n<style type=\"text\/css\" data-created_by=\"avia_inline_auto\" id=\"style-css-av-1nli1-39310c346fb580d15fca8b5bcc353135\">\n.flex_column.av-1nli1-39310c346fb580d15fca8b5bcc353135{\nborder-radius:0px 0px 0px 0px;\npadding:0px 0px 0px 0px;\n}\n<\/style>\n<div  class='flex_column av-1nli1-39310c346fb580d15fca8b5bcc353135 av_three_fifth  avia-builder-el-4  el_after_av_hr  el_before_av_two_fifth  first flex_column_div av-zero-column-padding'     ><section  class='av_textblock_section av-149a5-2a81af943c41e2517f047991c0ddda28'   itemscope=\"itemscope\" itemtype=\"https:\/\/schema.org\/CreativeWork\" ><div class='avia_textblock'  itemprop=\"text\" ><h3>Impact NW ofrece programaci\u00f3n de la escuela comunitaria en las siguientes escuelas del \u00e1rea local:<\/h3>\n<ul>\n<li>Buckman Elementary<\/li>\n<li>Escuela Creston<\/li>\n<li>Escuela Secundaria Jackson<\/li>\n<li>Franklin High School<\/li>\n<li>Markham Elementary<\/li>\n<li>Marysville Elementary<\/li>\n<li>Robert Gray Middle School<\/li>\n<li>Whitman Elementary<\/li>\n<li>Primaria Woodmere<\/li>\n<\/ul>\n<p>If you are interested in volunteering at any of the SUN schools, head over to our <a href=\"https:\/\/impactnw.org\/how-to-help\/volunteer-with-impact-nw\/\">volunteer page<\/a> and contact the SUN Site managers expressing your interest. They will get back to you if there is a current need for volunteers in their respective schools.<\/p>\n<p><a href=\"https:\/\/impactnw.org\/how-to-help\/volunteer-with-impact-nw\/\"><strong>Volunteer Page<\/strong><\/a><\/p>\n<\/div><\/section><\/div>\n<style type=\"text\/css\" data-created_by=\"avia_inline_auto\" id=\"style-css-av-2ngbh-f7720245a9348056f1b0995ec887b1d4\">\n.flex_column.av-2ngbh-f7720245a9348056f1b0995ec887b1d4{\nborder-radius:0px 0px 0px 0px;\npadding:0px 0px 0px 0px;\n}\n<\/style>\n<div  class='flex_column av-2ngbh-f7720245a9348056f1b0995ec887b1d4 av_two_fifth  avia-builder-el-6  el_after_av_three_fifth  el_before_av_hr  flex_column_div av-zero-column-padding'     ><style type=\"text\/css\" data-created_by=\"avia_inline_auto\" id=\"style-css-av-udl-beba8e0ffd0d788861f178e465fb16ef\">\n.av_promobox.av-udl-beba8e0ffd0d788861f178e465fb16ef{\ncolor:#ffffff;\nbackground:#1c3848;\n}\n<\/style>\n<div  class='av_promobox av-udl-beba8e0ffd0d788861f178e465fb16ef avia-button-no  avia-builder-el-7  avia-builder-el-no-sibling'><div class='avia-promocontent'><\/p>\n<h3><strong><span style=\"color: #f6bb17;\">\u00bfPodemos ayudarte?<\/span><\/strong><\/h3>\n<p>Para obtener m\u00e1s informaci\u00f3n sobre el programa de Escuelas Comunitarias SUN de Impact NW, comun\u00edquese con Gina Kim-Folston, Gerente del Programa de Escuelas Comunitarias de SUN, al (503) 721-6778 o env\u00ede un correo electr\u00f3nico\u00a0<a style=\"color: #ffffff;\" href=\"mailto:gkim-folston@impactnw.org\">gkim-folston@impactnw.org<\/a>.<\/p>\n<\/div><\/div><\/div><\/p>\n\n<style type=\"text\/css\" data-created_by=\"avia_inline_auto\" id=\"style-css-av-3ibw5-8e12764c15734f9691dcbf1e685d7a39\">\n#top .hr.hr-invisible.av-3ibw5-8e12764c15734f9691dcbf1e685d7a39{\nheight:35px;\n}\n<\/style>\n<div  class='hr av-3ibw5-8e12764c15734f9691dcbf1e685d7a39 hr-invisible  avia-builder-el-8  el_after_av_two_fifth  el_before_av_one_half'><span class='hr-inner'><span class=\"hr-inner-style\"><\/span><\/span><\/div>\n\n<style type=\"text\/css\" data-created_by=\"avia_inline_auto\" id=\"style-css-av-5f9zp-6a470db302f6d9e09be27fe740331096\">\n.flex_column.av-5f9zp-6a470db302f6d9e09be27fe740331096{\nborder-radius:0px 0px 0px 0px;\npadding:0px 0px 0px 0px;\n}\n<\/style>\n<div  class='flex_column av-5f9zp-6a470db302f6d9e09be27fe740331096 av_one_half  avia-builder-el-9  el_after_av_hr  avia-builder-el-last  first flex_column_div av-zero-column-padding'     ><div  class='avia-button-wrap avia-button-center  avia-builder-el-10  avia-builder-el-no-sibling'>\n<style type=\"text\/css\" data-created_by=\"avia_inline_auto\" id=\"style-css-av-53lgt-90ee51fd704364900295e0553a558285\">\n#top #wrap_all .avia-button.av-53lgt-90ee51fd704364900295e0553a558285{\ncolor:#ffffff;\ntransition:all 0.4s ease-in-out;\n}\n#top #wrap_all .avia-button.av-53lgt-90ee51fd704364900295e0553a558285:hover{\nbackground-color:#005581;\ncolor:#ffffff;\ntransition:all 0.4s ease-in-out;\n}\n#top #wrap_all .avia-button.av-53lgt-90ee51fd704364900295e0553a558285 .avia-svg-icon svg:first-child{\nfill:#ffffff;\nstroke:#ffffff;\n}\n#top #wrap_all .avia-button.av-53lgt-90ee51fd704364900295e0553a558285:hover .avia-svg-icon svg:first-child{\nfill:#ffffff;\nstroke:#ffffff;\n}\n<\/style>\n<a href='' class='av-icon-on-hover avia-color-theme-color avia-button avia-button-fullwidth av-53lgt-90ee51fd704364900295e0553a558285 avia-icon_select-yes-left-icon avia-color-theme-color'   aria-label=\"Conozca m\u00e1s sobre SUN\"><span class='avia_button_icon avia_button_icon_left avia-iconfont avia-font-entypo-fontello' data-av_icon='\ue866' data-av_iconfont='entypo-fontello' ><\/span><span class='avia_iconbox_title' >Conozca m\u00e1s sobre SUN<\/span><\/a><\/div><\/div>","protected":false},"excerpt":{"rendered":"","protected":false},"author":21,"featured_media":0,"parent":57,"menu_order":7,"comment_status":"closed","ping_status":"closed","template":"","meta":{"_monsterinsights_skip_tracking":false,"_monsterinsights_sitenote_active":false,"_monsterinsights_sitenote_note":"","_monsterinsights_sitenote_category":0,"footnotes":"","_links_to":"","_links_to_target":""},"class_list":["post-69","page","type-page","status-publish","hentry"],"yoast_head":"<!-- This site is optimized with the Yoast SEO plugin v27.4 - https:\/\/yoast.com\/product\/yoast-seo-wordpress\/ -->\n<title>SUN Community Schools &#8211; Impact NW<\/title>\n<meta name=\"robots\" content=\"index, follow, max-snippet:-1, max-image-preview:large, max-video-preview:-1\" \/>\n<link rel=\"canonical\" href=\"https:\/\/impactnw.org\/es\/programs\/youthfamily\/community-schools\/\" \/>\n<meta property=\"og:locale\" content=\"es_ES\" \/>\n<meta property=\"og:type\" content=\"article\" \/>\n<meta property=\"og:title\" content=\"SUN Community Schools &#8211; Impact NW\" \/>\n<meta property=\"og:url\" content=\"https:\/\/impactnw.org\/es\/programs\/youthfamily\/community-schools\/\" \/>\n<meta property=\"og:site_name\" content=\"Impact NW\" \/>\n<meta property=\"article:publisher\" content=\"http:\/\/www.facebook.com\/ImpactNWsince1966\" \/>\n<meta property=\"article:modified_time\" content=\"2023-07-11T19:05:28+00:00\" \/>\n<meta property=\"og:image\" content=\"http:\/\/dev.impactnw.org\/wp-content\/uploads\/2016\/04\/IMG_1313-300x218.jpg\" \/>\n<meta name=\"twitter:card\" content=\"summary_large_image\" \/>\n<meta name=\"twitter:site\" content=\"@impactnw\" \/>\n<meta name=\"twitter:label1\" content=\"Tiempo de lectura\" \/>\n\t<meta name=\"twitter:data1\" content=\"3 minutos\" \/>\n<script type=\"application\/ld+json\" class=\"yoast-schema-graph\">{\"@context\":\"https:\\\/\\\/schema.org\",\"@graph\":[{\"@type\":\"WebPage\",\"@id\":\"https:\\\/\\\/impactnw.org\\\/programs\\\/youthfamily\\\/community-schools\\\/\",\"url\":\"https:\\\/\\\/impactnw.org\\\/programs\\\/youthfamily\\\/community-schools\\\/\",\"name\":\"SUN Community Schools &#8211; Impact NW\",\"isPartOf\":{\"@id\":\"https:\\\/\\\/impactnw.org\\\/#website\"},\"primaryImageOfPage\":{\"@id\":\"https:\\\/\\\/impactnw.org\\\/programs\\\/youthfamily\\\/community-schools\\\/#primaryimage\"},\"image\":{\"@id\":\"https:\\\/\\\/impactnw.org\\\/programs\\\/youthfamily\\\/community-schools\\\/#primaryimage\"},\"thumbnailUrl\":\"http:\\\/\\\/dev.impactnw.org\\\/wp-content\\\/uploads\\\/2016\\\/04\\\/IMG_1313-300x218.jpg\",\"datePublished\":\"2011-09-28T22:39:54+00:00\",\"dateModified\":\"2023-07-11T19:05:28+00:00\",\"breadcrumb\":{\"@id\":\"https:\\\/\\\/impactnw.org\\\/programs\\\/youthfamily\\\/community-schools\\\/#breadcrumb\"},\"inLanguage\":\"es\",\"potentialAction\":[{\"@type\":\"ReadAction\",\"target\":[\"https:\\\/\\\/impactnw.org\\\/programs\\\/youthfamily\\\/community-schools\\\/\"]}]},{\"@type\":\"ImageObject\",\"inLanguage\":\"es\",\"@id\":\"https:\\\/\\\/impactnw.org\\\/programs\\\/youthfamily\\\/community-schools\\\/#primaryimage\",\"url\":\"http:\\\/\\\/dev.impactnw.org\\\/wp-content\\\/uploads\\\/2016\\\/04\\\/IMG_1313-300x218.jpg\",\"contentUrl\":\"http:\\\/\\\/dev.impactnw.org\\\/wp-content\\\/uploads\\\/2016\\\/04\\\/IMG_1313-300x218.jpg\"},{\"@type\":\"BreadcrumbList\",\"@id\":\"https:\\\/\\\/impactnw.org\\\/programs\\\/youthfamily\\\/community-schools\\\/#breadcrumb\",\"itemListElement\":[{\"@type\":\"ListItem\",\"position\":1,\"name\":\"Home\",\"item\":\"https:\\\/\\\/impactnw.org\\\/home\\\/\"},{\"@type\":\"ListItem\",\"position\":2,\"name\":\"Programs\",\"item\":\"https:\\\/\\\/impactnw.org\\\/programs\\\/\"},{\"@type\":\"ListItem\",\"position\":3,\"name\":\"Youth &#038; Family Services\",\"item\":\"https:\\\/\\\/impactnw.org\\\/programs\\\/youthfamily\\\/\"},{\"@type\":\"ListItem\",\"position\":4,\"name\":\"SUN Community Schools\"}]},{\"@type\":\"WebSite\",\"@id\":\"https:\\\/\\\/impactnw.org\\\/#website\",\"url\":\"https:\\\/\\\/impactnw.org\\\/\",\"name\":\"Impact NW\",\"description\":\"Inspiring Hope. Empowering Independence.\",\"potentialAction\":[{\"@type\":\"SearchAction\",\"target\":{\"@type\":\"EntryPoint\",\"urlTemplate\":\"https:\\\/\\\/impactnw.org\\\/?s={search_term_string}\"},\"query-input\":{\"@type\":\"PropertyValueSpecification\",\"valueRequired\":true,\"valueName\":\"search_term_string\"}}],\"inLanguage\":\"es\"}]}<\/script>\n<!-- \/ Yoast SEO plugin. -->","yoast_head_json":{"title":"SUN Community Schools &#8211; Impact NW","robots":{"index":"index","follow":"follow","max-snippet":"max-snippet:-1","max-image-preview":"max-image-preview:large","max-video-preview":"max-video-preview:-1"},"canonical":"https:\/\/impactnw.org\/es\/programs\/youthfamily\/community-schools\/","og_locale":"es_ES","og_type":"article","og_title":"SUN Community Schools &#8211; Impact NW","og_url":"https:\/\/impactnw.org\/es\/programs\/youthfamily\/community-schools\/","og_site_name":"Impact NW","article_publisher":"http:\/\/www.facebook.com\/ImpactNWsince1966","article_modified_time":"2023-07-11T19:05:28+00:00","og_image":[{"url":"http:\/\/dev.impactnw.org\/wp-content\/uploads\/2016\/04\/IMG_1313-300x218.jpg","type":"","width":"","height":""}],"twitter_card":"summary_large_image","twitter_site":"@impactnw","twitter_misc":{"Tiempo de lectura":"3 minutos"},"schema":{"@context":"https:\/\/schema.org","@graph":[{"@type":"WebPage","@id":"https:\/\/impactnw.org\/programs\/youthfamily\/community-schools\/","url":"https:\/\/impactnw.org\/programs\/youthfamily\/community-schools\/","name":"SUN Community Schools &#8211; Impact NW","isPartOf":{"@id":"https:\/\/impactnw.org\/#website"},"primaryImageOfPage":{"@id":"https:\/\/impactnw.org\/programs\/youthfamily\/community-schools\/#primaryimage"},"image":{"@id":"https:\/\/impactnw.org\/programs\/youthfamily\/community-schools\/#primaryimage"},"thumbnailUrl":"http:\/\/dev.impactnw.org\/wp-content\/uploads\/2016\/04\/IMG_1313-300x218.jpg","datePublished":"2011-09-28T22:39:54+00:00","dateModified":"2023-07-11T19:05:28+00:00","breadcrumb":{"@id":"https:\/\/impactnw.org\/programs\/youthfamily\/community-schools\/#breadcrumb"},"inLanguage":"es","potentialAction":[{"@type":"ReadAction","target":["https:\/\/impactnw.org\/programs\/youthfamily\/community-schools\/"]}]},{"@type":"ImageObject","inLanguage":"es","@id":"https:\/\/impactnw.org\/programs\/youthfamily\/community-schools\/#primaryimage","url":"http:\/\/dev.impactnw.org\/wp-content\/uploads\/2016\/04\/IMG_1313-300x218.jpg","contentUrl":"http:\/\/dev.impactnw.org\/wp-content\/uploads\/2016\/04\/IMG_1313-300x218.jpg"},{"@type":"BreadcrumbList","@id":"https:\/\/impactnw.org\/programs\/youthfamily\/community-schools\/#breadcrumb","itemListElement":[{"@type":"ListItem","position":1,"name":"Home","item":"https:\/\/impactnw.org\/home\/"},{"@type":"ListItem","position":2,"name":"Programs","item":"https:\/\/impactnw.org\/programs\/"},{"@type":"ListItem","position":3,"name":"Youth &#038; Family Services","item":"https:\/\/impactnw.org\/programs\/youthfamily\/"},{"@type":"ListItem","position":4,"name":"SUN Community Schools"}]},{"@type":"WebSite","@id":"https:\/\/impactnw.org\/#website","url":"https:\/\/impactnw.org\/","name":"Impacto NW","description":"Inspiradora esperanza. Empoderando la independencia.","potentialAction":[{"@type":"SearchAction","target":{"@type":"EntryPoint","urlTemplate":"https:\/\/impactnw.org\/?s={search_term_string}"},"query-input":{"@type":"PropertyValueSpecification","valueRequired":true,"valueName":"search_term_string"}}],"inLanguage":"es"}]}},"_links":{"self":[{"href":"https:\/\/impactnw.org\/es\/wp-json\/wp\/v2\/pages\/69","targetHints":{"allow":["GET"]}}],"collection":[{"href":"https:\/\/impactnw.org\/es\/wp-json\/wp\/v2\/pages"}],"about":[{"href":"https:\/\/impactnw.org\/es\/wp-json\/wp\/v2\/types\/page"}],"author":[{"embeddable":true,"href":"https:\/\/impactnw.org\/es\/wp-json\/wp\/v2\/users\/21"}],"replies":[{"embeddable":true,"href":"https:\/\/impactnw.org\/es\/wp-json\/wp\/v2\/comments?post=69"}],"version-history":[{"count":0,"href":"https:\/\/impactnw.org\/es\/wp-json\/wp\/v2\/pages\/69\/revisions"}],"up":[{"embeddable":true,"href":"https:\/\/impactnw.org\/es\/wp-json\/wp\/v2\/pages\/57"}],"wp:attachment":[{"href":"https:\/\/impactnw.org\/es\/wp-json\/wp\/v2\/media?parent=69"}],"curies":[{"name":"wp","href":"https:\/\/api.w.org\/{rel}","templated":true}]}}