{"id":57,"date":"2011-09-28T22:00:49","date_gmt":"2011-09-28T22:00:49","guid":{"rendered":"http:\/\/dev.impactnw.org\/wp_11_2011\/?page_id=57"},"modified":"2025-11-21T14:23:20","modified_gmt":"2025-11-21T22:23:20","slug":"youthfamily","status":"publish","type":"page","link":"https:\/\/impactnw.org\/es\/programs\/youthfamily\/","title":{"rendered":"Servicios para j\u00f3venes y familias"},"content":{"rendered":"<style type=\"text\/css\" data-created_by=\"avia_inline_auto\" id=\"style-css-av-ccdkp-904b87e0dbb7a3610de249fdb0354e23\">\n.avia-section.av-ccdkp-904b87e0dbb7a3610de249fdb0354e23 .av-parallax .av-parallax-inner{\nbackground-repeat:no-repeat;\nbackground-image:url(https:\/\/impactnw.org\/wp-content\/uploads\/2011\/09\/IMG_4273T.jpg);\nbackground-position:0% 0%;\nbackground-attachment:scroll;\n}\n.avia-section.av-ccdkp-904b87e0dbb7a3610de249fdb0354e23 .av-section-color-overlay{\nopacity:0.8;\nbackground-color:#938c77;\n}\n<\/style>\n<div id='av_section_1'  class='avia-section av-ccdkp-904b87e0dbb7a3610de249fdb0354e23 main_color avia-section-large avia-no-border-styling  avia-builder-el-0  el_before_av_three_fifth  avia-builder-el-first  av-parallax-section avia-bg-style-parallax av-section-color-overlay-active av-minimum-height av-minimum-height-25 av-height-25  container_wrap sidebar_right'  data-section-bg-repeat='no-repeat' data-av_minimum_height_pc='25' data-av_min_height_opt='25'><div class='av-parallax' data-avia-parallax-ratio='0.3' ><div class='av-parallax-inner main_color avia-full-stretch'><\/div><\/div><div class=\"av-section-color-overlay-wrap\"><div class=\"av-section-color-overlay\"><\/div><div class='container av-section-cont-open' ><main  role=\"main\" itemprop=\"mainContentOfPage\"  class='template-page content  av-content-small alpha units'><div class='post-entry post-entry-type-page post-entry-57'><div class='entry-content-wrapper clearfix'>\n\n<style type=\"text\/css\" data-created_by=\"avia_inline_auto\" id=\"style-css-av-bfvih-be003a8a22804fa5afe7daa4fa4f9c64\">\n.flex_column.av-bfvih-be003a8a22804fa5afe7daa4fa4f9c64{\nborder-radius:0px 0px 0px 0px;\npadding:0px 0px 0px 0px;\n}\n<\/style>\n<div  class='flex_column av-bfvih-be003a8a22804fa5afe7daa4fa4f9c64 av_one_fifth  avia-builder-el-1  el_before_av_three_fifth  avia-builder-el-first  first flex_column_div av-zero-column-padding'     ><\/div>\n<style type=\"text\/css\" data-created_by=\"avia_inline_auto\" id=\"style-css-av-ay3md-ad1ec4d27fc8534f3b4d42dc3ef492b4\">\n.flex_column.av-ay3md-ad1ec4d27fc8534f3b4d42dc3ef492b4{\nborder-radius:0px 0px 0px 0px;\npadding:0px 0px 0px 0px;\n}\n<\/style>\n<div  class='flex_column av-ay3md-ad1ec4d27fc8534f3b4d42dc3ef492b4 av_three_fifth  avia-builder-el-2  el_after_av_one_fifth  el_before_av_one_fifth  flex_column_div av-zero-column-padding'     ><style type=\"text\/css\" data-created_by=\"avia_inline_auto\" id=\"style-css-av-aoa85-d1d7ba049fc9517025ed4287c4502564\">\n#top .av_textblock_section.av-aoa85-d1d7ba049fc9517025ed4287c4502564 .avia_textblock{\ncolor:#ffffff;\n}\n<\/style>\n<section  class='av_textblock_section av-aoa85-d1d7ba049fc9517025ed4287c4502564'   itemscope=\"itemscope\" itemtype=\"https:\/\/schema.org\/CreativeWork\" ><div class='avia_textblock av_inherit_color'  itemprop=\"text\" ><h1 style=\"color: white; text-align: center;\">Servicios para j\u00f3venes y familias<\/h1>\n<h4 style=\"color: white; text-align: center;\">Impact NW sabe que romper el ciclo de la pobreza comienza en la escuela, donde los ni\u00f1os de bajos ingresos corren un mayor riesgo de tener problemas acad\u00e9micos, involucrarse en el consumo de drogas y alcohol y abandonar sus estudios.<\/h4>\n<\/div><\/section><\/div>\n<style type=\"text\/css\" data-created_by=\"avia_inline_auto\" id=\"style-css-av-9ofn1-2545728021e502a48029cb5d47838c45\">\n.flex_column.av-9ofn1-2545728021e502a48029cb5d47838c45{\nborder-radius:0px 0px 0px 0px;\npadding:0px 0px 0px 0px;\n}\n<\/style>\n<div  class='flex_column av-9ofn1-2545728021e502a48029cb5d47838c45 av_one_fifth  avia-builder-el-4  el_after_av_three_fifth  el_before_av_hr  flex_column_div av-zero-column-padding'     ><\/div>\n<style type=\"text\/css\" data-created_by=\"avia_inline_auto\" id=\"style-css-av-920xd-55aa489b6c444596a891d1f2c221561d\">\n#top .hr.hr-invisible.av-920xd-55aa489b6c444596a891d1f2c221561d{\nheight:30px;\n}\n<\/style>\n<div  class='hr av-920xd-55aa489b6c444596a891d1f2c221561d hr-invisible  avia-builder-el-5  el_after_av_one_fifth  el_before_av_one_fifth'><span class='hr-inner'><span class=\"hr-inner-style\"><\/span><\/span><\/div>\n\n<style type=\"text\/css\" data-created_by=\"avia_inline_auto\" id=\"style-css-av-8i8kx-29d0e13e0eb4727c40151d4033de97e8\">\n.flex_column.av-8i8kx-29d0e13e0eb4727c40151d4033de97e8{\nborder-radius:0px 0px 0px 0px;\npadding:0px 0px 0px 0px;\n}\n<\/style>\n<div  class='flex_column av-8i8kx-29d0e13e0eb4727c40151d4033de97e8 av_one_fifth  avia-builder-el-6  el_after_av_hr  el_before_av_one_fifth  first flex_column_div av-zero-column-padding'     ><\/div>\n<style type=\"text\/css\" data-created_by=\"avia_inline_auto\" id=\"style-css-av-89ucd-285770ea355ea6b77849b514169c5787\">\n.flex_column.av-89ucd-285770ea355ea6b77849b514169c5787{\nborder-radius:0px 0px 0px 0px;\npadding:0px 0px 0px 0px;\n}\n<\/style>\n<div  class='flex_column av-89ucd-285770ea355ea6b77849b514169c5787 av_one_fifth  avia-builder-el-7  el_after_av_one_fifth  el_before_av_one_fifth  flex_column_div av-zero-column-padding'     ><style type=\"text\/css\" data-created_by=\"avia_inline_auto\" id=\"style-css-av-7ly05-f9152940d78df6a9587e08d0a11f73fa\">\n.avia-animated-number.av-7ly05-f9152940d78df6a9587e08d0a11f73fa .avia-animated-number-icon.avia-svg-icon svg:first-child{\nfill:#ffffff;\nstroke:#ffffff;\n}\n#top .avia-animated-number.av-7ly05-f9152940d78df6a9587e08d0a11f73fa .avia-animated-number-title{\ncolor:#ffffff;\n}\n<\/style>\n<div  class=\"avia-animated-number av-7ly05-f9152940d78df6a9587e08d0a11f73fa av-force-default-color avia_animate_when_visible  avia-builder-el-8  avia-builder-el-no-sibling  avia-color-font-custom\" data-timer=\"3000\"><strong class=\"heading avia-animated-number-title\"><span class='avia-animated-number-icon av-icon-before-number av-icon-char avia-iconfont avia-font-entypo-fontello' data-av_icon='\ue808' data-av_iconfont='entypo-fontello' ><\/span><span class=\"avia-single-number __av-single-number\" data-number_format=\"\" data-number=\"5\" data-start_from=\"0\">5<\/span><span class=\"avia-no-number\">,<\/span><span class=\"avia-single-number __av-single-number\" data-number_format=\"\" data-number=\"096\" data-start_from=\"0\">096<\/span><\/strong><div class=\"avia-animated-number-content\"><p>los j\u00f3venes reciben ayuda cada a\u00f1o para mantenerlos encaminados para tener \u00e9xito en la escuela y la vida.<\/p>\n<\/div><\/div><\/div>\n<style type=\"text\/css\" data-created_by=\"avia_inline_auto\" id=\"style-css-av-6z93t-77bf9263b8a4f61447a8a4c25b98fc47\">\n.flex_column.av-6z93t-77bf9263b8a4f61447a8a4c25b98fc47{\nborder-radius:0px 0px 0px 0px;\npadding:0px 0px 0px 0px;\n}\n<\/style>\n<div  class='flex_column av-6z93t-77bf9263b8a4f61447a8a4c25b98fc47 av_one_fifth  avia-builder-el-9  el_after_av_one_fifth  el_before_av_one_fifth  flex_column_div av-zero-column-padding'     ><style type=\"text\/css\" data-created_by=\"avia_inline_auto\" id=\"style-css-av-6aldh-e060769791be60675df9b6368a45354a\">\n.avia-animated-number.av-6aldh-e060769791be60675df9b6368a45354a .avia-animated-number-icon.avia-svg-icon svg:first-child{\nfill:#ffffff;\nstroke:#ffffff;\n}\n#top .avia-animated-number.av-6aldh-e060769791be60675df9b6368a45354a .avia-animated-number-title{\ncolor:#ffffff;\n}\n<\/style>\n<div  class=\"avia-animated-number av-6aldh-e060769791be60675df9b6368a45354a av-force-default-color avia_animate_when_visible  avia-builder-el-10  avia-builder-el-no-sibling  avia-color-font-custom\" data-timer=\"3000\"><strong class=\"heading avia-animated-number-title\"><span class='avia-animated-number-icon av-icon-before-number av-icon-char avia-iconfont avia-font-entypo-fontello' data-av_icon='\ue8c9' data-av_iconfont='entypo-fontello' ><\/span><span class=\"avia-single-number __av-single-number\" data-number_format=\"\" data-number=\"96\" data-start_from=\"0\">96<\/span><span class=\"avia-no-number\">%<\/span><\/strong><div class=\"avia-animated-number-content\"><p>de j\u00f3venes progresan en asistencia escolar y rendimiento acad\u00e9mico.<\/p>\n<\/div><\/div><\/div>\n<style type=\"text\/css\" data-created_by=\"avia_inline_auto\" id=\"style-css-av-5nvpd-d62481a613d564d69707fcd747053642\">\n.flex_column.av-5nvpd-d62481a613d564d69707fcd747053642{\nborder-radius:0px 0px 0px 0px;\npadding:0px 0px 0px 0px;\n}\n<\/style>\n<div  class='flex_column av-5nvpd-d62481a613d564d69707fcd747053642 av_one_fifth  avia-builder-el-11  el_after_av_one_fifth  el_before_av_one_fifth  flex_column_div av-zero-column-padding'     ><style type=\"text\/css\" data-created_by=\"avia_inline_auto\" id=\"style-css-av-5ark5-7ea3d95798a86441dfd61d24e247c567\">\n.avia-animated-number.av-5ark5-7ea3d95798a86441dfd61d24e247c567 .avia-animated-number-icon.avia-svg-icon svg:first-child{\nfill:#ffffff;\nstroke:#ffffff;\n}\n#top .avia-animated-number.av-5ark5-7ea3d95798a86441dfd61d24e247c567 .avia-animated-number-title{\ncolor:#ffffff;\n}\n<\/style>\n<div  class=\"avia-animated-number av-5ark5-7ea3d95798a86441dfd61d24e247c567 av-force-default-color avia_animate_when_visible  avia-builder-el-12  avia-builder-el-no-sibling  avia-color-font-custom\" data-timer=\"3000\"><strong class=\"heading avia-animated-number-title\"><span class='avia-animated-number-icon av-icon-before-number av-icon-char avia-iconfont avia-font-entypo-fontello' data-av_icon='\ue8bc' data-av_iconfont='entypo-fontello' ><\/span><span class=\"avia-single-number __av-single-number\" data-number_format=\"\" data-number=\"81\" data-start_from=\"0\">81<\/span><span class=\"avia-no-number\">%<\/span><\/strong><div class=\"avia-animated-number-content\"><p>de j\u00f3venes que participan en el Programa de Vida Independiente est\u00e1n empleados.<\/p>\n<\/div><\/div><\/div>\n<style type=\"text\/css\" data-created_by=\"avia_inline_auto\" id=\"style-css-av-gso9-6b4938cd6c3fa6f04411886adf7102fc\">\n.flex_column.av-gso9-6b4938cd6c3fa6f04411886adf7102fc{\nborder-radius:0px 0px 0px 0px;\npadding:0px 0px 0px 0px;\n}\n<\/style>\n<div  class='flex_column av-gso9-6b4938cd6c3fa6f04411886adf7102fc av_one_fifth  avia-builder-el-13  el_after_av_one_fifth  avia-builder-el-last  flex_column_div av-zero-column-padding'     ><\/div>\n<\/div><\/div><\/main><!-- close content main element --><\/div><\/div><\/div><div id='after_section_1'  class='main_color av_default_container_wrap container_wrap sidebar_right'  ><div class='container av-section-cont-open' ><div class='template-page content  av-content-small alpha units'><div class='post-entry post-entry-type-page post-entry-57'><div class='entry-content-wrapper clearfix'>\n\n<style type=\"text\/css\" data-created_by=\"avia_inline_auto\" id=\"style-css-av-44hst-8e25ec3582630aa2039163bd44f61887\">\n.flex_column.av-44hst-8e25ec3582630aa2039163bd44f61887{\nborder-radius:0px 0px 0px 0px;\npadding:0px 0px 0px 0px;\n}\n<\/style>\n<div  class='flex_column av-44hst-8e25ec3582630aa2039163bd44f61887 av_three_fifth  avia-builder-el-14  el_after_av_section  el_before_av_two_fifth  avia-builder-el-first  first flex_column_div av-zero-column-padding'     ><section  class='av_textblock_section av-3acrp-e1a24d61a69fbfa4474e7d23fd621f38'   itemscope=\"itemscope\" itemtype=\"https:\/\/schema.org\/CreativeWork\" ><div class='avia_textblock'  itemprop=\"text\" ><p><img loading=\"lazy\" decoding=\"async\" class=\"alignleft size-medium wp-image-7765\" src=\"https:\/\/impactnw.org\/wp-content\/uploads\/2011\/09\/IMG_4496T-300x200.jpg\" alt=\"Estudiante del Programa de Vida Independiente usando una computadora en nuestro centro de recursos sin cita previa.\" width=\"300\" height=\"200\" srcset=\"https:\/\/impactnw.org\/wp-content\/uploads\/2011\/09\/IMG_4496T-300x200.jpg 300w, https:\/\/impactnw.org\/wp-content\/uploads\/2011\/09\/IMG_4496T-768x512.jpg 768w, https:\/\/impactnw.org\/wp-content\/uploads\/2011\/09\/IMG_4496T-1030x687.jpg 1030w, https:\/\/impactnw.org\/wp-content\/uploads\/2011\/09\/IMG_4496T-1500x1000.jpg 1500w, https:\/\/impactnw.org\/wp-content\/uploads\/2011\/09\/IMG_4496T-705x470.jpg 705w, https:\/\/impactnw.org\/wp-content\/uploads\/2011\/09\/IMG_4496T-450x300.jpg 450w, https:\/\/impactnw.org\/wp-content\/uploads\/2011\/09\/IMG_4496T-800x533.jpg 800w\" sizes=\"auto, (max-width: 300px) 100vw, 300px\" \/>Youth &amp; Family Services helps students remain in school and graduate on time, and transition out of school successfully. We provide positive adult role models and after-school activities that engage students, family members, and community members.<\/p>\n<p>Nos comprometemos a garantizar que cada alumno tenga acceso a las herramientas y los recursos que necesita para convertirse en adultos productivos y autosuficientes, independientemente del nivel de ingresos de su familia.<\/p>\n<p>Al igual que con todos nuestros programas, las familias participantes tienen acceso a la serie continua de servicios contra la pobreza de Impact NW, lo que garantiza que cada alumno que atendemos tenga un ambiente hogare\u00f1o seguro y saludable.<\/p>\n<h3><\/h3>\n<\/div><\/section><\/div>\n\n<style type=\"text\/css\" data-created_by=\"avia_inline_auto\" id=\"style-css-av-2tox9-37dc605025a426012640b49fe9489282\">\n.flex_column.av-2tox9-37dc605025a426012640b49fe9489282{\nborder-radius:0px 0px 0px 0px;\npadding:0px 0px 0px 0px;\n}\n<\/style>\n<div  class='flex_column av-2tox9-37dc605025a426012640b49fe9489282 av_two_fifth  avia-builder-el-16  el_after_av_three_fifth  el_before_av_three_fifth  flex_column_div av-zero-column-padding'     ><style type=\"text\/css\" data-created_by=\"avia_inline_auto\" id=\"style-css-av-25wtt-baefb5f6d3905ab2a776c15d4ec139b7\">\n.av_promobox.av-25wtt-baefb5f6d3905ab2a776c15d4ec139b7{\ncolor:#ffffff;\nbackground:#1c3848;\n}\n<\/style>\n<div  class='av_promobox av-25wtt-baefb5f6d3905ab2a776c15d4ec139b7 avia-button-no  avia-builder-el-17  avia-builder-el-no-sibling'><div class='avia-promocontent'><\/p>\n<h3 style=\"color: #f6bb17; font-weight: bold;\">\u00bfPodemos ayudarte?<\/h3>\n<p>Please call our Youth &amp; Family Services programs at (971) 258-0745 to learn about our range of services. Your conversation will be completely confidential. If Impact NW isn\u2019t the best fit for you, we\u2019ll help connect you to the services you need.<\/p>\n<\/div><\/div><\/div>\n\n<style type=\"text\/css\" data-created_by=\"avia_inline_auto\" id=\"style-css-av-1l7j9-23740abd90c1195c6951039a9a709a79\">\n.flex_column.av-1l7j9-23740abd90c1195c6951039a9a709a79{\nborder-radius:0px 0px 0px 0px;\npadding:0px 0px 0px 0px;\n}\n<\/style>\n<div  class='flex_column av-1l7j9-23740abd90c1195c6951039a9a709a79 av_three_fifth  avia-builder-el-18  el_after_av_two_fifth  avia-builder-el-last  first flex_column_div av-zero-column-padding'     ><section  class='av_textblock_section av-ui45-82afe7f9badcd5adfff27eff135e8bab'   itemscope=\"itemscope\" itemtype=\"https:\/\/schema.org\/CreativeWork\" ><div class='avia_textblock'  itemprop=\"text\" ><h2>Nuestros programas de servicios para j\u00f3venes y familias:<\/h2>\n<p><img loading=\"lazy\" decoding=\"async\" class=\"alignright size-medium wp-image-7777\" src=\"https:\/\/impactnw.org\/wp-content\/uploads\/2011\/09\/MG_4827-200x300.jpg\" alt=\"El programa de Oportunidades Urbanas de Impact NW ayuda a los estudiantes a obtener experiencia laboral en entornos compatibles.\" width=\"200\" height=\"300\" srcset=\"https:\/\/impactnw.org\/wp-content\/uploads\/2011\/09\/MG_4827-200x300.jpg 200w, https:\/\/impactnw.org\/wp-content\/uploads\/2011\/09\/MG_4827-768x1152.jpg 768w, https:\/\/impactnw.org\/wp-content\/uploads\/2011\/09\/MG_4827-687x1030.jpg 687w, https:\/\/impactnw.org\/wp-content\/uploads\/2011\/09\/MG_4827-1000x1500.jpg 1000w, https:\/\/impactnw.org\/wp-content\/uploads\/2011\/09\/MG_4827-470x705.jpg 470w, https:\/\/impactnw.org\/wp-content\/uploads\/2011\/09\/MG_4827-450x675.jpg 450w\" sizes=\"auto, (max-width: 200px) 100vw, 200px\" \/><a href=\"https:\/\/impactnw.org\/programs\/youthfamily\/aka-science\/\">AKA Science (Todos los ni\u00f1os son cient\u00edficos)<\/a>\u00a0es un programa de ciencias divertido y pr\u00e1ctico que hace que los ni\u00f1os de kindergarten hasta sexto grado est\u00e9n entusiasmados con el aprendizaje.<\/p>\n<p><a href=\"https:\/\/impactnw.org\/programs\/youthfamily\/sun-youth-advocacy-program\/\">Programa de defensa de los j\u00f3venes de SUN<\/a>\u00a0ayuda a los adolescentes con problemas a mejorar su autocontrol, desarrollar mejores habilidades de resoluci\u00f3n de conflictos y comunicarse de manera m\u00e1s efectiva con adultos y compa\u00f1eros.<\/p>\n<p><a href=\"https:\/\/impactnw.org\/programs\/youthfamily\/community-schools\/\">Escuelas de la Comunidad de SUN<\/a>\u00a0ofrecen actividades de d\u00eda extendido que atraen a estudiantes y padres, transformando escuelas p\u00fablicas de alta pobreza en centros comunitarios vibrantes.<\/p>\n<p><a href=\"https:\/\/impactnw.org\/programs\/youthfamily\/family-resource-navigators\/\">Family Resource Navigators<\/a> as part of our SUN Community School staff team, work alongside families to help reduce barriers and stressors in the home, and promote self-sufficiency, so that students can learn and families can thrive.<\/p>\n<p><a href=\"https:\/\/impactnw.org\/programs\/youthfamily\/urban-opportunities\/\">CORE (Career Opportunities\u00a0Readiness &amp; Exploration)<\/a> offers career readiness training, career exploration, and employment opportunities for high school-age youth and young adults.<\/p>\n<\/div><\/section><\/div>","protected":false},"excerpt":{"rendered":"","protected":false},"author":21,"featured_media":0,"parent":8,"menu_order":2,"comment_status":"closed","ping_status":"closed","template":"","meta":{"_monsterinsights_skip_tracking":false,"_monsterinsights_sitenote_active":false,"_monsterinsights_sitenote_note":"","_monsterinsights_sitenote_category":0,"footnotes":"","_links_to":"","_links_to_target":""},"class_list":["post-57","page","type-page","status-publish","hentry"],"yoast_head":"<!-- This site is optimized with the Yoast SEO plugin v27.3 - https:\/\/yoast.com\/product\/yoast-seo-wordpress\/ -->\n<title>Youth &amp; Family Services: Helping Students Succeed &#8211; Impact NW<\/title>\n<meta name=\"description\" content=\"Our Youth &amp; Family Services help young adults &amp; students gain access to the tools &amp; resources they need to develop into productive, self-sufficient adults.\" \/>\n<meta name=\"robots\" content=\"index, follow, max-snippet:-1, max-image-preview:large, max-video-preview:-1\" \/>\n<link rel=\"canonical\" href=\"https:\/\/impactnw.org\/es\/programs\/youthfamily\/\" \/>\n<meta property=\"og:locale\" content=\"es_ES\" \/>\n<meta property=\"og:type\" content=\"article\" \/>\n<meta property=\"og:title\" content=\"Youth &amp; Family Services: Helping Students Succeed &#8211; Impact NW\" \/>\n<meta property=\"og:description\" content=\"Our Youth &amp; Family Services help young adults &amp; students gain access to the tools &amp; resources they need to develop into productive, self-sufficient adults.\" \/>\n<meta property=\"og:url\" content=\"https:\/\/impactnw.org\/es\/programs\/youthfamily\/\" \/>\n<meta property=\"og:site_name\" content=\"Impact NW\" \/>\n<meta property=\"article:publisher\" content=\"http:\/\/www.facebook.com\/ImpactNWsince1966\" \/>\n<meta property=\"article:modified_time\" content=\"2025-11-21T22:23:20+00:00\" \/>\n<meta property=\"og:image\" content=\"https:\/\/impactnw.org\/wp-content\/uploads\/2011\/09\/IMG_4496T-1030x687.jpg\" \/>\n\t<meta property=\"og:image:width\" content=\"1030\" \/>\n\t<meta property=\"og:image:height\" content=\"687\" \/>\n\t<meta property=\"og:image:type\" content=\"image\/jpeg\" \/>\n<meta name=\"twitter:card\" content=\"summary_large_image\" \/>\n<meta name=\"twitter:site\" content=\"@impactnw\" \/>\n<meta name=\"twitter:label1\" content=\"Tiempo de lectura\" \/>\n\t<meta name=\"twitter:data1\" content=\"3 minutos\" \/>\n<script type=\"application\/ld+json\" class=\"yoast-schema-graph\">{\"@context\":\"https:\\\/\\\/schema.org\",\"@graph\":[{\"@type\":\"WebPage\",\"@id\":\"https:\\\/\\\/impactnw.org\\\/programs\\\/youthfamily\\\/\",\"url\":\"https:\\\/\\\/impactnw.org\\\/programs\\\/youthfamily\\\/\",\"name\":\"Youth & Family Services: Helping Students Succeed &#8211; Impact NW\",\"isPartOf\":{\"@id\":\"https:\\\/\\\/impactnw.org\\\/#website\"},\"primaryImageOfPage\":{\"@id\":\"https:\\\/\\\/impactnw.org\\\/programs\\\/youthfamily\\\/#primaryimage\"},\"image\":{\"@id\":\"https:\\\/\\\/impactnw.org\\\/programs\\\/youthfamily\\\/#primaryimage\"},\"thumbnailUrl\":\"https:\\\/\\\/impactnw.org\\\/wp-content\\\/uploads\\\/2011\\\/09\\\/IMG_4496T-300x200.jpg\",\"datePublished\":\"2011-09-28T22:00:49+00:00\",\"dateModified\":\"2025-11-21T22:23:20+00:00\",\"description\":\"Our Youth & Family Services help young adults & students gain access to the tools & resources they need to develop into productive, self-sufficient adults.\",\"breadcrumb\":{\"@id\":\"https:\\\/\\\/impactnw.org\\\/programs\\\/youthfamily\\\/#breadcrumb\"},\"inLanguage\":\"es\",\"potentialAction\":[{\"@type\":\"ReadAction\",\"target\":[\"https:\\\/\\\/impactnw.org\\\/programs\\\/youthfamily\\\/\"]}]},{\"@type\":\"ImageObject\",\"inLanguage\":\"es\",\"@id\":\"https:\\\/\\\/impactnw.org\\\/programs\\\/youthfamily\\\/#primaryimage\",\"url\":\"https:\\\/\\\/impactnw.org\\\/wp-content\\\/uploads\\\/2011\\\/09\\\/IMG_4496T-300x200.jpg\",\"contentUrl\":\"https:\\\/\\\/impactnw.org\\\/wp-content\\\/uploads\\\/2011\\\/09\\\/IMG_4496T-300x200.jpg\"},{\"@type\":\"BreadcrumbList\",\"@id\":\"https:\\\/\\\/impactnw.org\\\/programs\\\/youthfamily\\\/#breadcrumb\",\"itemListElement\":[{\"@type\":\"ListItem\",\"position\":1,\"name\":\"Home\",\"item\":\"https:\\\/\\\/impactnw.org\\\/home\\\/\"},{\"@type\":\"ListItem\",\"position\":2,\"name\":\"Programs\",\"item\":\"https:\\\/\\\/impactnw.org\\\/programs\\\/\"},{\"@type\":\"ListItem\",\"position\":3,\"name\":\"Youth &#038; Family Services\"}]},{\"@type\":\"WebSite\",\"@id\":\"https:\\\/\\\/impactnw.org\\\/#website\",\"url\":\"https:\\\/\\\/impactnw.org\\\/\",\"name\":\"Impact NW\",\"description\":\"Inspiring Hope. Empowering Independence.\",\"potentialAction\":[{\"@type\":\"SearchAction\",\"target\":{\"@type\":\"EntryPoint\",\"urlTemplate\":\"https:\\\/\\\/impactnw.org\\\/?s={search_term_string}\"},\"query-input\":{\"@type\":\"PropertyValueSpecification\",\"valueRequired\":true,\"valueName\":\"search_term_string\"}}],\"inLanguage\":\"es\"}]}<\/script>\n<!-- \/ Yoast SEO plugin. -->","yoast_head_json":{"title":"Youth & Family Services: Helping Students Succeed &#8211; Impact NW","description":"Our Youth & Family Services help young adults & students gain access to the tools & resources they need to develop into productive, self-sufficient adults.","robots":{"index":"index","follow":"follow","max-snippet":"max-snippet:-1","max-image-preview":"max-image-preview:large","max-video-preview":"max-video-preview:-1"},"canonical":"https:\/\/impactnw.org\/es\/programs\/youthfamily\/","og_locale":"es_ES","og_type":"article","og_title":"Youth & Family Services: Helping Students Succeed &#8211; Impact NW","og_description":"Our Youth & Family Services help young adults & students gain access to the tools & resources they need to develop into productive, self-sufficient adults.","og_url":"https:\/\/impactnw.org\/es\/programs\/youthfamily\/","og_site_name":"Impact NW","article_publisher":"http:\/\/www.facebook.com\/ImpactNWsince1966","article_modified_time":"2025-11-21T22:23:20+00:00","og_image":[{"width":1030,"height":687,"url":"https:\/\/impactnw.org\/wp-content\/uploads\/2011\/09\/IMG_4496T-1030x687.jpg","type":"image\/jpeg"}],"twitter_card":"summary_large_image","twitter_site":"@impactnw","twitter_misc":{"Tiempo de lectura":"3 minutos"},"schema":{"@context":"https:\/\/schema.org","@graph":[{"@type":"WebPage","@id":"https:\/\/impactnw.org\/programs\/youthfamily\/","url":"https:\/\/impactnw.org\/programs\/youthfamily\/","name":"Youth & Family Services: Helping Students Succeed &#8211; Impact NW","isPartOf":{"@id":"https:\/\/impactnw.org\/#website"},"primaryImageOfPage":{"@id":"https:\/\/impactnw.org\/programs\/youthfamily\/#primaryimage"},"image":{"@id":"https:\/\/impactnw.org\/programs\/youthfamily\/#primaryimage"},"thumbnailUrl":"https:\/\/impactnw.org\/wp-content\/uploads\/2011\/09\/IMG_4496T-300x200.jpg","datePublished":"2011-09-28T22:00:49+00:00","dateModified":"2025-11-21T22:23:20+00:00","description":"Our Youth & Family Services help young adults & students gain access to the tools & resources they need to develop into productive, self-sufficient adults.","breadcrumb":{"@id":"https:\/\/impactnw.org\/programs\/youthfamily\/#breadcrumb"},"inLanguage":"es","potentialAction":[{"@type":"ReadAction","target":["https:\/\/impactnw.org\/programs\/youthfamily\/"]}]},{"@type":"ImageObject","inLanguage":"es","@id":"https:\/\/impactnw.org\/programs\/youthfamily\/#primaryimage","url":"https:\/\/impactnw.org\/wp-content\/uploads\/2011\/09\/IMG_4496T-300x200.jpg","contentUrl":"https:\/\/impactnw.org\/wp-content\/uploads\/2011\/09\/IMG_4496T-300x200.jpg"},{"@type":"BreadcrumbList","@id":"https:\/\/impactnw.org\/programs\/youthfamily\/#breadcrumb","itemListElement":[{"@type":"ListItem","position":1,"name":"Home","item":"https:\/\/impactnw.org\/home\/"},{"@type":"ListItem","position":2,"name":"Programs","item":"https:\/\/impactnw.org\/programs\/"},{"@type":"ListItem","position":3,"name":"Youth &#038; Family Services"}]},{"@type":"WebSite","@id":"https:\/\/impactnw.org\/#website","url":"https:\/\/impactnw.org\/","name":"Impacto NW","description":"Inspiradora esperanza. Empoderando la independencia.","potentialAction":[{"@type":"SearchAction","target":{"@type":"EntryPoint","urlTemplate":"https:\/\/impactnw.org\/?s={search_term_string}"},"query-input":{"@type":"PropertyValueSpecification","valueRequired":true,"valueName":"search_term_string"}}],"inLanguage":"es"}]}},"_links":{"self":[{"href":"https:\/\/impactnw.org\/es\/wp-json\/wp\/v2\/pages\/57","targetHints":{"allow":["GET"]}}],"collection":[{"href":"https:\/\/impactnw.org\/es\/wp-json\/wp\/v2\/pages"}],"about":[{"href":"https:\/\/impactnw.org\/es\/wp-json\/wp\/v2\/types\/page"}],"author":[{"embeddable":true,"href":"https:\/\/impactnw.org\/es\/wp-json\/wp\/v2\/users\/21"}],"replies":[{"embeddable":true,"href":"https:\/\/impactnw.org\/es\/wp-json\/wp\/v2\/comments?post=57"}],"version-history":[{"count":4,"href":"https:\/\/impactnw.org\/es\/wp-json\/wp\/v2\/pages\/57\/revisions"}],"predecessor-version":[{"id":22770,"href":"https:\/\/impactnw.org\/es\/wp-json\/wp\/v2\/pages\/57\/revisions\/22770"}],"up":[{"embeddable":true,"href":"https:\/\/impactnw.org\/es\/wp-json\/wp\/v2\/pages\/8"}],"wp:attachment":[{"href":"https:\/\/impactnw.org\/es\/wp-json\/wp\/v2\/media?parent=57"}],"curies":[{"name":"wp","href":"https:\/\/api.w.org\/{rel}","templated":true}]}}