{"id":55,"date":"2011-09-28T21:59:37","date_gmt":"2011-09-28T21:59:37","guid":{"rendered":"http:\/\/dev.impactnw.org\/wp_11_2011\/?page_id=55"},"modified":"2025-03-25T09:48:29","modified_gmt":"2025-03-25T16:48:29","slug":"parent-child-development-services","status":"publish","type":"page","link":"https:\/\/impactnw.org\/es\/programs\/early-childhood\/parent-child-development-services\/","title":{"rendered":"Servicios de desarrollo para padres e hijos"},"content":{"rendered":"<section  class='av_textblock_section av-5wcsn-13b5acd820b40528a68737c3463aa184'   itemscope=\"itemscope\" itemtype=\"https:\/\/schema.org\/CreativeWork\" ><div class='avia_textblock'  itemprop=\"text\" ><h3><\/h3>\n<h1>Servicios de desarrollo para padres e hijos<\/h1>\n<h2>Impact NW believes that parents are a child\u2019s first and most important teacher\u2026<\/h2>\n<p>At Impact NW, we believe that parents are the first and most important teachers of a child.<\/p>\n<p>Unfortunately, many low-income parents lack the time and resources needed to fully support their child\u2019s early growth. That&#8217;s why our Parent-Child Development Services program is here to provide the support and skills parents need to nurture their children&#8217;s learning and development.<\/p>\n<\/div><\/section>\n\n<style type=\"text\/css\" data-created_by=\"avia_inline_auto\" id=\"style-css-av-k1wwxj0n-73b452e63fbff34eadb1920602ca31f0\">\n#top .hr.hr-invisible.av-k1wwxj0n-73b452e63fbff34eadb1920602ca31f0{\nmargin-top:-10px;\nheight:1px;\n}\n<\/style>\n<div  class='hr av-k1wwxj0n-73b452e63fbff34eadb1920602ca31f0 hr-invisible  avia-builder-el-1  el_after_av_textblock  el_before_av_three_fifth'><span class='hr-inner'><span class=\"hr-inner-style\"><\/span><\/span><\/div>\n\n<style type=\"text\/css\" data-created_by=\"avia_inline_auto\" id=\"style-css-av-51hzr-1695d3762f19707e448dd04c47436cb7\">\n.flex_column.av-51hzr-1695d3762f19707e448dd04c47436cb7{\nborder-radius:0px 0px 0px 0px;\npadding:0px 0px 0px 0px;\n}\n<\/style>\n<div  class='flex_column av-51hzr-1695d3762f19707e448dd04c47436cb7 av_three_fifth  avia-builder-el-2  el_after_av_hr  el_before_av_two_fifth  first flex_column_div av-zero-column-padding'     ><section  class='av_textblock_section av-4b807-b3f8a1ddc548e49c516327470f14c9fd'   itemscope=\"itemscope\" itemtype=\"https:\/\/schema.org\/CreativeWork\" ><div class='avia_textblock'  itemprop=\"text\" ><h3><\/h3>\n<h3>Ayudamos a unir a las familias y al mismo tiempo empoderar a los padres para garantizar un futuro brillante para sus hijos.<\/h3>\n<p>Los grupos de juego de desarrollo para padres e hijos permiten a los padres participar en actividades divertidas e interactivas en el aula con sus hijos y para aprender sobre temas tales como nutrici\u00f3n, desarrollo infantil y habilidades positivas para la crianza de los hijos. Nuestros grupos de juego se llevan a cabo en el Centro Comunitario Brentwood-Darlington y en las escuelas de SE y SW Portland.<\/p>\n<p>Las familias reciben visitas domiciliarias gratuitas, controles de vacunaci\u00f3n y evaluaciones de desarrollo para asegurarse de que sus hijos est\u00e9n felices y sanos. Para ni\u00f1os entre 3 y 5 a\u00f1os de edad, tambi\u00e9n nos enfocamos en la preparaci\u00f3n escolar y las habilidades sociales.<\/p>\n<h3>Our program strengthens families by helping parents feel empowered to create a bright future for their children.<\/h3>\n<p>Through our Parent-Child Development playgroups, parents and children enjoy fun, interactive activities together while learning about nutrition, child development, and positive parenting strategies. These playgroups take place at the Brentwood-Darlington Community Center, local apartment complexes, and other locations across SE Portland.<\/p>\n<p>We are proud to share that we offer services in English,Spanish, Chinese,Ukrainian and Russian to better support our diverse community.<\/p>\n<p>In addition, families benefit from free home visits, immunization checks, and developmental screenings to ensure children are happy and healthy. For children aged 3 to 5, we focus on preparing them for school and helping them develop essential social skills.<\/p>\n<\/div><\/section><br \/>\n\n<style type=\"text\/css\" data-created_by=\"avia_inline_auto\" id=\"style-css-av-m8n9m1j0-4a481c8565b187daf795dc9b3fb42bb0\">\n.avia-image-container.av-m8n9m1j0-4a481c8565b187daf795dc9b3fb42bb0 img.avia_image{\nbox-shadow:none;\n}\n.avia-image-container.av-m8n9m1j0-4a481c8565b187daf795dc9b3fb42bb0 .av-image-caption-overlay-center{\ncolor:#ffffff;\n}\n<\/style>\n<div  class='avia-image-container av-m8n9m1j0-4a481c8565b187daf795dc9b3fb42bb0 av-styling- avia-align-center  avia-builder-el-4  el_after_av_textblock  el_before_av_hr'   itemprop=\"image\" itemscope=\"itemscope\" itemtype=\"https:\/\/schema.org\/ImageObject\" ><div class=\"avia-image-container-inner\"><div class=\"avia-image-overlay-wrap\"><img decoding=\"async\" fetchpriority=\"high\" class='wp-image-21277 avia-img-lazy-loading-not-21277 avia_image' src=\"https:\/\/impactnw.org\/wp-content\/uploads\/2025\/03\/PCDS-Family.jpg\" alt='' title='PCDS Family'  height=\"642\" width=\"856\"  itemprop=\"thumbnailUrl\" srcset=\"https:\/\/impactnw.org\/wp-content\/uploads\/2025\/03\/PCDS-Family.jpg 856w, https:\/\/impactnw.org\/wp-content\/uploads\/2025\/03\/PCDS-Family-300x225.jpg 300w, https:\/\/impactnw.org\/wp-content\/uploads\/2025\/03\/PCDS-Family-768x576.jpg 768w, https:\/\/impactnw.org\/wp-content\/uploads\/2025\/03\/PCDS-Family-16x12.jpg 16w, https:\/\/impactnw.org\/wp-content\/uploads\/2025\/03\/PCDS-Family-705x529.jpg 705w\" sizes=\"(max-width: 856px) 100vw, 856px\" \/><\/div><\/div><\/div><br \/>\n\n<style type=\"text\/css\" data-created_by=\"avia_inline_auto\" id=\"style-css-av-33r43-79e287f167d64444d90bca8b6ba8a32e\">\n#top .hr.hr-invisible.av-33r43-79e287f167d64444d90bca8b6ba8a32e{\nheight:15px;\n}\n<\/style>\n<div  class='hr av-33r43-79e287f167d64444d90bca8b6ba8a32e hr-invisible  avia-builder-el-5  el_after_av_image  avia-builder-el-last'><span class='hr-inner'><span class=\"hr-inner-style\"><\/span><\/span><\/div><\/p><\/div>\n\n<style type=\"text\/css\" data-created_by=\"avia_inline_auto\" id=\"style-css-av-1z0tz-1ee3aa8368de06f1654a725a9b3c3dc5\">\n.flex_column.av-1z0tz-1ee3aa8368de06f1654a725a9b3c3dc5{\nborder-radius:0px 0px 0px 0px;\npadding:0px 0px 0px 0px;\n}\n<\/style>\n<div  class='flex_column av-1z0tz-1ee3aa8368de06f1654a725a9b3c3dc5 av_two_fifth  avia-builder-el-6  el_after_av_three_fifth  el_before_av_hr  flex_column_div av-zero-column-padding'     ><p>\n<style type=\"text\/css\" data-created_by=\"avia_inline_auto\" id=\"style-css-av-1m9cb-8495a2ddc3a288fa76562cfd97125d1a\">\n.avia-image-container.av-1m9cb-8495a2ddc3a288fa76562cfd97125d1a img.avia_image{\nbox-shadow:none;\n}\n.avia-image-container.av-1m9cb-8495a2ddc3a288fa76562cfd97125d1a .av-image-caption-overlay-center{\ncolor:#ffffff;\n}\n<\/style>\n<div  class='avia-image-container av-1m9cb-8495a2ddc3a288fa76562cfd97125d1a av-styling- avia-align-center  avia-builder-el-7  el_before_av_promobox  avia-builder-el-first'   itemprop=\"image\" itemscope=\"itemscope\" itemtype=\"https:\/\/schema.org\/ImageObject\" ><div class=\"avia-image-container-inner\"><div class=\"avia-image-overlay-wrap\"><img decoding=\"async\" fetchpriority=\"high\" class='wp-image-21275 avia-img-lazy-loading-not-21275 avia_image' src=\"https:\/\/impactnw.org\/wp-content\/uploads\/2025\/03\/PCDS.jpg\" alt='' title='PCDS'  height=\"798\" width=\"596\"  itemprop=\"thumbnailUrl\" srcset=\"https:\/\/impactnw.org\/wp-content\/uploads\/2025\/03\/PCDS.jpg 596w, https:\/\/impactnw.org\/wp-content\/uploads\/2025\/03\/PCDS-224x300.jpg 224w, https:\/\/impactnw.org\/wp-content\/uploads\/2025\/03\/PCDS-9x12.jpg 9w, https:\/\/impactnw.org\/wp-content\/uploads\/2025\/03\/PCDS-527x705.jpg 527w\" sizes=\"(max-width: 596px) 100vw, 596px\" \/><\/div><\/div><\/div><br \/>\n\n<style type=\"text\/css\" data-created_by=\"avia_inline_auto\" id=\"style-css-av-101vr-f4cecd3966faf69f937e99c353645176\">\n.av_promobox.av-101vr-f4cecd3966faf69f937e99c353645176{\ncolor:#ffffff;\nbackground:#1c3848;\n}\n<\/style>\n<div  class='av_promobox av-101vr-f4cecd3966faf69f937e99c353645176 avia-button-no  avia-builder-el-8  el_after_av_image  el_before_av_textblock'><div class='avia-promocontent'><\/p>\n<h3 style=\"color: #f6bb17; font-weight: bold;\">Interested in learning more?<\/h3>\n<p>Please call our Parent-Child Development Services program at <u><span style=\"color: #ffffff;\"><a style=\"color: #ffffff;\" href=\"tel:503-294-7363\">503-294-7363<\/a><\/span><\/u> to discover the range of services we offer. Your conversation will be completely confidential.<\/p>\n<p>If Impact NW isn\u2019t the best fit for you, we\u2019ll gladly help connect you to the right resources.<\/p>\n<p>Alternatively, you can complete this <u><span style=\"color: #ffffff;\"><a style=\"color: #ffffff;\" href=\"https:\/\/docs.google.com\/forms\/d\/e\/1FAIpQLSfHngsPcWUnwVuWpijDAhQasQ9_RYvgBglij53TrvvLjAthyg\/viewform\" target=\"_blank\" rel=\"noopener\">Self-Referral Form<\/a><\/span><\/u> to get started.<\/p>\n<\/div><\/div><br \/>\n<section  class='av_textblock_section av-2oh43-0b10d4b380a94872992ec85f4a5d5c53'   itemscope=\"itemscope\" itemtype=\"https:\/\/schema.org\/CreativeWork\" ><div class='avia_textblock'  itemprop=\"text\" ><p><em>Stay connected with us by following us on <a href=\"https:\/\/www.instagram.com\/pcds.social\/\" target=\"_blank\" rel=\"noopener\">Instagram<\/a> for updates and more information!<\/em><\/p>\n<div class=\"wp-block-image\"><img loading=\"lazy\" decoding=\"async\" class=\"wpa-warning wpa-image-missing-alt aligncenter wp-image-21274\" src=\"https:\/\/impactnw.org\/wp-content\/uploads\/2025\/03\/PCDS-Instagram.png\" alt=\"\" width=\"198\" height=\"226\" data-warning=\"Missing alt text\" srcset=\"https:\/\/impactnw.org\/wp-content\/uploads\/2025\/03\/PCDS-Instagram.png 318w, https:\/\/impactnw.org\/wp-content\/uploads\/2025\/03\/PCDS-Instagram-264x300.png 264w, https:\/\/impactnw.org\/wp-content\/uploads\/2025\/03\/PCDS-Instagram-11x12.png 11w\" sizes=\"auto, (max-width: 198px) 100vw, 198px\" \/><\/div>\n<h3><\/h3>\n<\/div><\/section><\/p><\/div>\n<div  class='hr av-14gr7-eaba70b547c6f259f63deaadccb079e6 hr-default  avia-builder-el-10  el_after_av_two_fifth  el_before_av_textblock'><span class='hr-inner'><span class=\"hr-inner-style\"><\/span><\/span><\/div>\n<section  class='av_textblock_section av-m8n9qfkk-68b5aeb82fc6c6807fadb045b18e827f'   itemscope=\"itemscope\" itemtype=\"https:\/\/schema.org\/CreativeWork\" ><div class='avia_textblock'  itemprop=\"text\" ><h3>Meet Parent Child Specialist: Yanting Lao<\/h3>\n<div class=\"wp-block-image\"><img loading=\"lazy\" decoding=\"async\" class=\"wpa-warning wpa-image-missing-alt wp-image-21279 alignright\" src=\"https:\/\/impactnw.org\/wp-content\/uploads\/2025\/03\/Yanting-Lao-PCDS.jpg\" alt=\"\" width=\"434\" height=\"577\" data-warning=\"Missing alt text\" srcset=\"https:\/\/impactnw.org\/wp-content\/uploads\/2025\/03\/Yanting-Lao-PCDS.jpg 468w, https:\/\/impactnw.org\/wp-content\/uploads\/2025\/03\/Yanting-Lao-PCDS-226x300.jpg 226w, https:\/\/impactnw.org\/wp-content\/uploads\/2025\/03\/Yanting-Lao-PCDS-9x12.jpg 9w\" sizes=\"auto, (max-width: 434px) 100vw, 434px\" \/><\/div>\n<p>Yanting began working at Impact NW&#8217;s Parent-Child Development Services on March 20th, 2017. However, her journey into the world of supporting families didn\u2019t begin there.<\/p>\n<p>Yanting was first introduced to the field through a desire to expand her skills and knowledge. During the pandemic, she took the opportunity to return to school through online classes, where she deepened her understanding of parenting and child development. Though she wasn\u2019t new to the world of parenthood, her education, combined with her hands-on experiences and work-related training, allowed her to provide even more support to families during home visits.<\/p>\n<p>Yanting had always known the importance of continuous learning, and she quickly realized that furthering her education would enhance her ability to help others. \u201cI wanted to increase my knowledge and abilities, both personally and professionally, and the online classes I took supported my understanding of parenting and child development,\u201d she said. \u201cThe combination of education, training, and lived experience has allowed me to truly connect with the families I serve.\u201d<\/p>\n<p><strong>What encouraged you to further your education, and how has that enhanced your ability to support families?<\/strong><\/p>\n<p>&#8220;My decision to return to school during the pandemic was driven by my desire to expand my knowledge and enhance my skills. The combination of my education and hands-on training has truly helped me support families in a more meaningful way. I feel more equipped to share insights and offer practical solutions, and it&#8217;s been incredibly fulfilling to see how much the families appreciate this support.&#8221;<\/p>\n<p><strong>Looking ahead, what are your hopes and dreams for the future, both personally and professionally?<\/strong><\/p>\n<p><img loading=\"lazy\" decoding=\"async\" class=\"wpa-warning wpa-image-missing-alt size-full wp-image-21280 alignleft\" src=\"https:\/\/impactnw.org\/wp-content\/uploads\/2025\/03\/PCDS-Lanting-Lao.jpg\" alt=\"\" width=\"468\" height=\"351\" data-warning=\"Missing alt text\" srcset=\"https:\/\/impactnw.org\/wp-content\/uploads\/2025\/03\/PCDS-Lanting-Lao.jpg 468w, https:\/\/impactnw.org\/wp-content\/uploads\/2025\/03\/PCDS-Lanting-Lao-300x225.jpg 300w, https:\/\/impactnw.org\/wp-content\/uploads\/2025\/03\/PCDS-Lanting-Lao-16x12.jpg 16w\" sizes=\"auto, (max-width: 468px) 100vw, 468px\" \/><\/p>\n<p>\u201cPersonally, I want to continue focusing on my growth and learning new skills to improve my overall wellness. Professionally, my goal is to become an expert in my field and continue developing skills that help me better serve and support the families I work with. I hope to set new goals that will allow me to grow within my role and make an even greater impact on the families I work with.\u201d<\/p>\n<p>Yanting has found great satisfaction in helping families achieve their goals, no matter how small they may seem. Walking alongside families in their journeys and helping them experience even the smallest wins has been one of the most rewarding parts of her work.<\/p>\n<\/div><\/section>","protected":false},"excerpt":{"rendered":"","protected":false},"author":21,"featured_media":0,"parent":51,"menu_order":2,"comment_status":"closed","ping_status":"closed","template":"","meta":{"_monsterinsights_skip_tracking":false,"_monsterinsights_sitenote_active":false,"_monsterinsights_sitenote_note":"","_monsterinsights_sitenote_category":0,"footnotes":"","_links_to":"","_links_to_target":""},"class_list":["post-55","page","type-page","status-publish","hentry"],"yoast_head":"<!-- This site is optimized with the Yoast SEO plugin v27.3 - https:\/\/yoast.com\/product\/yoast-seo-wordpress\/ -->\n<title>Parent-Child Development Services and Playgroups &#8211; Impact NW<\/title>\n<meta name=\"description\" content=\"Parent-Child Development playgroups help parents to engage with their children and learn about child development and positive parenting skills.\" \/>\n<meta name=\"robots\" content=\"index, follow, max-snippet:-1, max-image-preview:large, max-video-preview:-1\" \/>\n<link rel=\"canonical\" href=\"https:\/\/impactnw.org\/es\/programs\/early-childhood\/parent-child-development-services\/\" \/>\n<meta property=\"og:locale\" content=\"es_ES\" \/>\n<meta property=\"og:type\" content=\"article\" \/>\n<meta property=\"og:title\" content=\"Parent-Child Development Services and Playgroups &#8211; Impact NW\" \/>\n<meta property=\"og:description\" content=\"Parent-Child Development playgroups help parents to engage with their children and learn about child development and positive parenting skills.\" \/>\n<meta property=\"og:url\" content=\"https:\/\/impactnw.org\/es\/programs\/early-childhood\/parent-child-development-services\/\" \/>\n<meta property=\"og:site_name\" content=\"Impact NW\" \/>\n<meta property=\"article:publisher\" content=\"http:\/\/www.facebook.com\/ImpactNWsince1966\" \/>\n<meta property=\"article:modified_time\" content=\"2025-03-25T16:48:29+00:00\" \/>\n<meta property=\"og:image\" content=\"https:\/\/impactnw.org\/wp-content\/uploads\/2025\/03\/PCDS-Instagram.png\" \/>\n<meta name=\"twitter:card\" content=\"summary_large_image\" \/>\n<meta name=\"twitter:site\" content=\"@impactnw\" \/>\n<meta name=\"twitter:label1\" content=\"Tiempo de lectura\" \/>\n\t<meta name=\"twitter:data1\" content=\"5 minutos\" \/>\n<script type=\"application\/ld+json\" class=\"yoast-schema-graph\">{\"@context\":\"https:\\\/\\\/schema.org\",\"@graph\":[{\"@type\":\"WebPage\",\"@id\":\"https:\\\/\\\/impactnw.org\\\/programs\\\/early-childhood\\\/parent-child-development-services\\\/\",\"url\":\"https:\\\/\\\/impactnw.org\\\/programs\\\/early-childhood\\\/parent-child-development-services\\\/\",\"name\":\"Parent-Child Development Services and Playgroups &#8211; Impact NW\",\"isPartOf\":{\"@id\":\"https:\\\/\\\/impactnw.org\\\/#website\"},\"primaryImageOfPage\":{\"@id\":\"https:\\\/\\\/impactnw.org\\\/programs\\\/early-childhood\\\/parent-child-development-services\\\/#primaryimage\"},\"image\":{\"@id\":\"https:\\\/\\\/impactnw.org\\\/programs\\\/early-childhood\\\/parent-child-development-services\\\/#primaryimage\"},\"thumbnailUrl\":\"https:\\\/\\\/impactnw.org\\\/wp-content\\\/uploads\\\/2025\\\/03\\\/PCDS-Instagram.png\",\"datePublished\":\"2011-09-28T21:59:37+00:00\",\"dateModified\":\"2025-03-25T16:48:29+00:00\",\"description\":\"Parent-Child Development playgroups help parents to engage with their children and learn about child development and positive parenting skills.\",\"breadcrumb\":{\"@id\":\"https:\\\/\\\/impactnw.org\\\/programs\\\/early-childhood\\\/parent-child-development-services\\\/#breadcrumb\"},\"inLanguage\":\"es\",\"potentialAction\":[{\"@type\":\"ReadAction\",\"target\":[\"https:\\\/\\\/impactnw.org\\\/programs\\\/early-childhood\\\/parent-child-development-services\\\/\"]}]},{\"@type\":\"ImageObject\",\"inLanguage\":\"es\",\"@id\":\"https:\\\/\\\/impactnw.org\\\/programs\\\/early-childhood\\\/parent-child-development-services\\\/#primaryimage\",\"url\":\"https:\\\/\\\/impactnw.org\\\/wp-content\\\/uploads\\\/2025\\\/03\\\/PCDS-Instagram.png\",\"contentUrl\":\"https:\\\/\\\/impactnw.org\\\/wp-content\\\/uploads\\\/2025\\\/03\\\/PCDS-Instagram.png\"},{\"@type\":\"BreadcrumbList\",\"@id\":\"https:\\\/\\\/impactnw.org\\\/programs\\\/early-childhood\\\/parent-child-development-services\\\/#breadcrumb\",\"itemListElement\":[{\"@type\":\"ListItem\",\"position\":1,\"name\":\"Home\",\"item\":\"https:\\\/\\\/impactnw.org\\\/home\\\/\"},{\"@type\":\"ListItem\",\"position\":2,\"name\":\"Programs\",\"item\":\"https:\\\/\\\/impactnw.org\\\/programs\\\/\"},{\"@type\":\"ListItem\",\"position\":3,\"name\":\"Early Childhood Services\",\"item\":\"https:\\\/\\\/impactnw.org\\\/programs\\\/early-childhood\\\/\"},{\"@type\":\"ListItem\",\"position\":4,\"name\":\"Parent-Child Development Services\"}]},{\"@type\":\"WebSite\",\"@id\":\"https:\\\/\\\/impactnw.org\\\/#website\",\"url\":\"https:\\\/\\\/impactnw.org\\\/\",\"name\":\"Impact NW\",\"description\":\"Inspiring Hope. Empowering Independence.\",\"potentialAction\":[{\"@type\":\"SearchAction\",\"target\":{\"@type\":\"EntryPoint\",\"urlTemplate\":\"https:\\\/\\\/impactnw.org\\\/?s={search_term_string}\"},\"query-input\":{\"@type\":\"PropertyValueSpecification\",\"valueRequired\":true,\"valueName\":\"search_term_string\"}}],\"inLanguage\":\"es\"}]}<\/script>\n<!-- \/ Yoast SEO plugin. -->","yoast_head_json":{"title":"Parent-Child Development Services and Playgroups &#8211; Impact NW","description":"Los grupos de juego de desarrollo para padres e hijos ayudan a los padres a relacionarse con sus hijos y a aprender sobre el desarrollo infantil y las habilidades positivas para ser padres.","robots":{"index":"index","follow":"follow","max-snippet":"max-snippet:-1","max-image-preview":"max-image-preview:large","max-video-preview":"max-video-preview:-1"},"canonical":"https:\/\/impactnw.org\/es\/programs\/early-childhood\/parent-child-development-services\/","og_locale":"es_ES","og_type":"article","og_title":"Parent-Child Development Services and Playgroups &#8211; Impact NW","og_description":"Parent-Child Development playgroups help parents to engage with their children and learn about child development and positive parenting skills.","og_url":"https:\/\/impactnw.org\/es\/programs\/early-childhood\/parent-child-development-services\/","og_site_name":"Impact NW","article_publisher":"http:\/\/www.facebook.com\/ImpactNWsince1966","article_modified_time":"2025-03-25T16:48:29+00:00","og_image":[{"url":"https:\/\/impactnw.org\/wp-content\/uploads\/2025\/03\/PCDS-Instagram.png","type":"","width":"","height":""}],"twitter_card":"summary_large_image","twitter_site":"@impactnw","twitter_misc":{"Tiempo de lectura":"5 minutos"},"schema":{"@context":"https:\/\/schema.org","@graph":[{"@type":"WebPage","@id":"https:\/\/impactnw.org\/programs\/early-childhood\/parent-child-development-services\/","url":"https:\/\/impactnw.org\/programs\/early-childhood\/parent-child-development-services\/","name":"Parent-Child Development Services and Playgroups &#8211; Impact NW","isPartOf":{"@id":"https:\/\/impactnw.org\/#website"},"primaryImageOfPage":{"@id":"https:\/\/impactnw.org\/programs\/early-childhood\/parent-child-development-services\/#primaryimage"},"image":{"@id":"https:\/\/impactnw.org\/programs\/early-childhood\/parent-child-development-services\/#primaryimage"},"thumbnailUrl":"https:\/\/impactnw.org\/wp-content\/uploads\/2025\/03\/PCDS-Instagram.png","datePublished":"2011-09-28T21:59:37+00:00","dateModified":"2025-03-25T16:48:29+00:00","description":"Los grupos de juego de desarrollo para padres e hijos ayudan a los padres a relacionarse con sus hijos y a aprender sobre el desarrollo infantil y las habilidades positivas para ser padres.","breadcrumb":{"@id":"https:\/\/impactnw.org\/programs\/early-childhood\/parent-child-development-services\/#breadcrumb"},"inLanguage":"es","potentialAction":[{"@type":"ReadAction","target":["https:\/\/impactnw.org\/programs\/early-childhood\/parent-child-development-services\/"]}]},{"@type":"ImageObject","inLanguage":"es","@id":"https:\/\/impactnw.org\/programs\/early-childhood\/parent-child-development-services\/#primaryimage","url":"https:\/\/impactnw.org\/wp-content\/uploads\/2025\/03\/PCDS-Instagram.png","contentUrl":"https:\/\/impactnw.org\/wp-content\/uploads\/2025\/03\/PCDS-Instagram.png"},{"@type":"BreadcrumbList","@id":"https:\/\/impactnw.org\/programs\/early-childhood\/parent-child-development-services\/#breadcrumb","itemListElement":[{"@type":"ListItem","position":1,"name":"Home","item":"https:\/\/impactnw.org\/home\/"},{"@type":"ListItem","position":2,"name":"Programs","item":"https:\/\/impactnw.org\/programs\/"},{"@type":"ListItem","position":3,"name":"Early Childhood Services","item":"https:\/\/impactnw.org\/programs\/early-childhood\/"},{"@type":"ListItem","position":4,"name":"Parent-Child Development Services"}]},{"@type":"WebSite","@id":"https:\/\/impactnw.org\/#website","url":"https:\/\/impactnw.org\/","name":"Impacto NW","description":"Inspiradora esperanza. Empoderando la independencia.","potentialAction":[{"@type":"SearchAction","target":{"@type":"EntryPoint","urlTemplate":"https:\/\/impactnw.org\/?s={search_term_string}"},"query-input":{"@type":"PropertyValueSpecification","valueRequired":true,"valueName":"search_term_string"}}],"inLanguage":"es"}]}},"_links":{"self":[{"href":"https:\/\/impactnw.org\/es\/wp-json\/wp\/v2\/pages\/55","targetHints":{"allow":["GET"]}}],"collection":[{"href":"https:\/\/impactnw.org\/es\/wp-json\/wp\/v2\/pages"}],"about":[{"href":"https:\/\/impactnw.org\/es\/wp-json\/wp\/v2\/types\/page"}],"author":[{"embeddable":true,"href":"https:\/\/impactnw.org\/es\/wp-json\/wp\/v2\/users\/21"}],"replies":[{"embeddable":true,"href":"https:\/\/impactnw.org\/es\/wp-json\/wp\/v2\/comments?post=55"}],"version-history":[{"count":12,"href":"https:\/\/impactnw.org\/es\/wp-json\/wp\/v2\/pages\/55\/revisions"}],"predecessor-version":[{"id":22092,"href":"https:\/\/impactnw.org\/es\/wp-json\/wp\/v2\/pages\/55\/revisions\/22092"}],"up":[{"embeddable":true,"href":"https:\/\/impactnw.org\/es\/wp-json\/wp\/v2\/pages\/51"}],"wp:attachment":[{"href":"https:\/\/impactnw.org\/es\/wp-json\/wp\/v2\/media?parent=55"}],"curies":[{"name":"wp","href":"https:\/\/api.w.org\/{rel}","templated":true}]}}