{"id":53,"date":"2011-09-28T21:59:11","date_gmt":"2011-09-28T21:59:11","guid":{"rendered":"http:\/\/dev.impactnw.org\/wp_11_2011\/?page_id=53"},"modified":"2025-09-24T13:37:02","modified_gmt":"2025-09-24T20:37:02","slug":"healthy-families","status":"publish","type":"page","link":"https:\/\/impactnw.org\/es\/programs\/early-childhood\/healthy-families\/","title":{"rendered":"Familias Saludables"},"content":{"rendered":"<style type=\"text\/css\" data-created_by=\"avia_inline_auto\" id=\"style-css-av-3u311-0dad19d9bbeaf8f55b3b58d5dbe5dace\">\n.flex_column.av-3u311-0dad19d9bbeaf8f55b3b58d5dbe5dace{\nborder-radius:0px 0px 0px 0px;\npadding:0px 0px 0px 0px;\n}\n<\/style>\n<div  class='flex_column av-3u311-0dad19d9bbeaf8f55b3b58d5dbe5dace av_three_fifth  avia-builder-el-0  el_before_av_two_fifth  avia-builder-el-first  first flex_column_div av-zero-column-padding'     ><section  class='av_textblock_section av-lm6z819u-3e6b848415044ab0fda9c05ff466511e'   itemscope=\"itemscope\" itemtype=\"https:\/\/schema.org\/CreativeWork\" ><div class='avia_textblock'  itemprop=\"text\" ><h1>Familias Saludables<\/h1>\n<\/div><\/section><br \/>\n<section  class='av_textblock_section av-lm6zbqz4-23e8fe32a9d598e7d97eee9b612d0cc1'   itemscope=\"itemscope\" itemtype=\"https:\/\/schema.org\/CreativeWork\" ><div class='avia_textblock'  itemprop=\"text\" ><h2>Healthy Families tiene como objetivo enriquecer y ayudar a apoyar a los miembros m\u00e1s j\u00f3venes y vulnerables de nuestra regi\u00f3n.<\/h2>\n<\/div><\/section><br \/>\n<section  class='av_textblock_section av-38d5t-f7b65b810a5e2831f93ab368e51342c0'   itemscope=\"itemscope\" itemtype=\"https:\/\/schema.org\/CreativeWork\" ><div class='avia_textblock'  itemprop=\"text\" ><p>Tener un hijo trae grandes cambios a tu vida. A todas las personas que tienen un beb\u00e9 les vendr\u00eda bien un apoyo adicional. Es por eso que el programa Familias Saludables est\u00e1 aqu\u00ed.<\/p>\n<p>Nuestro programa Healthy Families conecta a las familias con las herramientas y los recursos que necesitan para ayudar a que sus reci\u00e9n nacidos crezcan sanos, felices y listos para aprender.<\/p>\n<\/div><\/section><\/p><\/div>\n\n<style type=\"text\/css\" data-created_by=\"avia_inline_auto\" id=\"style-css-av-2yn31-ff5afd56bdbe426059c8e4c829c7639d\">\n.flex_column.av-2yn31-ff5afd56bdbe426059c8e4c829c7639d{\nborder-radius:0px 0px 0px 0px;\npadding:20px 20px 20px 20px;\nbackground-color:#1c3848;\n}\n<\/style>\n<div  class='flex_column av-2yn31-ff5afd56bdbe426059c8e4c829c7639d av_two_fifth  avia-builder-el-4  el_after_av_three_fifth  el_before_av_three_fifth  flex_column_div'     ><section  class='av_textblock_section av-lm6ydyiy-00e053150f10dd0630098921b40cb5fc'   itemscope=\"itemscope\" itemtype=\"https:\/\/schema.org\/CreativeWork\" ><div class='avia_textblock'  itemprop=\"text\" ><h4 style=\"color: #f6bb17; font-weight: bold;\">\u00bfPodemos ayudarte?<\/h4>\n<p><span style=\"color: #ffffff;\">Para obtener detalles de inscripci\u00f3n o solicitar una derivaci\u00f3n a nuestro programa Healthy Families, llame a Servicios para la Primera Infancia del Condado de Multnomah al 503-988-3520.<\/span><\/p>\n<p><span style=\"color: #ffffff;\">Para enviar una referencia en l\u00ednea, haga clic en el bot\u00f3n a continuaci\u00f3n para visitar el sitio web del condado de Multnomah.<\/span><\/p>\n<\/div><\/section><br \/>\n<div  class='avia-button-wrap av-lm6yfbf4-762f2de5727a54c6a32a7b4d052958d7-wrap avia-button-center  avia-builder-el-6  el_after_av_textblock  avia-builder-el-last'><a href='https:\/\/www.multco.us\/healthy-families'  class='avia-button av-lm6yfbf4-762f2de5727a54c6a32a7b4d052958d7 av-link-btn avia-icon_select-yes-left-icon avia-size-medium avia-position-center avia-color-theme-color'  target=\"_blank\"  rel=\"noopener noreferrer\"  aria-label=\"Servicios de salud del condado de Multnomah\"><span class='avia_button_icon avia_button_icon_left avia-iconfont avia-font-entypo-fontello' data-av_icon='\ue81f' data-av_iconfont='entypo-fontello' ><\/span><span class='avia_iconbox_title' >Servicios de salud del condado de Multnomah<\/span><\/a><\/div><\/p><\/div>\n\n<style type=\"text\/css\" data-created_by=\"avia_inline_auto\" id=\"style-css-av-6ett-a2a1bfaee8a21b3482c489fafd281bfb\">\n.flex_column.av-6ett-a2a1bfaee8a21b3482c489fafd281bfb{\nborder-radius:0px 0px 0px 0px;\npadding:0px 0px 0px 0px;\n}\n<\/style>\n<div  class='flex_column av-6ett-a2a1bfaee8a21b3482c489fafd281bfb av_three_fifth  avia-builder-el-7  el_after_av_two_fifth  el_before_av_two_fifth  first flex_column_div av-zero-column-padding'     ><section  class='av_textblock_section av-13na1-4a6e55779e36e5bd526116fb77830d39'   itemscope=\"itemscope\" itemtype=\"https:\/\/schema.org\/CreativeWork\" ><div class='avia_textblock'  itemprop=\"text\" ><p>Healthy Families es gratuito y voluntario y presta servicios a todas las familias del condado de Multnomah sin requisitos de ingresos ni de seguro. Trabajamos estrechamente con los padres de reci\u00e9n nacidos a trav\u00e9s de una serie de visitas domiciliarias a:<\/p>\n<ul>\n<li>promover relaciones positivas entre padres e hijos<\/li>\n<li>apoyar el crecimiento y desarrollo de la infancia saludable<\/li>\n<li>mejorar el sistema de apoyo familiar al ense\u00f1ar a los padres a identificar fortalezas y utilizar habilidades para resolver problemas<\/li>\n<\/ul>\n<p>Brindamos informaci\u00f3n sobre el desarrollo infantil y el cuidado infantil, ex\u00e1menes gratuitos para asegurar que cada beb\u00e9 est\u00e9 sano y conexiones con servicios de apoyo en su comunidad.<\/p>\n<\/div><\/section><\/div>\n<div  class='flex_column av-151l5-7c0952e0f32357e50ae4c16ca68c56fd av_two_fifth  avia-builder-el-9  el_after_av_three_fifth  avia-builder-el-last  flex_column_div'     ><style type=\"text\/css\" data-created_by=\"avia_inline_auto\" id=\"style-css-av-llwsv0vs-445da41fceff2990e411e9f83cc55b6b\">\n.avia-image-container.av-llwsv0vs-445da41fceff2990e411e9f83cc55b6b img.avia_image{\nbox-shadow:none;\n}\n.avia-image-container.av-llwsv0vs-445da41fceff2990e411e9f83cc55b6b .av-image-caption-overlay-center{\ncolor:#ffffff;\n}\n<\/style>\n<div  class='avia-image-container av-llwsv0vs-445da41fceff2990e411e9f83cc55b6b av-styling- avia-align-center  avia-builder-el-10  avia-builder-el-no-sibling'   itemprop=\"image\" itemscope=\"itemscope\" itemtype=\"https:\/\/schema.org\/ImageObject\" ><div class=\"avia-image-container-inner\"><div class=\"avia-image-overlay-wrap\"><img decoding=\"async\" fetchpriority=\"high\" class='wp-image-17147 avia-img-lazy-loading-not-17147 avia_image' src=\"https:\/\/impactnw.org\/wp-content\/uploads\/2023\/08\/IMG_3938-495x400.jpg\" alt='' title='IMG_3938'  height=\"400\" width=\"495\"  itemprop=\"thumbnailUrl\" srcset=\"https:\/\/impactnw.org\/wp-content\/uploads\/2023\/08\/IMG_3938-495x400.jpg 495w, https:\/\/impactnw.org\/wp-content\/uploads\/2023\/08\/IMG_3938-16x12.jpg 16w, https:\/\/impactnw.org\/wp-content\/uploads\/2023\/08\/IMG_3938-845x684.jpg 845w\" sizes=\"(max-width: 495px) 100vw, 495px\" \/><\/div><\/div><\/div><\/div>","protected":false},"excerpt":{"rendered":"","protected":false},"author":21,"featured_media":0,"parent":51,"menu_order":1,"comment_status":"closed","ping_status":"closed","template":"","meta":{"_monsterinsights_skip_tracking":false,"_monsterinsights_sitenote_active":false,"_monsterinsights_sitenote_note":"","_monsterinsights_sitenote_category":0,"footnotes":"","_links_to":"","_links_to_target":""},"class_list":["post-53","page","type-page","status-publish","hentry"],"yoast_head":"<!-- This site is optimized with the Yoast SEO plugin v27.3 - https:\/\/yoast.com\/product\/yoast-seo-wordpress\/ -->\n<title>Healthy Families: Support for Parents of Newborns &#8211; Impact NW<\/title>\n<meta name=\"description\" content=\"Our Healthy Families program connects families with the tools and resources they need to help their newborns grow up healthy, happy, and ready to learn.\" \/>\n<meta name=\"robots\" content=\"index, follow, max-snippet:-1, max-image-preview:large, max-video-preview:-1\" \/>\n<link rel=\"canonical\" href=\"https:\/\/impactnw.org\/es\/programs\/early-childhood\/healthy-families\/\" \/>\n<meta property=\"og:locale\" content=\"es_ES\" \/>\n<meta property=\"og:type\" content=\"article\" \/>\n<meta property=\"og:title\" content=\"Healthy Families: Support for Parents of Newborns &#8211; Impact NW\" \/>\n<meta property=\"og:description\" content=\"Our Healthy Families program connects families with the tools and resources they need to help their newborns grow up healthy, happy, and ready to learn.\" \/>\n<meta property=\"og:url\" content=\"https:\/\/impactnw.org\/es\/programs\/early-childhood\/healthy-families\/\" \/>\n<meta property=\"og:site_name\" content=\"Impact NW\" \/>\n<meta property=\"article:publisher\" content=\"http:\/\/www.facebook.com\/ImpactNWsince1966\" \/>\n<meta property=\"article:modified_time\" content=\"2025-09-24T20:37:02+00:00\" \/>\n<meta name=\"twitter:card\" content=\"summary_large_image\" \/>\n<meta name=\"twitter:site\" content=\"@impactnw\" \/>\n<meta name=\"twitter:label1\" content=\"Tiempo de lectura\" \/>\n\t<meta name=\"twitter:data1\" content=\"2 minutos\" \/>\n<script type=\"application\/ld+json\" class=\"yoast-schema-graph\">{\"@context\":\"https:\\\/\\\/schema.org\",\"@graph\":[{\"@type\":\"WebPage\",\"@id\":\"https:\\\/\\\/impactnw.org\\\/programs\\\/early-childhood\\\/healthy-families\\\/\",\"url\":\"https:\\\/\\\/impactnw.org\\\/programs\\\/early-childhood\\\/healthy-families\\\/\",\"name\":\"Healthy Families: Support for Parents of Newborns &#8211; Impact NW\",\"isPartOf\":{\"@id\":\"https:\\\/\\\/impactnw.org\\\/#website\"},\"datePublished\":\"2011-09-28T21:59:11+00:00\",\"dateModified\":\"2025-09-24T20:37:02+00:00\",\"description\":\"Our Healthy Families program connects families with the tools and resources they need to help their newborns grow up healthy, happy, and ready to learn.\",\"breadcrumb\":{\"@id\":\"https:\\\/\\\/impactnw.org\\\/programs\\\/early-childhood\\\/healthy-families\\\/#breadcrumb\"},\"inLanguage\":\"es\",\"potentialAction\":[{\"@type\":\"ReadAction\",\"target\":[\"https:\\\/\\\/impactnw.org\\\/programs\\\/early-childhood\\\/healthy-families\\\/\"]}]},{\"@type\":\"BreadcrumbList\",\"@id\":\"https:\\\/\\\/impactnw.org\\\/programs\\\/early-childhood\\\/healthy-families\\\/#breadcrumb\",\"itemListElement\":[{\"@type\":\"ListItem\",\"position\":1,\"name\":\"Home\",\"item\":\"https:\\\/\\\/impactnw.org\\\/home\\\/\"},{\"@type\":\"ListItem\",\"position\":2,\"name\":\"Programs\",\"item\":\"https:\\\/\\\/impactnw.org\\\/programs\\\/\"},{\"@type\":\"ListItem\",\"position\":3,\"name\":\"Early Childhood Services\",\"item\":\"https:\\\/\\\/impactnw.org\\\/programs\\\/early-childhood\\\/\"},{\"@type\":\"ListItem\",\"position\":4,\"name\":\"Healthy Families\"}]},{\"@type\":\"WebSite\",\"@id\":\"https:\\\/\\\/impactnw.org\\\/#website\",\"url\":\"https:\\\/\\\/impactnw.org\\\/\",\"name\":\"Impact NW\",\"description\":\"Inspiring Hope. Empowering Independence.\",\"potentialAction\":[{\"@type\":\"SearchAction\",\"target\":{\"@type\":\"EntryPoint\",\"urlTemplate\":\"https:\\\/\\\/impactnw.org\\\/?s={search_term_string}\"},\"query-input\":{\"@type\":\"PropertyValueSpecification\",\"valueRequired\":true,\"valueName\":\"search_term_string\"}}],\"inLanguage\":\"es\"}]}<\/script>\n<!-- \/ Yoast SEO plugin. -->","yoast_head_json":{"title":"Healthy Families: Support for Parents of Newborns &#8211; Impact NW","description":"Nuestro programa Healthy Families conecta a las familias con las herramientas y los recursos que necesitan para ayudar a que sus reci\u00e9n nacidos crezcan sanos, felices y listos para aprender.","robots":{"index":"index","follow":"follow","max-snippet":"max-snippet:-1","max-image-preview":"max-image-preview:large","max-video-preview":"max-video-preview:-1"},"canonical":"https:\/\/impactnw.org\/es\/programs\/early-childhood\/healthy-families\/","og_locale":"es_ES","og_type":"article","og_title":"Healthy Families: Support for Parents of Newborns &#8211; Impact NW","og_description":"Our Healthy Families program connects families with the tools and resources they need to help their newborns grow up healthy, happy, and ready to learn.","og_url":"https:\/\/impactnw.org\/es\/programs\/early-childhood\/healthy-families\/","og_site_name":"Impact NW","article_publisher":"http:\/\/www.facebook.com\/ImpactNWsince1966","article_modified_time":"2025-09-24T20:37:02+00:00","twitter_card":"summary_large_image","twitter_site":"@impactnw","twitter_misc":{"Tiempo de lectura":"2 minutos"},"schema":{"@context":"https:\/\/schema.org","@graph":[{"@type":"WebPage","@id":"https:\/\/impactnw.org\/programs\/early-childhood\/healthy-families\/","url":"https:\/\/impactnw.org\/programs\/early-childhood\/healthy-families\/","name":"Healthy Families: Support for Parents of Newborns &#8211; Impact NW","isPartOf":{"@id":"https:\/\/impactnw.org\/#website"},"datePublished":"2011-09-28T21:59:11+00:00","dateModified":"2025-09-24T20:37:02+00:00","description":"Nuestro programa Healthy Families conecta a las familias con las herramientas y los recursos que necesitan para ayudar a que sus reci\u00e9n nacidos crezcan sanos, felices y listos para aprender.","breadcrumb":{"@id":"https:\/\/impactnw.org\/programs\/early-childhood\/healthy-families\/#breadcrumb"},"inLanguage":"es","potentialAction":[{"@type":"ReadAction","target":["https:\/\/impactnw.org\/programs\/early-childhood\/healthy-families\/"]}]},{"@type":"BreadcrumbList","@id":"https:\/\/impactnw.org\/programs\/early-childhood\/healthy-families\/#breadcrumb","itemListElement":[{"@type":"ListItem","position":1,"name":"Home","item":"https:\/\/impactnw.org\/home\/"},{"@type":"ListItem","position":2,"name":"Programs","item":"https:\/\/impactnw.org\/programs\/"},{"@type":"ListItem","position":3,"name":"Early Childhood Services","item":"https:\/\/impactnw.org\/programs\/early-childhood\/"},{"@type":"ListItem","position":4,"name":"Healthy Families"}]},{"@type":"WebSite","@id":"https:\/\/impactnw.org\/#website","url":"https:\/\/impactnw.org\/","name":"Impacto NW","description":"Inspiradora esperanza. Empoderando la independencia.","potentialAction":[{"@type":"SearchAction","target":{"@type":"EntryPoint","urlTemplate":"https:\/\/impactnw.org\/?s={search_term_string}"},"query-input":{"@type":"PropertyValueSpecification","valueRequired":true,"valueName":"search_term_string"}}],"inLanguage":"es"}]}},"_links":{"self":[{"href":"https:\/\/impactnw.org\/es\/wp-json\/wp\/v2\/pages\/53","targetHints":{"allow":["GET"]}}],"collection":[{"href":"https:\/\/impactnw.org\/es\/wp-json\/wp\/v2\/pages"}],"about":[{"href":"https:\/\/impactnw.org\/es\/wp-json\/wp\/v2\/types\/page"}],"author":[{"embeddable":true,"href":"https:\/\/impactnw.org\/es\/wp-json\/wp\/v2\/users\/21"}],"replies":[{"embeddable":true,"href":"https:\/\/impactnw.org\/es\/wp-json\/wp\/v2\/comments?post=53"}],"version-history":[{"count":14,"href":"https:\/\/impactnw.org\/es\/wp-json\/wp\/v2\/pages\/53\/revisions"}],"predecessor-version":[{"id":22085,"href":"https:\/\/impactnw.org\/es\/wp-json\/wp\/v2\/pages\/53\/revisions\/22085"}],"up":[{"embeddable":true,"href":"https:\/\/impactnw.org\/es\/wp-json\/wp\/v2\/pages\/51"}],"wp:attachment":[{"href":"https:\/\/impactnw.org\/es\/wp-json\/wp\/v2\/media?parent=53"}],"curies":[{"name":"wp","href":"https:\/\/api.w.org\/{rel}","templated":true}]}}