{"id":35,"date":"2011-09-28T20:38:38","date_gmt":"2011-09-28T20:38:38","guid":{"rendered":"http:\/\/dev.impactnw.org\/wp_11_2011\/?page_id=35"},"modified":"2025-02-12T16:09:43","modified_gmt":"2025-02-13T00:09:43","slug":"privacy-policy","status":"publish","type":"page","link":"https:\/\/impactnw.org\/es\/privacy-policy\/","title":{"rendered":"Pol\u00edtica de privacidad"},"content":{"rendered":"<div  class='togglecontainer av-4kbm3-3085f134281032117d8d34cd2bff442f  avia-builder-el-0  avia-builder-el-no-sibling' >\n<section class='av_toggle_section av-m38zfcmd-d78859c94d67af8d91c2fdbd78c0c0b5'  itemscope=\"itemscope\" itemtype=\"https:\/\/schema.org\/CreativeWork\" ><div role=\"tablist\" class=\"single_toggle\" data-tags=\"{Todo} \"  ><p id='toggle-toggle-id-1' data-fake-id='#toggle-id-1' class='toggler  av-title-above'  itemprop=\"headline\"  role='tab' tabindex='0' aria-controls='toggle-id-1' data-slide-speed=\"200\" data-title=\"Is my personal information secure and private?\" data-title-open=\"\" data-aria_collapsed=\"Click to expand: Is my personal information secure and private?\" data-aria_expanded=\"Click to collapse: Is my personal information secure and private?\">Is my personal information secure and private?<span class=\"toggle_icon\"><span class=\"vert_icon\"><\/span><span class=\"hor_icon\"><\/span><\/span><\/p><div id='toggle-id-1' aria-labelledby='toggle-toggle-id-1' role='region' class='toggle_wrap  av-title-above'  ><div class='toggle_content invers-color'  itemprop=\"text\" ><p>Impact NW does not sell or share personal information with third parties for marketing\/promotional purposes. Your personal information is kept confidential and is not disclosed to any outside organizations, except as required by law or with your explicit consent. Sensitive information submitted to Impact NW is protected both online and offline. Protected personal information (PPI) gathered during service provision is also protected by Clackamas, Multnomah, and Washington counties. For more information, please see <u><a href=\"https:\/\/impactnw.org\/wp-content\/uploads\/2025\/02\/HMIS-Privacy-and-Security-Notice.pdf\">HMIS Privacy &amp; Security Notice<\/a><\/u>.<\/p>\n<\/div><\/div><\/div><\/section>\n<section class='av_toggle_section av-d4v7-a76d10458693e0e6f6ce23ee2fffc085'  itemscope=\"itemscope\" itemtype=\"https:\/\/schema.org\/CreativeWork\" ><div role=\"tablist\" class=\"single_toggle\" data-tags=\"{Todo} \"  ><p id='toggle-toggle-id-2' data-fake-id='#toggle-id-2' class='toggler  av-title-above'  itemprop=\"headline\"  role='tab' tabindex='0' aria-controls='toggle-id-2' data-slide-speed=\"200\" data-title=\"Is my credit card information secure?\" data-title-open=\"\" data-aria_collapsed=\"Click to expand: Is my credit card information secure?\" data-aria_expanded=\"Click to collapse: Is my credit card information secure?\">Is my credit card information secure?<span class=\"toggle_icon\"><span class=\"vert_icon\"><\/span><span class=\"hor_icon\"><\/span><\/span><\/p><div id='toggle-id-2' aria-labelledby='toggle-toggle-id-2' role='region' class='toggle_wrap  av-title-above'  ><div class='toggle_content invers-color'  itemprop=\"text\" ><p style=\"font-weight: 400;\">Impact NW takes every precaution to protect our donors\u2019 information. When donors submit sensitive information via the website, your information is protected both online and offline. We use high grade encryption and the https security protocol to communicate with your browser software. This method is the industry standard security protocol, which makes it extremely difficult for anyone else to intercept the credit card information you send to us. Companies we work with to process credit card transactions also use high grade encryption and security protocols. We are committed to the protection and privacy of all of our donors, and it is the policy of Impact NW to continually enhance our fraud protection systems and our other processes to fight identity theft.<\/p>\n<\/div><\/div><\/div><\/section>\n<section class='av_toggle_section av-3hdgb-456c0e6c946fd41f82907eab13dc6d86'  itemscope=\"itemscope\" itemtype=\"https:\/\/schema.org\/CreativeWork\" ><div role=\"tablist\" class=\"single_toggle\" data-tags=\"{Todo} \"  ><p id='toggle-toggle-id-3' data-fake-id='#toggle-id-3' class='toggler  av-title-above'  itemprop=\"headline\"  role='tab' tabindex='0' aria-controls='toggle-id-3' data-slide-speed=\"200\" data-title=\"My donation was denied. Why?\" data-title-open=\"\" data-aria_collapsed=\"Click to expand: My donation was denied. Why?\" data-aria_expanded=\"Click to collapse: My donation was denied. Why?\">Mi donaci\u00f3n fue denegada. \u00bfPor qu\u00e9?<span class=\"toggle_icon\"><span class=\"vert_icon\"><\/span><span class=\"hor_icon\"><\/span><\/span><\/p><div id='toggle-id-3' aria-labelledby='toggle-toggle-id-3' role='region' class='toggle_wrap  av-title-above'  ><div class='toggle_content invers-color'  itemprop=\"text\" ><p>Si su donaci\u00f3n fall\u00f3 despu\u00e9s de completar la transacci\u00f3n, es probable que la informaci\u00f3n provista, como el n\u00famero de identificaci\u00f3n de la tarjeta de cr\u00e9dito no coincida exactamente con lo que est\u00e1 archivado en su banco.<\/p>\n<\/div><\/div><\/div><\/section>\n<section class='av_toggle_section av-2y3jr-0c052b3ee1eb1f9681ba02a62950456b'  itemscope=\"itemscope\" itemtype=\"https:\/\/schema.org\/CreativeWork\" ><div role=\"tablist\" class=\"single_toggle\" data-tags=\"{Todo} \"  ><p id='toggle-toggle-id-4' data-fake-id='#toggle-id-4' class='toggler  av-title-above'  itemprop=\"headline\"  role='tab' tabindex='0' aria-controls='toggle-id-4' data-slide-speed=\"200\" data-title=\"Can I cancel a donation?\" data-title-open=\"\" data-aria_collapsed=\"Click to expand: Can I cancel a donation?\" data-aria_expanded=\"Click to collapse: Can I cancel a donation?\">\u00bfPuedo cancelar una donaci\u00f3n?<span class=\"toggle_icon\"><span class=\"vert_icon\"><\/span><span class=\"hor_icon\"><\/span><\/span><\/p><div id='toggle-id-4' aria-labelledby='toggle-toggle-id-4' role='region' class='toggle_wrap  av-title-above'  ><div class='toggle_content invers-color'  itemprop=\"text\" ><p>Es posible que deba cancelar una donaci\u00f3n. He aqu\u00ed c\u00f3mo: comun\u00edquese con Barbara Robertson en brobertson@impactnw.org (503) 988-6887 ext. 238. Para obtener la asistencia m\u00e1s r\u00e1pida, tenga listos los detalles de su transacci\u00f3n cuando se comunique con nosotros.<\/p>\n<\/div><\/div><\/div><\/section>\n<section class='av_toggle_section av-2b0j3-c3346dbd65cfe30a670a4e26eb6f534d'  itemscope=\"itemscope\" itemtype=\"https:\/\/schema.org\/CreativeWork\" ><div role=\"tablist\" class=\"single_toggle\" data-tags=\"{Todo} \"  ><p id='toggle-toggle-id-5' data-fake-id='#toggle-id-5' class='toggler  av-title-above'  itemprop=\"headline\"  role='tab' tabindex='0' aria-controls='toggle-id-5' data-slide-speed=\"200\" data-title=\"Can I select which program I\u2019d like my donation to support?\" data-title-open=\"\" data-aria_collapsed=\"Click to expand: Can I select which program I\u2019d like my donation to support?\" data-aria_expanded=\"Click to collapse: Can I select which program I\u2019d like my donation to support?\">\u00bfPuedo seleccionar el programa que me gustar\u00eda que mi donaci\u00f3n respalde?<span class=\"toggle_icon\"><span class=\"vert_icon\"><\/span><span class=\"hor_icon\"><\/span><\/span><\/p><div id='toggle-id-5' aria-labelledby='toggle-toggle-id-5' role='region' class='toggle_wrap  av-title-above'  ><div class='toggle_content invers-color'  itemprop=\"text\" ><p>S\u00ed. Si est\u00e1 interesado en apoyar un programa espec\u00edfico, como nuestros servicios para personas mayores, ingrese el nombre o una descripci\u00f3n de ese programa en el campo marcado &quot;Art\u00edculo&quot;. Si desea obtener m\u00e1s informaci\u00f3n acerca de nuestra gama de servicios, por favor contactar a Barbara Robertson, en\u00a0<a href=\"mailto:%20tstaser@ImpactNW.org\">brobertson@impactnw.org<\/a>\u00a0o (503) 988-6887 ext. 238.<\/p>\n<\/div><\/div><\/div><\/section>\n<section class='av_toggle_section av-1oz37-98cff105e0d82b89b7d2694f01e53f47'  itemscope=\"itemscope\" itemtype=\"https:\/\/schema.org\/CreativeWork\" ><div role=\"tablist\" class=\"single_toggle\" data-tags=\"{Todo} \"  ><p id='toggle-toggle-id-6' data-fake-id='#toggle-id-6' class='toggler  av-title-above'  itemprop=\"headline\"  role='tab' tabindex='0' aria-controls='toggle-id-6' data-slide-speed=\"200\" data-title=\"Why do you require my email address?\" data-title-open=\"\" data-aria_collapsed=\"Click to expand: Why do you require my email address?\" data-aria_expanded=\"Click to collapse: Why do you require my email address?\">\u00bfPor qu\u00e9 necesita mi direcci\u00f3n de correo electr\u00f3nico?<span class=\"toggle_icon\"><span class=\"vert_icon\"><\/span><span class=\"hor_icon\"><\/span><\/span><\/p><div id='toggle-id-6' aria-labelledby='toggle-toggle-id-6' role='region' class='toggle_wrap  av-title-above'  ><div class='toggle_content invers-color'  itemprop=\"text\" ><p>Se requiere su direcci\u00f3n de correo electr\u00f3nico para que podamos enviarle un reconocimiento adecuado de su regalo. Los detalles de su donaci\u00f3n se encuentran en este correo electr\u00f3nico, que puede imprimir o guardar con fines impositivos.<\/p>\n<\/div><\/div><\/div><\/section>\n<section class='av_toggle_section av-zxxj-214287eba4cadeab70f162a308d7853b'  itemscope=\"itemscope\" itemtype=\"https:\/\/schema.org\/CreativeWork\" ><div role=\"tablist\" class=\"single_toggle\" data-tags=\"{Todo} \"  ><p id='toggle-toggle-id-7' data-fake-id='#toggle-id-7' class='toggler  av-title-above'  itemprop=\"headline\"  role='tab' tabindex='0' aria-controls='toggle-id-7' data-slide-speed=\"200\" data-title=\"Why do you require a donation amount of $5?\" data-title-open=\"\" data-aria_collapsed=\"Click to expand: Why do you require a donation amount of $5?\" data-aria_expanded=\"Click to collapse: Why do you require a donation amount of $5?\">\u00bfPor qu\u00e9 necesita una donaci\u00f3n de $ 5?<span class=\"toggle_icon\"><span class=\"vert_icon\"><\/span><span class=\"hor_icon\"><\/span><\/span><\/p><div id='toggle-id-7' aria-labelledby='toggle-toggle-id-7' role='region' class='toggle_wrap  av-title-above'  ><div class='toggle_content invers-color'  itemprop=\"text\" ><p>Al igual que cualquier otro sistema de procesamiento de tarjetas de cr\u00e9dito en l\u00ednea, las compa\u00f1\u00edas de tarjetas de cr\u00e9dito nos cobran. No queremos que los obsequios bien intencionados de los donantes se compensen con las tarifas de procesamiento.<\/p>\n<\/div><\/div><\/div><\/section>\n<\/div>","protected":false},"excerpt":{"rendered":"","protected":false},"author":21,"featured_media":0,"parent":0,"menu_order":31,"comment_status":"closed","ping_status":"closed","template":"","meta":{"_monsterinsights_skip_tracking":false,"_monsterinsights_sitenote_active":false,"_monsterinsights_sitenote_note":"","_monsterinsights_sitenote_category":0,"footnotes":"","_links_to":"","_links_to_target":""},"class_list":["post-35","page","type-page","status-publish","hentry"],"yoast_head":"<!-- This site is optimized with the Yoast SEO plugin v27.3 - https:\/\/yoast.com\/product\/yoast-seo-wordpress\/ -->\n<title>Privacy Policy &#8211; Impact NW<\/title>\n<meta name=\"robots\" content=\"index, follow, max-snippet:-1, max-image-preview:large, max-video-preview:-1\" \/>\n<link rel=\"canonical\" href=\"https:\/\/impactnw.org\/es\/privacy-policy\/\" \/>\n<meta property=\"og:locale\" content=\"es_ES\" \/>\n<meta property=\"og:type\" content=\"article\" \/>\n<meta property=\"og:title\" content=\"Privacy Policy &#8211; Impact NW\" \/>\n<meta property=\"og:url\" content=\"https:\/\/impactnw.org\/es\/privacy-policy\/\" \/>\n<meta property=\"og:site_name\" content=\"Impact NW\" \/>\n<meta property=\"article:publisher\" content=\"http:\/\/www.facebook.com\/ImpactNWsince1966\" \/>\n<meta property=\"article:modified_time\" content=\"2025-02-13T00:09:43+00:00\" \/>\n<meta name=\"twitter:card\" content=\"summary_large_image\" \/>\n<meta name=\"twitter:site\" content=\"@impactnw\" \/>\n<meta name=\"twitter:label1\" content=\"Tiempo de lectura\" \/>\n\t<meta name=\"twitter:data1\" content=\"2 minutos\" \/>\n<script type=\"application\/ld+json\" class=\"yoast-schema-graph\">{\"@context\":\"https:\\\/\\\/schema.org\",\"@graph\":[{\"@type\":\"WebPage\",\"@id\":\"https:\\\/\\\/impactnw.org\\\/privacy-policy\\\/\",\"url\":\"https:\\\/\\\/impactnw.org\\\/privacy-policy\\\/\",\"name\":\"Privacy Policy &#8211; Impact NW\",\"isPartOf\":{\"@id\":\"https:\\\/\\\/impactnw.org\\\/#website\"},\"datePublished\":\"2011-09-28T20:38:38+00:00\",\"dateModified\":\"2025-02-13T00:09:43+00:00\",\"breadcrumb\":{\"@id\":\"https:\\\/\\\/impactnw.org\\\/privacy-policy\\\/#breadcrumb\"},\"inLanguage\":\"es\",\"potentialAction\":[{\"@type\":\"ReadAction\",\"target\":[\"https:\\\/\\\/impactnw.org\\\/privacy-policy\\\/\"]}]},{\"@type\":\"BreadcrumbList\",\"@id\":\"https:\\\/\\\/impactnw.org\\\/privacy-policy\\\/#breadcrumb\",\"itemListElement\":[{\"@type\":\"ListItem\",\"position\":1,\"name\":\"Home\",\"item\":\"https:\\\/\\\/impactnw.org\\\/home\\\/\"},{\"@type\":\"ListItem\",\"position\":2,\"name\":\"Privacy Policy\"}]},{\"@type\":\"WebSite\",\"@id\":\"https:\\\/\\\/impactnw.org\\\/#website\",\"url\":\"https:\\\/\\\/impactnw.org\\\/\",\"name\":\"Impact NW\",\"description\":\"Inspiring Hope. Empowering Independence.\",\"potentialAction\":[{\"@type\":\"SearchAction\",\"target\":{\"@type\":\"EntryPoint\",\"urlTemplate\":\"https:\\\/\\\/impactnw.org\\\/?s={search_term_string}\"},\"query-input\":{\"@type\":\"PropertyValueSpecification\",\"valueRequired\":true,\"valueName\":\"search_term_string\"}}],\"inLanguage\":\"es\"}]}<\/script>\n<!-- \/ Yoast SEO plugin. -->","yoast_head_json":{"title":"Privacy Policy &#8211; Impact NW","robots":{"index":"index","follow":"follow","max-snippet":"max-snippet:-1","max-image-preview":"max-image-preview:large","max-video-preview":"max-video-preview:-1"},"canonical":"https:\/\/impactnw.org\/es\/privacy-policy\/","og_locale":"es_ES","og_type":"article","og_title":"Privacy Policy &#8211; Impact NW","og_url":"https:\/\/impactnw.org\/es\/privacy-policy\/","og_site_name":"Impact NW","article_publisher":"http:\/\/www.facebook.com\/ImpactNWsince1966","article_modified_time":"2025-02-13T00:09:43+00:00","twitter_card":"summary_large_image","twitter_site":"@impactnw","twitter_misc":{"Tiempo de lectura":"2 minutos"},"schema":{"@context":"https:\/\/schema.org","@graph":[{"@type":"WebPage","@id":"https:\/\/impactnw.org\/privacy-policy\/","url":"https:\/\/impactnw.org\/privacy-policy\/","name":"Privacy Policy &#8211; Impact NW","isPartOf":{"@id":"https:\/\/impactnw.org\/#website"},"datePublished":"2011-09-28T20:38:38+00:00","dateModified":"2025-02-13T00:09:43+00:00","breadcrumb":{"@id":"https:\/\/impactnw.org\/privacy-policy\/#breadcrumb"},"inLanguage":"es","potentialAction":[{"@type":"ReadAction","target":["https:\/\/impactnw.org\/privacy-policy\/"]}]},{"@type":"BreadcrumbList","@id":"https:\/\/impactnw.org\/privacy-policy\/#breadcrumb","itemListElement":[{"@type":"ListItem","position":1,"name":"Home","item":"https:\/\/impactnw.org\/home\/"},{"@type":"ListItem","position":2,"name":"Privacy Policy"}]},{"@type":"WebSite","@id":"https:\/\/impactnw.org\/#website","url":"https:\/\/impactnw.org\/","name":"Impacto NW","description":"Inspiradora esperanza. Empoderando la independencia.","potentialAction":[{"@type":"SearchAction","target":{"@type":"EntryPoint","urlTemplate":"https:\/\/impactnw.org\/?s={search_term_string}"},"query-input":{"@type":"PropertyValueSpecification","valueRequired":true,"valueName":"search_term_string"}}],"inLanguage":"es"}]}},"_links":{"self":[{"href":"https:\/\/impactnw.org\/es\/wp-json\/wp\/v2\/pages\/35","targetHints":{"allow":["GET"]}}],"collection":[{"href":"https:\/\/impactnw.org\/es\/wp-json\/wp\/v2\/pages"}],"about":[{"href":"https:\/\/impactnw.org\/es\/wp-json\/wp\/v2\/types\/page"}],"author":[{"embeddable":true,"href":"https:\/\/impactnw.org\/es\/wp-json\/wp\/v2\/users\/21"}],"replies":[{"embeddable":true,"href":"https:\/\/impactnw.org\/es\/wp-json\/wp\/v2\/comments?post=35"}],"version-history":[{"count":3,"href":"https:\/\/impactnw.org\/es\/wp-json\/wp\/v2\/pages\/35\/revisions"}],"predecessor-version":[{"id":21628,"href":"https:\/\/impactnw.org\/es\/wp-json\/wp\/v2\/pages\/35\/revisions\/21628"}],"wp:attachment":[{"href":"https:\/\/impactnw.org\/es\/wp-json\/wp\/v2\/media?parent=35"}],"curies":[{"name":"wp","href":"https:\/\/api.w.org\/{rel}","templated":true}]}}