{"id":2692,"date":"2013-03-25T13:53:47","date_gmt":"2013-03-25T20:53:47","guid":{"rendered":"http:\/\/dev.impactnw.org\/?page_id=2692"},"modified":"2020-01-22T10:19:33","modified_gmt":"2020-01-22T18:19:33","slug":"pathways-to-manufacturing","status":"publish","type":"page","link":"https:\/\/impactnw.org\/es\/programs\/youthfamily\/urban-opportunities\/pathways-to-manufacturing\/","title":{"rendered":"Caminos hacia la fabricaci\u00f3n"},"content":{"rendered":"<style type=\"text\/css\" data-created_by=\"avia_inline_auto\" id=\"style-css-av-40411w-bd97611ab30f873db43a456ad78c4a3b\">\n.flex_column.av-40411w-bd97611ab30f873db43a456ad78c4a3b{\nborder-radius:0px 0px 0px 0px;\npadding:0px 0px 0px 0px;\n}\n<\/style>\n<div  class='flex_column av-40411w-bd97611ab30f873db43a456ad78c4a3b av_one_full  avia-builder-el-0  el_before_av_hr  avia-builder-el-first  first flex_column_div av-zero-column-padding'     ><section  class='av_textblock_section av-k1v8ufi7-8b998b12e52ae0aab133bcc99b71af1b'   itemscope=\"itemscope\" itemtype=\"https:\/\/schema.org\/CreativeWork\" ><div class='avia_textblock'  itemprop=\"text\" ><h1>Caminos hacia la fabricaci\u00f3n<\/h1>\n<\/div><\/section><\/div>\n<style type=\"text\/css\" data-created_by=\"avia_inline_auto\" id=\"style-css-av-k1v8w7rz-8bcc15117a45b19706d9cf8c1891f247\">\n#top .hr.hr-invisible.av-k1v8w7rz-8bcc15117a45b19706d9cf8c1891f247{\nmargin-top:-35px;\nheight:1px;\n}\n<\/style>\n<div  class='hr av-k1v8w7rz-8bcc15117a45b19706d9cf8c1891f247 hr-invisible  avia-builder-el-2  el_after_av_one_full  el_before_av_three_fifth'><span class='hr-inner'><span class=\"hr-inner-style\"><\/span><\/span><\/div><\/p>\n\n<style type=\"text\/css\" data-created_by=\"avia_inline_auto\" id=\"style-css-av-33zh90-f678d516f8af68c3c6be32622a9512fa\">\n.flex_column.av-33zh90-f678d516f8af68c3c6be32622a9512fa{\nborder-radius:0px 0px 0px 0px;\npadding:0px 0px 0px 0px;\n}\n<\/style>\n<div  class='flex_column av-33zh90-f678d516f8af68c3c6be32622a9512fa av_three_fifth  avia-builder-el-3  el_after_av_hr  el_before_av_two_fifth  first flex_column_div av-zero-column-padding'     ><section  class='av_textblock_section av-61epc4-212ab4b54e663beef8c6e151a81f619d'   itemscope=\"itemscope\" itemtype=\"https:\/\/schema.org\/CreativeWork\" ><div class='avia_textblock'  itemprop=\"text\" ><p>Millones de los trabajadores de fabricaci\u00f3n m\u00e1s calificados de la actualidad se jubilar\u00e1n en la pr\u00f3xima d\u00e9cada; sin embargo, el sistema educativo en los Estados Unidos ha seguido un camino enfocado casi exclusivamente en preparar a los estudiantes para entrar a los programas de grado universitario de 4 a\u00f1os. Esto deja una desconexi\u00f3n perpetua entre las necesidades de los empleadores en los sectores manufactureros y la mayor\u00eda de los planes de estudio de la escuela secundaria, y deja a muchos estudiantes atr\u00e1s.<\/p>\n<p>Los l\u00edderes de la industria de Portland y el sistema de escuelas p\u00fablicas han sido conscientes durante mucho tiempo de que los j\u00f3venes de nuestra comunidad no est\u00e1n adquiriendo la informaci\u00f3n y las habilidades necesarias para seguir con \u00e9xito una carrera en la industria manufacturera.<\/p>\n<p>Un estudio de 2012 completado por Columbia-Willamette Workforce Collaborative encontr\u00f3 que el 47% de las empresas manufactureras identificaron la falta de nuevos trabajadores que ingresan a la industria como una de sus principales preocupaciones, con un 68% que anticiparon tener la mayor dificultad para llenar puestos de producci\u00f3n calificados altamente remunerados durante los pr\u00f3ximos tres a\u00f1os.<\/p>\n<p>A petici\u00f3n de los fabricantes regionales, la Coalici\u00f3n Manufacturing 21 y en respuesta a las necesidades expresadas por las escuelas secundarias del \u00e1rea, Impact NW cre\u00f3 Pathways to Manufacturing en asociaci\u00f3n con Daimler Trucks North America y Vigor Industrial.<\/p>\n<h3>Trabajando con escuelas y socios de la industria, el Programa Pathways to Manufacturing crea caminos claros hacia las carreras en la industria manufacturera entre los j\u00f3venes del \u00e1rea de Portland y sus familias.<\/h3>\n<p>El resultado es un mayor n\u00famero de j\u00f3venes que ingresan exitosamente en carreras de manufactura para cumplir con la creciente necesidad de mano de obra calificada en la industria manufacturera en Portland y sus alrededores.<\/p>\n<p>El Programa Pathways to Manufacturing est\u00e1 actualmente disponible en las escuelas secundarias Franklin, Centennial, Rosemary Anderson y David Douglas, as\u00ed como en la Academia de Aprendizaje de Reynolds.<\/p>\n<\/div><\/section><\/div>\n\n<style type=\"text\/css\" data-created_by=\"avia_inline_auto\" id=\"style-css-av-3q8nuc-97b26b5750c31cf432d3acca79061da4\">\n.flex_column.av-3q8nuc-97b26b5750c31cf432d3acca79061da4{\nborder-radius:0px 0px 0px 0px;\npadding:0px 0px 0px 0px;\n}\n<\/style>\n<div  class='flex_column av-3q8nuc-97b26b5750c31cf432d3acca79061da4 av_two_fifth  avia-builder-el-5  el_after_av_three_fifth  avia-builder-el-last  flex_column_div av-zero-column-padding'     ><p>\n<style type=\"text\/css\" data-created_by=\"avia_inline_auto\" id=\"style-css-av-k1v8tljq-d703cffac2dda3205198ad25da84fa46\">\n.avia-image-container.av-k1v8tljq-d703cffac2dda3205198ad25da84fa46 img.avia_image{\nbox-shadow:none;\n}\n.avia-image-container.av-k1v8tljq-d703cffac2dda3205198ad25da84fa46 .av-image-caption-overlay-center{\ncolor:#ffffff;\n}\n<\/style>\n<div  class='avia-image-container av-k1v8tljq-d703cffac2dda3205198ad25da84fa46 av-styling- avia-align-center  avia-builder-el-6  el_before_av_promobox  avia-builder-el-first'   itemprop=\"image\" itemscope=\"itemscope\" itemtype=\"https:\/\/schema.org\/ImageObject\" ><div class=\"avia-image-container-inner\"><div class=\"avia-image-overlay-wrap\"><img decoding=\"async\" fetchpriority=\"high\" class='wp-image-7844 avia-img-lazy-loading-not-7844 avia_image' src=\"https:\/\/impactnw.org\/wp-content\/uploads\/2013\/03\/welding.jpg\" alt='Caminos a la fabricaci\u00f3n - soldador' title='Caminos a la fabricaci\u00f3n - soldador'  height=\"282\" width=\"425\"  itemprop=\"thumbnailUrl\" srcset=\"https:\/\/impactnw.org\/wp-content\/uploads\/2013\/03\/welding.jpg 425w, https:\/\/impactnw.org\/wp-content\/uploads\/2013\/03\/welding-300x199.jpg 300w\" sizes=\"(max-width: 425px) 100vw, 425px\" \/><\/div><\/div><\/div><br \/>\n\n<style type=\"text\/css\" data-created_by=\"avia_inline_auto\" id=\"style-css-av-a6s8k-65eb862caca91d801fa2150c0b3feb7b\">\n.av_promobox.av-a6s8k-65eb862caca91d801fa2150c0b3feb7b{\ncolor:#ffffff;\nbackground:#1c3848;\n}\n<\/style>\n<div  class='av_promobox av-a6s8k-65eb862caca91d801fa2150c0b3feb7b avia-button-no  avia-builder-el-7  el_after_av_image  avia-builder-el-last'><div class='avia-promocontent'><\/p>\n<h3 style=\"color: #f6bb17;\">\u00bfPodemos ayudarte?<\/h3>\n<p>To sign up to be business partner with the Pathways to Manufacturing program or for more information, contact Brandi Jordan at\u00a0<a style=\"color: #ffffff;\" href=\"mailto:%20abouchane@impactnw.org\">bjordan@impactnw.org<\/a> or (541) 390-9096<\/p>\n<\/div><\/div><\/p><\/div>","protected":false},"excerpt":{"rendered":"","protected":false},"author":21,"featured_media":0,"parent":71,"menu_order":0,"comment_status":"closed","ping_status":"closed","template":"","meta":{"_monsterinsights_skip_tracking":false,"_monsterinsights_sitenote_active":false,"_monsterinsights_sitenote_note":"","_monsterinsights_sitenote_category":0,"footnotes":"","_links_to":"","_links_to_target":""},"class_list":["post-2692","page","type-page","status-publish","hentry"],"yoast_head":"<!-- This site is optimized with the Yoast SEO plugin v27.3 - https:\/\/yoast.com\/product\/yoast-seo-wordpress\/ -->\n<title>Pathways to Manufacturing &#8211; Impact NW<\/title>\n<meta name=\"robots\" content=\"index, follow, max-snippet:-1, max-image-preview:large, max-video-preview:-1\" \/>\n<link rel=\"canonical\" href=\"https:\/\/impactnw.org\/es\/programs\/youthfamily\/urban-opportunities\/pathways-to-manufacturing\/\" \/>\n<meta property=\"og:locale\" content=\"es_ES\" \/>\n<meta property=\"og:type\" content=\"article\" \/>\n<meta property=\"og:title\" content=\"Pathways to Manufacturing &#8211; Impact NW\" \/>\n<meta property=\"og:url\" content=\"https:\/\/impactnw.org\/es\/programs\/youthfamily\/urban-opportunities\/pathways-to-manufacturing\/\" \/>\n<meta property=\"og:site_name\" content=\"Impact NW\" \/>\n<meta property=\"article:publisher\" content=\"http:\/\/www.facebook.com\/ImpactNWsince1966\" \/>\n<meta property=\"article:modified_time\" content=\"2020-01-22T18:19:33+00:00\" \/>\n<meta name=\"twitter:card\" content=\"summary_large_image\" \/>\n<meta name=\"twitter:site\" content=\"@impactnw\" \/>\n<meta name=\"twitter:label1\" content=\"Tiempo de lectura\" \/>\n\t<meta name=\"twitter:data1\" content=\"4 minutos\" \/>\n<script type=\"application\/ld+json\" class=\"yoast-schema-graph\">{\"@context\":\"https:\\\/\\\/schema.org\",\"@graph\":[{\"@type\":\"WebPage\",\"@id\":\"https:\\\/\\\/impactnw.org\\\/programs\\\/youthfamily\\\/urban-opportunities\\\/pathways-to-manufacturing\\\/\",\"url\":\"https:\\\/\\\/impactnw.org\\\/programs\\\/youthfamily\\\/urban-opportunities\\\/pathways-to-manufacturing\\\/\",\"name\":\"Pathways to Manufacturing &#8211; Impact NW\",\"isPartOf\":{\"@id\":\"https:\\\/\\\/impactnw.org\\\/#website\"},\"datePublished\":\"2013-03-25T20:53:47+00:00\",\"dateModified\":\"2020-01-22T18:19:33+00:00\",\"breadcrumb\":{\"@id\":\"https:\\\/\\\/impactnw.org\\\/programs\\\/youthfamily\\\/urban-opportunities\\\/pathways-to-manufacturing\\\/#breadcrumb\"},\"inLanguage\":\"es\",\"potentialAction\":[{\"@type\":\"ReadAction\",\"target\":[\"https:\\\/\\\/impactnw.org\\\/programs\\\/youthfamily\\\/urban-opportunities\\\/pathways-to-manufacturing\\\/\"]}]},{\"@type\":\"BreadcrumbList\",\"@id\":\"https:\\\/\\\/impactnw.org\\\/programs\\\/youthfamily\\\/urban-opportunities\\\/pathways-to-manufacturing\\\/#breadcrumb\",\"itemListElement\":[{\"@type\":\"ListItem\",\"position\":1,\"name\":\"Home\",\"item\":\"https:\\\/\\\/impactnw.org\\\/home\\\/\"},{\"@type\":\"ListItem\",\"position\":2,\"name\":\"Programs\",\"item\":\"https:\\\/\\\/impactnw.org\\\/programs\\\/\"},{\"@type\":\"ListItem\",\"position\":3,\"name\":\"Youth &#038; Family Services\",\"item\":\"https:\\\/\\\/impactnw.org\\\/programs\\\/youthfamily\\\/\"},{\"@type\":\"ListItem\",\"position\":4,\"name\":\"Career Opportunities Readiness &#038; Exploration (CORE)\",\"item\":\"https:\\\/\\\/impactnw.org\\\/programs\\\/youthfamily\\\/urban-opportunities\\\/\"},{\"@type\":\"ListItem\",\"position\":5,\"name\":\"Pathways to Manufacturing\"}]},{\"@type\":\"WebSite\",\"@id\":\"https:\\\/\\\/impactnw.org\\\/#website\",\"url\":\"https:\\\/\\\/impactnw.org\\\/\",\"name\":\"Impact NW\",\"description\":\"Inspiring Hope. Empowering Independence.\",\"potentialAction\":[{\"@type\":\"SearchAction\",\"target\":{\"@type\":\"EntryPoint\",\"urlTemplate\":\"https:\\\/\\\/impactnw.org\\\/?s={search_term_string}\"},\"query-input\":{\"@type\":\"PropertyValueSpecification\",\"valueRequired\":true,\"valueName\":\"search_term_string\"}}],\"inLanguage\":\"es\"}]}<\/script>\n<!-- \/ Yoast SEO plugin. -->","yoast_head_json":{"title":"Pathways to Manufacturing &#8211; Impact NW","robots":{"index":"index","follow":"follow","max-snippet":"max-snippet:-1","max-image-preview":"max-image-preview:large","max-video-preview":"max-video-preview:-1"},"canonical":"https:\/\/impactnw.org\/es\/programs\/youthfamily\/urban-opportunities\/pathways-to-manufacturing\/","og_locale":"es_ES","og_type":"article","og_title":"Pathways to Manufacturing &#8211; Impact NW","og_url":"https:\/\/impactnw.org\/es\/programs\/youthfamily\/urban-opportunities\/pathways-to-manufacturing\/","og_site_name":"Impact NW","article_publisher":"http:\/\/www.facebook.com\/ImpactNWsince1966","article_modified_time":"2020-01-22T18:19:33+00:00","twitter_card":"summary_large_image","twitter_site":"@impactnw","twitter_misc":{"Tiempo de lectura":"4 minutos"},"schema":{"@context":"https:\/\/schema.org","@graph":[{"@type":"WebPage","@id":"https:\/\/impactnw.org\/programs\/youthfamily\/urban-opportunities\/pathways-to-manufacturing\/","url":"https:\/\/impactnw.org\/programs\/youthfamily\/urban-opportunities\/pathways-to-manufacturing\/","name":"Pathways to Manufacturing &#8211; Impact NW","isPartOf":{"@id":"https:\/\/impactnw.org\/#website"},"datePublished":"2013-03-25T20:53:47+00:00","dateModified":"2020-01-22T18:19:33+00:00","breadcrumb":{"@id":"https:\/\/impactnw.org\/programs\/youthfamily\/urban-opportunities\/pathways-to-manufacturing\/#breadcrumb"},"inLanguage":"es","potentialAction":[{"@type":"ReadAction","target":["https:\/\/impactnw.org\/programs\/youthfamily\/urban-opportunities\/pathways-to-manufacturing\/"]}]},{"@type":"BreadcrumbList","@id":"https:\/\/impactnw.org\/programs\/youthfamily\/urban-opportunities\/pathways-to-manufacturing\/#breadcrumb","itemListElement":[{"@type":"ListItem","position":1,"name":"Home","item":"https:\/\/impactnw.org\/home\/"},{"@type":"ListItem","position":2,"name":"Programs","item":"https:\/\/impactnw.org\/programs\/"},{"@type":"ListItem","position":3,"name":"Youth &#038; Family Services","item":"https:\/\/impactnw.org\/programs\/youthfamily\/"},{"@type":"ListItem","position":4,"name":"Career Opportunities Readiness &#038; Exploration (CORE)","item":"https:\/\/impactnw.org\/programs\/youthfamily\/urban-opportunities\/"},{"@type":"ListItem","position":5,"name":"Pathways to Manufacturing"}]},{"@type":"WebSite","@id":"https:\/\/impactnw.org\/#website","url":"https:\/\/impactnw.org\/","name":"Impacto NW","description":"Inspiradora esperanza. Empoderando la independencia.","potentialAction":[{"@type":"SearchAction","target":{"@type":"EntryPoint","urlTemplate":"https:\/\/impactnw.org\/?s={search_term_string}"},"query-input":{"@type":"PropertyValueSpecification","valueRequired":true,"valueName":"search_term_string"}}],"inLanguage":"es"}]}},"_links":{"self":[{"href":"https:\/\/impactnw.org\/es\/wp-json\/wp\/v2\/pages\/2692","targetHints":{"allow":["GET"]}}],"collection":[{"href":"https:\/\/impactnw.org\/es\/wp-json\/wp\/v2\/pages"}],"about":[{"href":"https:\/\/impactnw.org\/es\/wp-json\/wp\/v2\/types\/page"}],"author":[{"embeddable":true,"href":"https:\/\/impactnw.org\/es\/wp-json\/wp\/v2\/users\/21"}],"replies":[{"embeddable":true,"href":"https:\/\/impactnw.org\/es\/wp-json\/wp\/v2\/comments?post=2692"}],"version-history":[{"count":0,"href":"https:\/\/impactnw.org\/es\/wp-json\/wp\/v2\/pages\/2692\/revisions"}],"up":[{"embeddable":true,"href":"https:\/\/impactnw.org\/es\/wp-json\/wp\/v2\/pages\/71"}],"wp:attachment":[{"href":"https:\/\/impactnw.org\/es\/wp-json\/wp\/v2\/media?parent=2692"}],"curies":[{"name":"wp","href":"https:\/\/api.w.org\/{rel}","templated":true}]}}