{"id":1127,"date":"2012-02-10T22:17:31","date_gmt":"2012-02-10T22:17:31","guid":{"rendered":"http:\/\/dev.impactnw.org\/?page_id=1127"},"modified":"2019-10-17T17:21:22","modified_gmt":"2019-10-18T00:21:22","slug":"aka-science-volunteer","status":"publish","type":"page","link":"https:\/\/impactnw.org\/es\/programs\/youthfamily\/aka-science\/aka-science-volunteer\/","title":{"rendered":"Voluntario con AKA Science"},"content":{"rendered":"<section  class='av_textblock_section av-k1vdzugq-0f1e7c8e8f3b03cedea16a8ef55a513a'   itemscope=\"itemscope\" itemtype=\"https:\/\/schema.org\/CreativeWork\" ><div class='avia_textblock'  itemprop=\"text\" ><h1>Voluntario con AKA Science<\/h1>\n<\/div><\/section>\n\n<style type=\"text\/css\" data-created_by=\"avia_inline_auto\" id=\"style-css-av-k1ve10rf-c518217835315ecf355264ba95c16b89\">\n#top .hr.hr-invisible.av-k1ve10rf-c518217835315ecf355264ba95c16b89{\nmargin-top:-5px;\nheight:1px;\n}\n<\/style>\n<div  class='hr av-k1ve10rf-c518217835315ecf355264ba95c16b89 hr-invisible  avia-builder-el-1  el_after_av_textblock  el_before_av_three_fifth'><span class='hr-inner'><span class=\"hr-inner-style\"><\/span><\/span><\/div>\n\n<style type=\"text\/css\" data-created_by=\"avia_inline_auto\" id=\"style-css-av-14s0ylj-21a2fe1feaadb85f99a8921eca1eed0b\">\n.flex_column.av-14s0ylj-21a2fe1feaadb85f99a8921eca1eed0b{\nborder-radius:0px 0px 0px 0px;\npadding:0px 0px 0px 0px;\n}\n<\/style>\n<div  class='flex_column av-14s0ylj-21a2fe1feaadb85f99a8921eca1eed0b av_three_fifth  avia-builder-el-2  el_after_av_hr  el_before_av_two_fifth  first flex_column_div av-zero-column-padding'     ><p><div  class='avia-slideshow av-13llebb-94f568c89b48cdc17cca8481faabe959 avia-slideshow-no scaling av_slideshow avia-slide-slider  avia-builder-el-3  el_before_av_textblock  avia-builder-el-first  av-slideshow-ui av-control-hidden av-no-slider-navigation av-hide-nav-arrows av-slideshow-autoplay av-loop-endless av-loop-manual-endless av-default-height-applied avia-slideshow-1' data-slideshow-options=\"{&quot;animation&quot;:&quot;slide&quot;,&quot;autoplay&quot;:true,&quot;loop_autoplay&quot;:&quot;endless&quot;,&quot;interval&quot;:5,&quot;loop_manual&quot;:&quot;manual-endless&quot;,&quot;autoplay_stopper&quot;:false,&quot;noNavigation&quot;:true,&quot;bg_slider&quot;:false,&quot;keep_padding&quot;:false,&quot;hoverpause&quot;:false,&quot;show_slide_delay&quot;:0}\"  itemprop=\"image\" itemscope=\"itemscope\" itemtype=\"https:\/\/schema.org\/ImageObject\" ><ul class='avia-slideshow-inner' style='padding-bottom: 66.6%;'><li  class='avia-slideshow-slide av-13llebb-94f568c89b48cdc17cca8481faabe959__0  slide-1 slide-odd'><div data-rel='slideshow-1' class='avia-slide-wrap'   ><img decoding=\"async\" fetchpriority=\"high\" class=\"wp-image-10453 avia-img-lazy-loading-not-10453\"  src=\"https:\/\/impactnw.org\/wp-content\/uploads\/2017\/12\/aka_science_boy_straw.jpg\" width=\"500\" height=\"333\" title='aka_science_boy_straw' alt=''  itemprop=\"thumbnailUrl\" srcset=\"https:\/\/impactnw.org\/wp-content\/uploads\/2017\/12\/aka_science_boy_straw.jpg 500w, https:\/\/impactnw.org\/wp-content\/uploads\/2017\/12\/aka_science_boy_straw-300x200.jpg 300w, https:\/\/impactnw.org\/wp-content\/uploads\/2017\/12\/aka_science_boy_straw-450x300.jpg 450w\" sizes=\"(max-width: 500px) 100vw, 500px\" \/><\/div><\/li><li  class='avia-slideshow-slide av-13llebb-94f568c89b48cdc17cca8481faabe959__1  slide-2 slide-even'><div data-rel='slideshow-1' class='avia-slide-wrap'   ><img decoding=\"async\" fetchpriority=\"high\" class=\"wp-image-10451 avia-img-lazy-loading-not-10451\"  src=\"https:\/\/impactnw.org\/wp-content\/uploads\/2017\/12\/aka_science_girl.jpg\" width=\"500\" height=\"333\" title='aka_science_girl' alt=''  itemprop=\"thumbnailUrl\" srcset=\"https:\/\/impactnw.org\/wp-content\/uploads\/2017\/12\/aka_science_girl.jpg 500w, https:\/\/impactnw.org\/wp-content\/uploads\/2017\/12\/aka_science_girl-300x200.jpg 300w, https:\/\/impactnw.org\/wp-content\/uploads\/2017\/12\/aka_science_girl-450x300.jpg 450w\" sizes=\"(max-width: 500px) 100vw, 500px\" \/><\/div><\/li><li  class='avia-slideshow-slide av-13llebb-94f568c89b48cdc17cca8481faabe959__2  slide-3 slide-odd'><div data-rel='slideshow-1' class='avia-slide-wrap'   ><img decoding=\"async\" fetchpriority=\"high\" class=\"wp-image-10450 avia-img-lazy-loading-not-10450\"  src=\"https:\/\/impactnw.org\/wp-content\/uploads\/2017\/12\/aka_science_boys_cup.jpg\" width=\"500\" height=\"333\" title='aka_science_boys_cup' alt=''  itemprop=\"thumbnailUrl\" srcset=\"https:\/\/impactnw.org\/wp-content\/uploads\/2017\/12\/aka_science_boys_cup.jpg 500w, https:\/\/impactnw.org\/wp-content\/uploads\/2017\/12\/aka_science_boys_cup-300x200.jpg 300w, https:\/\/impactnw.org\/wp-content\/uploads\/2017\/12\/aka_science_boys_cup-450x300.jpg 450w\" sizes=\"(max-width: 500px) 100vw, 500px\" \/><\/div><\/li><li  class='avia-slideshow-slide av-13llebb-94f568c89b48cdc17cca8481faabe959__3  slide-4 slide-even'><div data-rel='slideshow-1' class='avia-slide-wrap'   ><img decoding=\"async\" fetchpriority=\"high\" class=\"wp-image-10452 avia-img-lazy-loading-not-10452\"  src=\"https:\/\/impactnw.org\/wp-content\/uploads\/2017\/12\/aka_science_girls_goo.jpg\" width=\"500\" height=\"333\" title='aka_science_girls_goo' alt=''  itemprop=\"thumbnailUrl\" srcset=\"https:\/\/impactnw.org\/wp-content\/uploads\/2017\/12\/aka_science_girls_goo.jpg 500w, https:\/\/impactnw.org\/wp-content\/uploads\/2017\/12\/aka_science_girls_goo-300x200.jpg 300w, https:\/\/impactnw.org\/wp-content\/uploads\/2017\/12\/aka_science_girls_goo-450x300.jpg 450w\" sizes=\"(max-width: 500px) 100vw, 500px\" \/><\/div><\/li><\/ul><div class='avia-slideshow-arrows avia-slideshow-controls' ><a href='#prev' class='prev-slide  avia-svg-icon avia-font-svg_entypo-fontello' data-av_svg_icon='left-open-big' data-av_iconset='svg_entypo-fontello' tabindex='-1' title=\"Anterior\"><svg version=\"1.1\" xmlns=\"http:\/\/www.w3.org\/2000\/svg\" width=\"15\" height=\"32\" viewbox=\"0 0 15 32\" preserveaspectratio=\"xMidYMid meet\" aria-labelledby='av-svg-title-1' aria-describedby='av-svg-desc-1' role=\"graphics-symbol\" aria-hidden=\"true\">\n<title id='av-svg-title-1'>Anterior<\/title>\n<desc id='av-svg-desc-1'>Anterior<\/desc>\n<path d=\"M14.464 27.84q0.832 0.832 0 1.536-0.832 0.832-1.536 0l-12.544-12.608q-0.768-0.768 0-1.6l12.544-12.608q0.704-0.832 1.536 0 0.832 0.704 0 1.536l-11.456 11.904z\"><\/path>\n<\/svg><span class='avia_hidden_link_text'>Anterior<\/span><\/a><a href='#next' class='next-slide  avia-svg-icon avia-font-svg_entypo-fontello' data-av_svg_icon='right-open-big' data-av_iconset='svg_entypo-fontello' tabindex='-1' title=\"Posterior\"><svg version=\"1.1\" xmlns=\"http:\/\/www.w3.org\/2000\/svg\" width=\"15\" height=\"32\" viewbox=\"0 0 15 32\" preserveaspectratio=\"xMidYMid meet\" aria-labelledby='av-svg-title-2' aria-describedby='av-svg-desc-2' role=\"graphics-symbol\" aria-hidden=\"true\">\n<title id='av-svg-title-2'>Posterior<\/title>\n<desc id='av-svg-desc-2'>Posterior<\/desc>\n<path d=\"M0.416 27.84l11.456-11.84-11.456-11.904q-0.832-0.832 0-1.536 0.832-0.832 1.536 0l12.544 12.608q0.768 0.832 0 1.6l-12.544 12.608q-0.704 0.832-1.536 0-0.832-0.704 0-1.536z\"><\/path>\n<\/svg><span class='avia_hidden_link_text'>Posterior<\/span><\/a><\/div><\/div><br \/>\n<section  class='av_textblock_section av-jvfg6hru-06b04b2fc77d221ae9e32d7374562de5'   itemscope=\"itemscope\" itemtype=\"https:\/\/schema.org\/CreativeWork\" ><div class='avia_textblock'  itemprop=\"text\" ><blockquote>\n<p>2 Ways to Get Involved:<\/p>\n<\/blockquote>\n<p><strong>L\u00edder de clase de ciencia de AKA:<\/strong><\/p>\n<p>Class Leaders are needed to teach our fun, hands-on after school science program to elementary school students. Classes are held in the Portland Metro area for 7-9 weeks. Each class is typically 1 hour per week and engages 10-15 students. AKA Science Class Leaders receive training in innovative teaching methods and the specific activities in the curriculum. The curriculum and all supplies are provided.<\/p>\n<p>Buscamos candidatos apasionados por la educaci\u00f3n y que muestran una actitud positiva. La experiencia previa con ni\u00f1os en edad escolar es muy preferida. Un fondo en ciencia no es necesario. Todos los solicitantes deben ser mayores de 18 a\u00f1os y pueden pasar una verificaci\u00f3n de antecedentes. Cada sitio de AKA Science selecciona su propio l\u00edder de clase, por lo que los solicitantes de este puesto recibir\u00e1n una lista de los sitios que actualmente buscan un l\u00edder de clase ~ o ~ una actualizaci\u00f3n sobre cu\u00e1ndo comenzar\u00e1 la pr\u00f3xima ronda de reclutamiento.<\/p>\n<\/div><\/section><br \/>\n<section  class='av_textblock_section av-sff36f-a2d39d6e294f42aac0c634fec218b7d4'   itemscope=\"itemscope\" itemtype=\"https:\/\/schema.org\/CreativeWork\" ><div class='avia_textblock'  itemprop=\"text\" ><p><strong>AKA Science Kit Builder:<\/strong><\/p>\n<p>Kit Builders are needed to count, sort, and bundle supplies to fill the science kits for each AKA Science after-school class. It\u2019s easy work\u2026but with 80 kits to assemble each school term, there\u2019s lots to do! This is a casual, low-key volunteer opportunity for anyone who enjoys organization, details, and teamwork.<\/p>\n<p>Kit-building takes place at the Impact NW Dancing Tree Family Center (10055 E Burnside St., Portland, OR 97216). There\u2019s flexibility around what time to come on a particular day, though a commitment of at least 2 hours would be great!<\/p>\n<p>We seek Kit Builders who are over the age of 18 or 13+ with an adult companion. Kit Builders may be asked to sit, bend, and do light lifting, but we can provide tasks flexibly based on volunteers\u2019 physical needs. Applicants for this position will receive a list of upcoming kit building dates and times ~or~ an update about when more dates will be scheduled.<\/p>\n<\/div><\/section><\/p><\/div>\n\n<style type=\"text\/css\" data-created_by=\"avia_inline_auto\" id=\"style-css-av-p1nq93-26ecdbc91e320f21890f1ef131eed148\">\n.flex_column.av-p1nq93-26ecdbc91e320f21890f1ef131eed148{\nborder-width:1px;\nborder-color:#bf2e1a;\nborder-style:solid;\nborder-radius:0px 0px 0px 0px;\npadding:10px 10px 10px 10px;\n}\n<\/style>\n<div  class='flex_column av-p1nq93-26ecdbc91e320f21890f1ef131eed148 av_two_fifth  avia-builder-el-6  el_after_av_three_fifth  el_before_av_one_full  flex_column_div'     ><form action=\"https:\/\/impactnw.org\/es\/programs\/youthfamily\/aka-science\/aka-science-volunteer\/\" method=\"post\" data-fields-with-error=\"Found errors in the following field(s):\" class=\"avia_ajax_form av-form-labels-visible   avia-builder-el-7  avia-builder-el-no-sibling  av-centered-form\" data-avia-form-id=\"1\" data-avia-redirect='' data-trp-original-action=\"https:\/\/impactnw.org\/es\/programs\/youthfamily\/aka-science\/aka-science-volunteer\/\" ><h3 class=''>\u00a1Quiero involucrarme!<\/h3><fieldset><div id='avia_1_1' class='av-form-text'><p>\n\u00a1Gracias por su inter\u00e9s en ser voluntario con AKA Science! Complete el siguiente formulario y un miembro del personal de AKA Science se pondr\u00e1 en contacto con usted en un plazo de 3 d\u00edas h\u00e1biles. Tenga en cuenta: los art\u00edculos con un asterisco (*) son obligatorios.<\/p>\n<\/div><p class='first_form  form_element form_element_third' id='element_avia_2_1'><input  name=\"avia_2_1\" class=\"input_checkbox\" type=\"checkbox\" id=\"avia_2_1\" value=\"true\"\/><label class=\"input_checkbox_label\" for=\"avia_2_1\">\u00a1Quiero ser un l\u00edder de clase de ciencias de AKA!<\/label><\/p><p class='form_element form_element_third' id='element_avia_3_1'><input  name=\"avia_3_1\" class=\"input_checkbox\" type=\"checkbox\" id=\"avia_3_1\" value=\"true\"\/><label class=\"input_checkbox_label\" for=\"avia_3_1\">\u00a1Quiero ser un generador de AKA Science Kit Builder!<\/label><\/p><p class='first_form  form_element form_element_half' id='element_avia_4_1'><label for=\"avia_4_1\">Nombre de pila <abbr class=\"required\" title=\"requerido\">*<\/abbr><\/label> <input name=\"avia_4_1\" class=\"text_input is_empty\" type=\"text\" id=\"avia_4_1\" value=\"\" \/><\/p><p class='form_element form_element_half' id='element_avia_5_1'><label for=\"avia_5_1\">Apellido <abbr class=\"required\" title=\"requerido\">*<\/abbr><\/label> <input name=\"avia_5_1\" class=\"text_input is_empty\" type=\"text\" id=\"avia_5_1\" value=\"\" \/><\/p><p class='first_form  form_element form_element_half' id='element_avia_6_1'><label for=\"avia_6_1\">Correo electr\u00f3nico <abbr class=\"required\" title=\"requerido\">*<\/abbr><\/label> <input name=\"avia_6_1\" class=\"text_input is_email\" type=\"text\" id=\"avia_6_1\" value=\"\" \/><\/p><p class='form_element form_element_half' id='element_avia_7_1'><label for=\"avia_7_1\">N\u00famero de tel\u00e9fono<\/label> <input name=\"avia_7_1\" class=\"text_input\" type=\"text\" id=\"avia_7_1\" value=\"\" \/><\/p><p class='first_form  form_element form_fullwidth' id='element_avia_8_1'><label for=\"avia_8_1\">Grupo u Organizaci\u00f3n (si corresponde)<\/label> <input name=\"avia_8_1\" class=\"text_input\" type=\"text\" id=\"avia_8_1\" value=\"\" \/><\/p><p class='first_form  form_element form_fullwidth' id='element_avia_9_1'><label for=\"avia_9_1\">\u00bfQu\u00e9 despert\u00f3 tu inter\u00e9s en ser voluntario con AKA Science? \u00bfHay alg\u00fan objetivo espec\u00edfico que esperas encontrar?<\/label> <input name=\"avia_9_1\" class=\"text_input\" type=\"text\" id=\"avia_9_1\" value=\"\" \/><\/p><p class='first_form  form_element form_fullwidth' id='element_avia_10_1'><label for=\"avia_10_1\">Si te est\u00e1s registrando en nombre de un grupo, \u00bfcu\u00e1ntas personas crees que ser\u00e1n voluntarias?<\/label> <input name=\"avia_10_1\" class=\"text_input\" type=\"text\" id=\"avia_10_1\" value=\"\" \/><\/p><p class='first_form  form_element form_fullwidth av-last-visible-form-element' id='element_avia_11_1'><label for=\"avia_11_1\">\u00bfPreguntas o comentarios?<\/label> <input name=\"avia_11_1\" class=\"text_input\" type=\"text\" id=\"avia_11_1\" value=\"\" \/><\/p><p class=\"hidden\"><input type=\"text\" name=\"avia_12_1\" class=\"hidden\" id=\"avia_12_1\" value=\"\" \/><\/p><p class=\"form_element\"><input type=\"hidden\" value=\"1\" name=\"avia_generated_form1\" \/><input type=\"submit\" value=\"Enviar\" class=\"button\"  data-sending-label=\"Enviando\"\/><\/p><\/fieldset><input type=\"hidden\" name=\"trp-form-language\" value=\"es\"\/><\/form><div id=\"ajaxresponse_1\" class=\"ajaxresponse ajaxresponse_1 hidden\"><\/div><\/div>\n\n<style type=\"text\/css\" data-created_by=\"avia_inline_auto\" id=\"style-css-av-37g6s7-d917c255951890a215bffdc45415de62\">\n.flex_column.av-37g6s7-d917c255951890a215bffdc45415de62{\nborder-radius:0px 0px 0px 0px;\npadding:0px 0px 0px 0px;\n}\n<\/style>\n<div  class='flex_column av-37g6s7-d917c255951890a215bffdc45415de62 av_one_full  avia-builder-el-8  el_after_av_two_fifth  avia-builder-el-last  first flex_column_div av-zero-column-padding'     ><\/div>","protected":false},"excerpt":{"rendered":"","protected":false},"author":21,"featured_media":0,"parent":73,"menu_order":0,"comment_status":"closed","ping_status":"closed","template":"","meta":{"_monsterinsights_skip_tracking":false,"_monsterinsights_sitenote_active":false,"_monsterinsights_sitenote_note":"","_monsterinsights_sitenote_category":0,"footnotes":"","_links_to":"","_links_to_target":""},"class_list":["post-1127","page","type-page","status-publish","hentry"],"yoast_head":"<!-- This site is optimized with the Yoast SEO plugin v27.4 - https:\/\/yoast.com\/product\/yoast-seo-wordpress\/ -->\n<title>Volunteer with AKA Science &#8211; Impact NW<\/title>\n<meta name=\"robots\" content=\"index, follow, max-snippet:-1, max-image-preview:large, max-video-preview:-1\" \/>\n<link rel=\"canonical\" href=\"https:\/\/impactnw.org\/es\/programs\/youthfamily\/aka-science\/aka-science-volunteer\/\" \/>\n<meta property=\"og:locale\" content=\"es_ES\" \/>\n<meta property=\"og:type\" content=\"article\" \/>\n<meta property=\"og:title\" content=\"Volunteer with AKA Science &#8211; Impact NW\" \/>\n<meta property=\"og:url\" content=\"https:\/\/impactnw.org\/es\/programs\/youthfamily\/aka-science\/aka-science-volunteer\/\" \/>\n<meta property=\"og:site_name\" content=\"Impact NW\" \/>\n<meta property=\"article:publisher\" content=\"http:\/\/www.facebook.com\/ImpactNWsince1966\" \/>\n<meta property=\"article:modified_time\" content=\"2019-10-18T00:21:22+00:00\" \/>\n<meta name=\"twitter:card\" content=\"summary_large_image\" \/>\n<meta name=\"twitter:site\" content=\"@impactnw\" \/>\n<meta name=\"twitter:label1\" content=\"Tiempo de lectura\" \/>\n\t<meta name=\"twitter:data1\" content=\"6 minutos\" \/>\n<script type=\"application\/ld+json\" class=\"yoast-schema-graph\">{\"@context\":\"https:\\\/\\\/schema.org\",\"@graph\":[{\"@type\":\"WebPage\",\"@id\":\"https:\\\/\\\/impactnw.org\\\/programs\\\/youthfamily\\\/aka-science\\\/aka-science-volunteer\\\/\",\"url\":\"https:\\\/\\\/impactnw.org\\\/programs\\\/youthfamily\\\/aka-science\\\/aka-science-volunteer\\\/\",\"name\":\"Volunteer with AKA Science &#8211; Impact NW\",\"isPartOf\":{\"@id\":\"https:\\\/\\\/impactnw.org\\\/#website\"},\"datePublished\":\"2012-02-10T22:17:31+00:00\",\"dateModified\":\"2019-10-18T00:21:22+00:00\",\"breadcrumb\":{\"@id\":\"https:\\\/\\\/impactnw.org\\\/programs\\\/youthfamily\\\/aka-science\\\/aka-science-volunteer\\\/#breadcrumb\"},\"inLanguage\":\"es\",\"potentialAction\":[{\"@type\":\"ReadAction\",\"target\":[\"https:\\\/\\\/impactnw.org\\\/programs\\\/youthfamily\\\/aka-science\\\/aka-science-volunteer\\\/\"]}]},{\"@type\":\"BreadcrumbList\",\"@id\":\"https:\\\/\\\/impactnw.org\\\/programs\\\/youthfamily\\\/aka-science\\\/aka-science-volunteer\\\/#breadcrumb\",\"itemListElement\":[{\"@type\":\"ListItem\",\"position\":1,\"name\":\"Home\",\"item\":\"https:\\\/\\\/impactnw.org\\\/home\\\/\"},{\"@type\":\"ListItem\",\"position\":2,\"name\":\"Programs\",\"item\":\"https:\\\/\\\/impactnw.org\\\/programs\\\/\"},{\"@type\":\"ListItem\",\"position\":3,\"name\":\"Youth &#038; Family Services\",\"item\":\"https:\\\/\\\/impactnw.org\\\/programs\\\/youthfamily\\\/\"},{\"@type\":\"ListItem\",\"position\":4,\"name\":\"AKA Science\",\"item\":\"https:\\\/\\\/impactnw.org\\\/programs\\\/youthfamily\\\/aka-science\\\/\"},{\"@type\":\"ListItem\",\"position\":5,\"name\":\"Volunteer with AKA Science\"}]},{\"@type\":\"WebSite\",\"@id\":\"https:\\\/\\\/impactnw.org\\\/#website\",\"url\":\"https:\\\/\\\/impactnw.org\\\/\",\"name\":\"Impact NW\",\"description\":\"Inspiring Hope. Empowering Independence.\",\"potentialAction\":[{\"@type\":\"SearchAction\",\"target\":{\"@type\":\"EntryPoint\",\"urlTemplate\":\"https:\\\/\\\/impactnw.org\\\/?s={search_term_string}\"},\"query-input\":{\"@type\":\"PropertyValueSpecification\",\"valueRequired\":true,\"valueName\":\"search_term_string\"}}],\"inLanguage\":\"es\"}]}<\/script>\n<!-- \/ Yoast SEO plugin. -->","yoast_head_json":{"title":"Volunteer with AKA Science &#8211; Impact NW","robots":{"index":"index","follow":"follow","max-snippet":"max-snippet:-1","max-image-preview":"max-image-preview:large","max-video-preview":"max-video-preview:-1"},"canonical":"https:\/\/impactnw.org\/es\/programs\/youthfamily\/aka-science\/aka-science-volunteer\/","og_locale":"es_ES","og_type":"article","og_title":"Volunteer with AKA Science &#8211; Impact NW","og_url":"https:\/\/impactnw.org\/es\/programs\/youthfamily\/aka-science\/aka-science-volunteer\/","og_site_name":"Impact NW","article_publisher":"http:\/\/www.facebook.com\/ImpactNWsince1966","article_modified_time":"2019-10-18T00:21:22+00:00","twitter_card":"summary_large_image","twitter_site":"@impactnw","twitter_misc":{"Tiempo de lectura":"6 minutos"},"schema":{"@context":"https:\/\/schema.org","@graph":[{"@type":"WebPage","@id":"https:\/\/impactnw.org\/programs\/youthfamily\/aka-science\/aka-science-volunteer\/","url":"https:\/\/impactnw.org\/programs\/youthfamily\/aka-science\/aka-science-volunteer\/","name":"Volunteer with AKA Science &#8211; Impact NW","isPartOf":{"@id":"https:\/\/impactnw.org\/#website"},"datePublished":"2012-02-10T22:17:31+00:00","dateModified":"2019-10-18T00:21:22+00:00","breadcrumb":{"@id":"https:\/\/impactnw.org\/programs\/youthfamily\/aka-science\/aka-science-volunteer\/#breadcrumb"},"inLanguage":"es","potentialAction":[{"@type":"ReadAction","target":["https:\/\/impactnw.org\/programs\/youthfamily\/aka-science\/aka-science-volunteer\/"]}]},{"@type":"BreadcrumbList","@id":"https:\/\/impactnw.org\/programs\/youthfamily\/aka-science\/aka-science-volunteer\/#breadcrumb","itemListElement":[{"@type":"ListItem","position":1,"name":"Home","item":"https:\/\/impactnw.org\/home\/"},{"@type":"ListItem","position":2,"name":"Programs","item":"https:\/\/impactnw.org\/programs\/"},{"@type":"ListItem","position":3,"name":"Youth &#038; Family Services","item":"https:\/\/impactnw.org\/programs\/youthfamily\/"},{"@type":"ListItem","position":4,"name":"AKA Science","item":"https:\/\/impactnw.org\/programs\/youthfamily\/aka-science\/"},{"@type":"ListItem","position":5,"name":"Volunteer with AKA Science"}]},{"@type":"WebSite","@id":"https:\/\/impactnw.org\/#website","url":"https:\/\/impactnw.org\/","name":"Impacto NW","description":"Inspiradora esperanza. Empoderando la independencia.","potentialAction":[{"@type":"SearchAction","target":{"@type":"EntryPoint","urlTemplate":"https:\/\/impactnw.org\/?s={search_term_string}"},"query-input":{"@type":"PropertyValueSpecification","valueRequired":true,"valueName":"search_term_string"}}],"inLanguage":"es"}]}},"_links":{"self":[{"href":"https:\/\/impactnw.org\/es\/wp-json\/wp\/v2\/pages\/1127","targetHints":{"allow":["GET"]}}],"collection":[{"href":"https:\/\/impactnw.org\/es\/wp-json\/wp\/v2\/pages"}],"about":[{"href":"https:\/\/impactnw.org\/es\/wp-json\/wp\/v2\/types\/page"}],"author":[{"embeddable":true,"href":"https:\/\/impactnw.org\/es\/wp-json\/wp\/v2\/users\/21"}],"replies":[{"embeddable":true,"href":"https:\/\/impactnw.org\/es\/wp-json\/wp\/v2\/comments?post=1127"}],"version-history":[{"count":0,"href":"https:\/\/impactnw.org\/es\/wp-json\/wp\/v2\/pages\/1127\/revisions"}],"up":[{"embeddable":true,"href":"https:\/\/impactnw.org\/es\/wp-json\/wp\/v2\/pages\/73"}],"wp:attachment":[{"href":"https:\/\/impactnw.org\/es\/wp-json\/wp\/v2\/media?parent=1127"}],"curies":[{"name":"wp","href":"https:\/\/api.w.org\/{rel}","templated":true}]}}