{"id":111,"date":"2011-09-28T23:18:45","date_gmt":"2011-09-28T23:18:45","guid":{"rendered":"http:\/\/dev.impactnw.org\/wp_11_2011\/?page_id=111"},"modified":"2020-02-25T10:53:36","modified_gmt":"2020-02-25T18:53:36","slug":"employee-giving-campaigns","status":"publish","type":"page","link":"https:\/\/impactnw.org\/es\/how-to-help\/donate\/employee-giving-campaigns\/","title":{"rendered":"Donaci\u00f3n \/ Emparejamiento de empleados"},"content":{"rendered":"<section  class='av_textblock_section av-6peo7-68a8217112ae44a79617c716fd209783'   itemscope=\"itemscope\" itemtype=\"https:\/\/schema.org\/CreativeWork\" ><div class='avia_textblock'  itemprop=\"text\" ><h1>Donaci\u00f3n \/ Emparejamiento de empleados<\/h1>\n<h2 style=\"line-height: 30px;\">Duplique o incluso triplique su donaci\u00f3n para ayudar a m\u00e1s ni\u00f1os, familias, personas mayores y personas con discapacidades.<\/h2>\n<p>Muchas compa\u00f1\u00edas &quot;igualar\u00e1n&quot; las donaciones de caridad otorgadas por los empleados. Pueden devolver a sus comunidades y permitir que los empleados aumenten su apoyo a la organizaci\u00f3n ben\u00e9fica que elijan. Los miles de d\u00f3lares que recibimos por a\u00f1o en donaciones equivalentes nos ayudan a garantizar que m\u00e1s ni\u00f1os tengan acceso a la atenci\u00f3n m\u00e9dica que necesitan.<\/p>\n<p><strong><a href=\"http:\/\/matchfinderonline.blackbaud.com\/MatchGiftInquiry.aspx?cid=21411\">Haga clic aqu\u00ed e ingrese el nombre de su empleador en el recuadro para ver si tienen un programa de obsequios a juego.<\/a><\/strong><\/p>\n<p>Si lo hacen, haga un seguimiento con su contacto de Recursos Humanos o Corporativo para seguir el procedimiento de igualar los obsequios de su empresa. \u00a1Gracias!<\/p>\n<\/div><\/section>","protected":false},"excerpt":{"rendered":"","protected":false},"author":21,"featured_media":0,"parent":98,"menu_order":7,"comment_status":"closed","ping_status":"closed","template":"","meta":{"_monsterinsights_skip_tracking":false,"_monsterinsights_sitenote_active":false,"_monsterinsights_sitenote_note":"","_monsterinsights_sitenote_category":0,"footnotes":"","_links_to":"","_links_to_target":""},"class_list":["post-111","page","type-page","status-publish","hentry"],"yoast_head":"<!-- This site is optimized with the Yoast SEO plugin v27.4 - https:\/\/yoast.com\/product\/yoast-seo-wordpress\/ -->\n<title>Employee Giving \/ Matching &#8211; Impact NW<\/title>\n<meta name=\"robots\" content=\"index, follow, max-snippet:-1, max-image-preview:large, max-video-preview:-1\" \/>\n<link rel=\"canonical\" href=\"https:\/\/impactnw.org\/es\/how-to-help\/donate\/employee-giving-campaigns\/\" \/>\n<meta property=\"og:locale\" content=\"es_ES\" \/>\n<meta property=\"og:type\" content=\"article\" \/>\n<meta property=\"og:title\" content=\"Employee Giving \/ Matching &#8211; Impact NW\" \/>\n<meta property=\"og:url\" content=\"https:\/\/impactnw.org\/es\/how-to-help\/donate\/employee-giving-campaigns\/\" \/>\n<meta property=\"og:site_name\" content=\"Impact NW\" \/>\n<meta property=\"article:publisher\" content=\"http:\/\/www.facebook.com\/ImpactNWsince1966\" \/>\n<meta property=\"article:modified_time\" content=\"2020-02-25T18:53:36+00:00\" \/>\n<meta name=\"twitter:card\" content=\"summary_large_image\" \/>\n<meta name=\"twitter:site\" content=\"@impactnw\" \/>\n<meta name=\"twitter:label1\" content=\"Tiempo de lectura\" \/>\n\t<meta name=\"twitter:data1\" content=\"1 minuto\" \/>\n<script type=\"application\/ld+json\" class=\"yoast-schema-graph\">{\"@context\":\"https:\\\/\\\/schema.org\",\"@graph\":[{\"@type\":\"WebPage\",\"@id\":\"https:\\\/\\\/impactnw.org\\\/how-to-help\\\/donate\\\/employee-giving-campaigns\\\/\",\"url\":\"https:\\\/\\\/impactnw.org\\\/how-to-help\\\/donate\\\/employee-giving-campaigns\\\/\",\"name\":\"Employee Giving \\\/ Matching &#8211; Impact NW\",\"isPartOf\":{\"@id\":\"https:\\\/\\\/impactnw.org\\\/#website\"},\"datePublished\":\"2011-09-28T23:18:45+00:00\",\"dateModified\":\"2020-02-25T18:53:36+00:00\",\"breadcrumb\":{\"@id\":\"https:\\\/\\\/impactnw.org\\\/how-to-help\\\/donate\\\/employee-giving-campaigns\\\/#breadcrumb\"},\"inLanguage\":\"es\",\"potentialAction\":[{\"@type\":\"ReadAction\",\"target\":[\"https:\\\/\\\/impactnw.org\\\/how-to-help\\\/donate\\\/employee-giving-campaigns\\\/\"]}]},{\"@type\":\"BreadcrumbList\",\"@id\":\"https:\\\/\\\/impactnw.org\\\/how-to-help\\\/donate\\\/employee-giving-campaigns\\\/#breadcrumb\",\"itemListElement\":[{\"@type\":\"ListItem\",\"position\":1,\"name\":\"Home\",\"item\":\"https:\\\/\\\/impactnw.org\\\/home\\\/\"},{\"@type\":\"ListItem\",\"position\":2,\"name\":\"How to Help\",\"item\":\"https:\\\/\\\/impactnw.org\\\/how-to-help\\\/\"},{\"@type\":\"ListItem\",\"position\":3,\"name\":\"Make an Impact\",\"item\":\"https:\\\/\\\/impactnw.org\\\/how-to-help\\\/donate\\\/\"},{\"@type\":\"ListItem\",\"position\":4,\"name\":\"Employee Giving \\\/ Matching\"}]},{\"@type\":\"WebSite\",\"@id\":\"https:\\\/\\\/impactnw.org\\\/#website\",\"url\":\"https:\\\/\\\/impactnw.org\\\/\",\"name\":\"Impact NW\",\"description\":\"Inspiring Hope. Empowering Independence.\",\"potentialAction\":[{\"@type\":\"SearchAction\",\"target\":{\"@type\":\"EntryPoint\",\"urlTemplate\":\"https:\\\/\\\/impactnw.org\\\/?s={search_term_string}\"},\"query-input\":{\"@type\":\"PropertyValueSpecification\",\"valueRequired\":true,\"valueName\":\"search_term_string\"}}],\"inLanguage\":\"es\"}]}<\/script>\n<!-- \/ Yoast SEO plugin. -->","yoast_head_json":{"title":"Employee Giving \/ Matching &#8211; Impact NW","robots":{"index":"index","follow":"follow","max-snippet":"max-snippet:-1","max-image-preview":"max-image-preview:large","max-video-preview":"max-video-preview:-1"},"canonical":"https:\/\/impactnw.org\/es\/how-to-help\/donate\/employee-giving-campaigns\/","og_locale":"es_ES","og_type":"article","og_title":"Employee Giving \/ Matching &#8211; Impact NW","og_url":"https:\/\/impactnw.org\/es\/how-to-help\/donate\/employee-giving-campaigns\/","og_site_name":"Impact NW","article_publisher":"http:\/\/www.facebook.com\/ImpactNWsince1966","article_modified_time":"2020-02-25T18:53:36+00:00","twitter_card":"summary_large_image","twitter_site":"@impactnw","twitter_misc":{"Tiempo de lectura":"1 minuto"},"schema":{"@context":"https:\/\/schema.org","@graph":[{"@type":"WebPage","@id":"https:\/\/impactnw.org\/how-to-help\/donate\/employee-giving-campaigns\/","url":"https:\/\/impactnw.org\/how-to-help\/donate\/employee-giving-campaigns\/","name":"Employee Giving \/ Matching &#8211; Impact NW","isPartOf":{"@id":"https:\/\/impactnw.org\/#website"},"datePublished":"2011-09-28T23:18:45+00:00","dateModified":"2020-02-25T18:53:36+00:00","breadcrumb":{"@id":"https:\/\/impactnw.org\/how-to-help\/donate\/employee-giving-campaigns\/#breadcrumb"},"inLanguage":"es","potentialAction":[{"@type":"ReadAction","target":["https:\/\/impactnw.org\/how-to-help\/donate\/employee-giving-campaigns\/"]}]},{"@type":"BreadcrumbList","@id":"https:\/\/impactnw.org\/how-to-help\/donate\/employee-giving-campaigns\/#breadcrumb","itemListElement":[{"@type":"ListItem","position":1,"name":"Home","item":"https:\/\/impactnw.org\/home\/"},{"@type":"ListItem","position":2,"name":"How to Help","item":"https:\/\/impactnw.org\/how-to-help\/"},{"@type":"ListItem","position":3,"name":"Make an Impact","item":"https:\/\/impactnw.org\/how-to-help\/donate\/"},{"@type":"ListItem","position":4,"name":"Employee Giving \/ Matching"}]},{"@type":"WebSite","@id":"https:\/\/impactnw.org\/#website","url":"https:\/\/impactnw.org\/","name":"Impacto NW","description":"Inspiradora esperanza. Empoderando la independencia.","potentialAction":[{"@type":"SearchAction","target":{"@type":"EntryPoint","urlTemplate":"https:\/\/impactnw.org\/?s={search_term_string}"},"query-input":{"@type":"PropertyValueSpecification","valueRequired":true,"valueName":"search_term_string"}}],"inLanguage":"es"}]}},"_links":{"self":[{"href":"https:\/\/impactnw.org\/es\/wp-json\/wp\/v2\/pages\/111","targetHints":{"allow":["GET"]}}],"collection":[{"href":"https:\/\/impactnw.org\/es\/wp-json\/wp\/v2\/pages"}],"about":[{"href":"https:\/\/impactnw.org\/es\/wp-json\/wp\/v2\/types\/page"}],"author":[{"embeddable":true,"href":"https:\/\/impactnw.org\/es\/wp-json\/wp\/v2\/users\/21"}],"replies":[{"embeddable":true,"href":"https:\/\/impactnw.org\/es\/wp-json\/wp\/v2\/comments?post=111"}],"version-history":[{"count":0,"href":"https:\/\/impactnw.org\/es\/wp-json\/wp\/v2\/pages\/111\/revisions"}],"up":[{"embeddable":true,"href":"https:\/\/impactnw.org\/es\/wp-json\/wp\/v2\/pages\/98"}],"wp:attachment":[{"href":"https:\/\/impactnw.org\/es\/wp-json\/wp\/v2\/media?parent=111"}],"curies":[{"name":"wp","href":"https:\/\/api.w.org\/{rel}","templated":true}]}}