{"id":10281,"date":"2017-09-21T12:10:50","date_gmt":"2017-09-21T19:10:50","guid":{"rendered":"http:\/\/dev.impactnw.org\/?page_id=10281"},"modified":"2025-11-21T14:21:23","modified_gmt":"2025-11-21T22:21:23","slug":"communities-for-safe-kids","status":"publish","type":"page","link":"https:\/\/impactnw.org\/es\/programs\/early-childhood\/communities-for-safe-kids\/","title":{"rendered":"Comunidades para ni\u00f1os seguros"},"content":{"rendered":"<style type=\"text\/css\" data-created_by=\"avia_inline_auto\" id=\"style-css-av-vat7ft-8613d15a66a37e0c061d5704f40dedbb\">\n.flex_column.av-vat7ft-8613d15a66a37e0c061d5704f40dedbb{\nborder-radius:0px 0px 0px 0px;\npadding:0px 0px 0px 0px;\n}\n<\/style>\n<div  class='flex_column av-vat7ft-8613d15a66a37e0c061d5704f40dedbb av_one_full  avia-builder-el-0  el_before_av_hr  avia-builder-el-first  first flex_column_div av-zero-column-padding'     ><section  class='av_textblock_section av-k1v81ky0-04daddd0481b77543feac963d80547fb'   itemscope=\"itemscope\" itemtype=\"https:\/\/schema.org\/CreativeWork\" ><div class='avia_textblock'  itemprop=\"text\" ><h1>Comunidades para ni\u00f1os seguros<\/h1>\n<\/div><\/section><\/div>\n\n<style type=\"text\/css\" data-created_by=\"avia_inline_auto\" id=\"style-css-av-k1v8amsn-dbc158334b8056f8fd77c4e0084037b8\">\n#top .hr.hr-invisible.av-k1v8amsn-dbc158334b8056f8fd77c4e0084037b8{\nmargin-top:-35px;\nheight:1px;\n}\n<\/style>\n<div  class='hr av-k1v8amsn-dbc158334b8056f8fd77c4e0084037b8 hr-invisible  avia-builder-el-2  el_after_av_one_full  el_before_av_three_fifth'><span class='hr-inner'><span class=\"hr-inner-style\"><\/span><\/span><\/div>\n\n<style type=\"text\/css\" data-created_by=\"avia_inline_auto\" id=\"style-css-av-3l1w0qx-54326fd785dbf958ee266f41c5201231\">\n.flex_column.av-3l1w0qx-54326fd785dbf958ee266f41c5201231{\nborder-radius:0px 0px 0px 0px;\npadding:0px 0px 0px 0px;\n}\n<\/style>\n<div  class='flex_column av-3l1w0qx-54326fd785dbf958ee266f41c5201231 av_three_fifth  avia-builder-el-3  el_after_av_hr  el_before_av_two_fifth  first flex_column_div av-zero-column-padding'     ><section  class='av_textblock_section av-2zwabpl-76d614a6f17d16da8f04be538e4e2286'   itemscope=\"itemscope\" itemtype=\"https:\/\/schema.org\/CreativeWork\" ><div class='avia_textblock'  itemprop=\"text\" ><p><span style=\"font-weight: 400;\">Communities for Safe Kids ofrece talleres educativos sobre prevenci\u00f3n de la violencia a estudiantes de escuelas primarias (grados Pre-K a 5), \u200b\u200bpersonal de la escuela y cuidadores de estudiantes en el \u00e1rea de Portland.<\/span><\/p>\n<blockquote>\n<p><b>La investigaci\u00f3n muestra que la prevenci\u00f3n efectiva de la violencia involucra a toda la comunidad de un ni\u00f1o.<\/b><\/p>\n<\/blockquote>\n<p><span style=\"font-weight: 400;\">La misi\u00f3n de Communities for Safe Kids es aprovechar el poder de las personas, las familias y las comunidades para valorar y mejorar el bienestar y la seguridad de los ni\u00f1os. A trav\u00e9s de una educaci\u00f3n apropiada para el desarrollo, basada en el trauma sobre la seguridad personal, brindamos a las comunidades apoyo, conocimiento y herramientas para ayudar a los ni\u00f1os a crecer en un ambiente seguro, respetuoso y saludable.<\/span><\/p>\n<\/div><\/section><\/div>\n\n<style type=\"text\/css\" data-created_by=\"avia_inline_auto\" id=\"style-css-av-1h64tt5-15672308f2917b2ddb135ba7694c92bf\">\n.flex_column.av-1h64tt5-15672308f2917b2ddb135ba7694c92bf{\nborder-radius:0px 0px 0px 0px;\npadding:0px 0px 0px 0px;\n}\n<\/style>\n<div  class='flex_column av-1h64tt5-15672308f2917b2ddb135ba7694c92bf av_two_fifth  avia-builder-el-5  el_after_av_three_fifth  el_before_av_three_fifth  flex_column_div av-zero-column-padding'     ><style type=\"text\/css\" data-created_by=\"avia_inline_auto\" id=\"style-css-av-k1v817cn-aff1ae65202517b06c3b617bdb78e1f3\">\n.avia-image-container.av-k1v817cn-aff1ae65202517b06c3b617bdb78e1f3 img.avia_image{\nbox-shadow:none;\n}\n.avia-image-container.av-k1v817cn-aff1ae65202517b06c3b617bdb78e1f3 .av-image-caption-overlay-center{\ncolor:#ffffff;\n}\n<\/style>\n<div  class='avia-image-container av-k1v817cn-aff1ae65202517b06c3b617bdb78e1f3 av-styling- avia-align-center  avia-builder-el-6  avia-builder-el-no-sibling'   itemprop=\"image\" itemscope=\"itemscope\" itemtype=\"https:\/\/schema.org\/ImageObject\" ><div class=\"avia-image-container-inner\"><div class=\"avia-image-overlay-wrap\"><img decoding=\"async\" fetchpriority=\"high\" class='wp-image-10385 avia-img-lazy-loading-not-10385 avia_image' src=\"https:\/\/impactnw.org\/wp-content\/uploads\/2017\/12\/c4sk1.jpg\" alt='' title='c4sk1'  height=\"618\" width=\"824\"  itemprop=\"thumbnailUrl\" srcset=\"https:\/\/impactnw.org\/wp-content\/uploads\/2017\/12\/c4sk1.jpg 824w, https:\/\/impactnw.org\/wp-content\/uploads\/2017\/12\/c4sk1-300x225.jpg 300w, https:\/\/impactnw.org\/wp-content\/uploads\/2017\/12\/c4sk1-768x576.jpg 768w, https:\/\/impactnw.org\/wp-content\/uploads\/2017\/12\/c4sk1-705x529.jpg 705w, https:\/\/impactnw.org\/wp-content\/uploads\/2017\/12\/c4sk1-450x338.jpg 450w\" sizes=\"(max-width: 824px) 100vw, 824px\" \/><\/div><\/div><\/div><\/div>\n\n<style type=\"text\/css\" data-created_by=\"avia_inline_auto\" id=\"style-css-av-2q7tbc9-2d6a51b1a326dc2e0fa135af63c97895\">\n.flex_column.av-2q7tbc9-2d6a51b1a326dc2e0fa135af63c97895{\nborder-radius:0px 0px 0px 0px;\npadding:20px 0px 0px 0px;\n}\n<\/style>\n<div  class='flex_column av-2q7tbc9-2d6a51b1a326dc2e0fa135af63c97895 av_three_fifth  avia-builder-el-7  el_after_av_two_fifth  el_before_av_two_fifth  first flex_column_div'     ><section  class='av_textblock_section av-203av0p-ddfc8b5bbc3ca769fcc70895f0d543ae'   itemscope=\"itemscope\" itemtype=\"https:\/\/schema.org\/CreativeWork\" ><div class='avia_textblock'  itemprop=\"text\" ><h2>Talleres de estudiantes, personal y cuidador<\/h2>\n<p><span style=\"font-weight: 400;\">Communities for Safe Kids ofrece una serie de talleres de prevenci\u00f3n de violencia para estudiantes, cuidadores y personal escolar. Trabajamos para prevenir los tipos de violencia m\u00e1s comunes que sufren los ni\u00f1os:<\/span><\/p>\n<ul>\n<li style=\"font-weight: 400;\"><span style=\"font-weight: 400;\">Ayudando a los estudiantes a tener mejores relaciones entre ellos a trav\u00e9s de <\/span><b>atenci\u00f3n plena<\/b><span style=\"font-weight: 400;\">, apreciaci\u00f3n de <\/span><b>diversidad<\/b><span style=\"font-weight: 400;\">, y una comprensi\u00f3n de <\/span><b>acoso,<\/b> <b>transe\u00fante y comportamientos de amistad<\/b><span style=\"font-weight: 400;\">;<\/span><\/li>\n<li style=\"font-weight: 400;\"><span style=\"font-weight: 400;\">Ayudar a los adultos dentro y fuera de la escuela a crear un ambiente c\u00e1lido y afectuoso, <\/span><b>donde los estudiantes se sienten escuchados y pueden buscar ayuda cuando sea necesario<\/b><span style=\"font-weight: 400;\">;<\/span><\/li>\n<\/ul>\n<p><span style=\"font-weight: 400;\">Promover normas sociales sanas para prevenir muchos tipos de violencia que experimentan los ni\u00f1os, como el abuso infantil y la violencia dom\u00e9stica, y <\/span><b>promover comportamientos de apoyo y b\u00fasqueda de ayuda.<\/b><\/p>\n<\/div><\/section><\/div>\n\n<style type=\"text\/css\" data-created_by=\"avia_inline_auto\" id=\"style-css-av-1h64tt5-15672308f2917b2ddb135ba7694c92bf\">\n.flex_column.av-1h64tt5-15672308f2917b2ddb135ba7694c92bf{\nborder-radius:0px 0px 0px 0px;\npadding:0px 0px 0px 0px;\n}\n<\/style>\n<div  class='flex_column av-1h64tt5-15672308f2917b2ddb135ba7694c92bf av_two_fifth  avia-builder-el-9  el_after_av_three_fifth  el_before_av_one_full  flex_column_div av-zero-column-padding'     ><style type=\"text\/css\" data-created_by=\"avia_inline_auto\" id=\"style-css-av-4o0quh-027c6bee5c9dbb62d998d6ca645704d5\">\n.av_promobox.av-4o0quh-027c6bee5c9dbb62d998d6ca645704d5{\ncolor:#ffffff;\nbackground:#1c3848;\n}\n<\/style>\n<div  class='av_promobox av-4o0quh-027c6bee5c9dbb62d998d6ca645704d5 avia-button-no  avia-builder-el-10  avia-builder-el-no-sibling'><div class='avia-promocontent'><\/p>\n<h3 style=\"color: #f6bb17; font-weight: bold;\">\u00bfPodemos ayudarte?<\/h3>\n<div class=\"gmail_default\">For more information about Communities for Safe Kids or to schedule a workshop series at your school, please contact Communities for Safe Kids at C4SK@Impactnw.org.<\/div>\n<div class=\"gmail_default\"><\/div>\n<p><a style=\"color: white;\" href=\"http:\/\/www.facebook.com\/communitiesforsafekids\/\" target=\"_blank\" rel=\"noopener\"><span style=\"font-weight: 400;\">\u00a1Sigue Comunidades para Ni\u00f1os Seguros en Facebook!<\/span><\/a><\/p>\n<\/div><\/div><\/div>\n<style type=\"text\/css\" data-created_by=\"avia_inline_auto\" id=\"style-css-av-m6tia1-6f68a40de66dbe223e46177459a5d821\">\n.flex_column.av-m6tia1-6f68a40de66dbe223e46177459a5d821{\nborder-radius:0px 0px 0px 0px;\npadding:40px 0px 0px 0px;\n}\n<\/style>\n<div  class='flex_column av-m6tia1-6f68a40de66dbe223e46177459a5d821 av_one_full  avia-builder-el-11  el_after_av_two_fifth  avia-builder-el-last  first flex_column_div'     ><section  class='av_textblock_section av-2cyryh-1c6cdf70740d12d02783a20c0ae122f5'   itemscope=\"itemscope\" itemtype=\"https:\/\/schema.org\/CreativeWork\" ><div class='avia_textblock'  itemprop=\"text\" ><h2>Preguntas frecuentes<\/h2>\n<h3>\u00bfPor qu\u00e9 deber\u00eda importarme tener una programaci\u00f3n de prevenci\u00f3n primaria en mi clase?<\/h3>\n<ul>\n<li style=\"font-weight: 400;\">\n<h2><\/h2>\n<p><span style=\"font-weight: 400;\"><img loading=\"lazy\" decoding=\"async\" class=\"alignright size-medium wp-image-10386\" src=\"http:\/\/dev.impactnw.org\/wp-content\/uploads\/2017\/12\/c4sk2-300x225.jpg\" alt=\"\" width=\"300\" height=\"225\" srcset=\"https:\/\/impactnw.org\/wp-content\/uploads\/2017\/12\/c4sk2-300x225.jpg 300w, https:\/\/impactnw.org\/wp-content\/uploads\/2017\/12\/c4sk2-768x576.jpg 768w, https:\/\/impactnw.org\/wp-content\/uploads\/2017\/12\/c4sk2-705x529.jpg 705w, https:\/\/impactnw.org\/wp-content\/uploads\/2017\/12\/c4sk2-450x338.jpg 450w, https:\/\/impactnw.org\/wp-content\/uploads\/2017\/12\/c4sk2.jpg 824w\" sizes=\"auto, (max-width: 300px) 100vw, 300px\" \/>Un ni\u00f1o aprender\u00e1 y retendr\u00e1 nueva informaci\u00f3n de manera m\u00e1s efectiva cuando los adultos en su vida los hayan ayudado a enfrentar el trauma complejo pasado y presente. <\/span><\/li>\n<li style=\"font-weight: 400;\"><span style=\"font-weight: 400;\">Los programas de prevenci\u00f3n realmente pueden aliviar el trauma del pasado y prevenir la violencia futura en el entorno escolar. <\/span><\/li>\n<li style=\"font-weight: 400;\"><span style=\"font-weight: 400;\">El 60% de los ni\u00f1os estar\u00e1n expuestos a la violencia en su vida cotidiana. Se ha demostrado que las experiencias adversas en la ni\u00f1ez, como experimentar abuso infantil o presenciar violencia dom\u00e9stica, tienen efectos f\u00edsicos y mentales duraderos sobre los ni\u00f1os hasta la edad adulta. Este es un problema de salud p\u00fablica.<\/span><\/li>\n<\/ul>\n<h3>\u00bfEsto me ayuda a cumplir con los requisitos del Departamento de Educaci\u00f3n de Oreg\u00f3n?<\/h3>\n<p><span style=\"font-weight: 400;\"><img loading=\"lazy\" decoding=\"async\" class=\"alignright size-medium wp-image-10387\" src=\"http:\/\/dev.impactnw.org\/wp-content\/uploads\/2017\/12\/c4sk3-300x184.jpg\" alt=\"\" width=\"300\" height=\"184\" srcset=\"https:\/\/impactnw.org\/wp-content\/uploads\/2017\/12\/c4sk3-300x184.jpg 300w, https:\/\/impactnw.org\/wp-content\/uploads\/2017\/12\/c4sk3-768x471.jpg 768w, https:\/\/impactnw.org\/wp-content\/uploads\/2017\/12\/c4sk3-705x433.jpg 705w, https:\/\/impactnw.org\/wp-content\/uploads\/2017\/12\/c4sk3-450x276.jpg 450w, https:\/\/impactnw.org\/wp-content\/uploads\/2017\/12\/c4sk3.jpg 942w\" sizes=\"auto, (max-width: 300px) 100vw, 300px\" \/>Los talleres de Comunidades para Ni\u00f1os Seguros abordan muchos de los Est\u00e1ndares y Puntos de Referencia de Salud del Departamento de Educaci\u00f3n de Oreg\u00f3n para los grados K-5, que incluyen: <\/span><\/p>\n<ul>\n<li style=\"font-weight: 400;\"><span style=\"font-weight: 400;\">Promoci\u00f3n de la salud mental, social y emocional<\/span><\/li>\n<li style=\"font-weight: 400;\"><span style=\"font-weight: 400;\">Promoci\u00f3n de la salud sexual <\/span><\/li>\n<li style=\"font-weight: 400;\"><span style=\"font-weight: 400;\">Violencia y Prevenci\u00f3n del Suicidio<\/span><\/li>\n<\/ul>\n<p><span style=\"font-weight: 400;\">Communities for Safe Kids tambi\u00e9n ayuda a abordar muchos conceptos clave de:<\/span><\/p>\n<ul>\n<li style=\"font-weight: 400;\"><span style=\"font-weight: 400;\">Ley de Erin del Departamento de Educaci\u00f3n de Oreg\u00f3n (Proyecto de Ley Senatorial 856 que exige todas las escuelas OR <\/span><span style=\"font-weight: 400;\"><br \/>\n<\/span><span style=\"font-weight: 400;\">K-12 para adoptar un programa de instrucci\u00f3n de prevenci\u00f3n de abuso sexual infantil) <\/span><\/li>\n<li style=\"font-weight: 400;\"><span style=\"font-weight: 400;\">O Estatuto de intimidaci\u00f3n (Proyecto de ley 1555 del Senado que requiere que todas las escuelas OR K-12 desarrollen y adopten una pol\u00edtica con respecto a la prohibici\u00f3n del acoso, la intimidaci\u00f3n o la intimidaci\u00f3n y el acoso cibern\u00e9tico)<\/span><\/li>\n<\/ul>\n<h3>\u00bfC\u00f3mo ayudar\u00e1n Comunidades para ni\u00f1os seguros a mis alumnos?<\/h3>\n<p><span style=\"font-weight: 400;\">Despu\u00e9s de participar en nuestra serie de talleres para estudiantes, los estudiantes informaron:<\/span><\/p>\n<ul>\n<li style=\"font-weight: 400;\"><span style=\"font-weight: 400;\">El 87% de los estudiantes puede identificar al menos un adulto seguro con quien pueden hablar si tienen un problema<\/span><\/li>\n<li style=\"font-weight: 400;\"><span style=\"font-weight: 400;\">El 85% de los estudiantes puede identificar al menos un sentimiento en su cuerpo que indica que necesitan ayuda<\/span><\/li>\n<li style=\"font-weight: 400;\"><span style=\"font-weight: 400;\">El 83% de los estudiantes conocen al menos una forma de ayudar de manera segura a un compa\u00f1ero que sufre bullying.<\/span><\/li>\n<\/ul>\n<\/div><\/section><\/div><\/p>","protected":false},"excerpt":{"rendered":"","protected":false},"author":21,"featured_media":0,"parent":51,"menu_order":0,"comment_status":"closed","ping_status":"closed","template":"","meta":{"_monsterinsights_skip_tracking":false,"_monsterinsights_sitenote_active":false,"_monsterinsights_sitenote_note":"","_monsterinsights_sitenote_category":0,"footnotes":"","_links_to":"","_links_to_target":""},"class_list":["post-10281","page","type-page","status-publish","hentry"],"yoast_head":"<!-- This site is optimized with the Yoast SEO plugin v27.3 - https:\/\/yoast.com\/product\/yoast-seo-wordpress\/ -->\n<title>Communities for Safe Kids (C4SK): Violence Prevention &#8211; Impact NW<\/title>\n<meta name=\"description\" content=\"C4SK provides educational workshops on violence prevention to elementary school students, staff, and student caregivers in the Portland area.\" \/>\n<meta name=\"robots\" content=\"index, follow, max-snippet:-1, max-image-preview:large, max-video-preview:-1\" \/>\n<link rel=\"canonical\" href=\"https:\/\/impactnw.org\/es\/programs\/early-childhood\/communities-for-safe-kids\/\" \/>\n<meta property=\"og:locale\" content=\"es_ES\" \/>\n<meta property=\"og:type\" content=\"article\" \/>\n<meta property=\"og:title\" content=\"Communities for Safe Kids (C4SK): Violence Prevention &#8211; Impact NW\" \/>\n<meta property=\"og:description\" content=\"C4SK provides educational workshops on violence prevention to elementary school students, staff, and student caregivers in the Portland area.\" \/>\n<meta property=\"og:url\" content=\"https:\/\/impactnw.org\/es\/programs\/early-childhood\/communities-for-safe-kids\/\" \/>\n<meta property=\"og:site_name\" content=\"Impact NW\" \/>\n<meta property=\"article:publisher\" content=\"http:\/\/www.facebook.com\/ImpactNWsince1966\" \/>\n<meta property=\"article:modified_time\" content=\"2025-11-21T22:21:23+00:00\" \/>\n<meta property=\"og:image\" content=\"http:\/\/dev.impactnw.org\/wp-content\/uploads\/2017\/12\/c4sk2-300x225.jpg\" \/>\n<meta name=\"twitter:card\" content=\"summary_large_image\" \/>\n<meta name=\"twitter:site\" content=\"@impactnw\" \/>\n<meta name=\"twitter:label1\" content=\"Tiempo de lectura\" \/>\n\t<meta name=\"twitter:data1\" content=\"3 minutos\" \/>\n<script type=\"application\/ld+json\" class=\"yoast-schema-graph\">{\"@context\":\"https:\\\/\\\/schema.org\",\"@graph\":[{\"@type\":\"WebPage\",\"@id\":\"https:\\\/\\\/impactnw.org\\\/programs\\\/early-childhood\\\/communities-for-safe-kids\\\/\",\"url\":\"https:\\\/\\\/impactnw.org\\\/programs\\\/early-childhood\\\/communities-for-safe-kids\\\/\",\"name\":\"Communities for Safe Kids (C4SK): Violence Prevention &#8211; Impact NW\",\"isPartOf\":{\"@id\":\"https:\\\/\\\/impactnw.org\\\/#website\"},\"primaryImageOfPage\":{\"@id\":\"https:\\\/\\\/impactnw.org\\\/programs\\\/early-childhood\\\/communities-for-safe-kids\\\/#primaryimage\"},\"image\":{\"@id\":\"https:\\\/\\\/impactnw.org\\\/programs\\\/early-childhood\\\/communities-for-safe-kids\\\/#primaryimage\"},\"thumbnailUrl\":\"http:\\\/\\\/dev.impactnw.org\\\/wp-content\\\/uploads\\\/2017\\\/12\\\/c4sk2-300x225.jpg\",\"datePublished\":\"2017-09-21T19:10:50+00:00\",\"dateModified\":\"2025-11-21T22:21:23+00:00\",\"description\":\"C4SK provides educational workshops on violence prevention to elementary school students, staff, and student caregivers in the Portland area.\",\"breadcrumb\":{\"@id\":\"https:\\\/\\\/impactnw.org\\\/programs\\\/early-childhood\\\/communities-for-safe-kids\\\/#breadcrumb\"},\"inLanguage\":\"es\",\"potentialAction\":[{\"@type\":\"ReadAction\",\"target\":[\"https:\\\/\\\/impactnw.org\\\/programs\\\/early-childhood\\\/communities-for-safe-kids\\\/\"]}]},{\"@type\":\"ImageObject\",\"inLanguage\":\"es\",\"@id\":\"https:\\\/\\\/impactnw.org\\\/programs\\\/early-childhood\\\/communities-for-safe-kids\\\/#primaryimage\",\"url\":\"http:\\\/\\\/dev.impactnw.org\\\/wp-content\\\/uploads\\\/2017\\\/12\\\/c4sk2-300x225.jpg\",\"contentUrl\":\"http:\\\/\\\/dev.impactnw.org\\\/wp-content\\\/uploads\\\/2017\\\/12\\\/c4sk2-300x225.jpg\"},{\"@type\":\"BreadcrumbList\",\"@id\":\"https:\\\/\\\/impactnw.org\\\/programs\\\/early-childhood\\\/communities-for-safe-kids\\\/#breadcrumb\",\"itemListElement\":[{\"@type\":\"ListItem\",\"position\":1,\"name\":\"Home\",\"item\":\"https:\\\/\\\/impactnw.org\\\/home\\\/\"},{\"@type\":\"ListItem\",\"position\":2,\"name\":\"Programs\",\"item\":\"https:\\\/\\\/impactnw.org\\\/programs\\\/\"},{\"@type\":\"ListItem\",\"position\":3,\"name\":\"Early Childhood Services\",\"item\":\"https:\\\/\\\/impactnw.org\\\/programs\\\/early-childhood\\\/\"},{\"@type\":\"ListItem\",\"position\":4,\"name\":\"Communities for Safe Kids\"}]},{\"@type\":\"WebSite\",\"@id\":\"https:\\\/\\\/impactnw.org\\\/#website\",\"url\":\"https:\\\/\\\/impactnw.org\\\/\",\"name\":\"Impact NW\",\"description\":\"Inspiring Hope. Empowering Independence.\",\"potentialAction\":[{\"@type\":\"SearchAction\",\"target\":{\"@type\":\"EntryPoint\",\"urlTemplate\":\"https:\\\/\\\/impactnw.org\\\/?s={search_term_string}\"},\"query-input\":{\"@type\":\"PropertyValueSpecification\",\"valueRequired\":true,\"valueName\":\"search_term_string\"}}],\"inLanguage\":\"es\"}]}<\/script>\n<!-- \/ Yoast SEO plugin. -->","yoast_head_json":{"title":"Communities for Safe Kids (C4SK): Violence Prevention &#8211; Impact NW","description":"C4SK ofrece talleres educativos sobre prevenci\u00f3n de la violencia para estudiantes de escuelas primarias, personal y cuidadores de estudiantes en el \u00e1rea de Portland.","robots":{"index":"index","follow":"follow","max-snippet":"max-snippet:-1","max-image-preview":"max-image-preview:large","max-video-preview":"max-video-preview:-1"},"canonical":"https:\/\/impactnw.org\/es\/programs\/early-childhood\/communities-for-safe-kids\/","og_locale":"es_ES","og_type":"article","og_title":"Communities for Safe Kids (C4SK): Violence Prevention &#8211; Impact NW","og_description":"C4SK provides educational workshops on violence prevention to elementary school students, staff, and student caregivers in the Portland area.","og_url":"https:\/\/impactnw.org\/es\/programs\/early-childhood\/communities-for-safe-kids\/","og_site_name":"Impact NW","article_publisher":"http:\/\/www.facebook.com\/ImpactNWsince1966","article_modified_time":"2025-11-21T22:21:23+00:00","og_image":[{"url":"http:\/\/dev.impactnw.org\/wp-content\/uploads\/2017\/12\/c4sk2-300x225.jpg","type":"","width":"","height":""}],"twitter_card":"summary_large_image","twitter_site":"@impactnw","twitter_misc":{"Tiempo de lectura":"3 minutos"},"schema":{"@context":"https:\/\/schema.org","@graph":[{"@type":"WebPage","@id":"https:\/\/impactnw.org\/programs\/early-childhood\/communities-for-safe-kids\/","url":"https:\/\/impactnw.org\/programs\/early-childhood\/communities-for-safe-kids\/","name":"Communities for Safe Kids (C4SK): Violence Prevention &#8211; Impact NW","isPartOf":{"@id":"https:\/\/impactnw.org\/#website"},"primaryImageOfPage":{"@id":"https:\/\/impactnw.org\/programs\/early-childhood\/communities-for-safe-kids\/#primaryimage"},"image":{"@id":"https:\/\/impactnw.org\/programs\/early-childhood\/communities-for-safe-kids\/#primaryimage"},"thumbnailUrl":"http:\/\/dev.impactnw.org\/wp-content\/uploads\/2017\/12\/c4sk2-300x225.jpg","datePublished":"2017-09-21T19:10:50+00:00","dateModified":"2025-11-21T22:21:23+00:00","description":"C4SK ofrece talleres educativos sobre prevenci\u00f3n de la violencia para estudiantes de escuelas primarias, personal y cuidadores de estudiantes en el \u00e1rea de Portland.","breadcrumb":{"@id":"https:\/\/impactnw.org\/programs\/early-childhood\/communities-for-safe-kids\/#breadcrumb"},"inLanguage":"es","potentialAction":[{"@type":"ReadAction","target":["https:\/\/impactnw.org\/programs\/early-childhood\/communities-for-safe-kids\/"]}]},{"@type":"ImageObject","inLanguage":"es","@id":"https:\/\/impactnw.org\/programs\/early-childhood\/communities-for-safe-kids\/#primaryimage","url":"http:\/\/dev.impactnw.org\/wp-content\/uploads\/2017\/12\/c4sk2-300x225.jpg","contentUrl":"http:\/\/dev.impactnw.org\/wp-content\/uploads\/2017\/12\/c4sk2-300x225.jpg"},{"@type":"BreadcrumbList","@id":"https:\/\/impactnw.org\/programs\/early-childhood\/communities-for-safe-kids\/#breadcrumb","itemListElement":[{"@type":"ListItem","position":1,"name":"Home","item":"https:\/\/impactnw.org\/home\/"},{"@type":"ListItem","position":2,"name":"Programs","item":"https:\/\/impactnw.org\/programs\/"},{"@type":"ListItem","position":3,"name":"Early Childhood Services","item":"https:\/\/impactnw.org\/programs\/early-childhood\/"},{"@type":"ListItem","position":4,"name":"Communities for Safe Kids"}]},{"@type":"WebSite","@id":"https:\/\/impactnw.org\/#website","url":"https:\/\/impactnw.org\/","name":"Impacto NW","description":"Inspiradora esperanza. Empoderando la independencia.","potentialAction":[{"@type":"SearchAction","target":{"@type":"EntryPoint","urlTemplate":"https:\/\/impactnw.org\/?s={search_term_string}"},"query-input":{"@type":"PropertyValueSpecification","valueRequired":true,"valueName":"search_term_string"}}],"inLanguage":"es"}]}},"_links":{"self":[{"href":"https:\/\/impactnw.org\/es\/wp-json\/wp\/v2\/pages\/10281","targetHints":{"allow":["GET"]}}],"collection":[{"href":"https:\/\/impactnw.org\/es\/wp-json\/wp\/v2\/pages"}],"about":[{"href":"https:\/\/impactnw.org\/es\/wp-json\/wp\/v2\/types\/page"}],"author":[{"embeddable":true,"href":"https:\/\/impactnw.org\/es\/wp-json\/wp\/v2\/users\/21"}],"replies":[{"embeddable":true,"href":"https:\/\/impactnw.org\/es\/wp-json\/wp\/v2\/comments?post=10281"}],"version-history":[{"count":2,"href":"https:\/\/impactnw.org\/es\/wp-json\/wp\/v2\/pages\/10281\/revisions"}],"predecessor-version":[{"id":22768,"href":"https:\/\/impactnw.org\/es\/wp-json\/wp\/v2\/pages\/10281\/revisions\/22768"}],"up":[{"embeddable":true,"href":"https:\/\/impactnw.org\/es\/wp-json\/wp\/v2\/pages\/51"}],"wp:attachment":[{"href":"https:\/\/impactnw.org\/es\/wp-json\/wp\/v2\/media?parent=10281"}],"curies":[{"name":"wp","href":"https:\/\/api.w.org\/{rel}","templated":true}]}}